{"id":3943,"date":"2023-09-11T09:04:15","date_gmt":"2023-09-11T09:04:15","guid":{"rendered":"https:\/\/petworld.ma\/?post_type=product&#038;p=3943"},"modified":"2026-03-18T11:16:44","modified_gmt":"2026-03-18T11:16:44","slug":"sachets-fraicheur-100g-deminces-au-truite-et-crevette-en-sauce-convient-pour-chat-sterilise","status":"publish","type":"product","link":"https:\/\/petworld.ma\/index.php\/produit\/sachets-fraicheur-100g-deminces-au-truite-et-crevette-en-sauce-convient-pour-chat-sterilise\/","title":{"rendered":"Plaisir Sachets fra\u00eecheur 100g d&rsquo;\u00e9minc\u00e9s au Truite et Crevette en sauce (convient pour chat st\u00e9rilis\u00e9)"},"content":{"rendered":"<div class=\"product-section description-section\">\n<div class=\"single-description fr-view\">\n<div class=\"product-section description-section\">\n<div class=\"single-description fr-view\">\n<p>Une savoureuse recette au poisson que votre chat va adorer! Les \u00e9minc\u00e9s en sauce \u00e0 la Truite et aux Crevettes sont une parfaite portion repas que vous pouvez lui offrir chaque jour et jusqu&rsquo;\u00e0 3 fois par jour, pour un chat st\u00e9rilis\u00e9 de 5kg, par exemple. Les \u00e9minc\u00e9s Les Repas Plaisir constituent une alimentation compl\u00e8te et \u00e9quilibr\u00e9e pour votre compagnon \u00e0 4 pattes. Existe en plusieurs saveurs.<\/p>\n<p><strong><u>Compositions :<\/u><\/strong><\/p>\n<p>Viandes et sous-produits animaux, Mollusques et crustac\u00e9s (dont crevettes 4%), Poissons et sous-produits de poissons (dont truite 4%), Sous-produits d&rsquo;origine v\u00e9g\u00e9tale, Extraits de prot\u00e9ines v\u00e9g\u00e9tales, Substances min\u00e9rales, Sucres.<\/p>\n<p><strong><u>Mode d\u2019emploi<\/u><\/strong><\/p>\n<p>Servir \u00e0 temp\u00e9rature ambiante. Pour un chat adulte en activit\u00e9 normale, donner en plusieurs repas par jour les quantit\u00e9s indiqu\u00e9es. Il est recommand\u00e9 d&rsquo;adapter la quantit\u00e9 de nourriture au niveau d&rsquo;activit\u00e9, \u00e0 la race et \u00e0 l&rsquo;\u00e2ge de votre chat.\u00a0Conserver au r\u00e9frig\u00e9rateur (+4\u00b0C) apr\u00e8s ouverture.<\/p>\n<p>&nbsp;<\/p>\n<table border=\"1\" width=\"544\" cellspacing=\"0\" cellpadding=\"0\">\n<tbody>\n<tr>\n<td valign=\"top\" width=\"25%\"><u>poids du chat<\/u><\/td>\n<td valign=\"top\" width=\"25%\">3kg<\/td>\n<td valign=\"top\" width=\"25%\">4kg<\/td>\n<td valign=\"top\" width=\"25%\">5kg<\/td>\n<\/tr>\n<tr>\n<td valign=\"top\" width=\"25%\">chat adulte (12 mois +)<\/td>\n<td valign=\"top\" width=\"25%\">260g<\/td>\n<td valign=\"top\" width=\"25%\">320g<\/td>\n<td valign=\"top\" width=\"25%\">360g<\/td>\n<\/tr>\n<tr>\n<td valign=\"top\" width=\"25%\">chat st\u00e9rilis\u00e9<\/td>\n<td valign=\"top\" width=\"25%\">200g<\/td>\n<td valign=\"top\" width=\"25%\">240g<\/td>\n<td valign=\"top\" width=\"25%\">280g<\/td>\n<\/tr>\n<\/tbody>\n<\/table>\n<p>&nbsp;<\/p>\n<\/div>\n<\/div>\n<p><a href=\"https:\/\/wa.me\/212708052510\" target=\"_blank\" rel=\"noopener noreferrer\"><img decoding=\"async\" class=\"fr-fic fr-dib aligncenter\" src=\"https:\/\/cdn.youcan.shop\/stores\/d0742d556df94ddbc7ae4c9810aff04b\/others\/P0007J0SoWqjZeG2Sg9d301ALLEgyf3naMrDHM4I.png\" width=\"262\" height=\"69\" data-name=\"stores\/d0742d556df94ddbc7ae4c9810aff04b\/others\/P0007J0SoWqjZeG2Sg9d301ALLEgyf3naMrDHM4I.png\" \/><\/a><\/p>\n<\/div>\n<\/div>\n<div class=\"product-section add-to-cart-section\">\n<div class=\"quantity\"><\/div>\n<\/div>\n","protected":false},"excerpt":{"rendered":"<p>Une savoureuse recette au poisson que votre chat va adorer! Les \u00e9minc\u00e9s en sauce \u00e0 la Truite et aux Crevettes sont une parfaite portion repas que vous pouvez lui offrir chaque jour et jusqu&rsquo;\u00e0 3 fois par jour, pour un chat st\u00e9rilis\u00e9 de 5kg, par exemple. Les \u00e9minc\u00e9s Les Repas Plaisir constituent une alimentation compl\u00e8te [&#8230;]\n","protected":false},"featured_media":27563,"template":"","meta":{"jetpack_publicize_message":"","jetpack_publicize_feature_enabled":true,"jetpack_social_post_already_shared":false,"jetpack_social_options":{"image_generator_settings":{"template":"highway","default_image_id":0,"font":"","enabled":false},"version":2}},"product_brand":[],"product_cat":[41],"product_tag":[],"class_list":{"0":"post-3943","1":"product","2":"type-product","3":"status-publish","4":"has-post-thumbnail","6":"product_cat-friandises-et-pate-pour-chat","8":"first","9":"outofstock","10":"sale","11":"taxable","12":"shipping-taxable","13":"purchasable","14":"product-type-simple"},"supplier_id":5587,"supplier_sku":"67651","barcode":null,"atum_controlled":true,"out_stock_date":"2026-03-18 11:16:43","out_stock_threshold":null,"inheritable":false,"inbound_stock":0,"stock_on_hold":0,"sold_today":0,"sales_last_days":0,"reserved_stock":0,"customer_returns":0,"warehouse_damage":0,"lost_in_post":0,"other_logs":0,"out_stock_days":43,"lost_sales":430,"has_location":false,"update_date":"2026-05-01T00:14:40","atum_locations":[],"atum_stock_status":"outofstock","restock_status":false,"low_stock_amount":220,"sales_update_date":"2026-05-01T00:14:39","calc_backorders":null,"jetpack_publicize_connections":[],"jetpack_sharing_enabled":true,"batches":[{"id":"978","date_created":"2024-11-29 13:11:49","date_expiry":"2025-03-29 00:00:00","user_id":"2760","batch_number":"PLPOCHONSTrout290325","location":"","quantity":"191.0000","quantity_available":"0.0000","units":"1","status":"archived","order_ids":"[14894,14950,14956,15025,15055,15367,15451,15467,15476,15548,15679,15684,15737,15743,15798,15830,15870,15951,15894,16041,16055,16141,16163,16165,16397,16403,16455,16471,16550,16712,16739,16748,16815,16821,16921,16948,17028,17037,17104,17236,17432,17537]","supplier":"Royal Canin","po":{"id":"956","date_created":"2024-11-29 13:11:49","batch_id":"978","po_number":"","supplier":"Royal Canin","cost":null,"regular_price":null,"sale_price":null,"price_margin":null,"price_discount":null}},{"id":"979","date_created":"2024-11-29 13:11:50","date_expiry":"2026-05-31 00:00:00","user_id":"2760","batch_number":"PLPOCHONSTrout310526","location":"","quantity":"22.0000","quantity_available":"0.0000","units":"1","status":"archived","order_ids":"[17537,17316]","supplier":"Royal Canin","po":{"id":"957","date_created":"2024-11-29 13:11:50","batch_id":"979","po_number":"","supplier":"Royal Canin","cost":null,"regular_price":null,"sale_price":null,"price_margin":null,"price_discount":null}},{"id":"1018","date_created":"2024-12-04 23:15:54","date_expiry":"2025-03-29 00:00:00","user_id":"2760","batch_number":"PLPOCHONSTrout290325","location":"","quantity":"22.0000","quantity_available":"0.0000","units":"1","status":"archived","order_ids":"[17125,17104]","supplier":"Royal Canin","po":{"id":"996","date_created":"2024-12-04 23:15:54","batch_id":"1018","po_number":"","supplier":"Royal Canin","cost":null,"regular_price":null,"sale_price":null,"price_margin":null,"price_discount":null}},{"id":"1249","date_created":"2024-12-17 23:05:09","date_expiry":"2026-10-08 00:00:00","user_id":"2760","batch_number":"PLPOCHONSTrout081026","location":"","quantity":"22.0000","quantity_available":"0.0000","units":"1","status":"archived","order_ids":"[17316]","supplier":"Royal Canin","po":{"id":"1222","date_created":"2024-12-17 23:05:12","batch_id":"1249","po_number":"","supplier":"Royal Canin","cost":null,"regular_price":null,"sale_price":null,"price_margin":null,"price_discount":null}},{"id":"2231","date_created":"2025-03-06 01:54:00","date_expiry":"2026-11-08 00:00:00","user_id":"2760","batch_number":"PLPOCHONSTrout081126","location":"","quantity":"220.0000","quantity_available":"0.0000","units":"1","status":"archived","order_ids":"[18912,19067,19069,19097,19410,19478,19618,19633,19748,20206,20336,20384,20427,20672,20812,20847,20936,21027,21167,21385,21401,21459,21466,21612,21641,22011,22082,21321,22978,23039,23043,23146,23445,23470,23581,23668,23724,24014,24023,24129,24217,24258,24393,24498,24721]","supplier":"Royal Canin","po":{"id":"2200","date_created":"2025-03-06 01:54:02","batch_id":"2231","po_number":"","supplier":"Royal Canin","cost":null,"regular_price":null,"sale_price":null,"price_margin":null,"price_discount":null}},{"id":"2786","date_created":"2025-04-06 01:45:47","date_expiry":"2026-12-09 00:00:00","user_id":"2760","batch_number":"PLPOCHONSTrout091226","location":"","quantity":"44.0000","quantity_available":"0.0000","units":"1","status":"archived","order_ids":"[24775,24778,25017,25230,25349,25485,25523,25555,25562,25566,25620,25748,26294,26481]","supplier":"Royal Canin","po":{"id":"2753","date_created":"2025-04-06 01:45:48","batch_id":"2786","po_number":"","supplier":"Royal Canin","cost":null,"regular_price":null,"sale_price":null,"price_margin":null,"price_discount":null}},{"id":"3255","date_created":"2025-05-01 09:51:47","date_expiry":"2027-01-01 00:00:00","user_id":"2760","batch_number":"PLPOCHONSTrout010127","location":"","quantity":"44.0000","quantity_available":"0.0000","units":"1","status":"archived","order_ids":"[25818,26205,26504,26627,26681,26774,27100]","supplier":"Royal Canin","po":{"id":"3222","date_created":"2025-05-01 09:51:47","batch_id":"3255","po_number":"","supplier":"Royal Canin","cost":null,"regular_price":null,"sale_price":null,"price_margin":null,"price_discount":null}},{"id":"3627","date_created":"2025-05-26 14:15:37","date_expiry":"2026-01-28 00:00:00","user_id":"2760","batch_number":"PLPOCHONSTrout0280126","location":"","quantity":"44.0000","quantity_available":"0.0000","units":"1","status":"archived","order_ids":"[22517,22811,22817,22913,22959,22978]","supplier":"Royal Canin","po":{"id":"3594","date_created":"2025-05-26 14:15:37","batch_id":"3627","po_number":"","supplier":"Royal Canin","cost":null,"regular_price":null,"sale_price":null,"price_margin":null,"price_discount":null}},{"id":"5393","date_created":"2025-09-20 12:15:46","date_expiry":"2027-06-01 00:00:00","user_id":"2760","batch_number":"PLPOCHONSTrout010627","location":"","quantity":"220.0000","quantity_available":"0.0000","units":"1","status":"archived","order_ids":"[27579,28048,28238,28311,28579,28580,28742,28788,28957,29040,29186,29201,29358,29403,29501,29502,29578,29687,29738,29788,30015,30061,30084,30094,30184,30379,30572,30754,30802,30819,30866,30881,30886,31173,31189,29388,31397,31455,31476,31703,31765,31892,32019,32029,32066,32179,32257,36233,36344,36347,36674,36730,36836,37016,37377,37403,37720,37873]","supplier":"Royal Canin","po":{"id":"5350","date_created":"2025-09-20 12:15:47","batch_id":"5393","po_number":"","supplier":"Royal Canin","cost":null,"regular_price":null,"sale_price":null,"price_margin":null,"price_discount":null}},{"id":"6799","date_created":"2025-12-21 12:13:21","date_expiry":"2027-05-31 00:00:00","user_id":"2760","batch_number":"PLPOCHONSTrout310527","location":"","quantity":"133.0000","quantity_available":"0.0000","units":"1","status":"archived","order_ids":"[32324,32446,32681,32924,33165,33168,33427,33450,33456,33627,33737,33892,34059,34422,34567,34652,34717,34863,34911,35224,35227,35379,35450,35465,35485,35526,35635,35726,35892,35934,36041,36233]","supplier":"Royal Canin","po":{"id":"6745","date_created":"2025-12-21 12:13:21","batch_id":"6799","po_number":"","supplier":"Royal Canin","cost":null,"regular_price":null,"sale_price":null,"price_margin":null,"price_discount":null}}],"_links":{"self":[{"href":"https:\/\/petworld.ma\/index.php\/wp-json\/wp\/v2\/product\/3943","targetHints":{"allow":["GET"]}}],"collection":[{"href":"https:\/\/petworld.ma\/index.php\/wp-json\/wp\/v2\/product"}],"about":[{"href":"https:\/\/petworld.ma\/index.php\/wp-json\/wp\/v2\/types\/product"}],"wp:featuredmedia":[{"embeddable":true,"href":"https:\/\/petworld.ma\/index.php\/wp-json\/wp\/v2\/media\/27563"}],"wp:attachment":[{"href":"https:\/\/petworld.ma\/index.php\/wp-json\/wp\/v2\/media?parent=3943"}],"wp:term":[{"taxonomy":"product_brand","embeddable":true,"href":"https:\/\/petworld.ma\/index.php\/wp-json\/wp\/v2\/product_brand?post=3943"},{"taxonomy":"product_cat","embeddable":true,"href":"https:\/\/petworld.ma\/index.php\/wp-json\/wp\/v2\/product_cat?post=3943"},{"taxonomy":"product_tag","embeddable":true,"href":"https:\/\/petworld.ma\/index.php\/wp-json\/wp\/v2\/product_tag?post=3943"}],"curies":[{"name":"wp","href":"https:\/\/api.w.org\/{rel}","templated":true}]}}