{"id":39472,"date":"2026-04-11T18:09:25","date_gmt":"2026-04-11T18:09:25","guid":{"rendered":"https:\/\/petworld.ma\/?post_type=product&#038;p=39472"},"modified":"2026-04-15T01:29:11","modified_gmt":"2026-04-15T01:29:11","slug":"purina-one-chat-sterilise-digestion-delicate-15kg","status":"publish","type":"product","link":"https:\/\/petworld.ma\/index.php\/produit\/purina-one-chat-sterilise-digestion-delicate-15kg\/","title":{"rendered":"PURINA ONE Chat St\u00e9rilis\u00e9 Digestion D\u00e9licate 1,5Kg"},"content":{"rendered":"<p id=\"heading-product-description\" class=\"accordion-header\"><strong>Description:<\/strong><\/p>\n<div id=\"collapse-product-description\" class=\"accordion-collapse collapse show\" aria-labelledby=\"heading-product-description\" data-bs-parent=\"#product-accordion\">\n<div class=\"accordion-body pt-0 px-0\">\n<div class=\"mb-3\">\n<div class=\"ewa-rteLine\"><span dir=\"auto\">PURINA ONE\u00ae Sterilcat Delicate Digestion est une formule sp\u00e9cifique pour le salut et le bien-\u00eatre des chats avec une digestion d\u00e9licate. <\/span><br \/>\n<span dir=\"auto\"> L&rsquo;\u00e9quilibre du microbiome intestinal est essentiel pour le salut de votre chat. Il a un impact direct sur son syst\u00e8me immunitaire. Le microbiome est un \u00e9cosyst\u00e8me formatif de milliards de micro-organismes vivant dans l&rsquo;intestin et qui est unique pour chaque chat. L&rsquo;\u00e9quilibre des micro-organismes est important pour garantir un effet positif sur le salut digestif de votre chat, sur votre syst\u00e8me immunitaire et sur votre bien-\u00eatre g\u00e9n\u00e9ral. <\/span><br \/>\n<span dir=\"auto\"> PURINA ONE\u00ae BIFENSIS\u00ae est une formule nutritive avec des batteries fonctionnelles b\u00e9n\u00e9fiques, et des lactobacilles. Il est scientifiquement d\u00e9montr\u00e9 qu&rsquo;il soutient le syst\u00e8me immunitaire et aide \u00e0 prot\u00e9ger le microbiome intestinal de votre chat.<\/span><\/div>\n<\/div>\n<\/div>\n<div>\n<div><\/div>\n<div><strong>Composition:<\/strong><\/div>\n<div><\/div>\n<div>Composition : Poisson de mer (15 %) (t\u00eate, ar\u00eates et chair comprises), prot\u00e9ines de volaille d\u00e9shydrat\u00e9es, riz, farine de soja, farine de prot\u00e9ines de ma\u00efs, ma\u00efs, graisse animale, prot\u00e9ines de pois, pulpe de betterave sucri\u00e8re d\u00e9shydrat\u00e9e (4 %), racine de chicor\u00e9e d\u00e9shydrat\u00e9e (2 %), fibres v\u00e9g\u00e9tales d\u00e9shydrat\u00e9es, substances min\u00e9rales, ar\u00f4mes (avec Lactobacillus Delbrueckii et Lactobacillus Fermentum en poudre \u00e0 0,025 %, trait\u00e9s thermiquement), levures.<\/div>\n<\/div>\n<div>\n<div><\/div>\n<div><strong>Dosage recommand\u00e9;<\/strong><\/div>\n<div><\/div>\n<div>Apport journalier recommand\u00e9 (g\/jour)<\/div>\n<div><\/div>\n<div>Poids du chat.\u00a0 Quantit\u00e9<\/div>\n<ul>\n<li>4-6 kg : 55-80 g<\/li>\n<li>6-8 kg : 80-105 g<\/li>\n<li>8-10 kg : 105-130 g<\/li>\n<\/ul>\n<\/div>\n<\/div>\n","protected":false},"excerpt":{"rendered":"<p>Description: PURINA ONE\u00ae Sterilcat Delicate Digestion est une formule sp\u00e9cifique pour le salut et le bien-\u00eatre des chats avec une digestion d\u00e9licate. L&rsquo;\u00e9quilibre du microbiome intestinal est essentiel pour le salut de votre chat. Il a un impact direct sur son syst\u00e8me immunitaire. Le microbiome est un \u00e9cosyst\u00e8me formatif de milliards de micro-organismes vivant dans [&#8230;]\n","protected":false},"featured_media":39473,"template":"","meta":{"jetpack_publicize_message":"","jetpack_publicize_feature_enabled":true,"jetpack_social_post_already_shared":true,"jetpack_social_options":{"image_generator_settings":{"template":"highway","default_image_id":0,"font":"","enabled":false},"version":2}},"product_brand":[],"product_cat":[37,36,40],"product_tag":[],"class_list":{"0":"post-39472","1":"product","2":"type-product","3":"status-publish","4":"has-post-thumbnail","6":"product_cat-aliments-pour-chat","7":"product_cat-chat","8":"product_cat-coquettes-pour-chat","10":"first","11":"instock","12":"taxable","13":"shipping-taxable","14":"purchasable","15":"product-type-simple"},"supplier_id":null,"supplier_sku":"","barcode":"8445290098894","atum_controlled":true,"out_stock_date":null,"out_stock_threshold":null,"inheritable":false,"inbound_stock":0,"stock_on_hold":0,"sold_today":0,"sales_last_days":3,"reserved_stock":0,"customer_returns":0,"warehouse_damage":0,"lost_in_post":0,"other_logs":0,"out_stock_days":0,"lost_sales":0,"has_location":false,"update_date":"2026-04-17T09:28:11","atum_locations":[],"atum_stock_status":"instock","restock_status":false,"low_stock_amount":4,"sales_update_date":"2026-04-17T09:28:09","calc_backorders":null,"jetpack_publicize_connections":[],"jetpack_sharing_enabled":true,"batches":[{"id":"8791","date_created":"2026-04-11 18:16:07","date_expiry":"2027-01-31 00:00:00","user_id":"9","batch_number":"PurinaOneSterilsi\u00e9Digestion","location":"","quantity":"12.0000","quantity_available":"9.0000","units":"1","status":"active","order_ids":"[39766]","supplier":"Grossiste Tanger","po":{"id":"8719","date_created":"2026-04-11 18:16:09","batch_id":"8791","po_number":"","supplier":"Grossiste Tanger","cost":null,"regular_price":null,"sale_price":null,"price_margin":null,"price_discount":null}}],"_links":{"self":[{"href":"https:\/\/petworld.ma\/index.php\/wp-json\/wp\/v2\/product\/39472","targetHints":{"allow":["GET"]}}],"collection":[{"href":"https:\/\/petworld.ma\/index.php\/wp-json\/wp\/v2\/product"}],"about":[{"href":"https:\/\/petworld.ma\/index.php\/wp-json\/wp\/v2\/types\/product"}],"wp:featuredmedia":[{"embeddable":true,"href":"https:\/\/petworld.ma\/index.php\/wp-json\/wp\/v2\/media\/39473"}],"wp:attachment":[{"href":"https:\/\/petworld.ma\/index.php\/wp-json\/wp\/v2\/media?parent=39472"}],"wp:term":[{"taxonomy":"product_brand","embeddable":true,"href":"https:\/\/petworld.ma\/index.php\/wp-json\/wp\/v2\/product_brand?post=39472"},{"taxonomy":"product_cat","embeddable":true,"href":"https:\/\/petworld.ma\/index.php\/wp-json\/wp\/v2\/product_cat?post=39472"},{"taxonomy":"product_tag","embeddable":true,"href":"https:\/\/petworld.ma\/index.php\/wp-json\/wp\/v2\/product_tag?post=39472"}],"curies":[{"name":"wp","href":"https:\/\/api.w.org\/{rel}","templated":true}]}}