{"id":39477,"date":"2026-04-11T18:30:35","date_gmt":"2026-04-11T18:30:35","guid":{"rendered":"https:\/\/petworld.ma\/?post_type=product&#038;p=39477"},"modified":"2026-04-11T18:37:20","modified_gmt":"2026-04-11T18:37:20","slug":"purina-one-chat-sterilise-riche-en-saumon-15kg","status":"publish","type":"product","link":"https:\/\/petworld.ma\/index.php\/produit\/purina-one-chat-sterilise-riche-en-saumon-15kg\/","title":{"rendered":"Purina ONE Chat St\u00e9rilis\u00e9 Riche en Saumon 1,5Kg"},"content":{"rendered":"<ul>\n<li>Aide \u00e0 maintenir un m\u00e9tabolisme sain apr\u00e8s la st\u00e9rilisation\/castration.<\/li>\n<li>Contr\u00f4le du poids gr\u00e2ce \u00e0 un ratio prot\u00e9ine\/mati\u00e8res grasses plus \u00e9lev\u00e9 (+15 % par rapport \u00e0 la recette Adulte), en suivant les quantit\u00e9s journali\u00e8res recommand\u00e9es sur l&#8217;emballage.<\/li>\n<li>Aide \u00e0 maintenir un syst\u00e8me urinaire sain.<\/li>\n<li>R\u00e9duction prouv\u00e9e de l&rsquo;accumulation de tartre jusqu&rsquo;\u00e0 40 %*.<\/li>\n<\/ul>\n<p><strong>Caract\u00e9ristiques<\/strong><\/p>\n<ul>\n<li>Aide \u00e0 maintenir un m\u00e9tabolisme sain apr\u00e8s la st\u00e9rilisation\/castration.<\/li>\n<li>Contr\u00f4le du poids gr\u00e2ce \u00e0 un ratio prot\u00e9ine\/mati\u00e8res grasses plus \u00e9lev\u00e9 (+15 % par rapport \u00e0 la recette Adulte), en suivant les quantit\u00e9s journali\u00e8res recommand\u00e9es sur l&#8217;emballage.<\/li>\n<li>Aide \u00e0 maintenir un syst\u00e8me urinaire sain.<\/li>\n<li>R\u00e9duction prouv\u00e9e de l&rsquo;accumulation de tartre jusqu&rsquo;\u00e0 40 %*.<\/li>\n<li>Haute absorption des nutriments gr\u00e2ce aux ingr\u00e9dients de haute qualit\u00e9.<\/li>\n<\/ul>\n<p>La st\u00e9rilisation provoque des changements hormonaux qui peuvent avoir un impact sur le m\u00e9tabolisme, g\u00e9n\u00e9rer une prise de poids et des probl\u00e8mes urinaires plus fr\u00e9quents.<\/p>\n<p>Purina ONE<sup>\u00ae<\/sup>\u00a0BIFENSIS<sup>\u00ae<\/sup>\u00a0Sterilcat est sp\u00e9cialement con\u00e7u pour r\u00e9pondre aux besoins sp\u00e9cifiques des chats st\u00e9rilis\u00e9s. Grace \u00e0 des taux de prot\u00e9ine et de mati\u00e8res grasses adapt\u00e9s, la formule aide \u00e0 maintenir le m\u00e9tabolisme de votre chat st\u00e9rilis\u00e9 en bonne sant\u00e9. Il lui apporte tout ce dont il a besoin pour rester heureux et en bonne sant\u00e9.<\/p>\n<p>Comme les chats st\u00e9rilis\u00e9s sont enclins \u00e0 prendre du poids, il est important de surveiller r\u00e9guli\u00e8rement leur condition corporelle et de demander l\u2019avis professionnel du v\u00e9t\u00e9rinaire si vous pensez que votre chat pr\u00e9sente un exc\u00e8s de poids.<\/p>\n<p>D\u00e9velopp\u00e9e par les v\u00e9t\u00e9rinaires et les nutritionnistes PURINA, Purina ONE<sup>\u00ae<\/sup>\u00a0BIFENSIS<sup>\u00ae<\/sup>\u00a0est une formule unique, contenant des bact\u00e9ries fonctionnelles b\u00e9n\u00e9fiques, scientifiquement prouv\u00e9e pour aider \u00e0 renforcer les d\u00e9fenses naturelles de votre chat \u00e0 l&rsquo;int\u00e9rieur comme \u00e0 l\u2019ext\u00e9rieur. Purina ONE<sup>\u00ae<\/sup>\u00a0BIFENSIS<sup>\u00ae<\/sup>\u00a0contient \u00e9galement tous les nutriments essentiels dont votre chat a besoin, tels que des acides gras Om\u00e9ga 6. Cette formule double d\u00e9fense contribue \u00e0 la fois, \u00e0 l\u2019int\u00e9rieur, \u00e0 soutenir la production naturelle d\u2019anticorps de votre chat et, \u00e0 l\u2019ext\u00e9rieur, \u00e0 maintenir sa peau saine et son pelage brillant. Purina ONE<sup>\u00ae<\/sup>\u00a0BIFENSIS<sup>\u00ae<\/sup>\u00a0aide \u00e0 soutenir les d\u00e9fenses naturelles de votre chat aujourd\u2019hui et demain.<\/p>\n<p>Sans colorants, ni ar\u00f4mes, ni conservateurs artificiels ajout\u00e9s.<\/p>\n<p><strong>Ingr\u00e9dients<\/strong><\/p>\n<p>Saumon (15 %) (y compris t\u00eate, ar\u00eate, chair)<br \/>\nProt\u00e9ines de volaille d\u00e9shydrat\u00e9es<br \/>\nBl\u00e9 (14 %)<br \/>\nFarine de soja<br \/>\nMa\u00efs<br \/>\nFarine de prot\u00e9ines de ma\u00efs<br \/>\nGluten de bl\u00e9<br \/>\nGraisse de porc<br \/>\nPulpe de betterave d\u00e9shydrat\u00e9e<br \/>\nRacine de chicor\u00e9e d\u00e9shydrat\u00e9e (2 %)<br \/>\nProt\u00e9ines de poisson d\u00e9shydrat\u00e9es<br \/>\nSubstances min\u00e9rales<br \/>\nHydrolysat (avec ajout de 0,025 % de poudre de Lactobacillus Delbrueckii et Fermentum trait\u00e9e thermiquement)<br \/>\nLevures<\/p>\n<p><strong>Nutrition et constituants analytiques<\/strong><\/p>\n<p>Prot\u00e9ine : 37,0 %<br \/>\nTeneur en mati\u00e8res grasses : 13,0 %<br \/>\nCendres brutes : 7,5 %<br \/>\nCellulose brute : 4,0 %<br \/>\nAcides gras Om\u00e9ga 3 : 0,1 %<br \/>\nAcides gras Om\u00e9ga 6 : 2,0 %<\/p>\n","protected":false},"excerpt":{"rendered":"<p>Aide \u00e0 maintenir un m\u00e9tabolisme sain apr\u00e8s la st\u00e9rilisation\/castration. Contr\u00f4le du poids gr\u00e2ce \u00e0 un ratio prot\u00e9ine\/mati\u00e8res grasses plus \u00e9lev\u00e9 (+15 % par rapport \u00e0 la recette Adulte), en suivant les quantit\u00e9s journali\u00e8res recommand\u00e9es sur l&#8217;emballage. Aide \u00e0 maintenir un syst\u00e8me urinaire sain. R\u00e9duction prouv\u00e9e de l&rsquo;accumulation de tartre jusqu&rsquo;\u00e0 40 %*. Caract\u00e9ristiques Aide \u00e0 [&#8230;]\n","protected":false},"featured_media":39480,"template":"","meta":{"jetpack_publicize_message":"","jetpack_publicize_feature_enabled":true,"jetpack_social_post_already_shared":true,"jetpack_social_options":{"image_generator_settings":{"template":"highway","default_image_id":0,"font":"","enabled":false},"version":2}},"product_brand":[],"product_cat":[37,36,40],"product_tag":[],"class_list":{"0":"post-39477","1":"product","2":"type-product","3":"status-publish","4":"has-post-thumbnail","6":"product_cat-aliments-pour-chat","7":"product_cat-chat","8":"product_cat-coquettes-pour-chat","10":"first","11":"instock","12":"taxable","13":"shipping-taxable","14":"purchasable","15":"product-type-simple"},"supplier_id":null,"supplier_sku":"","barcode":"8445290098993","atum_controlled":true,"out_stock_date":null,"out_stock_threshold":null,"inheritable":false,"inbound_stock":null,"stock_on_hold":null,"sold_today":null,"sales_last_days":null,"reserved_stock":null,"customer_returns":null,"warehouse_damage":null,"lost_in_post":null,"other_logs":null,"out_stock_days":null,"lost_sales":null,"has_location":false,"update_date":"2026-04-11T18:35:44","atum_locations":[],"atum_stock_status":"instock","restock_status":false,"low_stock_amount":4,"sales_update_date":"2026-04-06T21:49:48","calc_backorders":null,"jetpack_publicize_connections":[],"jetpack_sharing_enabled":true,"batches":[{"id":"8793","date_created":"2026-04-11 18:35:11","date_expiry":"2027-01-31 00:00:00","user_id":"9","batch_number":"purinaoneSterilsi\u00e9Saumon0127","location":"","quantity":"12.0000","quantity_available":"12.0000","units":"1","status":"active","order_ids":null,"supplier":"Grossiste Tanger","po":{"id":"8721","date_created":"2026-04-11 18:35:12","batch_id":"8793","po_number":"","supplier":"Grossiste Tanger","cost":null,"regular_price":null,"sale_price":null,"price_margin":null,"price_discount":null}}],"_links":{"self":[{"href":"https:\/\/petworld.ma\/index.php\/wp-json\/wp\/v2\/product\/39477","targetHints":{"allow":["GET"]}}],"collection":[{"href":"https:\/\/petworld.ma\/index.php\/wp-json\/wp\/v2\/product"}],"about":[{"href":"https:\/\/petworld.ma\/index.php\/wp-json\/wp\/v2\/types\/product"}],"wp:featuredmedia":[{"embeddable":true,"href":"https:\/\/petworld.ma\/index.php\/wp-json\/wp\/v2\/media\/39480"}],"wp:attachment":[{"href":"https:\/\/petworld.ma\/index.php\/wp-json\/wp\/v2\/media?parent=39477"}],"wp:term":[{"taxonomy":"product_brand","embeddable":true,"href":"https:\/\/petworld.ma\/index.php\/wp-json\/wp\/v2\/product_brand?post=39477"},{"taxonomy":"product_cat","embeddable":true,"href":"https:\/\/petworld.ma\/index.php\/wp-json\/wp\/v2\/product_cat?post=39477"},{"taxonomy":"product_tag","embeddable":true,"href":"https:\/\/petworld.ma\/index.php\/wp-json\/wp\/v2\/product_tag?post=39477"}],"curies":[{"name":"wp","href":"https:\/\/api.w.org\/{rel}","templated":true}]}}