{"id":39490,"date":"2026-04-11T19:44:10","date_gmt":"2026-04-11T19:44:10","guid":{"rendered":"https:\/\/petworld.ma\/?post_type=product&#038;p=39490"},"modified":"2026-04-11T19:53:53","modified_gmt":"2026-04-11T19:53:53","slug":"cage-de-transport-iata-pour-animaux-de-compagnie-bracco-travel-double-porte","status":"publish","type":"product","link":"https:\/\/petworld.ma\/index.php\/produit\/cage-de-transport-iata-pour-animaux-de-compagnie-bracco-travel-double-porte\/","title":{"rendered":"Cage De Transport IATA Pour Animaux De Compagnie Bracco Travel Double Porte"},"content":{"rendered":"<p>Les transporteurs de voyage Bracco garantissent la s\u00e9curit\u00e9 et le confort de l\u2019animal lors de tout type de voyage gr\u00e2ce \u00e0 son grand espace et \u00e0 sa ventilation optimale. Les Bracco travel 100 et 100 double inlet sont \u00e9quip\u00e9s d\u2019un fond drainant et sec pour assurer le bien-\u00eatre tout au long du voyage.<\/p>\n<ul>\n<li>Porte m\u00e9tallique<\/li>\n<li>Ouverture extra-large pour un acc\u00e8s facile<\/li>\n<li>Verrouillage rapide avec bouton-pression de s\u00e9curit\u00e9<\/li>\n<li>Tapis drainant amovible<\/li>\n<li>Poign\u00e9e antid\u00e9rapante<\/li>\n<li>Grille de ventilation<\/li>\n<\/ul>\n<p><strong><em>Taille:<\/em><\/strong><\/p>\n<p>Bracco 100 \u2013 entr\u00e9e double 100x60x65h<\/p>\n","protected":false},"excerpt":{"rendered":"<p>Les transporteurs de voyage Bracco garantissent la s\u00e9curit\u00e9 et le confort de l\u2019animal lors de tout type de voyage gr\u00e2ce \u00e0 son grand espace et \u00e0 sa ventilation optimale. Les Bracco travel 100 et 100 double inlet sont \u00e9quip\u00e9s d\u2019un fond drainant et sec pour assurer le bien-\u00eatre tout au long du voyage. Porte m\u00e9tallique [&#8230;]\n","protected":false},"featured_media":39491,"template":"","meta":{"jetpack_publicize_message":"","jetpack_publicize_feature_enabled":true,"jetpack_social_post_already_shared":true,"jetpack_social_options":{"image_generator_settings":{"template":"highway","default_image_id":0,"font":"","enabled":false},"version":2}},"product_brand":[],"product_cat":[91,90],"product_tag":[],"class_list":{"0":"post-39490","1":"product","2":"type-product","3":"status-publish","4":"has-post-thumbnail","6":"product_cat-sac-de-transport-pour-chat","7":"product_cat-sac-de-transport-pour-chien","9":"first","10":"instock","11":"taxable","12":"shipping-taxable","13":"purchasable","14":"product-type-simple"},"supplier_id":null,"supplier_sku":"","barcode":null,"atum_controlled":true,"out_stock_date":null,"out_stock_threshold":null,"inheritable":false,"inbound_stock":null,"stock_on_hold":null,"sold_today":null,"sales_last_days":null,"reserved_stock":null,"customer_returns":null,"warehouse_damage":null,"lost_in_post":null,"other_logs":null,"out_stock_days":null,"lost_sales":null,"has_location":false,"update_date":"2026-04-11T19:53:55","atum_locations":[],"atum_stock_status":"instock","restock_status":false,"low_stock_amount":"","sales_update_date":"2026-04-07T09:20:13","calc_backorders":null,"jetpack_publicize_connections":[],"jetpack_sharing_enabled":true,"batches":[],"_links":{"self":[{"href":"https:\/\/petworld.ma\/index.php\/wp-json\/wp\/v2\/product\/39490","targetHints":{"allow":["GET"]}}],"collection":[{"href":"https:\/\/petworld.ma\/index.php\/wp-json\/wp\/v2\/product"}],"about":[{"href":"https:\/\/petworld.ma\/index.php\/wp-json\/wp\/v2\/types\/product"}],"wp:featuredmedia":[{"embeddable":true,"href":"https:\/\/petworld.ma\/index.php\/wp-json\/wp\/v2\/media\/39491"}],"wp:attachment":[{"href":"https:\/\/petworld.ma\/index.php\/wp-json\/wp\/v2\/media?parent=39490"}],"wp:term":[{"taxonomy":"product_brand","embeddable":true,"href":"https:\/\/petworld.ma\/index.php\/wp-json\/wp\/v2\/product_brand?post=39490"},{"taxonomy":"product_cat","embeddable":true,"href":"https:\/\/petworld.ma\/index.php\/wp-json\/wp\/v2\/product_cat?post=39490"},{"taxonomy":"product_tag","embeddable":true,"href":"https:\/\/petworld.ma\/index.php\/wp-json\/wp\/v2\/product_tag?post=39490"}],"curies":[{"name":"wp","href":"https:\/\/api.w.org\/{rel}","templated":true}]}}