{"id":3972,"date":"2023-09-12T14:26:04","date_gmt":"2023-09-12T14:26:04","guid":{"rendered":"https:\/\/petworld.ma\/?post_type=product&#038;p=3972"},"modified":"2026-03-12T16:57:23","modified_gmt":"2026-03-12T16:57:23","slug":"pipettes-repulsives-antiparasitaires-grand-chien-20kg-biospotix","status":"publish","type":"product","link":"https:\/\/petworld.ma\/index.php\/produit\/pipettes-repulsives-antiparasitaires-grand-chien-20kg-biospotix\/","title":{"rendered":"Pipette R\u00e9pulsive Antiparasitaire &#8211; GRAND CHIEN +20kg &#8211; BIOSPOTIX &#8211; 1 Pipette"},"content":{"rendered":"<p>La pr\u00e9sence de parasites dans le pelage du chien peut cr\u00e9er un r\u00e9el inconfort et des soucis de sant\u00e9 chez l\u2019animal. Afin de pr\u00e9venir les maladies parasitaires et les probl\u00e8mes cutan\u00e9s, Biogance propose les\u00a0pipettes r\u00e9pulsives Biospotix. Elles contiennent une substance sp\u00e9cialement formul\u00e9e pour repousser les parasites externes : les puces, les tiques et les moustiques. Gr\u00e2ce \u00e0 l\u2019action combin\u00e9e de ses composants (g\u00e9raniol et huiles essentielles), ce produit 100 % naturel prot\u00e8ge votre animal domestique pendant 4 semaines. Sa formule ne pr\u00e9sente aucun danger pour la sant\u00e9 de votre prot\u00e9g\u00e9. Ces pipettes conviennent aux chiens pesant plus de 20 kg.<\/p>\n<h3>ACTIONS DES PIPETTES R\u00c9PULSIVES BIOSPOTIX POUR GRAND CHIEN DE PLUS DE 20 KG<\/h3>\n<p>Les\u00a0pipettes r\u00e9pulsives Biospotix\u00a0agissent imm\u00e9diatement apr\u00e8s application. La substance \u00e0 base d\u2019huiles essentielles et de g\u00e9raniol repousse efficacement les puces, les moustiques et les tiques. Les composants actifs de ce r\u00e9pulsif sont diffus\u00e9s via le s\u00e9bum et par frottement des poils, ce qui permet de prot\u00e9ger votre boule de poils de la t\u00eate jusqu\u2019\u00e0 la queue. Agissant comme un larvicide et un ovicide, ces pipettes sont \u00e9galement efficaces pour pr\u00e9venir les risques d\u2019infestations parasitaires.<\/p>\n<h3>CARACT\u00c9RISTIQUES DES PIPETTES R\u00c9PULSIVES BIOSPOTIX POUR GRAND CHIEN DE PLUS DE 20 KG<\/h3>\n<h4>INDICATIONS D\u2019UTILISATION<\/h4>\n<p>Sortez la pipette de l\u2019emballage. Versez ensuite le contenu de la pipette directement sur la peau du chien en partant du cou jusqu\u2019\u00e0 la base de la queue. Pour que le produit se r\u00e9pande rapidement, il est conseill\u00e9 de brosser le pelage de votre animal apr\u00e8s chaque application.<br \/>\nPour une protection optimale, il est recommand\u00e9 de renouveler l\u2019utilisation des\u00a0pipettes r\u00e9pulsives antiparasitaires Biospotix\u00a0toutes les 4 semaines ou encore apr\u00e8s le bain.<\/p>\n<h4>POSOLOGIE<\/h4>\n<ul>\n<li>Grand chien pesant entre 20 \u00e0 50 kg : utiliser 1 pipette<\/li>\n<li>Grand chien pesant plus de 50 kg : utiliser 2 pipettes<\/li>\n<\/ul>\n<h4>CONTRE-INDICATION<\/h4>\n<ul>\n<li>Ne pas utiliser sur des l\u00e9sions cutan\u00e9es<\/li>\n<li>Ne pas utiliser sur une femelle en gestation ou en lactation<\/li>\n<\/ul>\n<h3>PR\u00c9SENTATION DES PIPETTES R\u00c9PULSIVES BIOSPOTIX POUR GRAND CHIEN DE PLUS DE 20 KG<\/h3>\n<p>Bo\u00eete de 3 pipettes de 3 ml<\/p>\n<h4>RECOMMANDATION :<\/h4>\n<p>En cas d&rsquo;infestation, il est recommand\u00e9 de vous orienter sur un traitement insecticide et acaricide pour \u00e9liminer d\u00e9finitivement les parasites.\u00a0Nous vous recommandons aussi de traiter tous les animaux du foyer en m\u00eame temps ainsi que votre habitat.<\/p>\n","protected":false},"excerpt":{"rendered":"<p><strong>1 Pipette r\u00e9pulsive antiparasitaire<\/strong>\u00a0pour grand\u00a0<strong>chien<\/strong>\u00a0pesant plus de 20 kg \u2013 Traitement antiparasitaire externe<\/p>\n","protected":false},"featured_media":3973,"template":"","meta":{"jetpack_publicize_message":"","jetpack_publicize_feature_enabled":true,"jetpack_social_post_already_shared":true,"jetpack_social_options":{"image_generator_settings":{"template":"highway","default_image_id":0,"font":"","enabled":false},"version":2}},"product_brand":[],"product_cat":[228],"product_tag":[],"class_list":{"0":"post-3972","1":"product","2":"type-product","3":"status-publish","4":"has-post-thumbnail","6":"product_cat-antiparasitaires-vermifuges","8":"first","9":"outofstock","10":"taxable","11":"shipping-taxable","12":"purchasable","13":"product-type-simple"},"supplier_id":5592,"supplier_sku":"","barcode":"3770001288918","atum_controlled":true,"out_stock_date":"2026-03-12 16:57:23","out_stock_threshold":null,"inheritable":false,"inbound_stock":0,"stock_on_hold":0,"sold_today":0,"sales_last_days":0,"reserved_stock":0,"customer_returns":0,"warehouse_damage":0,"lost_in_post":0,"other_logs":0,"out_stock_days":37,"lost_sales":0,"has_location":false,"update_date":"2026-04-19T00:07:48","atum_locations":[],"atum_stock_status":"outofstock","restock_status":false,"low_stock_amount":"","sales_update_date":"2026-04-19T00:07:47","calc_backorders":null,"jetpack_publicize_connections":[],"jetpack_sharing_enabled":true,"batches":[{"id":"3592","date_created":"2025-05-24 18:57:33","date_expiry":"2026-06-30 00:00:00","user_id":"9","batch_number":"BiospotixLarge0626","location":"","quantity":"5.0000","quantity_available":"0.0000","units":"1","status":"archived","order_ids":"[23208,25090,25651]","supplier":"Casablanca","po":{"id":"3560","date_created":"2025-05-24 18:57:34","batch_id":"3592","po_number":"","supplier":"Casablanca","cost":null,"regular_price":null,"sale_price":null,"price_margin":null,"price_discount":null}}],"_links":{"self":[{"href":"https:\/\/petworld.ma\/index.php\/wp-json\/wp\/v2\/product\/3972","targetHints":{"allow":["GET"]}}],"collection":[{"href":"https:\/\/petworld.ma\/index.php\/wp-json\/wp\/v2\/product"}],"about":[{"href":"https:\/\/petworld.ma\/index.php\/wp-json\/wp\/v2\/types\/product"}],"wp:featuredmedia":[{"embeddable":true,"href":"https:\/\/petworld.ma\/index.php\/wp-json\/wp\/v2\/media\/3973"}],"wp:attachment":[{"href":"https:\/\/petworld.ma\/index.php\/wp-json\/wp\/v2\/media?parent=3972"}],"wp:term":[{"taxonomy":"product_brand","embeddable":true,"href":"https:\/\/petworld.ma\/index.php\/wp-json\/wp\/v2\/product_brand?post=3972"},{"taxonomy":"product_cat","embeddable":true,"href":"https:\/\/petworld.ma\/index.php\/wp-json\/wp\/v2\/product_cat?post=3972"},{"taxonomy":"product_tag","embeddable":true,"href":"https:\/\/petworld.ma\/index.php\/wp-json\/wp\/v2\/product_tag?post=3972"}],"curies":[{"name":"wp","href":"https:\/\/api.w.org\/{rel}","templated":true}]}}