{"id":39730,"date":"2026-04-14T15:42:48","date_gmt":"2026-04-14T15:42:48","guid":{"rendered":"https:\/\/petworld.ma\/?post_type=product&#038;p=39730"},"modified":"2026-04-14T15:48:51","modified_gmt":"2026-04-14T15:48:51","slug":"collier-flamingo-chat-minx-rose-saumon","status":"publish","type":"product","link":"https:\/\/petworld.ma\/index.php\/produit\/collier-flamingo-chat-minx-rose-saumon\/","title":{"rendered":"Collier Flamingo Chat Minx Rose saumon"},"content":{"rendered":"<div class=\"mb-2\">\n<div class=\"mb-2\">\n<div class=\"mb-2\">\n<div class=\"mb-2\">\n<div class=\"mb-2\">\n<div class=\"col-12 col-md-6\">\n<div class=\"mb-2 cms-element-text\">\n<div class=\"row mt-4\">\n<div class=\"col-12 col-md-6\">\n<div class=\"mb-2 cms-element-text\">Fais briller ton chat avec ce super collier rose saumon en nylon. Avec ajustement en continu, fermeture \u00e0 clic s\u00e9curis\u00e9e, mat\u00e9riau r\u00e9fl\u00e9chissant et petite clochette pour chat. Remarquable, m\u00eame dans l&rsquo;obscurit\u00e9 !<\/p>\n<div class=\"ai-notice-icon\" data-tippy-options=\"{&quot;content&quot;:&quot;Ce texte a \\u00e9t\\u00e9 g\\u00e9n\\u00e9r\\u00e9 et traduit \\u00e0 l'aide de l'IA&quot;}\"><\/div>\n<\/div>\n<\/div>\n<div class=\"col-12 col-md-6\">\n<div class=\"cms-element-text\">\n<ul>\n<li>Mat\u00e9riau : nylon<\/li>\n<li>R\u00e9glable en continu<\/li>\n<li>Boucle \u00e0 clic avec clic de s\u00e9curit\u00e9<\/li>\n<li>R\u00e9fl\u00e9chissant<\/li>\n<li>Avec clochette de chat<\/li>\n<\/ul>\n<\/div>\n<\/div>\n<\/div>\n<div class=\"d-flex align-items-center gap-3 mt-4\">\n<div><span class=\"accordion-header\"><button class=\"product-detail-properties-toggle fw-bold font-size-md btn-reset rounded-0 d-flex align-items-center w-100 btn-no-outline justify-content-between accordion-button \" type=\"button\" data-bs-toggle=\"collapse\" data-bs-target=\"#pdpCollapse1\" aria-expanded=\"true\" aria-controls=\"pdpCollapse1\">D\u00e9tails du produit<\/button><\/span><\/p>\n<div id=\"pdpCollapse1\" class=\"product-detail-properties-content accordion-collapse collapse show\">\n<table class=\"table table-striped product-detail-properties-table product-detail-io-property-set-table accordion-body\">\n<tbody>\n<tr class=\"properties-row\">\n<th class=\"properties-label fw-normal d-block d-md-table-cell\">\n<div class=\"d-flex align-items-center\">Description du produit:<\/div>\n<\/th>\n<td class=\"properties-value d-block d-md-table-cell\">Chat Collier Minx Rose saumon 20-34cm 10mm<\/td>\n<\/tr>\n<tr class=\"properties-row\">\n<th class=\"properties-label fw-normal d-block d-md-table-cell\">\n<div class=\"d-flex align-items-center\">Nom du produit:<\/div>\n<\/th>\n<td class=\"properties-value d-block d-md-table-cell\">Collier Minx Rose saumon<\/td>\n<\/tr>\n<tr class=\"properties-row\">\n<th class=\"properties-label fw-normal d-block d-md-table-cell\">\n<div class=\"d-flex align-items-center\">EAN:<\/div>\n<\/th>\n<td class=\"properties-value d-block d-md-table-cell\">5400585269574<\/p>\n<div class=\"mt-2\"><\/div>\n<\/td>\n<\/tr>\n<tr class=\"properties-row\">\n<th class=\"properties-label fw-normal d-block d-md-table-cell\">\n<div class=\"d-flex align-items-center\">N\u00b0 produit:<\/div>\n<\/th>\n<td class=\"properties-value d-block d-md-table-cell\">561735<\/td>\n<\/tr>\n<tr class=\"properties-row\">\n<th class=\"properties-label fw-normal d-block d-md-table-cell\">\n<div class=\"d-flex align-items-center\">Marque:<\/div>\n<\/th>\n<td class=\"properties-value d-block d-md-table-cell\">Flamingo<\/td>\n<\/tr>\n<tr class=\"properties-row\">\n<th class=\"properties-label fw-normal d-block d-md-table-cell\">Phase de la vie:<\/th>\n<td class=\"properties-value d-block d-md-table-cell\">Tous les \u00e2ges<\/td>\n<\/tr>\n<tr class=\"properties-row\">\n<th class=\"properties-label fw-normal d-block d-md-table-cell\">Sous-nom de marque:<\/th>\n<td class=\"properties-value d-block d-md-table-cell\">Minx<\/td>\n<\/tr>\n<tr class=\"properties-row\">\n<th class=\"properties-label fw-normal d-block d-md-table-cell\">Type de produit:<\/th>\n<td class=\"properties-value d-block d-md-table-cell\">Collier<\/td>\n<\/tr>\n<tr class=\"properties-row\">\n<th class=\"properties-label fw-normal d-block d-md-table-cell\">Animal\/race:<\/th>\n<td class=\"properties-value d-block d-md-table-cell\">Toutes races de chats<\/td>\n<\/tr>\n<tr class=\"properties-row\">\n<th class=\"properties-label fw-normal d-block d-md-table-cell\">Taille de la race:<\/th>\n<td class=\"properties-value d-block d-md-table-cell\">Toutes les tailles<\/td>\n<\/tr>\n<tr class=\"properties-row\">\n<th class=\"properties-label fw-normal d-block d-md-table-cell\">Utilisation int\u00e9rieure\/ext\u00e9rieure:<\/th>\n<td class=\"properties-value d-block d-md-table-cell\">Tous les deux<\/td>\n<\/tr>\n<\/tbody>\n<\/table>\n<\/div>\n<\/div>\n<\/div>\n<\/div>\n<\/div>\n<\/div>\n<\/div>\n<\/div>\n<\/div>\n<\/div>\n","protected":false},"excerpt":{"rendered":"<p>Dimmension: 20-34cm x 10mm<\/p>\n","protected":false},"featured_media":39731,"template":"","meta":{"jetpack_publicize_message":"","jetpack_publicize_feature_enabled":true,"jetpack_social_post_already_shared":true,"jetpack_social_options":{"image_generator_settings":{"template":"highway","default_image_id":0,"font":"","enabled":false},"version":2}},"product_brand":[],"product_cat":[233],"product_tag":[],"class_list":{"0":"post-39730","1":"product","2":"type-product","3":"status-publish","4":"has-post-thumbnail","6":"product_cat-colliers-harnais","8":"first","9":"instock","10":"taxable","11":"shipping-taxable","12":"purchasable","13":"product-type-simple"},"supplier_id":8770,"supplier_sku":"561735","barcode":"5400585269574","atum_controlled":true,"out_stock_date":null,"out_stock_threshold":null,"inheritable":false,"inbound_stock":0,"stock_on_hold":0,"sold_today":0,"sales_last_days":0,"reserved_stock":0,"customer_returns":0,"warehouse_damage":0,"lost_in_post":0,"other_logs":0,"out_stock_days":0,"lost_sales":0,"has_location":false,"update_date":"2026-04-14T15:57:31","atum_locations":[],"atum_stock_status":"instock","restock_status":false,"low_stock_amount":2,"sales_update_date":"2026-04-14T15:57:31","calc_backorders":null,"jetpack_publicize_connections":[],"jetpack_sharing_enabled":true,"batches":[],"_links":{"self":[{"href":"https:\/\/petworld.ma\/index.php\/wp-json\/wp\/v2\/product\/39730","targetHints":{"allow":["GET"]}}],"collection":[{"href":"https:\/\/petworld.ma\/index.php\/wp-json\/wp\/v2\/product"}],"about":[{"href":"https:\/\/petworld.ma\/index.php\/wp-json\/wp\/v2\/types\/product"}],"wp:featuredmedia":[{"embeddable":true,"href":"https:\/\/petworld.ma\/index.php\/wp-json\/wp\/v2\/media\/39731"}],"wp:attachment":[{"href":"https:\/\/petworld.ma\/index.php\/wp-json\/wp\/v2\/media?parent=39730"}],"wp:term":[{"taxonomy":"product_brand","embeddable":true,"href":"https:\/\/petworld.ma\/index.php\/wp-json\/wp\/v2\/product_brand?post=39730"},{"taxonomy":"product_cat","embeddable":true,"href":"https:\/\/petworld.ma\/index.php\/wp-json\/wp\/v2\/product_cat?post=39730"},{"taxonomy":"product_tag","embeddable":true,"href":"https:\/\/petworld.ma\/index.php\/wp-json\/wp\/v2\/product_tag?post=39730"}],"curies":[{"name":"wp","href":"https:\/\/api.w.org\/{rel}","templated":true}]}}