{"id":39829,"date":"2026-04-15T15:42:43","date_gmt":"2026-04-15T15:42:43","guid":{"rendered":"https:\/\/petworld.ma\/?post_type=product&#038;p=39829"},"modified":"2026-04-15T15:44:19","modified_gmt":"2026-04-15T15:44:19","slug":"harnais-avec-laisse-flamingo-ziggi-granit-bleu","status":"publish","type":"product","link":"https:\/\/petworld.ma\/index.php\/produit\/harnais-avec-laisse-flamingo-ziggi-granit-bleu\/","title":{"rendered":"Harnais avec laisse Flamingo Ziggi Granit Bleu"},"content":{"rendered":"<div class=\"col-12 col-md-6\">\n<div class=\"mb-2 cms-element-text\">\n<div class=\"col-12 col-md-6\">\n<div class=\"mb-2 cms-element-text\">Avec le harnais et la laisse Ziggi en granit bleu, ton chat peut sortir en toute s\u00e9curit\u00e9 et confort. Le harnais est ajustable et poss\u00e8de une fermeture \u00e0 clic pratique. La laisse est \u00e9quip\u00e9e d&rsquo;un mousqueton et les pi\u00e8ces m\u00e9talliques ont une finition brillante magnifique. Parfait pour les promenades quotidiennes !<\/div>\n<\/div>\n<div class=\"col-12 col-md-6\">\n<div class=\"cms-element-text\">\n<ul>\n<li>Mat\u00e9riau : nylon<\/li>\n<li>Le harnais est r\u00e9glable en continu<\/li>\n<li>Le harnais a une boucle \u00e0 clic et la laisse a un mousqueton<\/li>\n<li>Le harnais a un anneau pour attacher une laisse<\/li>\n<li>Parties m\u00e9talliques avec rev\u00eatement en nickel brillant<\/li>\n<\/ul>\n<p><span class=\"accordion-header\"><button class=\"product-detail-properties-toggle fw-bold font-size-md btn-reset rounded-0 d-flex align-items-center w-100 btn-no-outline justify-content-between accordion-button \" type=\"button\" data-bs-toggle=\"collapse\" data-bs-target=\"#pdpCollapse1\" aria-expanded=\"true\" aria-controls=\"pdpCollapse1\">D\u00e9tails du produit<\/button><\/span><\/p>\n<div id=\"pdpCollapse1\" class=\"product-detail-properties-content accordion-collapse collapse show\">\n<table class=\"table table-striped product-detail-properties-table product-detail-io-property-set-table accordion-body\">\n<tbody>\n<tr class=\"properties-row\">\n<th class=\"properties-label fw-normal d-block d-md-table-cell\">\n<div class=\"d-flex align-items-center\">Description du produit:<\/div>\n<\/th>\n<td class=\"properties-value d-block d-md-table-cell\">Chat Harnais avec laisse Ziggi Granit bleu 22-36cm 27-46cm 110cm 10mm<\/td>\n<\/tr>\n<tr class=\"properties-row\">\n<th class=\"properties-label fw-normal d-block d-md-table-cell\">\n<div class=\"d-flex align-items-center\">Nom du produit:<\/div>\n<\/th>\n<td class=\"properties-value d-block d-md-table-cell\">Harnais avec laisse Ziggi Granit bleu<\/td>\n<\/tr>\n<tr class=\"properties-row\">\n<th class=\"properties-label fw-normal d-block d-md-table-cell\">\n<div class=\"d-flex align-items-center\">EAN:<\/div>\n<\/th>\n<td class=\"properties-value d-block d-md-table-cell\">5415245135403<\/p>\n<div class=\"mt-2\"><\/div>\n<\/td>\n<\/tr>\n<tr class=\"properties-row\">\n<th class=\"properties-label fw-normal d-block d-md-table-cell\">\n<div class=\"d-flex align-items-center\">N\u00b0 produit:<\/div>\n<\/th>\n<td class=\"properties-value d-block d-md-table-cell\">1031206<\/td>\n<\/tr>\n<tr class=\"properties-row\">\n<th class=\"properties-label fw-normal d-block d-md-table-cell\">\n<div class=\"d-flex align-items-center\">Marque:<\/div>\n<\/th>\n<td class=\"properties-value d-block d-md-table-cell\">Flamingo<\/td>\n<\/tr>\n<tr class=\"properties-row\">\n<th class=\"properties-label fw-normal d-block d-md-table-cell\">Phase de la vie:<\/th>\n<td class=\"properties-value d-block d-md-table-cell\">Tous les \u00e2ges<\/td>\n<\/tr>\n<tr class=\"properties-row\">\n<th class=\"properties-label fw-normal d-block d-md-table-cell\">Sous-nom de marque:<\/th>\n<td class=\"properties-value d-block d-md-table-cell\">Ziggi<\/td>\n<\/tr>\n<tr class=\"properties-row\">\n<th class=\"properties-label fw-normal d-block d-md-table-cell\">Type de produit:<\/th>\n<td class=\"properties-value d-block d-md-table-cell\">Harnais avec laisse<\/td>\n<\/tr>\n<tr class=\"properties-row\">\n<th class=\"properties-label fw-normal d-block d-md-table-cell\">Animal\/race:<\/th>\n<td class=\"properties-value d-block d-md-table-cell\">Toutes races de chats<\/td>\n<\/tr>\n<tr class=\"properties-row\">\n<th class=\"properties-label fw-normal d-block d-md-table-cell\">Taille de la race:<\/th>\n<td class=\"properties-value d-block d-md-table-cell\">Toutes les tailles<\/td>\n<\/tr>\n<tr class=\"properties-row\">\n<th class=\"properties-label fw-normal d-block d-md-table-cell\">Utilisation int\u00e9rieure\/ext\u00e9rieure:<\/th>\n<td class=\"properties-value d-block d-md-table-cell\">Ext\u00e9rieur<\/td>\n<\/tr>\n<\/tbody>\n<\/table>\n<\/div>\n<\/div>\n<\/div>\n<\/div>\n<\/div>\n<div class=\"col-12 col-md-6\">\n<div class=\"cms-element-text\"><\/div>\n<\/div>\n","protected":false},"excerpt":{"rendered":"<div class=\"font-size-sm h6 mb-0 text-wrap\">A:22-36cm B:27-46cm C:110cm x 10mm x 2mm (Voir Photo)<\/div>\n","protected":false},"featured_media":39830,"template":"","meta":{"jetpack_publicize_message":"","jetpack_publicize_feature_enabled":true,"jetpack_social_post_already_shared":true,"jetpack_social_options":{"image_generator_settings":{"template":"highway","default_image_id":0,"font":"","enabled":false},"version":2}},"product_brand":[],"product_cat":[100],"product_tag":[],"class_list":{"0":"post-39829","1":"product","2":"type-product","3":"status-publish","4":"has-post-thumbnail","6":"product_cat-accessoires-jouets-et-colliers","8":"first","9":"instock","10":"taxable","11":"shipping-taxable","12":"purchasable","13":"product-type-simple"},"supplier_id":8770,"supplier_sku":"1031206","barcode":"5415245135403","atum_controlled":true,"out_stock_date":null,"out_stock_threshold":null,"inheritable":false,"inbound_stock":0,"stock_on_hold":0,"sold_today":0,"sales_last_days":0,"reserved_stock":0,"customer_returns":0,"warehouse_damage":0,"lost_in_post":0,"other_logs":0,"out_stock_days":0,"lost_sales":0,"has_location":false,"update_date":"2026-04-16T17:37:46","atum_locations":[],"atum_stock_status":"instock","restock_status":false,"low_stock_amount":2,"sales_update_date":"2026-04-16T17:37:46","calc_backorders":null,"jetpack_publicize_connections":[],"jetpack_sharing_enabled":true,"batches":[],"_links":{"self":[{"href":"https:\/\/petworld.ma\/index.php\/wp-json\/wp\/v2\/product\/39829","targetHints":{"allow":["GET"]}}],"collection":[{"href":"https:\/\/petworld.ma\/index.php\/wp-json\/wp\/v2\/product"}],"about":[{"href":"https:\/\/petworld.ma\/index.php\/wp-json\/wp\/v2\/types\/product"}],"wp:featuredmedia":[{"embeddable":true,"href":"https:\/\/petworld.ma\/index.php\/wp-json\/wp\/v2\/media\/39830"}],"wp:attachment":[{"href":"https:\/\/petworld.ma\/index.php\/wp-json\/wp\/v2\/media?parent=39829"}],"wp:term":[{"taxonomy":"product_brand","embeddable":true,"href":"https:\/\/petworld.ma\/index.php\/wp-json\/wp\/v2\/product_brand?post=39829"},{"taxonomy":"product_cat","embeddable":true,"href":"https:\/\/petworld.ma\/index.php\/wp-json\/wp\/v2\/product_cat?post=39829"},{"taxonomy":"product_tag","embeddable":true,"href":"https:\/\/petworld.ma\/index.php\/wp-json\/wp\/v2\/product_tag?post=39829"}],"curies":[{"name":"wp","href":"https:\/\/api.w.org\/{rel}","templated":true}]}}