{"id":39961,"date":"2026-04-16T16:49:03","date_gmt":"2026-04-16T16:49:03","guid":{"rendered":"https:\/\/petworld.ma\/?post_type=product&#038;p=39961"},"modified":"2026-04-16T17:37:43","modified_gmt":"2026-04-16T17:37:43","slug":"bac-a-litiere-semi-ferme-avec-cote-haut-pour-chat-pelle-incluse-2","status":"publish","type":"product","link":"https:\/\/petworld.ma\/index.php\/produit\/bac-a-litiere-semi-ferme-avec-cote-haut-pour-chat-pelle-incluse-2\/","title":{"rendered":"Bac \u00e0 liti\u00e8re semi ferm\u00e9 avec c\u00f4t\u00e9 haut pour chat et Pelle incluse (Rose | Bleu | Vert)"},"content":{"rendered":"<ul>\n<li><span class=\"a-text-bold\">Description:<\/span>&#8211; Bac \u00e0 liti\u00e8re semi-ferm\u00e9e pour chat, offre suffisamment d&rsquo;espace pour les chats. Offrez \u00e0 votre chat des toilettes isol\u00e9es et diminuez le suivi de la liti\u00e8re.<br \/>\n&#8211; Le bac \u00e0 liti\u00e8re de voyage pour chat a des c\u00f4t\u00e9s plus hauts qui cr\u00e9ent une protection anti-\u00e9claboussures r\u00e9duisant les d\u00e9versements de liti\u00e8re et \u00e9vitant le jet de liti\u00e8re pour chat hors du bac tout en offrant une intimit\u00e9 \u00e0 votre chat.<br \/>\n&#8211; Les c\u00f4t\u00e9s hauts du petit bac \u00e0 chat sont fabriqu\u00e9s en mat\u00e9riau PP de haute qualit\u00e9, surface lisse, r\u00e9sistant aux chutes, pas facile \u00e0 endommager, pratique et r\u00e9utilisable.<br \/>\n&#8211; Bac \u00e0 liti\u00e8re pour chat avec p\u00e9dale de vidange avant basse adapt\u00e9e aux chatons nouveau-n\u00e9s volumineux, immobiles pour entrer facilement.<br \/>\n&#8211; Bac \u00e0 liti\u00e8re pour chat \u00e0 bords hauts avec cadre, prise en main confortable pour un d\u00e9placement facile, facile \u00e0 nettoyer et r\u00e9utilisable, peut \u00eatre utilis\u00e9 pendant une longue p\u00e9riode.<\/li>\n<li>Mat\u00e9riau : polypropyl\u00e8ne.<br \/>\nDimensions : 48.5 cm x 40 cm x 20 cm<\/li>\n<\/ul>\n","protected":false},"excerpt":{"rendered":"<p>Dimensions : 48.5 cm x 40 cm x 20 cm<\/p>\n","protected":false},"featured_media":39967,"template":"","meta":{"jetpack_publicize_message":"","jetpack_publicize_feature_enabled":true,"jetpack_social_post_already_shared":true,"jetpack_social_options":{"image_generator_settings":{"template":"highway","default_image_id":0,"font":"","enabled":false},"version":2}},"product_brand":[],"product_cat":[94],"product_tag":[],"class_list":{"0":"post-39961","1":"product","2":"type-product","3":"status-publish","4":"has-post-thumbnail","6":"product_cat-litieres-et-bacs","8":"first","9":"instock","10":"taxable","11":"shipping-taxable","12":"purchasable","13":"product-type-variable"},"supplier_id":5588,"supplier_sku":"","barcode":null,"atum_controlled":true,"out_stock_date":"2026-04-16 16:49:03","out_stock_threshold":null,"inheritable":true,"inbound_stock":0,"stock_on_hold":0,"sold_today":null,"sales_last_days":null,"reserved_stock":0,"customer_returns":0,"warehouse_damage":0,"lost_in_post":0,"other_logs":0,"out_stock_days":0,"lost_sales":null,"has_location":false,"update_date":"2026-04-16T17:37:45","atum_locations":[],"atum_stock_status":"instock","restock_status":false,"low_stock_amount":"","sales_update_date":"2026-04-16T17:37:45","calc_backorders":null,"jetpack_publicize_connections":[],"jetpack_sharing_enabled":true,"batches":[],"_links":{"self":[{"href":"https:\/\/petworld.ma\/index.php\/wp-json\/wp\/v2\/product\/39961","targetHints":{"allow":["GET"]}}],"collection":[{"href":"https:\/\/petworld.ma\/index.php\/wp-json\/wp\/v2\/product"}],"about":[{"href":"https:\/\/petworld.ma\/index.php\/wp-json\/wp\/v2\/types\/product"}],"wp:featuredmedia":[{"embeddable":true,"href":"https:\/\/petworld.ma\/index.php\/wp-json\/wp\/v2\/media\/39967"}],"wp:attachment":[{"href":"https:\/\/petworld.ma\/index.php\/wp-json\/wp\/v2\/media?parent=39961"}],"wp:term":[{"taxonomy":"product_brand","embeddable":true,"href":"https:\/\/petworld.ma\/index.php\/wp-json\/wp\/v2\/product_brand?post=39961"},{"taxonomy":"product_cat","embeddable":true,"href":"https:\/\/petworld.ma\/index.php\/wp-json\/wp\/v2\/product_cat?post=39961"},{"taxonomy":"product_tag","embeddable":true,"href":"https:\/\/petworld.ma\/index.php\/wp-json\/wp\/v2\/product_tag?post=39961"}],"curies":[{"name":"wp","href":"https:\/\/api.w.org\/{rel}","templated":true}]}}