{"id":39988,"date":"2026-04-16T17:38:09","date_gmt":"2026-04-16T17:38:09","guid":{"rendered":"https:\/\/petworld.ma\/?post_type=product&#038;p=39988"},"modified":"2026-04-19T11:30:05","modified_gmt":"2026-04-19T11:30:05","slug":"kit-de-soin-griffes-chien-et-chat-bleu","status":"publish","type":"product","link":"https:\/\/petworld.ma\/index.php\/produit\/kit-de-soin-griffes-chien-et-chat-bleu\/","title":{"rendered":"Kit de Soin Griffes Chien et Chat Bleu"},"content":{"rendered":"<div class=\"MPProductDescriptionContentInfo\">\n<div class=\"text-block\"><span dir=\"auto\">Le kit de soin des griffes est id\u00e9al pour les chats et les chiens de toutes tailles. Sa couleur bleue lui conf\u00e8re une allure \u00e9l\u00e9gante. Le kit comprend un coupe-griffes et une lime en plastique et en acier inoxydable. Con\u00e7u pour un usage quotidien, il permet un entretien facile et s\u00fbr des griffes de votre animal.<\/span><\/div>\n<\/div>\n","protected":false},"excerpt":{"rendered":"<p>Le kit de soin des griffes est id\u00e9al pour les chats et les chiens de toutes tailles. Sa couleur bleue lui conf\u00e8re une allure \u00e9l\u00e9gante. Le kit comprend un coupe-griffes et une lime en plastique et en acier inoxydable. Con\u00e7u pour un usage quotidien, il permet un entretien facile et s\u00fbr des griffes de votre [&#8230;]\n","protected":false},"featured_media":39992,"template":"","meta":{"jetpack_publicize_message":"","jetpack_publicize_feature_enabled":true,"jetpack_social_post_already_shared":true,"jetpack_social_options":{"image_generator_settings":{"template":"highway","default_image_id":0,"font":"","enabled":false},"version":2}},"product_brand":[],"product_cat":[222,223],"product_tag":[],"class_list":{"0":"post-39988","1":"product","2":"type-product","3":"status-publish","4":"has-post-thumbnail","6":"product_cat-brosses-coupe-griffes","7":"product_cat-brosses-coupe-griffes-hygiene-et-soins","9":"first","10":"onbackorder","11":"taxable","12":"shipping-taxable","13":"purchasable","14":"product-type-simple"},"supplier_id":5592,"supplier_sku":"","barcode":null,"atum_controlled":true,"out_stock_date":"2026-04-19 11:30:05","out_stock_threshold":null,"inheritable":false,"inbound_stock":0,"stock_on_hold":0,"sold_today":0,"sales_last_days":0,"reserved_stock":0,"customer_returns":0,"warehouse_damage":0,"lost_in_post":0,"other_logs":0,"out_stock_days":0,"lost_sales":0,"has_location":false,"update_date":"2026-04-19T21:40:01","atum_locations":[],"atum_stock_status":"onbackorder","restock_status":false,"low_stock_amount":"","sales_update_date":"2026-04-19T21:40:01","calc_backorders":null,"jetpack_publicize_connections":[],"jetpack_sharing_enabled":true,"batches":[],"_links":{"self":[{"href":"https:\/\/petworld.ma\/index.php\/wp-json\/wp\/v2\/product\/39988","targetHints":{"allow":["GET"]}}],"collection":[{"href":"https:\/\/petworld.ma\/index.php\/wp-json\/wp\/v2\/product"}],"about":[{"href":"https:\/\/petworld.ma\/index.php\/wp-json\/wp\/v2\/types\/product"}],"wp:featuredmedia":[{"embeddable":true,"href":"https:\/\/petworld.ma\/index.php\/wp-json\/wp\/v2\/media\/39992"}],"wp:attachment":[{"href":"https:\/\/petworld.ma\/index.php\/wp-json\/wp\/v2\/media?parent=39988"}],"wp:term":[{"taxonomy":"product_brand","embeddable":true,"href":"https:\/\/petworld.ma\/index.php\/wp-json\/wp\/v2\/product_brand?post=39988"},{"taxonomy":"product_cat","embeddable":true,"href":"https:\/\/petworld.ma\/index.php\/wp-json\/wp\/v2\/product_cat?post=39988"},{"taxonomy":"product_tag","embeddable":true,"href":"https:\/\/petworld.ma\/index.php\/wp-json\/wp\/v2\/product_tag?post=39988"}],"curies":[{"name":"wp","href":"https:\/\/api.w.org\/{rel}","templated":true}]}}