{"id":40070,"date":"2026-04-17T21:47:25","date_gmt":"2026-04-17T21:47:25","guid":{"rendered":"https:\/\/petworld.ma\/?post_type=product&#038;p=40070"},"modified":"2026-04-20T18:11:16","modified_gmt":"2026-04-20T18:11:16","slug":"monge-croquettes-chat-adult-poulet-10kg-promo","status":"publish","type":"product","link":"https:\/\/petworld.ma\/index.php\/produit\/monge-croquettes-chat-adult-poulet-10kg-promo\/","title":{"rendered":"Monge Croquettes Chat Adult Poulet 10kg Promo"},"content":{"rendered":"<p>\u2022 Aliment complet adapt\u00e9 aux chats \u00e0 partir de 12 mois.<br \/>\nAugmente les d\u00e9fenses naturelles.<br \/>\nContient du F.O.S et du M.O.S, des Om\u00e9ga-3 et Om\u00e9ga-6.<br \/>\n\u2022 Compl\u00e9ment \u00e9nerg\u00e9tique<br \/>\nLa combinaison entre les aliments riches en prot\u00e9ines avec des grandes valeurs biologiques notamment en mannane-oligosaccharide et fructo-oligosaccharide permet de satisfaire les besoins nutritionnels des chats.<br \/>\n\u2022 Om\u00e9ga-6 et Om\u00e9ga-3<br \/>\nLe rapport optimal entre les acides gras Om\u00e9ga-6 et Om\u00e9ga-3, acides gras essentiels qui interviennent dans les \u00e9tats inflammatoires, assurent un bon support pour r\u00e9agir contre les r\u00e9actions allergiques.<\/p>\n<p><strong>UTILISATION :<\/strong><br \/>\nIl peut \u00eatre utilis\u00e9 tel quel ou m\u00eame humidifi\u00e9 avec de l\u2019eau ou bouillon ti\u00e8de. Les doses peuvent vari\u00e9es en fonction des besoins et particularit\u00e9s de chaque sujet.<\/p>\n<p><strong>COMPOSITION :<\/strong><br \/>\nViande de poulet (fraiche min. 10 % et d\u00e9shydrat\u00e9e min.25 %) ma\u00efs, riz (min. 23 %) huile de poulet prot\u00e9ine de pommes de terre pulpe de betterave farine d\u2019hareng levure de bi\u00e8re Yucca Schidigera cystine algues marines F.O.S (fructo-oligosaccharides) 480 mg\/kg M.O.S (mannane-oligosaccharide) 480 mg\/kg Sulfate de condro\u00eftine 115 mg\/kg metil sulfano metano 160 mg\/kg, glucosamine 160 mg\/kg.<\/p>\n<p><strong>Composant :<\/strong><br \/>\nProteine 33 %<br \/>\nmati\u00e8re grasse 14 %<br \/>\nfibre 2,5 %<br \/>\ncendre brute 7,5 %<br \/>\nOmega 6 : 7 %<br \/>\nOmega 3 : 0,8 %.<br \/>\nCalcium : 1,8 %<br \/>\nPhosphore : 1,2 %<br \/>\nMagn\u00e9sium : 0,09 %<\/p>\n<p><strong>Additifs nutritionnels :<\/strong><br \/>\nVitamine A (comme ac\u00e9tate de r\u00e9tinol) 28.600 Ul\/kg<br \/>\nVitamine D3 (comme Chol\u00e9calcif\u00e9rol) 1.980 Ul\/kg<br \/>\nVitamine E 183 mg\/kg Vitamine C 50 mg\/kg<br \/>\nCalcium Penthotenat 10,75 mg\/kg<br \/>\nChlorure de Choline 209 mg\/kg<br \/>\nChlorure de Potassium 7.248 mg\/kg<br \/>\nInositol 3 mcg\/kg Thiamine (Vitamine B1) 21 mg\/kg<br \/>\nRiboflavine (Vitamine B2) 15 mg\/kg)<br \/>\nPyridoxine (Vitamine B6) 7 mg\/kg<br \/>\nVitamine B12 21 mcg\/kg Biotine (Vitamine H) 0,37 mcg\/kg<br \/>\nNiacine 35 mg\/kg Acide Folique 1,89 mg\/kg<br \/>\nL. Carnitine 65 mg\/kg<br \/>\nZinc (chelate de zinc d\u2019acide amin\u00e9 monohydrat\u00e9 311 mg\/kg sulfate de zinc monohydrat\u00e9 259 mg\/kg) : 140 mg\/kg<br \/>\nFer (sulfate ferreux monohydrat\u00e9 281 mg\/kg chelate ferreux d\u2019acide amin\u00e9 monohydrat\u00e9 (19 mg\/kg) : 87 mg\/kg<br \/>\nManganese (sulfate manganese monohydrat\u00e9 (102 mg\/kg) : 33 mg\/kg<br \/>\nCuivre (chelate de cuivre d\u2019acide amin\u00e9 monohydrat\u00e9 46 mg\/kg sulfate de cuivre pentahydrat\u00e9 37 mg\/kg) 14 mg\/kg<br \/>\nIode (iodiure de calcium anhydr\u00e9 1,43 mg\/kg) : 0,87 mg\/kg<br \/>\nS\u00e9lenium (sodium du selenium 0,47 mg\/kg) : 0,21 mg\/kg.<\/p>\n<p><strong>Acide Amin\u00e9 :<\/strong>\u00a0Methionine 1,700 mg\/kg<\/p>\n<p><strong>Energie m\u00e9tabolisable :<\/strong>\u00a03880 Kcal\/kg<\/p>\n","protected":false},"excerpt":{"rendered":"<p>Sans colorants ni conservateurs artificiels ajout\u00e9s.<\/p>\n<p>Aliment complet adapt\u00e9 aux chats \u00e0 partir de 12 mois.<\/p>\n","protected":false},"featured_media":40363,"template":"","meta":{"jetpack_publicize_message":"","jetpack_publicize_feature_enabled":true,"jetpack_social_post_already_shared":true,"jetpack_social_options":{"image_generator_settings":{"template":"highway","default_image_id":0,"font":"","enabled":false},"version":2}},"product_brand":[],"product_cat":[40,187],"product_tag":[],"class_list":{"0":"post-40070","1":"product","2":"type-product","3":"status-publish","4":"has-post-thumbnail","6":"product_cat-coquettes-pour-chat","7":"product_cat-destockage","9":"first","10":"instock","11":"sale","12":"taxable","13":"shipping-taxable","14":"purchasable","15":"product-type-simple"},"supplier_id":31321,"supplier_sku":"","barcode":null,"atum_controlled":true,"out_stock_date":null,"out_stock_threshold":null,"inheritable":false,"inbound_stock":0,"stock_on_hold":0,"sold_today":0,"sales_last_days":0,"reserved_stock":0,"customer_returns":0,"warehouse_damage":0,"lost_in_post":0,"other_logs":0,"out_stock_days":0,"lost_sales":0,"has_location":false,"update_date":"2026-04-25T12:56:55","atum_locations":[],"atum_stock_status":"instock","restock_status":false,"low_stock_amount":"","sales_update_date":"2026-04-25T12:56:55","calc_backorders":null,"jetpack_publicize_connections":[],"jetpack_sharing_enabled":true,"batches":[{"id":"8978","date_created":"2026-04-20 18:11:15","date_expiry":"2027-04-08 00:00:00","user_id":"2461","batch_number":"PROMO0427","location":"","quantity":"1.0000","quantity_available":"1.0000","units":"1","status":"active","order_ids":null,"supplier":"Monge","po":{"id":"8902","date_created":"2026-04-20 18:11:16","batch_id":"8978","po_number":"","supplier":"Monge","cost":null,"regular_price":null,"sale_price":null,"price_margin":null,"price_discount":null}}],"_links":{"self":[{"href":"https:\/\/petworld.ma\/index.php\/wp-json\/wp\/v2\/product\/40070","targetHints":{"allow":["GET"]}}],"collection":[{"href":"https:\/\/petworld.ma\/index.php\/wp-json\/wp\/v2\/product"}],"about":[{"href":"https:\/\/petworld.ma\/index.php\/wp-json\/wp\/v2\/types\/product"}],"wp:featuredmedia":[{"embeddable":true,"href":"https:\/\/petworld.ma\/index.php\/wp-json\/wp\/v2\/media\/40363"}],"wp:attachment":[{"href":"https:\/\/petworld.ma\/index.php\/wp-json\/wp\/v2\/media?parent=40070"}],"wp:term":[{"taxonomy":"product_brand","embeddable":true,"href":"https:\/\/petworld.ma\/index.php\/wp-json\/wp\/v2\/product_brand?post=40070"},{"taxonomy":"product_cat","embeddable":true,"href":"https:\/\/petworld.ma\/index.php\/wp-json\/wp\/v2\/product_cat?post=40070"},{"taxonomy":"product_tag","embeddable":true,"href":"https:\/\/petworld.ma\/index.php\/wp-json\/wp\/v2\/product_tag?post=40070"}],"curies":[{"name":"wp","href":"https:\/\/api.w.org\/{rel}","templated":true}]}}