{"id":40122,"date":"2026-04-18T17:37:16","date_gmt":"2026-04-18T17:37:16","guid":{"rendered":"https:\/\/petworld.ma\/?post_type=product&#038;p=40122"},"modified":"2026-04-18T18:11:42","modified_gmt":"2026-04-18T18:11:42","slug":"purina-gourmet-revelations-mousselines-au-poisson-de-locean-nappee-de-sauce-pour-chat-4-x-57g","status":"publish","type":"product","link":"https:\/\/petworld.ma\/index.php\/produit\/purina-gourmet-revelations-mousselines-au-poisson-de-locean-nappee-de-sauce-pour-chat-4-x-57g\/","title":{"rendered":"Purina Gourmet R\u00e9v\u00e9lations Mousselines au Poisson de l\u2019Oc\u00e9an Napp\u00e9e de Sauce Pour Chat (4 x 57g)"},"content":{"rendered":"<h3 data-start=\"115\" data-end=\"207\"><strong>Gourmet Revelations \u2013 Nourriture Humide pour Chats au Poisson de l\u2019Oc\u00e9an 4 x 57 g<\/strong><\/h3>\n<p data-start=\"209\" data-end=\"573\"><strong data-start=\"209\" data-end=\"237\">Description du produit :<\/strong><br data-start=\"237\" data-end=\"240\" \/>Offrez \u00e0 votre chat une exp\u00e9rience culinaire raffin\u00e9e avec <strong data-start=\"299\" data-end=\"344\">Gourmet Revelations au poisson de l\u2019oc\u00e9an<\/strong>, une mousse d\u00e9licate napp\u00e9e d\u2019une\u00a0<strong data-start=\"379\" data-end=\"410\">cascade de sauce savoureuse<\/strong>. \u00c9labor\u00e9e avec des ingr\u00e9dients de\u00a0<strong data-start=\"445\" data-end=\"467\">qualit\u00e9 sup\u00e9rieure<\/strong>, cette recette allie go\u00fbt exceptionnel et texture fondante pour le plaisir des palais les plus exigeants.<\/p>\n<p><strong>C<\/strong><\/p>\n<p data-start=\"575\" data-end=\"611\"><strong data-start=\"575\" data-end=\"609\">Caract\u00e9ristiques principales :<\/strong><\/p>\n<ul data-start=\"612\" data-end=\"1150\">\n<li data-start=\"612\" data-end=\"698\">\n<p data-start=\"614\" data-end=\"698\">Recette au Poisson de l\u2019Oc\u00e9an : un go\u00fbt irr\u00e9sistible qui ravira votre chat<\/p>\n<\/li>\n<li data-start=\"699\" data-end=\"787\">\n<p data-start=\"701\" data-end=\"787\">Texture mousse d\u00e9licate\u00a0: fondante et app\u00e9tissante, pour un repas de qualit\u00e9.<\/p>\n<\/li>\n<li data-start=\"788\" data-end=\"871\">\n<p data-start=\"790\" data-end=\"871\">\u00a0Cascade de sauce savoureuse\u00a0: ajoute une touche d\u2019onctuosit\u00e9 et d\u2019ar\u00f4me.<\/p>\n<\/li>\n<li data-start=\"872\" data-end=\"967\">\n<p data-start=\"874\" data-end=\"967\">\u00a0Sans conservateurs ni ar\u00f4mes artificiels ajout\u00e9s\u00a0: pour une alimentation plus saine.<\/p>\n<\/li>\n<li data-start=\"1071\" data-end=\"1150\">\n<p data-start=\"1073\" data-end=\"1150\">Ingr\u00e9dients premium\u00a0: con\u00e7ue pour les chats adultes de toutes races.<\/p>\n<\/li>\n<\/ul>\n<p data-start=\"1152\" data-end=\"1169\"><strong data-start=\"1152\" data-end=\"1167\">Avantages :<\/strong><\/p>\n<ul data-start=\"1170\" data-end=\"1334\">\n<li data-start=\"1170\" data-end=\"1223\">\n<p data-start=\"1172\" data-end=\"1223\">Favorise l\u2019hydratation gr\u00e2ce \u00e0 sa texture humide.<\/p>\n<\/li>\n<li data-start=\"1224\" data-end=\"1277\">\n<p data-start=\"1226\" data-end=\"1277\">Apporte un plaisir gustatif optimal au quotidien.<\/p>\n<\/li>\n<li data-start=\"1278\" data-end=\"1334\">\n<p data-start=\"1280\" data-end=\"1334\">Convient parfaitement aux chats \u00e0 l\u2019app\u00e9tit raffin\u00e9.<\/p>\n<\/li>\n<\/ul>\n<p data-start=\"1336\" data-end=\"1455\"><strong data-start=\"1372\" data-end=\"1382\">Type :<\/strong>\u00a0Nourriture humide pour\u00a0<a href=\"https:\/\/petiz.ma\/chat\/\">chats<\/a>\u00a0adultes<br data-start=\"1419\" data-end=\"1422\" \/><strong data-start=\"1422\" data-end=\"1434\">Saveur :<\/strong>\u00a0Poisson de l\u2019oc\u00e9an<\/p>\n","protected":false},"excerpt":{"rendered":"<p>Gourmet Revelations \u2013 Nourriture Humide pour Chats au Poisson de l\u2019Oc\u00e9an 4 x 57 g Description du produit :Offrez \u00e0 votre chat une exp\u00e9rience culinaire raffin\u00e9e avec Gourmet Revelations au poisson de l\u2019oc\u00e9an, une mousse d\u00e9licate napp\u00e9e d\u2019une\u00a0cascade de sauce savoureuse. \u00c9labor\u00e9e avec des ingr\u00e9dients de\u00a0qualit\u00e9 sup\u00e9rieure, cette recette allie go\u00fbt exceptionnel et texture fondante [&#8230;]\n","protected":false},"featured_media":40124,"template":"","meta":{"jetpack_publicize_message":"","jetpack_publicize_feature_enabled":true,"jetpack_social_post_already_shared":true,"jetpack_social_options":{"image_generator_settings":{"template":"highway","default_image_id":0,"font":"","enabled":false},"version":2}},"product_brand":[],"product_cat":[41,239],"product_tag":[],"class_list":{"0":"post-40122","1":"product","2":"type-product","3":"status-publish","4":"has-post-thumbnail","6":"product_cat-friandises-et-pate-pour-chat","7":"product_cat-pate-humides-chat","9":"first","10":"instock","11":"taxable","12":"shipping-taxable","13":"purchasable","14":"product-type-simple"},"supplier_id":5593,"supplier_sku":"","barcode":null,"atum_controlled":true,"out_stock_date":null,"out_stock_threshold":null,"inheritable":false,"inbound_stock":0,"stock_on_hold":78,"sold_today":78,"sales_last_days":78,"reserved_stock":0,"customer_returns":0,"warehouse_damage":0,"lost_in_post":0,"other_logs":0,"out_stock_days":0,"lost_sales":0,"has_location":false,"update_date":"2026-04-18T18:12:26","atum_locations":[],"atum_stock_status":"instock","restock_status":true,"low_stock_amount":5,"sales_update_date":"2026-04-18T18:12:25","calc_backorders":null,"jetpack_publicize_connections":[],"jetpack_sharing_enabled":true,"batches":[{"id":"8869","date_created":"2026-04-18 17:45:11","date_expiry":"2027-02-28 00:00:00","user_id":"50","batch_number":"Purina Gourmet R\u00e9v\u00e9lations Mousselines au Poisson de l\u2019Oc\u00e9an Napp\u00e9e de Sauce Pour Chat (4 x 57g)0227","location":"","quantity":"108.0000","quantity_available":"30.0000","units":"1","status":"active","order_ids":"[40116]","supplier":"Rabat","po":{"id":"8796","date_created":"2026-04-18 17:45:12","batch_id":"8869","po_number":"","supplier":"Rabat","cost":null,"regular_price":null,"sale_price":null,"price_margin":null,"price_discount":null}}],"_links":{"self":[{"href":"https:\/\/petworld.ma\/index.php\/wp-json\/wp\/v2\/product\/40122","targetHints":{"allow":["GET"]}}],"collection":[{"href":"https:\/\/petworld.ma\/index.php\/wp-json\/wp\/v2\/product"}],"about":[{"href":"https:\/\/petworld.ma\/index.php\/wp-json\/wp\/v2\/types\/product"}],"wp:featuredmedia":[{"embeddable":true,"href":"https:\/\/petworld.ma\/index.php\/wp-json\/wp\/v2\/media\/40124"}],"wp:attachment":[{"href":"https:\/\/petworld.ma\/index.php\/wp-json\/wp\/v2\/media?parent=40122"}],"wp:term":[{"taxonomy":"product_brand","embeddable":true,"href":"https:\/\/petworld.ma\/index.php\/wp-json\/wp\/v2\/product_brand?post=40122"},{"taxonomy":"product_cat","embeddable":true,"href":"https:\/\/petworld.ma\/index.php\/wp-json\/wp\/v2\/product_cat?post=40122"},{"taxonomy":"product_tag","embeddable":true,"href":"https:\/\/petworld.ma\/index.php\/wp-json\/wp\/v2\/product_tag?post=40122"}],"curies":[{"name":"wp","href":"https:\/\/api.w.org\/{rel}","templated":true}]}}