{"id":40347,"date":"2026-04-20T16:58:17","date_gmt":"2026-04-20T16:58:17","guid":{"rendered":"https:\/\/petworld.ma\/?post_type=product&#038;p=40347"},"modified":"2026-04-20T17:33:46","modified_gmt":"2026-04-20T17:33:46","slug":"cage-de-transport-tres-haute-qualite-mezo-noir-s-m-l-xl-xxl","status":"publish","type":"product","link":"https:\/\/petworld.ma\/index.php\/produit\/cage-de-transport-tres-haute-qualite-mezo-noir-s-m-l-xl-xxl\/","title":{"rendered":"Cage de Transport Tr\u00e8s Haute Qualit\u00e9 Mezo Noir ( S | M | L | XL | XXL )"},"content":{"rendered":"<p>La cage en fil de fer noir Mezo est parfaite pour ton chien ! Fabriqu\u00e9e en m\u00e9tal solide avec un rev\u00eatement \u00e9lectrolytique. Avec 2 portes et des verrous coulissants pour une s\u00e9curit\u00e9 suppl\u00e9mentaire. Pliable et facile \u00e0 d\u00e9placer gr\u00e2ce \u00e0 une poign\u00e9e. Le nettoyage est un jeu d&rsquo;enfant gr\u00e2ce au plateau en plastique extensible. \u00c9paisseur du fil solide pour une durabilit\u00e9 optimale.<\/p>\n<ul>\n<li>Mat\u00e9riau : m\u00e9tal avec rev\u00eatement par \u00e9lectrolyse<\/li>\n<li>2 portes avec 2 verrous coulissants chacune<\/li>\n<li>Pliable et avec poign\u00e9e synth\u00e9tique amovible pour un d\u00e9placement ais\u00e9<\/li>\n<li>Facile \u00e0 nettoyer gr\u00e2ce au tiroir extensible synth\u00e9tique<\/li>\n<li>\u00c9paisseur des fils horizontaux et du cadre : 3,5 mm<\/li>\n<li>\u00c9paisseur des fils verticaux : S &#8211; L: 2 mm \/ XL &#8211; XXL: 2,5 mm<\/li>\n<\/ul>\n","protected":false},"excerpt":{"rendered":"<p>Made In ITALY !!!<\/p>\n<p>Dimension:<\/p>\n<ul>\n<li>M: 61*42*48,5h<\/li>\n<li>L: 76*45*51,5h<\/li>\n<li>XL: 91*57*63,5h<\/li>\n<\/ul>\n","protected":false},"featured_media":40351,"template":"","meta":{"jetpack_publicize_message":"","jetpack_publicize_feature_enabled":true,"jetpack_social_post_already_shared":true,"jetpack_social_options":{"image_generator_settings":{"template":"highway","default_image_id":0,"font":"","enabled":false},"version":2}},"product_brand":[],"product_cat":[106,91,90],"product_tag":[],"class_list":{"0":"post-40347","1":"product","2":"type-product","3":"status-publish","4":"has-post-thumbnail","6":"product_cat-jouet-et-dressage","7":"product_cat-sac-de-transport-pour-chat","8":"product_cat-sac-de-transport-pour-chien","10":"first","11":"instock","12":"sale","13":"taxable","14":"shipping-taxable","15":"purchasable","16":"product-type-variable"},"supplier_id":5587,"supplier_sku":"","barcode":null,"atum_controlled":true,"out_stock_date":null,"out_stock_threshold":null,"inheritable":true,"inbound_stock":0,"stock_on_hold":0,"sold_today":null,"sales_last_days":null,"reserved_stock":0,"customer_returns":0,"warehouse_damage":0,"lost_in_post":0,"other_logs":0,"out_stock_days":null,"lost_sales":null,"has_location":false,"update_date":"2026-04-20T18:13:33","atum_locations":[],"atum_stock_status":"instock","restock_status":false,"low_stock_amount":"","sales_update_date":"2026-04-20T16:47:29","calc_backorders":null,"jetpack_publicize_connections":[],"jetpack_sharing_enabled":true,"batches":[],"_links":{"self":[{"href":"https:\/\/petworld.ma\/index.php\/wp-json\/wp\/v2\/product\/40347","targetHints":{"allow":["GET"]}}],"collection":[{"href":"https:\/\/petworld.ma\/index.php\/wp-json\/wp\/v2\/product"}],"about":[{"href":"https:\/\/petworld.ma\/index.php\/wp-json\/wp\/v2\/types\/product"}],"wp:featuredmedia":[{"embeddable":true,"href":"https:\/\/petworld.ma\/index.php\/wp-json\/wp\/v2\/media\/40351"}],"wp:attachment":[{"href":"https:\/\/petworld.ma\/index.php\/wp-json\/wp\/v2\/media?parent=40347"}],"wp:term":[{"taxonomy":"product_brand","embeddable":true,"href":"https:\/\/petworld.ma\/index.php\/wp-json\/wp\/v2\/product_brand?post=40347"},{"taxonomy":"product_cat","embeddable":true,"href":"https:\/\/petworld.ma\/index.php\/wp-json\/wp\/v2\/product_cat?post=40347"},{"taxonomy":"product_tag","embeddable":true,"href":"https:\/\/petworld.ma\/index.php\/wp-json\/wp\/v2\/product_tag?post=40347"}],"curies":[{"name":"wp","href":"https:\/\/api.w.org\/{rel}","templated":true}]}}