{"id":40525,"date":"2026-04-22T12:44:57","date_gmt":"2026-04-22T12:44:57","guid":{"rendered":"https:\/\/petworld.ma\/?post_type=product&#038;p=40525"},"modified":"2026-04-22T13:18:23","modified_gmt":"2026-04-22T13:18:23","slug":"gamelle-pour-la-nourriture-et-leau-nell-rond-gris-clair-rose-flamingo-250-ml-350-ml","status":"publish","type":"product","link":"https:\/\/petworld.ma\/index.php\/produit\/gamelle-pour-la-nourriture-et-leau-nell-rond-gris-clair-rose-flamingo-250-ml-350-ml\/","title":{"rendered":"Gamelle Pour la Nourriture et L&rsquo;eau Nell Rond Gris Clair &#038; Rose &#8211; Flamingo ( 250 ml | 350 ml )"},"content":{"rendered":"<div class=\"col-12 col-md-6\">\n<div class=\"mb-2 cms-element-text\">\n<div class=\"col-12 col-md-6\">\n<div class=\"mb-2 cms-element-text\">\n<div class=\"col-12 col-md-6\">\n<div class=\"mb-2 cms-element-text\">\n<div class=\"mb-2 cms-element-text\">Ce bol rose rond pour manger et boire Nell pour les chats est fabriqu\u00e9 en inox solide. Avec un fond antid\u00e9rapant pour une alimentation et une hydratation stables. Lavage \u00e0 la main recommand\u00e9.<\/p>\n<div class=\"ai-notice-icon\" data-tippy-options=\"{&quot;content&quot;:&quot;Ce texte a \\u00e9t\\u00e9 g\\u00e9n\\u00e9r\\u00e9 et traduit \\u00e0 l'aide de l'IA&quot;}\"><\/div>\n<\/div>\n<\/div>\n<\/div>\n<div class=\"col-12 col-md-6\">\n<div class=\"cms-element-text\">\n<ul>\n<li>Mat\u00e9riau : acier inoxydable<\/li>\n<li>Antid\u00e9rapant<\/li>\n<li>Ne passe pas au lave-vaisselle : laver \u00e0 main<\/li>\n<\/ul>\n<p>250 ml : 10,7cm x 10,7cm x 4cm\u00a0 &#8211; \u2205 10,7cm<br \/>\n350 ml : 13cm x 13cm x 4cm &#8211;\u00a0 \u2205 13cm<\/p>\n<p>&nbsp;<\/p>\n<p><img decoding=\"async\" class=\"alignnone  wp-image-40531\" src=\"https:\/\/petworld.ma\/wp-content\/uploads\/2026\/04\/Eetpot01_RA_01_1024x1024-300x300.png\" alt=\"\" width=\"122\" height=\"122\" srcset=\"https:\/\/petworld.ma\/wp-content\/uploads\/2026\/04\/Eetpot01_RA_01_1024x1024-300x300.png 300w, https:\/\/petworld.ma\/wp-content\/uploads\/2026\/04\/Eetpot01_RA_01_1024x1024-150x150.png 150w, https:\/\/petworld.ma\/wp-content\/uploads\/2026\/04\/Eetpot01_RA_01_1024x1024-768x768.png 768w, https:\/\/petworld.ma\/wp-content\/uploads\/2026\/04\/Eetpot01_RA_01_1024x1024-247x247.png 247w, https:\/\/petworld.ma\/wp-content\/uploads\/2026\/04\/Eetpot01_RA_01_1024x1024-510x510.png 510w, https:\/\/petworld.ma\/wp-content\/uploads\/2026\/04\/Eetpot01_RA_01_1024x1024-100x100.png 100w, https:\/\/petworld.ma\/wp-content\/uploads\/2026\/04\/Eetpot01_RA_01_1024x1024.png 1024w\" sizes=\"(max-width: 122px) 100vw, 122px\" \/><\/p>\n<p><span class=\"accordion-header\"><button class=\"product-detail-properties-toggle fw-bold font-size-md btn-reset rounded-0 d-flex align-items-center w-100 btn-no-outline justify-content-between accordion-button\" type=\"button\" data-bs-toggle=\"collapse\" data-bs-target=\"#pdpCollapse3\" aria-expanded=\"true\" aria-controls=\"pdpCollapse3\">Instructions de lavage<\/button><\/span><\/p>\n<div id=\"pdpCollapse3\" class=\"product-detail-properties-content accordion-collapse collapse show\">\n<table class=\"table table-striped product-detail-properties-table product-detail-io-property-set-table accordion-body\">\n<tbody>\n<tr class=\"properties-row\">\n<th class=\"properties-label fw-normal d-block d-md-table-cell\">Lavable:<\/th>\n<td class=\"properties-value d-block d-md-table-cell\">Oui<\/td>\n<\/tr>\n<tr class=\"properties-row\">\n<th class=\"properties-label fw-normal d-block d-md-table-cell\">Type instructions de lavage:<\/th>\n<td class=\"properties-value d-block d-md-table-cell\">Non lavable au lave-vaisselle<\/td>\n<\/tr>\n<\/tbody>\n<\/table>\n<p><span class=\"accordion-header\"><button class=\"product-detail-properties-toggle fw-bold font-size-md btn-reset rounded-0 d-flex align-items-center w-100 btn-no-outline justify-content-between accordion-button\" type=\"button\" data-bs-toggle=\"collapse\" data-bs-target=\"#pdpCollapse4\" aria-expanded=\"true\" aria-controls=\"pdpCollapse4\">Autres caract\u00e9ristiques<\/button><\/span><\/p>\n<div id=\"pdpCollapse4\" class=\"product-detail-properties-content accordion-collapse collapse show\">\n<table class=\"table table-striped product-detail-properties-table product-detail-io-property-set-table accordion-body\">\n<tbody>\n<tr class=\"properties-row\">\n<th class=\"properties-label fw-normal d-block d-md-table-cell\">Antid\u00e9rapant:<\/th>\n<td class=\"properties-value d-block d-md-table-cell\">Oui<\/td>\n<\/tr>\n<tr class=\"properties-row\">\n<th class=\"properties-label fw-normal d-block d-md-table-cell\">R\u00e9sistant aux intemp\u00e9ries\/ \u00e0 l&rsquo;eau\/ \u00e0 l&rsquo;IP:<\/th>\n<td class=\"properties-value d-block d-md-table-cell\">Oui<\/td>\n<\/tr>\n<tr class=\"properties-row\">\n<th class=\"properties-label fw-normal d-block d-md-table-cell\">Type r\u00e9sistance aux intemp\u00e9ries\/ \u00e0 l\u2019eau\/\u00e0 l&rsquo;IP:<\/th>\n<td class=\"properties-value d-block d-md-table-cell\">Imperm\u00e9able<\/td>\n<\/tr>\n<\/tbody>\n<\/table>\n<\/div>\n<\/div>\n<\/div>\n<\/div>\n<\/div>\n<\/div>\n<\/div>\n<\/div>\n","protected":false},"excerpt":{"rendered":"<p>Ce bol rose rond pour manger et boire Nell pour les chats est fabriqu\u00e9 en inox solide. Avec un fond antid\u00e9rapant pour une alimentation et une hydratation stables. Lavage \u00e0 la main recommand\u00e9. Mat\u00e9riau : acier inoxydable Antid\u00e9rapant Ne passe pas au lave-vaisselle : laver \u00e0 main 250 ml : 10,7cm x 10,7cm x 4cm\u00a0 [&#8230;]\n","protected":false},"featured_media":40532,"template":"","meta":{"jetpack_publicize_message":"","jetpack_publicize_feature_enabled":true,"jetpack_social_post_already_shared":true,"jetpack_social_options":{"image_generator_settings":{"template":"highway","default_image_id":0,"font":"","enabled":false},"version":2}},"product_brand":[],"product_cat":[133,134],"product_tag":[],"class_list":{"0":"post-40525","1":"product","2":"type-product","3":"status-publish","4":"has-post-thumbnail","6":"product_cat-gamelle","7":"product_cat-gamelles","9":"first","10":"instock","11":"taxable","12":"shipping-taxable","13":"purchasable","14":"product-type-variable"},"supplier_id":null,"supplier_sku":"","barcode":null,"atum_controlled":true,"out_stock_date":null,"out_stock_threshold":null,"inheritable":true,"inbound_stock":0,"stock_on_hold":0,"sold_today":null,"sales_last_days":null,"reserved_stock":0,"customer_returns":0,"warehouse_damage":0,"lost_in_post":0,"other_logs":0,"out_stock_days":null,"lost_sales":null,"has_location":false,"update_date":"2026-04-26T12:17:10","atum_locations":[],"atum_stock_status":"instock","restock_status":false,"low_stock_amount":"","sales_update_date":"2026-04-26T12:17:10","calc_backorders":null,"jetpack_publicize_connections":[],"jetpack_sharing_enabled":true,"batches":[],"_links":{"self":[{"href":"https:\/\/petworld.ma\/index.php\/wp-json\/wp\/v2\/product\/40525","targetHints":{"allow":["GET"]}}],"collection":[{"href":"https:\/\/petworld.ma\/index.php\/wp-json\/wp\/v2\/product"}],"about":[{"href":"https:\/\/petworld.ma\/index.php\/wp-json\/wp\/v2\/types\/product"}],"wp:featuredmedia":[{"embeddable":true,"href":"https:\/\/petworld.ma\/index.php\/wp-json\/wp\/v2\/media\/40532"}],"wp:attachment":[{"href":"https:\/\/petworld.ma\/index.php\/wp-json\/wp\/v2\/media?parent=40525"}],"wp:term":[{"taxonomy":"product_brand","embeddable":true,"href":"https:\/\/petworld.ma\/index.php\/wp-json\/wp\/v2\/product_brand?post=40525"},{"taxonomy":"product_cat","embeddable":true,"href":"https:\/\/petworld.ma\/index.php\/wp-json\/wp\/v2\/product_cat?post=40525"},{"taxonomy":"product_tag","embeddable":true,"href":"https:\/\/petworld.ma\/index.php\/wp-json\/wp\/v2\/product_tag?post=40525"}],"curies":[{"name":"wp","href":"https:\/\/api.w.org\/{rel}","templated":true}]}}