{"id":40546,"date":"2026-04-22T15:49:14","date_gmt":"2026-04-22T15:49:14","guid":{"rendered":"https:\/\/petworld.ma\/?post_type=product&#038;p=40546"},"modified":"2026-04-22T16:04:04","modified_gmt":"2026-04-22T16:04:04","slug":"gamelle-pour-la-nourriture-et-leau-chat-nell-rond-gris-clair-rose-anti-derapant-grace-au-bord-200-ml-flamingo","status":"publish","type":"product","link":"https:\/\/petworld.ma\/index.php\/produit\/gamelle-pour-la-nourriture-et-leau-chat-nell-rond-gris-clair-rose-anti-derapant-grace-au-bord-200-ml-flamingo\/","title":{"rendered":"Gamelle Pour la Nourriture et L&rsquo;eau Chat Nell Rond Gris clair &#038; Rose Anti-Derapant Grace Au Bord 200 ml &#8211; Flamingo"},"content":{"rendered":"<div class=\"mb-2 cms-element-text\">Cette gamelle ronde rose Nell pour chats est en inox et poss\u00e8de un rebord en caoutchouc antid\u00e9rapant amovible. Elle a une contenance de 200 ml et un diam\u00e8tre de 15,3 cm. Lavage \u00e0 la main recommand\u00e9.<\/p>\n<div class=\"ai-notice-icon\" data-tippy-options=\"{&quot;content&quot;:&quot;Ce texte a \\u00e9t\\u00e9 g\\u00e9n\\u00e9r\\u00e9 et traduit \\u00e0 l'aide de l'IA&quot;}\">\n<ul>\n<li>Mat\u00e9riau : acier inoxydable<\/li>\n<li>Anneau antid\u00e9rapant amovible en caoutchouc<\/li>\n<li>Ne passe pas au lave-vaisselle : laver \u00e0 main<\/li>\n<\/ul>\n<\/div>\n<\/div>\n<p>&nbsp;<\/p>\n<p><img decoding=\"async\" class=\"\" src=\"https:\/\/flamingo.xcdn.nl\/Eetpot02_RA_01.jpg?s=24&amp;f=s:400:400:1:1\" alt=\"Gamelle pour la nourriture et l'eau Nell Rond Gris clair &amp; Rose\" width=\"175\" height=\"175\" \/><\/p>\n<p>&nbsp;<\/p>\n<p><strong style=\"font-size: 14.4px;\"><span class=\"accordion-header\"><button class=\"product-detail-properties-toggle fw-bold font-size-md btn-reset rounded-0 d-flex align-items-center w-100 btn-no-outline justify-content-between accordion-button \" type=\"button\" data-bs-toggle=\"collapse\" data-bs-target=\"#pdpCollapse1\" aria-expanded=\"true\" aria-controls=\"pdpCollapse1\">D\u00e9tails du produit<\/button><\/span><\/strong><\/p>\n<div id=\"pdpCollapse1\" class=\"product-detail-properties-content accordion-collapse collapse show\">\n<table class=\"table table-striped product-detail-properties-table product-detail-io-property-set-table accordion-body\">\n<tbody>\n<tr class=\"properties-row\">\n<th class=\"properties-label fw-normal d-block d-md-table-cell\">\n<div class=\"d-flex align-items-center\">Description du produit:<\/div>\n<\/th>\n<td class=\"properties-value d-block d-md-table-cell\">ECUELLE POUR LA NOURRITURE ET L&rsquo;EAU CHAT NELL ACIER INOX ROSE ANTI-DERAPANT GR\u00c2CE AU BORD 200ML 15.3CM<\/td>\n<\/tr>\n<tr class=\"properties-row\">\n<th class=\"properties-label fw-normal d-block d-md-table-cell\">\n<div class=\"d-flex align-items-center\">Nom du produit:<\/div>\n<\/th>\n<td class=\"properties-value d-block d-md-table-cell\">Gamelle pour la nourriture et l&rsquo;eau Nell Rond Gris clair &amp; Rose<\/td>\n<\/tr>\n<tr class=\"properties-row\">\n<th class=\"properties-label fw-normal d-block d-md-table-cell\">\n<div class=\"d-flex align-items-center\">EAN:<\/div>\n<\/th>\n<td class=\"properties-value d-block d-md-table-cell\">5400585190489<\/p>\n<div class=\"mt-2\"><\/div>\n<\/td>\n<\/tr>\n<tr class=\"properties-row\">\n<th class=\"properties-label fw-normal d-block d-md-table-cell\">\n<div class=\"d-flex align-items-center\">N\u00b0 produit:<\/div>\n<\/th>\n<td class=\"properties-value d-block d-md-table-cell\">561244<\/td>\n<\/tr>\n<tr class=\"properties-row\">\n<th class=\"properties-label fw-normal d-block d-md-table-cell\">\n<div class=\"d-flex align-items-center\">Marque:<\/div>\n<\/th>\n<td class=\"properties-value d-block d-md-table-cell\">Flamingo<\/td>\n<\/tr>\n<tr class=\"properties-row\">\n<th class=\"properties-label fw-normal d-block d-md-table-cell\">Phase de la vie:<\/th>\n<td class=\"properties-value d-block d-md-table-cell\">Tous les \u00e2ges<\/td>\n<\/tr>\n<tr class=\"properties-row\">\n<th class=\"properties-label fw-normal d-block d-md-table-cell\">Sous-nom de marque:<\/th>\n<td class=\"properties-value d-block d-md-table-cell\">Nell<\/td>\n<\/tr>\n<tr class=\"properties-row\">\n<th class=\"properties-label fw-normal d-block d-md-table-cell\">Type de produit:<\/th>\n<td class=\"properties-value d-block d-md-table-cell\">Gamelle \u00e0 nourriture et \u00e0 eau<\/td>\n<\/tr>\n<tr class=\"properties-row\">\n<th class=\"properties-label fw-normal d-block d-md-table-cell\">Animal\/race:<\/th>\n<td class=\"properties-value d-block d-md-table-cell\">Toutes races de chats<\/td>\n<\/tr>\n<tr class=\"properties-row\">\n<th class=\"properties-label fw-normal d-block d-md-table-cell\">Taille de la race:<\/th>\n<td class=\"properties-value d-block d-md-table-cell\">Toutes les tailles<\/td>\n<\/tr>\n<tr class=\"properties-row\">\n<th class=\"properties-label fw-normal d-block d-md-table-cell\">Utilisation int\u00e9rieure\/ext\u00e9rieure:<\/th>\n<td class=\"properties-value d-block d-md-table-cell\">Tous les deux<\/td>\n<\/tr>\n<\/tbody>\n<\/table>\n<\/div>\n<p><span class=\"accordion-header\"><button class=\"product-detail-properties-toggle fw-bold font-size-md btn-reset rounded-0 d-flex align-items-center w-100 btn-no-outline justify-content-between accordion-button\" type=\"button\" data-bs-toggle=\"collapse\" data-bs-target=\"#pdpCollapse2\" aria-expanded=\"true\" aria-controls=\"pdpCollapse2\">Caract\u00e9ristiques physiques<\/button><\/span><\/p>\n<div id=\"pdpCollapse2\" class=\"product-detail-properties-content accordion-collapse collapse show\">\n<table class=\"table table-striped product-detail-properties-table product-detail-io-property-set-table accordion-body\">\n<tbody>\n<tr class=\"properties-row\">\n<th class=\"properties-label fw-normal d-block d-md-table-cell\">\n<div class=\"d-flex align-items-center\">Couleur:<\/div>\n<\/th>\n<td class=\"properties-value d-block d-md-table-cell\">Gris clair, Rose, Noir<\/td>\n<\/tr>\n<tr class=\"properties-row\">\n<th class=\"properties-label fw-normal d-block d-md-table-cell\">\n<div class=\"d-flex align-items-center\">Motif:<\/div>\n<\/th>\n<td class=\"properties-value d-block d-md-table-cell\">Texte<\/td>\n<\/tr>\n<tr class=\"properties-row\">\n<th class=\"properties-label fw-normal d-block d-md-table-cell\">\n<div class=\"d-flex align-items-center\">Dimensions:<\/div>\n<\/th>\n<td class=\"properties-value d-block d-md-table-cell\">15,3cm x 15,3cm x 3,5cm<\/td>\n<\/tr>\n<tr class=\"properties-row\">\n<th class=\"properties-label fw-normal d-block d-md-table-cell\">\n<div class=\"d-flex align-items-center\">Diam\u00e8tre:<\/div>\n<\/th>\n<td class=\"properties-value d-block d-md-table-cell\">\u2205 11,5cm<\/td>\n<\/tr>\n<tr class=\"properties-row\">\n<th class=\"properties-label fw-normal d-block d-md-table-cell\">\n<div class=\"d-flex align-items-center\">Contenu:<\/div>\n<\/th>\n<td class=\"properties-value d-block d-md-table-cell\">200ml<\/td>\n<\/tr>\n<tr class=\"properties-row\">\n<th class=\"properties-label fw-normal d-block d-md-table-cell\">Mati\u00e8re principale:<\/th>\n<td class=\"properties-value d-block d-md-table-cell\">Acier inoxydable<\/td>\n<\/tr>\n<tr class=\"properties-row\">\n<th class=\"properties-label fw-normal d-block d-md-table-cell\">Forme:<\/th>\n<td class=\"properties-value d-block d-md-table-cell\">Rond<\/td>\n<\/tr>\n<tr class=\"properties-row\">\n<th class=\"properties-label fw-normal d-block d-md-table-cell\">Groupe de mat\u00e9riaux:<\/th>\n<td class=\"properties-value d-block d-md-table-cell\">Acier inoxydable<\/td>\n<\/tr>\n<\/tbody>\n<\/table>\n<\/div>\n<p><span class=\"accordion-header\"><button class=\"product-detail-properties-toggle fw-bold font-size-md btn-reset rounded-0 d-flex align-items-center w-100 btn-no-outline justify-content-between accordion-button\" type=\"button\" data-bs-toggle=\"collapse\" data-bs-target=\"#pdpCollapse3\" aria-expanded=\"true\" aria-controls=\"pdpCollapse3\">Instructions de lavage<\/button><\/span><\/p>\n<div id=\"pdpCollapse3\" class=\"product-detail-properties-content accordion-collapse collapse show\">\n<table class=\"table table-striped product-detail-properties-table product-detail-io-property-set-table accordion-body\">\n<tbody>\n<tr class=\"properties-row\">\n<th class=\"properties-label fw-normal d-block d-md-table-cell\">Lavable:<\/th>\n<td class=\"properties-value d-block d-md-table-cell\">Oui<\/td>\n<\/tr>\n<tr class=\"properties-row\">\n<th class=\"properties-label fw-normal d-block d-md-table-cell\">Type instructions de lavage:<\/th>\n<td class=\"properties-value d-block d-md-table-cell\">Non lavable au lave-vaisselle<\/td>\n<\/tr>\n<\/tbody>\n<\/table>\n<div id=\"pdpCollapse4\" class=\"product-detail-properties-content accordion-collapse collapse show\"><\/div>\n<\/div>\n","protected":false},"excerpt":{"rendered":"<div class=\"fw-bold\"><strong>Taille<\/strong><\/div>\n<div class=\"dropdown fpp-product-size-dropdown\">\n<div class=\"d-flex bg-white border border-gray-400 rounded cursor-pointer dropdown-toggle\" data-bs-toggle=\"dropdown\" aria-expanded=\"false\">\n<div class=\"flex-grow-1 p-2\">\n<div class=\"font-size-sm h6 mb-0 text-wrap\">15,3cm x 15,3cm x 3,5cm &#8211; 200ml &#8211; \u2205 11,5cm<\/div>\n<\/div>\n<\/div>\n<\/div>\n","protected":false},"featured_media":40548,"template":"","meta":{"jetpack_publicize_message":"","jetpack_publicize_feature_enabled":true,"jetpack_social_post_already_shared":true,"jetpack_social_options":{"image_generator_settings":{"template":"highway","default_image_id":0,"font":"","enabled":false},"version":2}},"product_brand":[],"product_cat":[133,134],"product_tag":[],"class_list":{"0":"post-40546","1":"product","2":"type-product","3":"status-publish","4":"has-post-thumbnail","6":"product_cat-gamelle","7":"product_cat-gamelles","9":"first","10":"instock","11":"sale","12":"taxable","13":"shipping-taxable","14":"purchasable","15":"product-type-simple"},"supplier_id":8770,"supplier_sku":"561244","barcode":null,"atum_controlled":true,"out_stock_date":null,"out_stock_threshold":null,"inheritable":false,"inbound_stock":0,"stock_on_hold":0,"sold_today":0,"sales_last_days":0,"reserved_stock":0,"customer_returns":0,"warehouse_damage":0,"lost_in_post":0,"other_logs":0,"out_stock_days":0,"lost_sales":0,"has_location":false,"update_date":"2026-04-26T12:17:10","atum_locations":[],"atum_stock_status":"instock","restock_status":false,"low_stock_amount":2,"sales_update_date":"2026-04-26T12:17:10","calc_backorders":null,"jetpack_publicize_connections":[],"jetpack_sharing_enabled":true,"batches":[],"_links":{"self":[{"href":"https:\/\/petworld.ma\/index.php\/wp-json\/wp\/v2\/product\/40546","targetHints":{"allow":["GET"]}}],"collection":[{"href":"https:\/\/petworld.ma\/index.php\/wp-json\/wp\/v2\/product"}],"about":[{"href":"https:\/\/petworld.ma\/index.php\/wp-json\/wp\/v2\/types\/product"}],"wp:featuredmedia":[{"embeddable":true,"href":"https:\/\/petworld.ma\/index.php\/wp-json\/wp\/v2\/media\/40548"}],"wp:attachment":[{"href":"https:\/\/petworld.ma\/index.php\/wp-json\/wp\/v2\/media?parent=40546"}],"wp:term":[{"taxonomy":"product_brand","embeddable":true,"href":"https:\/\/petworld.ma\/index.php\/wp-json\/wp\/v2\/product_brand?post=40546"},{"taxonomy":"product_cat","embeddable":true,"href":"https:\/\/petworld.ma\/index.php\/wp-json\/wp\/v2\/product_cat?post=40546"},{"taxonomy":"product_tag","embeddable":true,"href":"https:\/\/petworld.ma\/index.php\/wp-json\/wp\/v2\/product_tag?post=40546"}],"curies":[{"name":"wp","href":"https:\/\/api.w.org\/{rel}","templated":true}]}}