{"id":40589,"date":"2026-04-23T00:36:54","date_gmt":"2026-04-23T00:36:54","guid":{"rendered":"https:\/\/petworld.ma\/?post_type=product&#038;p=40589"},"modified":"2026-04-23T00:43:48","modified_gmt":"2026-04-23T00:43:48","slug":"shampoing-anti-parasites-pooshi-chien-et-chat-tutti-frutti-5l","status":"publish","type":"product","link":"https:\/\/petworld.ma\/index.php\/produit\/shampoing-anti-parasites-pooshi-chien-et-chat-tutti-frutti-5l\/","title":{"rendered":"Shampoing Anti-Parasites Pooshi Chien et Chat Tutti Frutti (5L)"},"content":{"rendered":"<p>Pour am\u00e9liorer l\u2019hygi\u00e8ne de votre chien\/chat, utilisez le\u00a0shampoing antiparasitaire insectifuge pelage<strong>.<\/strong><\/p>\n<p>shampoing insectifuge avec actifs d\u2019origine v\u00e9g\u00e9tale. Pour chien (d\u00e8s 4 semaines) et chat (d\u00e8s de 8 semaines). Contre puces, tiques, poux, moustiques, phl\u00e9botomes, ao\u00fbtats.<\/p>\n<p>Parfum: Tutti Frutti<\/p>\n<p>&nbsp;<\/p>\n","protected":false},"excerpt":{"rendered":"<div class=\"c-product__short-description\">\n<p>Shampoing insectifuge avec actifs d\u2019origine v\u00e9g\u00e9tale.<\/p>\n<p>Parfum: Tutti Frutti<\/p>\n<\/div>\n<div class=\"c-product__atc-wrap\">\n<div class=\"c-product__atc-row-1\">\n<div class=\"c-product__quantity quantity\"><\/div>\n<\/div>\n<\/div>\n","protected":false},"featured_media":40591,"template":"","meta":{"jetpack_publicize_message":"","jetpack_publicize_feature_enabled":true,"jetpack_social_post_already_shared":true,"jetpack_social_options":{"image_generator_settings":{"template":"highway","default_image_id":0,"font":"","enabled":false},"version":2}},"product_brand":[],"product_cat":[215,214],"product_tag":[],"class_list":{"0":"post-40589","1":"product","2":"type-product","3":"status-publish","4":"has-post-thumbnail","6":"product_cat-parfums-shampoing-hygiene-et-soins-pour-chat","7":"product_cat-parfums-shampoing","9":"first","10":"instock","11":"taxable","12":"shipping-taxable","13":"purchasable","14":"product-type-simple"},"supplier_id":8770,"supplier_sku":"P5001","barcode":null,"atum_controlled":true,"out_stock_date":null,"out_stock_threshold":null,"inheritable":false,"inbound_stock":null,"stock_on_hold":null,"sold_today":null,"sales_last_days":null,"reserved_stock":null,"customer_returns":null,"warehouse_damage":null,"lost_in_post":null,"other_logs":null,"out_stock_days":null,"lost_sales":null,"has_location":false,"update_date":"2026-04-23T00:43:49","atum_locations":[],"atum_stock_status":"instock","restock_status":false,"low_stock_amount":1,"sales_update_date":"2026-04-23T00:13:25","calc_backorders":null,"jetpack_publicize_connections":[],"jetpack_sharing_enabled":true,"batches":[],"_links":{"self":[{"href":"https:\/\/petworld.ma\/index.php\/wp-json\/wp\/v2\/product\/40589","targetHints":{"allow":["GET"]}}],"collection":[{"href":"https:\/\/petworld.ma\/index.php\/wp-json\/wp\/v2\/product"}],"about":[{"href":"https:\/\/petworld.ma\/index.php\/wp-json\/wp\/v2\/types\/product"}],"wp:featuredmedia":[{"embeddable":true,"href":"https:\/\/petworld.ma\/index.php\/wp-json\/wp\/v2\/media\/40591"}],"wp:attachment":[{"href":"https:\/\/petworld.ma\/index.php\/wp-json\/wp\/v2\/media?parent=40589"}],"wp:term":[{"taxonomy":"product_brand","embeddable":true,"href":"https:\/\/petworld.ma\/index.php\/wp-json\/wp\/v2\/product_brand?post=40589"},{"taxonomy":"product_cat","embeddable":true,"href":"https:\/\/petworld.ma\/index.php\/wp-json\/wp\/v2\/product_cat?post=40589"},{"taxonomy":"product_tag","embeddable":true,"href":"https:\/\/petworld.ma\/index.php\/wp-json\/wp\/v2\/product_tag?post=40589"}],"curies":[{"name":"wp","href":"https:\/\/api.w.org\/{rel}","templated":true}]}}