{"id":40603,"date":"2026-04-23T09:04:28","date_gmt":"2026-04-23T09:04:28","guid":{"rendered":"https:\/\/petworld.ma\/?post_type=product&#038;p=40603"},"modified":"2026-04-23T09:30:05","modified_gmt":"2026-04-23T09:30:05","slug":"jouet-automatique-collier-laser-interactif-pour-chat","status":"publish","type":"product","link":"https:\/\/petworld.ma\/index.php\/produit\/jouet-automatique-collier-laser-interactif-pour-chat\/","title":{"rendered":"Jouet Automatique Collier Laser Interactif pour Chat"},"content":{"rendered":"<p class=\"\" data-start=\"96\" data-end=\"407\">Vous cherchez un moyen d\u2019occuper votre chat\u00a0<strong data-start=\"140\" data-end=\"173\">m\u00eame lorsque vous \u00eates occup\u00e9<\/strong>\u00a0? Notre\u00a0<strong data-start=\"182\" data-end=\"209\">collier laser pour chat<\/strong>\u00a0est la solution parfaite ! Gr\u00e2ce \u00e0 son\u00a0<strong data-start=\"249\" data-end=\"282\">faisceau lumineux automatique<\/strong>, il stimule l\u2019instinct de chasse de votre f\u00e9lin et l\u2019incite \u00e0 courir, sauter et jouer\u00a0<strong data-start=\"369\" data-end=\"404\">sans que vous ayez \u00e0 intervenir<\/strong>.<\/p>\n","protected":false},"excerpt":{"rendered":"<p>Vous cherchez un moyen d\u2019occuper votre chat\u00a0m\u00eame lorsque vous \u00eates occup\u00e9\u00a0? Notre\u00a0collier laser pour chat\u00a0est la solution parfaite ! Gr\u00e2ce \u00e0 son\u00a0faisceau lumineux automatique, il stimule l\u2019instinct de chasse de votre f\u00e9lin et l\u2019incite \u00e0 courir, sauter et jouer\u00a0sans que vous ayez \u00e0 intervenir.<\/p>\n","protected":false},"featured_media":40605,"template":"","meta":{"jetpack_publicize_message":"","jetpack_publicize_feature_enabled":true,"jetpack_social_post_already_shared":true,"jetpack_social_options":{"image_generator_settings":{"template":"highway","default_image_id":0,"font":"","enabled":false},"version":2}},"product_brand":[],"product_cat":[100],"product_tag":[],"class_list":{"0":"post-40603","1":"product","2":"type-product","3":"status-publish","4":"has-post-thumbnail","6":"product_cat-accessoires-jouets-et-colliers","8":"first","9":"instock","10":"taxable","11":"shipping-taxable","12":"purchasable","13":"product-type-simple"},"supplier_id":5592,"supplier_sku":"","barcode":null,"atum_controlled":true,"out_stock_date":null,"out_stock_threshold":null,"inheritable":false,"inbound_stock":0,"stock_on_hold":0,"sold_today":0,"sales_last_days":0,"reserved_stock":0,"customer_returns":0,"warehouse_damage":0,"lost_in_post":0,"other_logs":0,"out_stock_days":0,"lost_sales":0,"has_location":false,"update_date":"2026-04-23T09:36:48","atum_locations":[],"atum_stock_status":"instock","restock_status":false,"low_stock_amount":2,"sales_update_date":"2026-04-23T09:36:48","calc_backorders":null,"jetpack_publicize_connections":[],"jetpack_sharing_enabled":true,"batches":[],"_links":{"self":[{"href":"https:\/\/petworld.ma\/index.php\/wp-json\/wp\/v2\/product\/40603","targetHints":{"allow":["GET"]}}],"collection":[{"href":"https:\/\/petworld.ma\/index.php\/wp-json\/wp\/v2\/product"}],"about":[{"href":"https:\/\/petworld.ma\/index.php\/wp-json\/wp\/v2\/types\/product"}],"wp:featuredmedia":[{"embeddable":true,"href":"https:\/\/petworld.ma\/index.php\/wp-json\/wp\/v2\/media\/40605"}],"wp:attachment":[{"href":"https:\/\/petworld.ma\/index.php\/wp-json\/wp\/v2\/media?parent=40603"}],"wp:term":[{"taxonomy":"product_brand","embeddable":true,"href":"https:\/\/petworld.ma\/index.php\/wp-json\/wp\/v2\/product_brand?post=40603"},{"taxonomy":"product_cat","embeddable":true,"href":"https:\/\/petworld.ma\/index.php\/wp-json\/wp\/v2\/product_cat?post=40603"},{"taxonomy":"product_tag","embeddable":true,"href":"https:\/\/petworld.ma\/index.php\/wp-json\/wp\/v2\/product_tag?post=40603"}],"curies":[{"name":"wp","href":"https:\/\/api.w.org\/{rel}","templated":true}]}}