{"id":40619,"date":"2026-04-23T10:51:35","date_gmt":"2026-04-23T10:51:35","guid":{"rendered":"https:\/\/petworld.ma\/?post_type=product&#038;p=40619"},"modified":"2026-04-23T10:54:21","modified_gmt":"2026-04-23T10:54:21","slug":"60-sacs-pour-les-dejections-de-vos-animaux-flamingo-4-rouleaux-de-15-sacs","status":"publish","type":"product","link":"https:\/\/petworld.ma\/index.php\/produit\/60-sacs-pour-les-dejections-de-vos-animaux-flamingo-4-rouleaux-de-15-sacs\/","title":{"rendered":"60 Sacs pour les d\u00e9jections de vos animaux Flamingo (4 Rouleaux De 15 Sacs )"},"content":{"rendered":"<div class=\"mb-2\">\n<div class=\"mb-2\">\n<p>Avec les sacs \u00e0 crottes Aloys Basic multicolore, tu as toujours assez de sacs \u00e0 port\u00e9e de main pour les promenades avec ton chien. Pratique et \u00e9l\u00e9gant !<\/p>\n<div class=\"ai-notice-icon\" data-tippy-options=\"{&quot;content&quot;:&quot;Ce texte a u00e9tu00e9 gu00e9nu00e9ru00e9 et traduit u00e0 l'aide de l'IA&quot;}\"><\/div>\n<\/div>\n<div class=\"cms-element-text\">\n<p>&nbsp;<\/p>\n<\/div>\n<\/div>\n","protected":false},"excerpt":{"rendered":"<p><strong>4 rouleaux de 15 sacs.<\/strong><\/p>\n","protected":false},"featured_media":40620,"template":"","meta":{"jetpack_publicize_message":"","jetpack_publicize_feature_enabled":true,"jetpack_social_post_already_shared":true,"jetpack_social_options":{"image_generator_settings":{"template":"highway","default_image_id":0,"font":"","enabled":false},"version":2}},"product_brand":[],"product_cat":[92,106,94],"product_tag":[],"class_list":{"0":"post-40619","1":"product","2":"type-product","3":"status-publish","4":"has-post-thumbnail","6":"product_cat-harnais-et-laisses-pour-chien","7":"product_cat-jouet-et-dressage","8":"product_cat-litieres-et-bacs","10":"first","11":"outofstock","12":"taxable","13":"shipping-taxable","14":"purchasable","15":"product-type-simple"},"supplier_id":8770,"supplier_sku":"517569","barcode":null,"atum_controlled":true,"out_stock_date":"2026-04-23 10:51:35","out_stock_threshold":null,"inheritable":false,"inbound_stock":0,"stock_on_hold":0,"sold_today":0,"sales_last_days":0,"reserved_stock":0,"customer_returns":0,"warehouse_damage":0,"lost_in_post":0,"other_logs":0,"out_stock_days":2,"lost_sales":0,"has_location":false,"update_date":"2026-04-25T12:56:54","atum_locations":[],"atum_stock_status":"outofstock","restock_status":false,"low_stock_amount":10,"sales_update_date":"2026-04-25T12:56:54","calc_backorders":null,"jetpack_publicize_connections":[],"jetpack_sharing_enabled":true,"batches":[],"_links":{"self":[{"href":"https:\/\/petworld.ma\/index.php\/wp-json\/wp\/v2\/product\/40619","targetHints":{"allow":["GET"]}}],"collection":[{"href":"https:\/\/petworld.ma\/index.php\/wp-json\/wp\/v2\/product"}],"about":[{"href":"https:\/\/petworld.ma\/index.php\/wp-json\/wp\/v2\/types\/product"}],"wp:featuredmedia":[{"embeddable":true,"href":"https:\/\/petworld.ma\/index.php\/wp-json\/wp\/v2\/media\/40620"}],"wp:attachment":[{"href":"https:\/\/petworld.ma\/index.php\/wp-json\/wp\/v2\/media?parent=40619"}],"wp:term":[{"taxonomy":"product_brand","embeddable":true,"href":"https:\/\/petworld.ma\/index.php\/wp-json\/wp\/v2\/product_brand?post=40619"},{"taxonomy":"product_cat","embeddable":true,"href":"https:\/\/petworld.ma\/index.php\/wp-json\/wp\/v2\/product_cat?post=40619"},{"taxonomy":"product_tag","embeddable":true,"href":"https:\/\/petworld.ma\/index.php\/wp-json\/wp\/v2\/product_tag?post=40619"}],"curies":[{"name":"wp","href":"https:\/\/api.w.org\/{rel}","templated":true}]}}