{"id":40810,"date":"2026-04-27T15:56:04","date_gmt":"2026-04-27T15:56:04","guid":{"rendered":"https:\/\/petworld.ma\/?post_type=product&#038;p=40810"},"modified":"2026-04-27T16:15:32","modified_gmt":"2026-04-27T16:15:32","slug":"royal-canin-maxi-puppy-15-kg-promo-2","status":"publish","type":"product","link":"https:\/\/petworld.ma\/index.php\/produit\/royal-canin-maxi-puppy-15-kg-promo-2\/","title":{"rendered":"Royal Canin Maxi Puppy 15 Kg Promo*"},"content":{"rendered":"<div class=\"product-section description-section\">\n<div class=\"single-description fr-view\">\n<div>\n<div>\n<h2>Aliment complet pour chiots de grande taille (poids adulte de 26 \u00e0 44 kg) &#8211; Jusqu\u2019\u00e0 15 mois.<\/h2>\n<\/div>\n<\/div>\n<div>ROYAL CANIN\u00ae Maxi Puppy est sp\u00e9cialement con\u00e7u pour r\u00e9pondre aux besoins nutritionnels de votre grand chiot. Cet aliment convient aux grands chiots \u00e2g\u00e9s de 2 \u00e0 15 mois dont le poids \u00e0 l\u2019\u00e2ge adulte se situera entre 26 et 44 kg. \u00a0 La formule ROYAL CANIN\u00ae Maxi Puppy contient un complexe d\u2019antioxydants \u2013 dont la tr\u00e8s b\u00e9n\u00e9fique vitamine E \u2013 pour renforcer les d\u00e9fenses naturelles de votre chiot \u00e0 mesure que son syst\u00e8me immunitaire encore immature se d\u00e9veloppe. \u00a0 Le m\u00e9lange de nutriments aux prot\u00e9ines de haute qualit\u00e9 (comme la L.I.P, connue pour sa tr\u00e8s haute digestibilit\u00e9) et de pr\u00e9biotiques comme les FOS permettent de renforcer la sant\u00e9 digestive de votre chiot. \u00a0 Dans la mesure o\u00f9 la p\u00e9riode de croissance des chiots de grande taille est assez longue, leur alimentation ne doit n\u00e9gliger aucun param\u00e8tre de cette \u00e9tape. Heureusement, ROYAL CANIN\u00ae Maxi Puppy contient un taux d\u2019\u00e9nergie mod\u00e9r\u00e9 pour r\u00e9pondre aux besoins \u00e9nerg\u00e9tiques de votre chiot.<\/div>\n<div><\/div>\n<div><strong>\u00a0 \u00a0BENEFICES :<\/strong><\/div>\n<div>\n<ul>\n<li>\n<div>Soutien du syst\u00e8me immunitaire<\/div>\n<div>La croissance est une \u00e9tape essentielle dans la vie de votre chien\u00a0: c\u2019est le moment des grands changements, des d\u00e9couvertes et des nouvelles rencontres. Durant cette p\u00e9riode cl\u00e9, le syst\u00e8me immunitaire du chiot se construit progressivement. Maxi Puppy aide \u00e0 soutenir les d\u00e9fenses naturelles de votre chiot notamment gr\u00e2ce \u00e0 un complexe d\u2019antioxydants comprenant de la vitamine E.<\/div>\n<\/li>\n<li>\n<div>Sant\u00e9 digestive<\/div>\n<div>Combinaison de nutriments avec des prot\u00e9ines de haute qualit\u00e9 (L.I.P.*) et des pr\u00e9biotiques (FOS) pour favoriser la sant\u00e9 digestive et l\u2019\u00e9quilibre de la flore intestinale, contribuant ainsi \u00e0 la bonne qualit\u00e9 des selles. *Prot\u00e9ines s\u00e9lectionn\u00e9es pour leur tr\u00e8s haute digestibilit\u00e9.<\/div>\n<\/li>\n<li>\n<div>Croissance longue &#8211; \u00e9nergie mod\u00e9r\u00e9e<\/div>\n<div>R\u00e9pond aux besoins \u00e9nerg\u00e9tiques mod\u00e9r\u00e9s du chiot de grande race qui conna\u00eet une croissance longue.<\/div>\n<\/li>\n<\/ul>\n<p><strong>\u00a0 \u00a0INFORMATIONS NUTRITIONELLES :<\/strong><\/p>\n<div>Composition : prot\u00e9ines de volaille d\u00e9shydrat\u00e9es, riz, farine de ma\u00efs, isolat de prot\u00e9ines v\u00e9g\u00e9tales*, graisses animales, ma\u00efs, farine de bl\u00e9, hydrolysat de prot\u00e9ines animales, pulpe de betterave, gluten de ma\u00efs, sels min\u00e9raux, fibres v\u00e9g\u00e9tales, huile de soja, huile de poisson, fructo-oligo-saccharides (0,34\u00a0%), t\u00e9guments et graines de psyllium, hydrolysat de levure (source de manno-oligo-saccharides), extraits de levure (source de b\u00eata-glucans), extrait de rose d\u2019inde (source de lut\u00e9ine), hydrolysat de crustac\u00e9 (source de glucosamine), hydrolysat de cartilage (source de chondro\u00eftine).<\/div>\n<p>Additifs (au kg)\u00a0: Additifs nutritionnels\u00a0: Vitamine A\u00a0: 15500\u00a0UI, Vitamine D3\u00a0: 1000\u00a0UI, Vitamine E\u00a0: 480\u00a0mg, E1 (Fer)\u00a0: 42\u00a0mg, E2 (Iode)\u00a0: 4,2\u00a0mg, E4 (Cuivre)\u00a0: 13\u00a0mg, E5 (Mangan\u00e8se)\u00a0: 55\u00a0mg, E6 (Zinc)\u00a0: 132\u00a0mg, E8 (S\u00e9l\u00e9nium)\u00a0: 0,07\u00a0mg\u00a0&#8211; Additifs technologiques\u00a0: Clinoptilolite d\u2019origine s\u00e9dimentaire\u00a0: 10\u00a0g\u00a0&#8211; Additifs sensoriels\u00a0: Extrait de yucca\u00a0: 125\u00a0mg\u00a0&#8211; Conservateurs\u00a0&#8211; Antioxyg\u00e8nes.<\/p>\n<p>Constituants analytiques : Prot\u00e9ine : 30 % &#8211; Teneur en mati\u00e8res grasses : 16 % &#8211; Cendres brutes : 7,7 % &#8211; Cellulose brute : 2,6 %.<\/p>\n<p>*L.I.P. : prot\u00e9ine s\u00e9lectionn\u00e9e pour sa tr\u00e8s haute digestibilit\u00e9.<\/p>\n<p>Mode d&#8217;emploi : voir tableau. Num\u00e9ro de lot et d\u2019identifiant usine, \u00e0 utiliser de pr\u00e9f\u00e9rence avant : voir sur l\u2019emballage. \u00c0 conserver dans un endroit sec et frais.<\/p>\n<p><a href=\"https:\/\/wa.me\/212708052510\" target=\"_blank\" rel=\"noopener noreferrer\"><img decoding=\"async\" class=\"fr-fic fr-dib aligncenter\" src=\"https:\/\/cdn.youcan.shop\/stores\/d0742d556df94ddbc7ae4c9810aff04b\/others\/80eD5sYf9VZUj46sLR1JeYsW8Ak2YrSUZAOQ3AfQ.png\" width=\"311\" height=\"82\" data-name=\"stores\/d0742d556df94ddbc7ae4c9810aff04b\/others\/80eD5sYf9VZUj46sLR1JeYsW8Ak2YrSUZAOQ3AfQ.png\" \/><\/a><\/p>\n<\/div>\n<\/div>\n<\/div>\n<div class=\"product-section add-to-cart-section\">\n<div class=\"quantity\"><\/div>\n<\/div>\n","protected":false},"excerpt":{"rendered":"<p>Aliment complet pour chiots de grande taille (poids adulte de 26 \u00e0 44 kg) &#8211; Jusqu\u2019\u00e0 15 mois. ROYAL CANIN\u00ae Maxi Puppy est sp\u00e9cialement con\u00e7u pour r\u00e9pondre aux besoins nutritionnels de votre grand chiot. Cet aliment convient aux grands chiots \u00e2g\u00e9s de 2 \u00e0 15 mois dont le poids \u00e0 l\u2019\u00e2ge adulte se situera entre [&#8230;]\n","protected":false},"featured_media":38313,"template":"","meta":{"jetpack_publicize_message":"","jetpack_publicize_feature_enabled":true,"jetpack_social_post_already_shared":true,"jetpack_social_options":{"image_generator_settings":{"template":"highway","default_image_id":0,"font":"","enabled":false},"version":2}},"product_brand":[],"product_cat":[26],"product_tag":[],"class_list":{"0":"post-40810","1":"product","2":"type-product","3":"status-publish","4":"has-post-thumbnail","6":"product_cat-croquettes","8":"first","9":"instock","10":"sale","11":"taxable","12":"shipping-taxable","13":"purchasable","14":"product-type-simple"},"supplier_id":5587,"supplier_sku":"","barcode":null,"atum_controlled":true,"out_stock_date":null,"out_stock_threshold":null,"inheritable":false,"inbound_stock":0,"stock_on_hold":1,"sold_today":0,"sales_last_days":0,"reserved_stock":0,"customer_returns":0,"warehouse_damage":0,"lost_in_post":0,"other_logs":0,"out_stock_days":0,"lost_sales":0,"has_location":false,"update_date":"2026-04-27T18:43:08","atum_locations":[],"atum_stock_status":"instock","restock_status":false,"low_stock_amount":8,"sales_update_date":"2026-04-27T18:43:08","calc_backorders":null,"jetpack_publicize_connections":[],"jetpack_sharing_enabled":true,"batches":[{"id":"9116","date_created":"2026-04-27 16:03:09","date_expiry":"2027-01-30 00:00:00","user_id":"2461","batch_number":"RCMaxiPuppy300127","location":"","quantity":"3.0000","quantity_available":"2.0000","units":"1","status":"active","order_ids":"[40814]","supplier":"Royal Canin","po":{"id":"9039","date_created":"2026-04-27 16:03:10","batch_id":"9116","po_number":"","supplier":"Royal Canin","cost":null,"regular_price":null,"sale_price":null,"price_margin":null,"price_discount":null}}],"_links":{"self":[{"href":"https:\/\/petworld.ma\/index.php\/wp-json\/wp\/v2\/product\/40810","targetHints":{"allow":["GET"]}}],"collection":[{"href":"https:\/\/petworld.ma\/index.php\/wp-json\/wp\/v2\/product"}],"about":[{"href":"https:\/\/petworld.ma\/index.php\/wp-json\/wp\/v2\/types\/product"}],"wp:featuredmedia":[{"embeddable":true,"href":"https:\/\/petworld.ma\/index.php\/wp-json\/wp\/v2\/media\/38313"}],"wp:attachment":[{"href":"https:\/\/petworld.ma\/index.php\/wp-json\/wp\/v2\/media?parent=40810"}],"wp:term":[{"taxonomy":"product_brand","embeddable":true,"href":"https:\/\/petworld.ma\/index.php\/wp-json\/wp\/v2\/product_brand?post=40810"},{"taxonomy":"product_cat","embeddable":true,"href":"https:\/\/petworld.ma\/index.php\/wp-json\/wp\/v2\/product_cat?post=40810"},{"taxonomy":"product_tag","embeddable":true,"href":"https:\/\/petworld.ma\/index.php\/wp-json\/wp\/v2\/product_tag?post=40810"}],"curies":[{"name":"wp","href":"https:\/\/api.w.org\/{rel}","templated":true}]}}