{"id":40811,"date":"2026-04-27T16:04:05","date_gmt":"2026-04-27T16:04:05","guid":{"rendered":"https:\/\/petworld.ma\/?post_type=product&#038;p=40811"},"modified":"2026-04-27T16:09:44","modified_gmt":"2026-04-27T16:09:44","slug":"royal-canin-giant-puppy-pour-chiot-15-kg-promo","status":"publish","type":"product","link":"https:\/\/petworld.ma\/index.php\/produit\/royal-canin-giant-puppy-pour-chiot-15-kg-promo\/","title":{"rendered":"Royal Canin Giant Puppy pour chiot 15 kg Promo*"},"content":{"rendered":"<div>\n<div>\n<div>\n<h2>Aliment complet pour chiens &#8211; Pour chiots de races g\u00e9antes (poids adulte &gt; 45 kg) &#8211; Jusqu\u2019\u00e0 8 mois.<\/h2>\n<\/div>\n<\/div>\n<\/div>\n<div>\n<div>\n<div>Les croquettes ROYAL CANIN\u00ae Giant Puppy contiennent des nutriments adapt\u00e9s pour soutenir la croissance intense des chiots de races g\u00e9antes \u00e2g\u00e9s de 2 \u00e0 8 mois et aident \u00e0 maintenir le poids de forme. Les chiots de races g\u00e9antes ont un syst\u00e8me digestif sensible et peuvent \u00eatre sujets \u00e0 la diarrh\u00e9e et aux flatulences. Gr\u00e2ce \u00e0 une combinaison de pr\u00e9biotiques b\u00e9n\u00e9fiques (tels que les FOS et les MOS) et de prot\u00e9ines hautement digestibles, l\u2019aliment sec ROYAL CANIN\u00ae Giant Puppy soutient le d\u00e9veloppement du microbiote intestinal de votre chiot et favorise son \u00e9quilibre pour lui assurer une bonne sant\u00e9 digestive. Les croquettes ROYAL CANIN\u00ae Giant Puppy sont enrichies en nutriments tels que la vitamine C et E pour aider les chiots \u00e0 soutenir leurs d\u00e9fenses naturelles et favoriser le bon d\u00e9veloppement de leur syst\u00e8me immunitaire encore immature. De plus, cette formule contient une teneur pr\u00e9cise en min\u00e9raux, notamment en calcium et en phosphore, pour favoriser la croissance d\u2019os robustes et sains. La taille et la forme des croquettes de ROYAL CANIN\u00ae Giant Puppy ont \u00e9t\u00e9 sp\u00e9cialement adapt\u00e9es \u00e0 la m\u00e2choire de votre chiot, ce qui lui permet de les saisir et de les mastiquer facilement. \u00c0 l\u2019\u00e2ge de 8 mois, vos chiots auront besoin d&rsquo;une alimentation sp\u00e9cialement adapt\u00e9e leur permettant de r\u00e9pondre aux besoins nutritionnels de chien junior. \u00c0 ce stade, vous pouvez commencer la transition vers l\u2019aliment ROYAL CANIN\u00ae Giant Junior\u00ae, disponible sous forme de croquettes. Tous les aliments secs de notre gamme croissance contiennent des antioxydants d\u2019origine naturelle, et sont formul\u00e9s sans colorants ni ar\u00f4mes artificiels.<\/div>\n<h3>\u00a0Informations Nutritionnelles :<\/h3>\n<div>ADDITIFS (AU KG) : Additifs nutritionnels : Vitamine A : 16500 UI, Vitamine D3 : 1100 UI, Fer (3b103) : 36 mg, Iode (3b201, 3b202) :3,6 mg, Cuivre (3b405, 3b406) : 11 mg, Mangan\u00e8se (3b502, 3b504) :47 mg, Zinc (3b603, 3b605, 3b606) : 128 mg, S\u00e9l\u00e9nium (3b801, 3b811, 3b812) : 0,05 mg &#8211; Additifs technologiques : Clinoptilolite d\u2019origine s\u00e9dimentaire : 10 g &#8211; Conservateurs &#8211; Antioxyg\u00e8nes.<\/div>\n<div>CONSTITUANTS ANALYTIQUES : Prot\u00e9ine : 34,0 % &#8211; Teneur en mati\u00e8res grasses : 14,0 % &#8211; Cendres brutes : 7,9 % &#8211; Cellulose brute : 1,3 % &#8211; Calcium : 1,31 % &#8211; Phosphore : 1,0 % &#8211; Vitamine E : 490 mg\/kg &#8211; Vitamine C : 370 mg\/kg. \u00c9nergie m\u00e9tabolisable : 3812 kcal\/kg<\/div>\n<div>COMPOSITION : prot\u00e9ines de volaille d\u00e9shydrat\u00e9es, gluten de bl\u00e9*, riz, ma\u00efs, farine de ma\u00efs, graisses animales, farine de bl\u00e9, pulpe de betterave, prot\u00e9ines animales hydrolys\u00e9es, sels min\u00e9raux, gluten de ma\u00efs, huile de soja, produits de levures, huile de poisson, fructo-oligosaccharides, t\u00e9guments et graines de psyllium, levures hydrolys\u00e9es (source de mannan-oligosaccharides et de b\u00eata-glucanes) (0,30 %), huile d\u2019algues Schizochytrium sp. (source de DHA), jus de Yucca schidigera, farine de tag\u00e8te, glucosamine issue de la fermentation, cartilage hydrolys\u00e9 (source de chondro\u00eftine). * L.I.P. : prot\u00e9ine s\u00e9lectionn\u00e9e pour sa tr\u00e8s haute digestibilit\u00e9. MODE D\u2019EMPLOI : voir tableau. Num\u00e9ro de lot et d\u2019identifiant usine, \u00e0 utiliser de pr\u00e9f\u00e9rence avant : voir sur l\u2019emballage. \u00c0 conserver dans un endroit sec et frais. De l&rsquo;eau fra\u00eeche doit \u00eatre disponible en permanence.<\/div>\n<h3>\u00a0B\u00e9n\u00e9fices :<\/h3>\n<div>\n<div data-gtm-vis-first-on-screen-40760133_376=\"1947955\" data-gtm-vis-first-on-screen-40760133_379=\"1947955\" data-gtm-vis-first-on-screen-40760133_751=\"1947955\" data-gtm-vis-has-fired-40760133_376=\"1\" data-gtm-vis-has-fired-40760133_379=\"1\" data-gtm-vis-has-fired-40760133_751=\"1\" data-gtm-vis-total-visible-time-40760133_376=\"500\" data-gtm-vis-total-visible-time-40760133_379=\"500\" data-gtm-vis-total-visible-time-40760133_751=\"1500\" data-tms=\"Product description\">\n<div>\n<div>\n<div>\n<div>\n<ul>\n<li>\n<div>1e phase de croissance : croissance intense &#8211; \u00e9nergie contr\u00f4l\u00e9e<\/div>\n<div>Cette formule r\u00e9pond aux besoins nutritionnels uniques de votre chiot de race g\u00e9ante de 2 \u00e0 8 mois et aide \u00e0 \u00e9viter une prise de poids excessive.<\/div>\n<\/li>\n<li>\n<div>Syst\u00e8me immunitaire fort<\/div>\n<div>Aide \u00e0 soutenir le d\u00e9veloppement du syst\u00e8me immunitaire du chiot gr\u00e2ce \u00e0 la pr\u00e9sence d\u2019un complexe scientifiquement prouv\u00e9, comprenant les vitamines E et C.<\/div>\n<\/li>\n<li>\n<div>Soutien du microbiome<\/div>\n<div>Une combinaison de pr\u00e9biotiques (MOS) et de prot\u00e9ines hautement digestibles pour favoriser l\u2019\u00e9quilibre du microbiote intestinal pour une sant\u00e9 digestive optimale.<\/div>\n<\/li>\n<li>\n<div>Soutien des os et des articulations<\/div>\n<div>Une teneur \u00e9quilibr\u00e9e en \u00e9nergie et une teneur pr\u00e9cise en min\u00e9raux, dont du calcium et du phosphore pour favoriser le d\u00e9veloppement d\u2019os robustes et en bonne sant\u00e9.<\/div>\n<\/li>\n<\/ul>\n<div>\n<div data-gtm-vis-first-on-screen-40760133_376=\"1947955\" data-gtm-vis-first-on-screen-40760133_379=\"1947955\" data-gtm-vis-first-on-screen-40760133_751=\"1947955\" data-gtm-vis-has-fired-40760133_376=\"1\" data-gtm-vis-has-fired-40760133_379=\"1\" data-gtm-vis-has-fired-40760133_751=\"1\" data-gtm-vis-total-visible-time-40760133_376=\"500\" data-gtm-vis-total-visible-time-40760133_379=\"500\" data-gtm-vis-total-visible-time-40760133_751=\"1500\" data-tms=\"Product description\">\n<div>\n<div>\n<div>\n<div>\n<div><a href=\"https:\/\/wa.me\/212708052510\" target=\"_blank\" rel=\"noopener noreferrer\"><img decoding=\"async\" class=\"fr-fic fr-dib aligncenter\" src=\"https:\/\/cdn.youcan.shop\/stores\/d0742d556df94ddbc7ae4c9810aff04b\/others\/htUgrrLMQSwfSk9CRoIzDerkdVTOdkp64k5UbbjF.png\" width=\"300\" height=\"79\" data-name=\"stores\/d0742d556df94ddbc7ae4c9810aff04b\/others\/htUgrrLMQSwfSk9CRoIzDerkdVTOdkp64k5UbbjF.png\" \/><\/a><\/div>\n<\/div>\n<\/div>\n<\/div>\n<\/div>\n<\/div>\n<\/div>\n<\/div>\n<\/div>\n<\/div>\n<\/div>\n<\/div>\n<\/div>\n<\/div>\n<\/div>\n","protected":false},"excerpt":{"rendered":"<p>Aliment complet pour chiens &#8211; Pour chiots de races g\u00e9antes (poids adulte &gt; 45 kg) &#8211; Jusqu\u2019\u00e0 8 mois. Les croquettes ROYAL CANIN\u00ae Giant Puppy contiennent des nutriments adapt\u00e9s pour soutenir la croissance intense des chiots de races g\u00e9antes \u00e2g\u00e9s de 2 \u00e0 8 mois et aident \u00e0 maintenir le poids de forme. Les chiots [&#8230;]\n","protected":false},"featured_media":370,"template":"","meta":{"jetpack_publicize_message":"","jetpack_publicize_feature_enabled":true,"jetpack_social_post_already_shared":true,"jetpack_social_options":{"image_generator_settings":{"template":"highway","default_image_id":0,"font":"","enabled":false},"version":2}},"product_brand":[],"product_cat":[26],"product_tag":[],"class_list":{"0":"post-40811","1":"product","2":"type-product","3":"status-publish","4":"has-post-thumbnail","6":"product_cat-croquettes","8":"first","9":"instock","10":"sale","11":"taxable","12":"shipping-taxable","13":"purchasable","14":"product-type-simple"},"supplier_id":5587,"supplier_sku":"","barcode":null,"atum_controlled":true,"out_stock_date":null,"out_stock_threshold":null,"inheritable":false,"inbound_stock":0,"stock_on_hold":0,"sold_today":0,"sales_last_days":0,"reserved_stock":0,"customer_returns":0,"warehouse_damage":0,"lost_in_post":0,"other_logs":0,"out_stock_days":0,"lost_sales":0,"has_location":false,"update_date":"2026-04-27T16:30:03","atum_locations":[],"atum_stock_status":"instock","restock_status":false,"low_stock_amount":4,"sales_update_date":"2026-04-27T16:30:03","calc_backorders":null,"jetpack_publicize_connections":[],"jetpack_sharing_enabled":true,"batches":[{"id":"9117","date_created":"2026-04-27 16:09:42","date_expiry":"2026-11-11 00:00:00","user_id":"2461","batch_number":"RCGiantPuppyChiot1126","location":"","quantity":"5.0000","quantity_available":"5.0000","units":"1","status":"active","order_ids":null,"supplier":"Royal Canin","po":{"id":"9040","date_created":"2026-04-27 16:09:43","batch_id":"9117","po_number":"","supplier":"Royal Canin","cost":null,"regular_price":null,"sale_price":null,"price_margin":null,"price_discount":null}},{"id":"9118","date_created":"2026-04-27 16:09:43","date_expiry":"2026-08-31 00:00:00","user_id":"2461","batch_number":"RCGiantPuppyChiot310826","location":"","quantity":"1.0000","quantity_available":"1.0000","units":"1","status":"active","order_ids":null,"supplier":"Royal Canin","po":{"id":"9041","date_created":"2026-04-27 16:09:43","batch_id":"9118","po_number":"","supplier":"Royal Canin","cost":null,"regular_price":null,"sale_price":null,"price_margin":null,"price_discount":null}}],"_links":{"self":[{"href":"https:\/\/petworld.ma\/index.php\/wp-json\/wp\/v2\/product\/40811","targetHints":{"allow":["GET"]}}],"collection":[{"href":"https:\/\/petworld.ma\/index.php\/wp-json\/wp\/v2\/product"}],"about":[{"href":"https:\/\/petworld.ma\/index.php\/wp-json\/wp\/v2\/types\/product"}],"wp:featuredmedia":[{"embeddable":true,"href":"https:\/\/petworld.ma\/index.php\/wp-json\/wp\/v2\/media\/370"}],"wp:attachment":[{"href":"https:\/\/petworld.ma\/index.php\/wp-json\/wp\/v2\/media?parent=40811"}],"wp:term":[{"taxonomy":"product_brand","embeddable":true,"href":"https:\/\/petworld.ma\/index.php\/wp-json\/wp\/v2\/product_brand?post=40811"},{"taxonomy":"product_cat","embeddable":true,"href":"https:\/\/petworld.ma\/index.php\/wp-json\/wp\/v2\/product_cat?post=40811"},{"taxonomy":"product_tag","embeddable":true,"href":"https:\/\/petworld.ma\/index.php\/wp-json\/wp\/v2\/product_tag?post=40811"}],"curies":[{"name":"wp","href":"https:\/\/api.w.org\/{rel}","templated":true}]}}