{"id":40841,"date":"2026-04-27T21:49:41","date_gmt":"2026-04-27T21:49:41","guid":{"rendered":"https:\/\/petworld.ma\/?post_type=product&#038;p=40841"},"modified":"2026-04-27T21:58:39","modified_gmt":"2026-04-27T21:58:39","slug":"royal-canin-medium-adult-15-kg-promo-2","status":"publish","type":"product","link":"https:\/\/petworld.ma\/index.php\/produit\/royal-canin-medium-adult-15-kg-promo-2\/","title":{"rendered":"Royal Canin Medium Adult 15 Kg Promo*"},"content":{"rendered":"<div>\n<div>\n<h2>Aliment complet pour chiens adultes de taille moyenne (de 11 \u00e0 25 kg) &#8211; De 12 mois \u00e0 7 ans.<\/h2>\n<\/div>\n<\/div>\n<div>\u00c0 12 mois, votre chien de taille moyenne est devenu adulte, en termes de croissance physique. \u00c0 ce stade de sa vie, une bonne alimentation est tout aussi importante qu\u2019elle ne l\u2019\u00e9tait pendant sa croissance. S\u2019assurer que l\u2019alimentation de votre chien lui fournit les bons nutriments est essentiel pour pr\u00e9server et renforcer sa sant\u00e9. \u00a0 ROYAL CANIN\u00ae Medium Adult est sp\u00e9cialement formul\u00e9 pour r\u00e9pondre aux besoins nutritionnels de votre chien adulte de taille moyenne et convient aux chiens \u00e2g\u00e9s de 1 \u00e0 7 ans pesant entre 11 et 25 kg. \u00a0 ROYAL CANIN\u00ae Medium Adult contient un complexe exclusif d\u2019antioxydants et de nutriments qui contribuent au renforcement des d\u00e9fenses naturelles de votre chien et lui permettent de conserver un mode de vie sain. \u00a0 Gr\u00e2ce \u00e0 une formule exclusive contenant des prot\u00e9ines de tr\u00e8s haute qualit\u00e9, ROYAL CANIN\u00ae Medium Adult favorise \u00e9galement une digestibilit\u00e9 optimale, ce qui permet \u00e0 votre chien d\u2019absorber efficacement les nutriments. De plus, l\u2019apport \u00e9quilibr\u00e9 en fibres alimentaires am\u00e9liore encore la digestibilit\u00e9 pour votre chien. \u00a0 ROYAL CANIN\u00ae Medium Adult est \u00e9galement enrichi en acides gras om\u00e9ga-3 (EPA et DHA) pour pr\u00e9server la bonne sant\u00e9 de la peau et du pelage de votre chien.<\/div>\n<div><\/div>\n<div><strong>\u00a0BENEFICES :<\/strong><\/div>\n<div>\n<ul>\n<li>\n<div>D\u00e9fenses naturelles<\/div>\n<div>Aide \u00e0 soutenir les d\u00e9fenses naturelles de votre chien, notamment gr\u00e2ce \u00e0 un complexe d\u2019antioxydants et aux manno-oligo-saccharides.<\/div>\n<\/li>\n<li>\n<div>Haute digestibilit\u00e9<\/div>\n<div>Favorise une digestibilit\u00e9 optimale gr\u00e2ce \u00e0 une formule exclusive comprenant des prot\u00e9ines de tr\u00e8s haute qualit\u00e9 et un apport \u00e9quilibr\u00e9 en fibres alimentaires.<\/div>\n<\/li>\n<li>\n<div>Sant\u00e9 de la peau<\/div>\n<div>Enrichi avec des acides gras om\u00e9ga 3 (EPA-DHA) pour aider \u00e0 maintenir la sant\u00e9 de la peau.<\/div>\n<\/li>\n<\/ul>\n<p><strong>INFORMATIONS NUTRITIONELLES :<\/strong><\/p>\n<div>Composition : prot\u00e9ines de volaille d\u00e9shydrat\u00e9es, ma\u00efs, farine de ma\u00efs, farine de bl\u00e9, graisses animales, bl\u00e9, hydrolysat de prot\u00e9ines animales, pulpe de betterave, huile de poisson, huile de soja, levures et composants de levures, sels min\u00e9raux, hydrolysat de levure (source de manno-oligo-saccharides (0,05\u00a0%)).<\/div>\n<p>Additifs (au kg)\u00a0: Additifs nutritionnels\u00a0: Vitamine A\u00a0: 12500\u00a0UI, Vitamine D3\u00a0: 800\u00a0UI, E1 (Fer)\u00a0: 40\u00a0mg, E2 (Iode)\u00a0: 4\u00a0mg, E4 (Cuivre)\u00a0: 12\u00a0mg, E5 (Mangan\u00e8se)\u00a0: 52\u00a0mg, E6 (Zinc)\u00a0: 126\u00a0mg, E8 (S\u00e9l\u00e9nium)\u00a0: 0,1\u00a0mg\u00a0&#8211; Conservateurs\u00a0&#8211; Antioxyg\u00e8nes.<\/p>\n<p>Constituants analytiques : Prot\u00e9ine : 25,0 % &#8211; Teneur en mati\u00e8res grasses : 14,0 % &#8211; Cendres brutes : 6,1 % &#8211; Cellulose brute : 1,3 % &#8211; Au kg : Acides gras om\u00e9ga 3 : 6,1 g dont EPA\/DHA : 3,1 g.<\/p>\n<p>Mode d&#8217;emploi : voir tableau. Num\u00e9ro de lot et d\u2019identifiant usine, \u00e0 utiliser de pr\u00e9f\u00e9rence avant : voir sur l\u2019emballage. \u00c0 conserver dans un endroit sec et frais.<\/p>\n<p><strong>\u00a0 \u00a0RATIONS :<\/strong><\/p>\n<div data-gtm-vis-first-on-screen-40760133_376=\"180877\" data-gtm-vis-first-on-screen-40760133_379=\"180876\" data-gtm-vis-has-fired-40760133_376=\"1\" data-gtm-vis-has-fired-40760133_379=\"1\" data-gtm-vis-total-visible-time-40760133_376=\"500\" data-gtm-vis-total-visible-time-40760133_379=\"500\" data-tms=\"Product description\">\n<div>\n<div>\n<div>\n<div>\n<div>\n<table>\n<thead>\n<tr>\n<th>Poids du chien<\/th>\n<th>Vie \u00e0 l\u2019int\u00e9rieur &#8211; pas d\u2019exercice<\/th>\n<th>Activit\u00e9 normale<\/th>\n<th>Chiens tr\u00e8s actifs<\/th>\n<\/tr>\n<\/thead>\n<tbody>\n<tr>\n<td>&#8211;<\/td>\n<td>Gramme (Dose)<\/td>\n<td>Gramme (Dose)<\/td>\n<td>Gramme (Dose)<\/td>\n<\/tr>\n<tr>\n<td>11 kg<\/td>\n<td>149 g (1+4\/8)<\/td>\n<td>173 g (1+6\/8)<\/td>\n<td>196 g (2)<\/td>\n<\/tr>\n<tr>\n<td>12 kg<\/td>\n<td>159 g (1+5\/8)<\/td>\n<td>185 g (1+7\/8)<\/td>\n<td>210 g (2+2\/8)<\/td>\n<\/tr>\n<tr>\n<td>14 kg<\/td>\n<td>179 g (1+7\/8)<\/td>\n<td>207 g (2+1\/8)<\/td>\n<td>235 g (2+4\/8)<\/td>\n<\/tr>\n<tr>\n<td>16 kg<\/td>\n<td>198 g (2+1\/8)<\/td>\n<td>229 g (2+3\/8)<\/td>\n<td>260 g (2+6\/8)<\/td>\n<\/tr>\n<tr>\n<td>18 kg<\/td>\n<td>216 g (2+2\/8)<\/td>\n<td>250 g (2+5\/8)<\/td>\n<td>284 g (3)<\/td>\n<\/tr>\n<tr>\n<td>20 kg<\/td>\n<td>234 g (2+4\/8)<\/td>\n<td>271 g (2+7\/8)<\/td>\n<td>308 g (3+2\/8)<\/td>\n<\/tr>\n<tr>\n<td>22 kg<\/td>\n<td>251 g (2+5\/8)<\/td>\n<td>291 g (3)<\/td>\n<td>330 g (3+4\/8)<\/td>\n<\/tr>\n<tr>\n<td>24 kg<\/td>\n<td>268 g (2+6\/8)<\/td>\n<td>310 g (3+2\/8)<\/td>\n<td>353 g (3+5\/8)<\/td>\n<\/tr>\n<tr>\n<td>25 kg<\/td>\n<td>276 g (2+7\/8)<\/td>\n<td>320 g (3+3\/8)<\/td>\n<td>364 g (3+6\/8)<\/td>\n<\/tr>\n<\/tbody>\n<\/table>\n<p><a href=\"https:\/\/wa.me\/212708052510\" target=\"_blank\" rel=\"noopener noreferrer\"><img decoding=\"async\" class=\"fr-fic fr-dib aligncenter\" src=\"https:\/\/cdn.youcan.shop\/stores\/d0742d556df94ddbc7ae4c9810aff04b\/others\/mYW72qQcVPkc0FP5k8zftvD6bLMRTCDK3W1cVQjB.png\" width=\"273\" height=\"72\" data-name=\"stores\/d0742d556df94ddbc7ae4c9810aff04b\/others\/mYW72qQcVPkc0FP5k8zftvD6bLMRTCDK3W1cVQjB.png\" \/><\/a><\/p>\n<\/div>\n<\/div>\n<\/div>\n<\/div>\n<\/div>\n<\/div>\n<\/div>\n","protected":false},"excerpt":{"rendered":"<p>Aliment complet pour chiens adultes de taille moyenne (de 11 \u00e0 25 kg) &#8211; De 12 mois \u00e0 7 ans. \u00c0 12 mois, votre chien de taille moyenne est devenu adulte, en termes de croissance physique. \u00c0 ce stade de sa vie, une bonne alimentation est tout aussi importante qu\u2019elle ne l\u2019\u00e9tait pendant sa croissance. [&#8230;]\n","protected":false},"featured_media":433,"template":"","meta":{"jetpack_publicize_message":"","jetpack_publicize_feature_enabled":true,"jetpack_social_post_already_shared":true,"jetpack_social_options":{"image_generator_settings":{"template":"highway","default_image_id":0,"font":"","enabled":false},"version":2}},"product_brand":[],"product_cat":[24,23,26],"product_tag":[],"class_list":{"0":"post-40841","1":"product","2":"type-product","3":"status-publish","4":"has-post-thumbnail","6":"product_cat-aliments-pour-chiens","7":"product_cat-chien","8":"product_cat-croquettes","10":"first","11":"instock","12":"sale","13":"taxable","14":"shipping-taxable","15":"purchasable","16":"product-type-simple"},"supplier_id":5587,"supplier_sku":"","barcode":null,"atum_controlled":true,"out_stock_date":null,"out_stock_threshold":null,"inheritable":false,"inbound_stock":null,"stock_on_hold":null,"sold_today":null,"sales_last_days":null,"reserved_stock":null,"customer_returns":null,"warehouse_damage":null,"lost_in_post":null,"other_logs":null,"out_stock_days":null,"lost_sales":null,"has_location":false,"update_date":"2026-04-27T21:58:41","atum_locations":[],"atum_stock_status":"instock","restock_status":false,"low_stock_amount":5,"sales_update_date":"2026-04-27T21:48:53","calc_backorders":null,"jetpack_publicize_connections":[],"jetpack_sharing_enabled":true,"batches":[{"id":"9121","date_created":"2026-04-27 21:58:38","date_expiry":"2027-01-30 00:00:00","user_id":"2461","batch_number":"RCMediumAdult0127","location":"","quantity":"6.0000","quantity_available":"6.0000","units":"1","status":"active","order_ids":null,"supplier":"Royal Canin","po":{"id":"9044","date_created":"2026-04-27 21:58:39","batch_id":"9121","po_number":"","supplier":"Royal Canin","cost":null,"regular_price":null,"sale_price":null,"price_margin":null,"price_discount":null}}],"_links":{"self":[{"href":"https:\/\/petworld.ma\/index.php\/wp-json\/wp\/v2\/product\/40841","targetHints":{"allow":["GET"]}}],"collection":[{"href":"https:\/\/petworld.ma\/index.php\/wp-json\/wp\/v2\/product"}],"about":[{"href":"https:\/\/petworld.ma\/index.php\/wp-json\/wp\/v2\/types\/product"}],"wp:featuredmedia":[{"embeddable":true,"href":"https:\/\/petworld.ma\/index.php\/wp-json\/wp\/v2\/media\/433"}],"wp:attachment":[{"href":"https:\/\/petworld.ma\/index.php\/wp-json\/wp\/v2\/media?parent=40841"}],"wp:term":[{"taxonomy":"product_brand","embeddable":true,"href":"https:\/\/petworld.ma\/index.php\/wp-json\/wp\/v2\/product_brand?post=40841"},{"taxonomy":"product_cat","embeddable":true,"href":"https:\/\/petworld.ma\/index.php\/wp-json\/wp\/v2\/product_cat?post=40841"},{"taxonomy":"product_tag","embeddable":true,"href":"https:\/\/petworld.ma\/index.php\/wp-json\/wp\/v2\/product_tag?post=40841"}],"curies":[{"name":"wp","href":"https:\/\/api.w.org\/{rel}","templated":true}]}}