{"id":40850,"date":"2026-04-27T23:12:30","date_gmt":"2026-04-27T23:12:30","guid":{"rendered":"https:\/\/petworld.ma\/?post_type=product&#038;p=40850"},"modified":"2026-04-27T23:16:42","modified_gmt":"2026-04-27T23:16:42","slug":"royal-canin-mini-dermacomfort-3-kg-promo","status":"publish","type":"product","link":"https:\/\/petworld.ma\/index.php\/produit\/royal-canin-mini-dermacomfort-3-kg-promo\/","title":{"rendered":"Royal Canin Mini Dermacomfort 3 Kg Promo*"},"content":{"rendered":"<div class=\"product-section description-section\">\n<div class=\"single-description fr-view\">\n<div>\n<div>\n<div>\n<h2>Aliment complet pour chiens adultes de petites races (de 1 \u00e0 10 kg) &#8211; Plus de 10 mois &#8211; Chiens sujets aux irritations et d\u00e9mangeaisons de peau. Peut se donner occasionnellement de 8 \u00e0 12 ans.<\/h2>\n<\/div>\n<\/div>\n<\/div>\n<div>\n<div>\n<div>La sensation de peau irrit\u00e9e n\u2019est agr\u00e9able pour personne, et votre chien ne fait pas exception. Saviez-vous que l\u2019irritation de la peau est la principale raison pour laquelle les chiens sont emmen\u00e9s chez le v\u00e9t\u00e9rinaire ? \u00a0 Une peau sensible et irrit\u00e9e est synonyme de d\u00e9mangeaisons, et pr\u00e9sente le risque que votre chien puisse ab\u00eemer et m\u00eame infecter sa peau avec ses griffes. \u00a0 La formule \u00e0 teneur r\u00e9duite en allerg\u00e8nes de ROYAL CANIN\u00ae Dermacomfort Mini est soigneusement \u00e9labor\u00e9e \u00e0 partir d\u2019une gamme de prot\u00e9ines sp\u00e9cialement s\u00e9lectionn\u00e9es. Cette nutrition pr\u00e9cis\u00e9ment adapt\u00e9e permet de pr\u00e9server au mieux la peau de votre chien et contribue ainsi \u00e0 renforcer la sant\u00e9 de son pelage. \u00a0 Convenant aux chiens pesants jusqu\u2019\u00e0 10 kg, ROYAL CANIN\u00ae Dermacomfort Mini contient des croquettes con\u00e7ues pour s\u2019adapter parfaitement aux dents de votre animal. \u00a0 Cette recette tr\u00e8s savoureuse est sp\u00e9cialement formul\u00e9e pour le bien-\u00eatre de votre chien. Enrichie en acides gras om\u00e9ga-3 et 6, dont du GLA, de l\u2019EPA et du DHA, elle renforce et nourrit la peau de votre animal tout en la rendant moins sensible aux agressions du monde qui l\u2019entoure. \u00a0 Notre programme nutritionnel Dermacomfort est disponible sous deux formes : en croquettes et en mousse conditionn\u00e9e en sachet fra\u00eecheur, toutes deux parfaitement \u00e9quilibr\u00e9es sur le plan nutritionnel et tout \u00e0 fait compl\u00e9mentaires. Pourquoi ne pas combiner la mousse et les croquettes ? \u00a0 Ne vous contentez pas de nous croire sur parole : 91 % des propri\u00e9taires se sont d\u00e9clar\u00e9s satisfaits de ce produit apr\u00e8s seulement 2 mois d\u2019utilisation continue. Cela signifie que la formule ROYAL CANIN\u00ae Dermacomfort Mini a fait ses preuves.<\/div>\n<h3>\u00a0Informations Nutritionnelles :<\/h3>\n<div>\n<div>Constituants analytiques : Prot\u00e9ines : 25.5% &#8211; Mati\u00e8res grasses : 17.0% &#8211; Cellulose brute : 5.3 Cendres brutes : 1.4% &#8211; Par kg : Omega 6 fatty acids : 35.2 g including gamma-linolenic acid : 0.3 g &#8211; Omega 3 fatty acids : 11.3 g including EPA\/DHA : 4.0 g.<\/div>\n<div>Composition : Riz, isolat de prot\u00e9ines v\u00e9g\u00e9tales*, bl\u00e9, graisses animales, gluten de ma\u00efs, avoine d\u00e9cortiqu\u00e9e, ma\u00efs, hydrolysat de prot\u00e9ines animales, sels min\u00e9raux, huile de soja, pulpe de betterave, huile de poisson, graines de lin, fructo-oligo-saccharides, mono- et diglyc\u00e9rides d\u2019acides palmitique et st\u00e9arique est\u00e9rifi\u00e9s par l\u2019acide citrique, huile de bourrache, extrait de rose d\u2019Inde (source de lut\u00e9ine).<\/div>\n<div>Mode d\u2019emploi : voir tableau. Num\u00e9ro de lot et d\u2019identifiant usine, \u00e0 utiliser de pr\u00e9f\u00e9rence avant : voir sur l\u2019emballage. \u00c0 conserver dans un endroit sec et frais.<\/div>\n<div>* L.I.P. : prot\u00e9ines s\u00e9lectionn\u00e9es pour leur tr\u00e8s haute digestibilit\u00e9.<\/div>\n<h3>\u00a0B\u00e9n\u00e9fices :<\/h3>\n<div>\n<ul>\n<li>\n<div>R\u00e9sultats prouv\u00e9s<\/div>\n<div>91% des propri\u00e9taires satisfaits apr\u00e8s 2 mois *\u00c9tude interne Royal Canin.<\/div>\n<\/li>\n<li>\n<div>Formule r\u00e9duite en allerg\u00e8nes<\/div>\n<div>Formule nutritionnelle enrichie en acides gras Om\u00e9ga-3 et 6, y compris acides GLA, EPA et DHA, permettant de pr\u00e9server et de nourrir la peau de votre chien. \u00c9labor\u00e9 afin de prendre soin de la peau de votre chien et de l\u2019aider \u00e0 maintenir un pelage dense et sain.<\/div>\n<\/li>\n<li>\n<div>Comment pouvez-vous aider votre chien?<\/div>\n<div>Vous pouvez aider \u00e0 prot\u00e9ger la peau de votre chien en gardant son lit et les espaces \u00abd\u00e9tente\u00bb qu\u2019il pr\u00e9f\u00e8re propres. Ceci permet d\u2019\u00e9liminer la poussi\u00e8re et les pellicules, un vivier \u00e0 parasites \u00e0 l\u2019origine de d\u00e9mangeaisons. Si vous avez une question ou un doute concernant la sant\u00e9 de votre chien, veuillez consulter un v\u00e9t\u00e9rinaire.<\/div>\n<\/li>\n<\/ul>\n<div><a href=\"https:\/\/wa.me\/212708052510\" target=\"_blank\" rel=\"noopener noreferrer\"><img decoding=\"async\" class=\"fr-fic fr-dib aligncenter\" src=\"https:\/\/cdn.youcan.shop\/stores\/d0742d556df94ddbc7ae4c9810aff04b\/others\/EbFI0Fz5oEkjvsmlJdBat3xNmCJ0FCjwGsMSDIGy.png\" width=\"315\" height=\"83\" data-name=\"stores\/d0742d556df94ddbc7ae4c9810aff04b\/others\/EbFI0Fz5oEkjvsmlJdBat3xNmCJ0FCjwGsMSDIGy.png\" \/><\/a><\/div>\n<\/div>\n<\/div>\n<\/div>\n<\/div>\n<\/div>\n<\/div>\n<div class=\"product-section add-to-cart-section\">\n<div class=\"quantity\"><\/div>\n<\/div>\n","protected":false},"excerpt":{"rendered":"<p>Aliment complet pour chiens adultes de petites races (de 1 \u00e0 10 kg) &#8211; Plus de 10 mois &#8211; Chiens sujets aux irritations et d\u00e9mangeaisons de peau. Peut se donner occasionnellement de 8 \u00e0 12 ans. La sensation de peau irrit\u00e9e n\u2019est agr\u00e9able pour personne, et votre chien ne fait pas exception. Saviez-vous que l\u2019irritation [&#8230;]\n","protected":false},"featured_media":464,"template":"","meta":{"jetpack_publicize_message":"","jetpack_publicize_feature_enabled":true,"jetpack_social_post_already_shared":true,"jetpack_social_options":{"image_generator_settings":{"template":"highway","default_image_id":0,"font":"","enabled":false},"version":2}},"product_brand":[],"product_cat":[26],"product_tag":[],"class_list":{"0":"post-40850","1":"product","2":"type-product","3":"status-publish","4":"has-post-thumbnail","6":"product_cat-croquettes","8":"first","9":"instock","10":"sale","11":"taxable","12":"shipping-taxable","13":"purchasable","14":"product-type-simple"},"supplier_id":5587,"supplier_sku":"","barcode":null,"atum_controlled":true,"out_stock_date":null,"out_stock_threshold":null,"inheritable":false,"inbound_stock":null,"stock_on_hold":null,"sold_today":null,"sales_last_days":null,"reserved_stock":null,"customer_returns":null,"warehouse_damage":null,"lost_in_post":null,"other_logs":null,"out_stock_days":null,"lost_sales":null,"has_location":false,"update_date":"2026-04-27T23:16:44","atum_locations":[],"atum_stock_status":"instock","restock_status":false,"low_stock_amount":3,"sales_update_date":"2026-04-27T00:12:23","calc_backorders":null,"jetpack_publicize_connections":[],"jetpack_sharing_enabled":true,"batches":[{"id":"9125","date_created":"2026-04-27 23:16:42","date_expiry":"2027-07-30 00:00:00","user_id":"2461","batch_number":"RCMiniDermaconfort3KG300727","location":"","quantity":"3.0000","quantity_available":"3.0000","units":"1","status":"active","order_ids":null,"supplier":"Royal Canin","po":{"id":"9048","date_created":"2026-04-27 23:16:42","batch_id":"9125","po_number":"","supplier":"Royal Canin","cost":null,"regular_price":null,"sale_price":null,"price_margin":null,"price_discount":null}}],"_links":{"self":[{"href":"https:\/\/petworld.ma\/index.php\/wp-json\/wp\/v2\/product\/40850","targetHints":{"allow":["GET"]}}],"collection":[{"href":"https:\/\/petworld.ma\/index.php\/wp-json\/wp\/v2\/product"}],"about":[{"href":"https:\/\/petworld.ma\/index.php\/wp-json\/wp\/v2\/types\/product"}],"wp:featuredmedia":[{"embeddable":true,"href":"https:\/\/petworld.ma\/index.php\/wp-json\/wp\/v2\/media\/464"}],"wp:attachment":[{"href":"https:\/\/petworld.ma\/index.php\/wp-json\/wp\/v2\/media?parent=40850"}],"wp:term":[{"taxonomy":"product_brand","embeddable":true,"href":"https:\/\/petworld.ma\/index.php\/wp-json\/wp\/v2\/product_brand?post=40850"},{"taxonomy":"product_cat","embeddable":true,"href":"https:\/\/petworld.ma\/index.php\/wp-json\/wp\/v2\/product_cat?post=40850"},{"taxonomy":"product_tag","embeddable":true,"href":"https:\/\/petworld.ma\/index.php\/wp-json\/wp\/v2\/product_tag?post=40850"}],"curies":[{"name":"wp","href":"https:\/\/api.w.org\/{rel}","templated":true}]}}