{"id":40859,"date":"2026-04-28T09:51:20","date_gmt":"2026-04-28T09:51:20","guid":{"rendered":"https:\/\/petworld.ma\/?post_type=product&#038;p=40859"},"modified":"2026-04-28T10:00:35","modified_gmt":"2026-04-28T10:00:35","slug":"royal-canin-mini-light-weight-care-3-kg-promo","status":"publish","type":"product","link":"https:\/\/petworld.ma\/index.php\/produit\/royal-canin-mini-light-weight-care-3-kg-promo\/","title":{"rendered":"Royal Canin Mini Light Weight Care 3 Kg Promo*"},"content":{"rendered":"<div>\n<div>\n<h2>Pour Chiens sujets \u00e0 la prise de poids &#8211; Jusqu&rsquo;\u00e0 10 kg<\/h2>\n<\/div>\n<\/div>\n<div>Beaucoup d\u2019animaux domestiques sont en surpoids et souffrent d\u2019une pression excessive sur leurs articulations, ce qui nuit \u00e0 leur \u00e9tat de sant\u00e9 g\u00e9n\u00e9ral. Aidez votre chien \u00e0 retrouver la forme en lui offrant une alimentation compl\u00e8te, d\u00e9licieuse et rassasiante. ROYAL CANIN\u00ae Light Weight Care Mini convient aux chiens pesant jusqu\u2019\u00e0 10 kg. Cette recette savoureuse est riche en prot\u00e9ines hautement digestibles pour assurer le maintien de la masse musculaire de votre chien tout en r\u00e9duisant son apport en mati\u00e8res grasses et en calories. Pour aider votre animal \u00e0 se sentir plus l\u00e9ger sur ses pattes et \u00e9viter les complications de sant\u00e9 li\u00e9es aux kilos en trop, cette formule contient beaucoup moins de graisses alimentaires. Notre programme nutritionnel Light Weight Care est disponible sous deux formes\u00a0: en croquettes et en d\u00e9licieuse mousse conditionn\u00e9e en sachet fra\u00eecheur, toutes deux parfaitement \u00e9quilibr\u00e9es sur le plan nutritionnel et tout \u00e0 fait compl\u00e9mentaires. Pourquoi ne pas essayer la mousse en accompagnement des croquettes\u00a0? Ne vous content\u00e9 pas de nous croire sur parole\u00a0: test\u00e9 scientifiquement, 88% des chiens l\u00e9g\u00e8rement en surpoids ont atteint un poids plus sain en 8 semaines avec Royal Canin Light Weight Care Mini. Cela signifie que la formule ROYAL CANIN\u00ae Light Weight Care Mini a fait ses preuves.<\/div>\n<div><\/div>\n<div><strong>\u00a0 \u00a0BENEFICES :<\/strong><\/div>\n<div>\n<div data-gtm-vis-first-on-screen-40760133_376=\"85835\" data-gtm-vis-first-on-screen-40760133_379=\"85835\" data-gtm-vis-has-fired-40760133_376=\"1\" data-gtm-vis-has-fired-40760133_379=\"1\" data-gtm-vis-recent-on-screen-40760133_376=\"85835\" data-gtm-vis-recent-on-screen-40760133_379=\"85835\" data-gtm-vis-total-visible-time-40760133_376=\"500\" data-gtm-vis-total-visible-time-40760133_379=\"500\" data-tms=\"Product description\">\n<div>\n<div>\n<div>\n<div>\n<ul>\n<li>\n<div>R\u00e9sultats prouv\u00e9s<\/div>\n<div>88% des chiens l\u00e9g\u00e8rement en surpoids ont atteint un poids plus sain en 8 semaines avec Royal Canin Mini Light Weight Care *Etude interne Royal Canin.<\/div>\n<\/li>\n<li>\n<div>Limite la prise de poids<\/div>\n<div>Teneur adapt\u00e9e en prot\u00e9ines pour aider au maintien de la masse musculaire et d\u2019un poids plus sain. Enrichie en L-Carnitine. Nutrition savoureuse permettant de r\u00e9guler la faim, con\u00e7ue pour aider votre chien \u00e0 rester en forme.<\/div>\n<\/li>\n<li>\n<div>Programme de contr\u00f4le de la prise de poids<\/div>\n<div>1\/ Proposez \u00e0 votre chien une alimentation compl\u00e8te et \u00e9quilibr\u00e9e gr\u00e2ce \u00e0 nos aliments secs et humides qui vous permettent de choisir la combinaison parfaite pour votre chien. 2\/ Faites de votre chien un animal actif en l\u2019emmenant en promenade ou en jouant avec lui au parc ou chez vous. 3\/ R\u00e9compensez votre chien avec des croquettes issues de son alimentation quotidienne au lieu d\u2019opter pour des snacks.<\/div>\n<\/li>\n<\/ul>\n<p><strong>\u00a0 \u00a0 INFORMATIONS NUTRITIONELLES :<\/strong><\/p>\n<div data-gtm-vis-first-on-screen-40760133_376=\"85835\" data-gtm-vis-first-on-screen-40760133_379=\"85835\" data-gtm-vis-has-fired-40760133_376=\"1\" data-gtm-vis-has-fired-40760133_379=\"1\" data-gtm-vis-recent-on-screen-40760133_376=\"85835\" data-gtm-vis-recent-on-screen-40760133_379=\"85835\" data-gtm-vis-total-visible-time-40760133_376=\"500\" data-gtm-vis-total-visible-time-40760133_379=\"500\" data-tms=\"Product description\">\n<div>\n<div>\n<div>\n<div>\n<div>Composition : prot\u00e9ines de volaille d\u00e9shydrat\u00e9es, ma\u00efs, fibres v\u00e9g\u00e9tales, orge, riz, isolat de prot\u00e9ines v\u00e9g\u00e9tales*, gluten de ma\u00efs, hydrolysat de prot\u00e9ines animales, graisses animales, pulpe de betterave, farine de ma\u00efs, poudre de cellulose, huile de poisson, t\u00e9guments et graines de psyllium, levures et composants de levures, sels min\u00e9raux, huile de soja, sel d\u2019acide gras, fructo-oligosaccharides, huile de bourrache, hydrolysat de crustac\u00e9 (source de glucosamine), extrait de rose d\u2019Inde (source de lut\u00e9ine), hydrolysat de cartilage (source de chondro\u00eftine).<\/div>\n<p>Additifs (au kg) : Additifs nutritionnels : Vitamine A : 22000 UI, Vitamine D3 : 1000 UI, Fer (3b103) : 35 mg, Iode (3b201, 3b202) : 3,5 mg, Cuivre (3b405, 3b406) : 11 mg, Mangan\u00e8se (3b502, 3b504) : 45 mg, Zinc (3b603, 3b605, 3b606) : 134 mg, S\u00e9l\u00e9nium (3b801, 3b811, 3b812) : 0,04 mg, L-carnitine : 200 mg &#8211; Conservateurs &#8211; Antioxyg\u00e8nes.<\/p>\n<p>Constituants analytiques : Prot\u00e9ine : 30,0% &#8211; Teneur en mati\u00e8res grasses : 11,0% &#8211; Cendres brutes : 5% &#8211; Cellulose brute : 8,6%.<\/p>\n<p>*L.I.P. : prot\u00e9ine s\u00e9lectionn\u00e9e pour sa tr\u00e8s haute digestibilit\u00e9.<\/p>\n<p>Mode d\u2019emploi : voir tableau. Num\u00e9ro de lot et d\u2019identifiant usine, \u00e0 utiliser de pr\u00e9f\u00e9rence avant : voir sur l\u2019emballage. \u00c0 conserver dans un endroit sec et frais.<\/p>\n<div data-gtm-vis-first-on-screen-40760133_376=\"85835\" data-gtm-vis-first-on-screen-40760133_379=\"85835\" data-gtm-vis-has-fired-40760133_376=\"1\" data-gtm-vis-has-fired-40760133_379=\"1\" data-gtm-vis-recent-on-screen-40760133_376=\"85835\" data-gtm-vis-recent-on-screen-40760133_379=\"85835\" data-gtm-vis-total-visible-time-40760133_376=\"500\" data-gtm-vis-total-visible-time-40760133_379=\"500\" data-tms=\"Product description\">\n<div>\n<div>\n<div>\n<div>\n<div><a href=\"https:\/\/wa.me\/212708052510\" target=\"_blank\" rel=\"noopener noreferrer\"><img decoding=\"async\" class=\"fr-fic fr-dib aligncenter\" src=\"https:\/\/cdn.youcan.shop\/stores\/d0742d556df94ddbc7ae4c9810aff04b\/others\/KvFwpIntfcLWv6B4kj3FjlkAxTgD3ihWGXSS0sSH.png\" width=\"265\" height=\"70\" data-name=\"stores\/d0742d556df94ddbc7ae4c9810aff04b\/others\/KvFwpIntfcLWv6B4kj3FjlkAxTgD3ihWGXSS0sSH.png\" \/><\/a><\/div>\n<\/div>\n<\/div>\n<\/div>\n<\/div>\n<\/div>\n<\/div>\n<\/div>\n<\/div>\n<\/div>\n<\/div>\n<\/div>\n<\/div>\n<\/div>\n<\/div>\n<\/div>\n<\/div>\n","protected":false},"excerpt":{"rendered":"<p>Pour Chiens sujets \u00e0 la prise de poids &#8211; Jusqu&rsquo;\u00e0 10 kg Beaucoup d\u2019animaux domestiques sont en surpoids et souffrent d\u2019une pression excessive sur leurs articulations, ce qui nuit \u00e0 leur \u00e9tat de sant\u00e9 g\u00e9n\u00e9ral. Aidez votre chien \u00e0 retrouver la forme en lui offrant une alimentation compl\u00e8te, d\u00e9licieuse et rassasiante. ROYAL CANIN\u00ae Light Weight [&#8230;]\n","protected":false},"featured_media":486,"template":"","meta":{"jetpack_publicize_message":"","jetpack_publicize_feature_enabled":true,"jetpack_social_post_already_shared":true,"jetpack_social_options":{"image_generator_settings":{"template":"highway","default_image_id":0,"font":"","enabled":false},"version":2}},"product_brand":[],"product_cat":[26],"product_tag":[],"class_list":{"0":"post-40859","1":"product","2":"type-product","3":"status-publish","4":"has-post-thumbnail","6":"product_cat-croquettes","8":"first","9":"instock","10":"sale","11":"taxable","12":"shipping-taxable","13":"purchasable","14":"product-type-simple"},"supplier_id":5587,"supplier_sku":"","barcode":null,"atum_controlled":true,"out_stock_date":null,"out_stock_threshold":null,"inheritable":false,"inbound_stock":0,"stock_on_hold":0,"sold_today":0,"sales_last_days":0,"reserved_stock":0,"customer_returns":0,"warehouse_damage":0,"lost_in_post":0,"other_logs":0,"out_stock_days":0,"lost_sales":0,"has_location":false,"update_date":"2026-04-28T10:05:41","atum_locations":[],"atum_stock_status":"instock","restock_status":false,"low_stock_amount":4,"sales_update_date":"2026-04-28T10:05:41","calc_backorders":null,"jetpack_publicize_connections":[],"jetpack_sharing_enabled":true,"batches":[{"id":"9129","date_created":"2026-04-28 10:00:34","date_expiry":"2027-07-14 00:00:00","user_id":"2461","batch_number":"RCMiniLightWeight0727","location":"","quantity":"2.0000","quantity_available":"2.0000","units":"1","status":"active","order_ids":null,"supplier":"Royal Canin","po":{"id":"9052","date_created":"2026-04-28 10:00:35","batch_id":"9129","po_number":"","supplier":"Royal Canin","cost":null,"regular_price":null,"sale_price":null,"price_margin":null,"price_discount":null}}],"_links":{"self":[{"href":"https:\/\/petworld.ma\/index.php\/wp-json\/wp\/v2\/product\/40859","targetHints":{"allow":["GET"]}}],"collection":[{"href":"https:\/\/petworld.ma\/index.php\/wp-json\/wp\/v2\/product"}],"about":[{"href":"https:\/\/petworld.ma\/index.php\/wp-json\/wp\/v2\/types\/product"}],"wp:featuredmedia":[{"embeddable":true,"href":"https:\/\/petworld.ma\/index.php\/wp-json\/wp\/v2\/media\/486"}],"wp:attachment":[{"href":"https:\/\/petworld.ma\/index.php\/wp-json\/wp\/v2\/media?parent=40859"}],"wp:term":[{"taxonomy":"product_brand","embeddable":true,"href":"https:\/\/petworld.ma\/index.php\/wp-json\/wp\/v2\/product_brand?post=40859"},{"taxonomy":"product_cat","embeddable":true,"href":"https:\/\/petworld.ma\/index.php\/wp-json\/wp\/v2\/product_cat?post=40859"},{"taxonomy":"product_tag","embeddable":true,"href":"https:\/\/petworld.ma\/index.php\/wp-json\/wp\/v2\/product_tag?post=40859"}],"curies":[{"name":"wp","href":"https:\/\/api.w.org\/{rel}","templated":true}]}}