{"id":40863,"date":"2026-04-28T10:08:52","date_gmt":"2026-04-28T10:08:52","guid":{"rendered":"https:\/\/petworld.ma\/?post_type=product&#038;p=40863"},"modified":"2026-04-28T10:14:48","modified_gmt":"2026-04-28T10:14:48","slug":"royal-canin-maxi-joint-care-10-kg-promo","status":"publish","type":"product","link":"https:\/\/petworld.ma\/index.php\/produit\/royal-canin-maxi-joint-care-10-kg-promo\/","title":{"rendered":"Royal Canin Maxi Joint Care 10 Kg Promo*"},"content":{"rendered":"<div>\n<div>\n<h2>Aliment complet pour chiens adultes de grandes races (de 26 \u00e0 44 kg) &#8211; Plus de 15 mois &#8211; Chiens \u00e0 sensibilit\u00e9 articulaire. Peut se donner occasionnellement de 5 \u00e0 8 ans.<\/h2>\n<\/div>\n<\/div>\n<div>Des articulations en bonne sant\u00e9 facilitent la mobilit\u00e9 et sont la cl\u00e9 d\u2019une vie saine et active. Les grands chiens (surtout les chiens actifs) ressentent parfois des tensions suppl\u00e9mentaires au niveau des articulations, ce qui peut \u00eatre inconfortable pour eux et les ralentir. ROYAL CANIN\u00ae Joint Care Maxi offre \u00e0 votre chien une alimentation compl\u00e8te et d\u00e9licieuse pour prot\u00e9ger ses os et ses articulations et lui permettre de rester actif, de faire de l\u2019exercice et d\u2019\u00eatre en meilleure condition physique. \u00a0 \u00a0ROYAL CANIN\u00ae Joint Care Maxi convient aux chiens pesants entre 26 et 44 kg et contient une teneur r\u00e9duite en calories pour \u00e9viter \u00e0 votre chien une prise de poids qui pourrait affecter ses articulations. Aujourd\u2019hui, les animaux domestiques souffrent de surpoids, ce qui p\u00e8se un peu plus sur les articulations. \u00a0 Cette formule aide \u00e0 contr\u00f4ler le poids de votre animal. \u00a0 Le collag\u00e8ne, la base de la structure des articulations, est l\u2019un des nutriments actifs de cette formule et cible le cartilage en renfor\u00e7ant sa structure et son m\u00e9tabolisme. . Nous avons \u00e9galement ajout\u00e9 un puissant antioxydant cellulaire. \u00a0 Les croquettes ROYAL CANIN\u00ae Joint Care Maxi sont soigneusement con\u00e7ues pour passer entre les dents de votre grand chien. \u00a0 Nous sommes convaincus que votre chien aimera manger ses croquettes avec autant de plaisir que nous en avons pris \u00e0 les pr\u00e9parer ! Ne vous contentez pas de nous croire sur parole : 97 % des propri\u00e9taires de chiens se sont dit satisfaits de ce produit apr\u00e8s seulement 28 jours d\u2019utilisation. Cela signifie que l&rsquo;aliment ROYAL CANIN\u00ae Joint Care Maxi a fait ses preuves.<\/div>\n<div><\/div>\n<div><strong>\u00a0 \u00a0BENEFICES :<\/strong><\/div>\n<div>\n<ul>\n<li>\n<div>R\u00e9sultats prouv\u00e9s<\/div>\n<div>Facilit\u00e9 dans les mouvements &#8211; 97 % des propri\u00e9taires sont satisfaits apr\u00e8s 1 mois * \u00c9tude interne Royal Canin.<\/div>\n<\/li>\n<li>\n<div>Facilite le mouvement<\/div>\n<div>Maxi Joint Care est con\u00e7u dans le but de fournir \u00e0 votre chien des nutriments \u00e9labor\u00e9s, dont du collag\u00e8ne, pour soutenir les cartilages tout au long du processus de vieillissement et maintenir la sant\u00e9 des os et articulations de votre chien. Par ailleurs, cette formule est moins calorique, permettant ainsi de maintenir un poids sain et de limiter la pression exerc\u00e9e sur les articulations.<\/div>\n<\/li>\n<li>\n<div>Comment pouvez-vous aider votre chien?<\/div>\n<div>Gardez votre chien actif en lui proposant r\u00e9guli\u00e8rement des exercices, mais \u00e9viter d\u2019exercer une pression sur ses articulations avec des sauts dont l\u2019impact est \u00e9lev\u00e9 et ou des exercices de d\u00e9part\/d\u2019arr\u00eat soudains. Il est aussi important de maintenir un poids id\u00e9al \u00e9tant donn\u00e9 que le surpoids implique une pression suppl\u00e9mentaire sur ses articulations. Si vous avez une question ou un doute concernant la sant\u00e9 de votre chien, veuillez consulter un v\u00e9t\u00e9rinaire.<\/div>\n<\/li>\n<\/ul>\n<p><strong>\u00a0 \u00a0INFORMATIONS NUTRITIONELLES :<\/strong><\/p>\n<div>Composition : Ma\u00efs, prot\u00e9ines de volaille d\u00e9shydrat\u00e9es, bl\u00e9, graisses animales, fibres v\u00e9g\u00e9tales, isolat de prot\u00e9ines v\u00e9g\u00e9tales*, farine de ma\u00efs, riz, hydrolysat de prot\u00e9ines animales, gluten de ma\u00efs, pulpe de betterave, huile de poisson, levures et composants de levures, sels min\u00e9raux, huile de soja, collag\u00e8ne hydrolys\u00e9 (0,84 %), extrait de rose d\u2019Inde (source de lut\u00e9ine), hydrolysat de cartilage (source de chondro\u00eftine).<\/div>\n<p>Additifs (au kg) : Additifs nutritionnels\u00a0: Vitamine A\u00a0: 16500\u00a0UI, Vitamine D3\u00a0: 1000\u00a0UI, E1 (Fer)\u00a0: 42\u00a0mg, E2 (Iode)\u00a0: 4,2\u00a0mg, E4 (Cuivre)\u00a0: 13\u00a0mg, E5 (Mangan\u00e8se)\u00a0: 55\u00a0mg, E6 (Zinc)\u00a0: 141\u00a0mg, E8 (S\u00e9l\u00e9nium)\u00a0: 0,08\u00a0mg\u00a0&#8211; Additifs technologiques\u00a0: Clinoptilolite d\u2019origine s\u00e9dimentaire\u00a0: 10\u00a0g\u00a0&#8211; Additifs sensoriels\u00a0: Extrait de th\u00e9 vert (source de polyph\u00e9nols)\u00a0: 2,5\u00a0g\u00a0&#8211; Conservateurs\u00a0&#8211; Antioxyg\u00e8nes.<\/p>\n<p>Constituants analytiques : Prot\u00e9ines : 26.0% &#8211; Mati\u00e8res grasses : 15.0% &#8211; Cellulose brute : 6.3% &#8211; Crude fibres : 6.3%.<\/p>\n<p>* L.I.P. : prot\u00e9ines s\u00e9lectionn\u00e9es pour leur tr\u00e8s haute digestibilit\u00e9.<\/p>\n<p>Mode d\u2019emploi : voir tableau. Num\u00e9ro de lot et d\u2019identifiant usine, \u00e0 utiliser de pr\u00e9f\u00e9rence avant : voir sur l\u2019emballage. \u00c0 conserver dans un endroit sec et frais.<\/p>\n<p><a href=\"https:\/\/wa.me\/212708052510\" target=\"_blank\" rel=\"noopener noreferrer\"><img decoding=\"async\" class=\"fr-fic fr-dib aligncenter\" src=\"https:\/\/cdn.youcan.shop\/stores\/d0742d556df94ddbc7ae4c9810aff04b\/others\/keemEuxbAMBOOeKQsuc973dAIn8Wzta6p9Ik5m1e.png\" width=\"334\" height=\"88\" data-name=\"stores\/d0742d556df94ddbc7ae4c9810aff04b\/others\/keemEuxbAMBOOeKQsuc973dAIn8Wzta6p9Ik5m1e.png\" \/><\/a><\/p>\n<div data-gtm-vis-first-on-screen-40760133_376=\"129039\" data-gtm-vis-first-on-screen-40760133_379=\"129038\" data-gtm-vis-has-fired-40760133_376=\"1\" data-gtm-vis-has-fired-40760133_379=\"1\" data-gtm-vis-total-visible-time-40760133_376=\"500\" data-gtm-vis-total-visible-time-40760133_379=\"500\" data-tms=\"Product description\">\n<div>\n<div>\n<div>\n<div>\n<div><\/div>\n<\/div>\n<\/div>\n<\/div>\n<\/div>\n<\/div>\n<\/div>\n","protected":false},"excerpt":{"rendered":"<p>Aliment complet pour chiens adultes de grandes races (de 26 \u00e0 44 kg) &#8211; Plus de 15 mois &#8211; Chiens \u00e0 sensibilit\u00e9 articulaire. Peut se donner occasionnellement de 5 \u00e0 8 ans. Des articulations en bonne sant\u00e9 facilitent la mobilit\u00e9 et sont la cl\u00e9 d\u2019une vie saine et active. Les grands chiens (surtout les chiens [&#8230;]\n","protected":false},"featured_media":408,"template":"","meta":{"jetpack_publicize_message":"","jetpack_publicize_feature_enabled":true,"jetpack_social_post_already_shared":true,"jetpack_social_options":{"image_generator_settings":{"template":"highway","default_image_id":0,"font":"","enabled":false},"version":2}},"product_brand":[],"product_cat":[26],"product_tag":[],"class_list":{"0":"post-40863","1":"product","2":"type-product","3":"status-publish","4":"has-post-thumbnail","6":"product_cat-croquettes","8":"first","9":"instock","10":"sale","11":"taxable","12":"shipping-taxable","13":"purchasable","14":"product-type-simple"},"supplier_id":5587,"supplier_sku":"","barcode":null,"atum_controlled":true,"out_stock_date":null,"out_stock_threshold":null,"inheritable":false,"inbound_stock":0,"stock_on_hold":0,"sold_today":0,"sales_last_days":0,"reserved_stock":0,"customer_returns":0,"warehouse_damage":0,"lost_in_post":0,"other_logs":0,"out_stock_days":0,"lost_sales":0,"has_location":false,"update_date":"2026-04-28T11:58:22","atum_locations":[],"atum_stock_status":"instock","restock_status":false,"low_stock_amount":2,"sales_update_date":"2026-04-28T11:58:22","calc_backorders":null,"jetpack_publicize_connections":[],"jetpack_sharing_enabled":true,"batches":[{"id":"9131","date_created":"2026-04-28 10:14:46","date_expiry":"2026-09-09 00:00:00","user_id":"2461","batch_number":"RCMaxiJointCare090926","location":"","quantity":"1.0000","quantity_available":"1.0000","units":"1","status":"active","order_ids":null,"supplier":"Royal Canin","po":{"id":"9054","date_created":"2026-04-28 10:14:47","batch_id":"9131","po_number":"","supplier":"Royal Canin","cost":null,"regular_price":null,"sale_price":null,"price_margin":null,"price_discount":null}},{"id":"9132","date_created":"2026-04-28 10:14:47","date_expiry":"2027-02-20 00:00:00","user_id":"2461","batch_number":"RCMaxiJointCare200227","location":"","quantity":"1.0000","quantity_available":"1.0000","units":"1","status":"active","order_ids":null,"supplier":"Royal Canin","po":{"id":"9055","date_created":"2026-04-28 10:14:47","batch_id":"9132","po_number":"","supplier":"Royal Canin","cost":null,"regular_price":null,"sale_price":null,"price_margin":null,"price_discount":null}},{"id":"9133","date_created":"2026-04-28 10:14:48","date_expiry":"2027-03-10 00:00:00","user_id":"2461","batch_number":"RCMaxiJointCare100327","location":"","quantity":"1.0000","quantity_available":"1.0000","units":"1","status":"active","order_ids":null,"supplier":"Royal Canin","po":{"id":"9056","date_created":"2026-04-28 10:14:48","batch_id":"9133","po_number":"","supplier":"Royal Canin","cost":null,"regular_price":null,"sale_price":null,"price_margin":null,"price_discount":null}}],"_links":{"self":[{"href":"https:\/\/petworld.ma\/index.php\/wp-json\/wp\/v2\/product\/40863","targetHints":{"allow":["GET"]}}],"collection":[{"href":"https:\/\/petworld.ma\/index.php\/wp-json\/wp\/v2\/product"}],"about":[{"href":"https:\/\/petworld.ma\/index.php\/wp-json\/wp\/v2\/types\/product"}],"wp:featuredmedia":[{"embeddable":true,"href":"https:\/\/petworld.ma\/index.php\/wp-json\/wp\/v2\/media\/408"}],"wp:attachment":[{"href":"https:\/\/petworld.ma\/index.php\/wp-json\/wp\/v2\/media?parent=40863"}],"wp:term":[{"taxonomy":"product_brand","embeddable":true,"href":"https:\/\/petworld.ma\/index.php\/wp-json\/wp\/v2\/product_brand?post=40863"},{"taxonomy":"product_cat","embeddable":true,"href":"https:\/\/petworld.ma\/index.php\/wp-json\/wp\/v2\/product_cat?post=40863"},{"taxonomy":"product_tag","embeddable":true,"href":"https:\/\/petworld.ma\/index.php\/wp-json\/wp\/v2\/product_tag?post=40863"}],"curies":[{"name":"wp","href":"https:\/\/api.w.org\/{rel}","templated":true}]}}