{"id":40864,"date":"2026-04-28T10:16:12","date_gmt":"2026-04-28T10:16:12","guid":{"rendered":"https:\/\/petworld.ma\/?post_type=product&#038;p=40864"},"modified":"2026-04-28T10:23:21","modified_gmt":"2026-04-28T10:23:21","slug":"royal-canin-maxi-sterilised-12-kg-promo","status":"publish","type":"product","link":"https:\/\/petworld.ma\/index.php\/produit\/royal-canin-maxi-sterilised-12-kg-promo\/","title":{"rendered":"Royal Canin Maxi Sterilised 12 Kg Promo*"},"content":{"rendered":"<div class=\"detailHeader\">\n<div class=\"desAndStars rc-margin-bottom--xs d-flex flex-wrap flex-md-nowrap justify-content-between\">\n<div class=\"des\">\n<h2 class=\"text-break mb-1 mt-2\"><span style=\"font-size: 14.4px;\">Apr\u00e8s la st\u00e9rilisation, le m\u00e9tabolisme de votre chien ralentit, m\u00eame si son app\u00e9tit peut rester le m\u00eame. Bien qu\u2019il puisse \u00eatre difficile de garder votre chien svelte et l\u00e9ger sur ses pattes, une alimentation compl\u00e8te et de haute qualit\u00e9 peut contribuer \u00e0 pr\u00e9server sa forme et sa vitalit\u00e9. \u00a0 ROYAL CANIN\u00ae Sterilised Maxi convient aux chiens adultes st\u00e9rilis\u00e9s pesants entre 26 \u00e0 44 kg, et sa formule savoureuse satisfait l\u2019app\u00e9tit de votre chien sans prise de poids. \u00a0 ROYAL CANIN\u00ae prend les prot\u00e9ines tr\u00e8s au s\u00e9rieux, c\u2019est pourquoi nous n\u2019utilisons que celles de la plus haute qualit\u00e9, sp\u00e9cifiquement adapt\u00e9es aux besoins pr\u00e9cis de votre chien. ROYAL CANIN\u00ae Sterilised Maxi est enrichi en prot\u00e9ines hautement digestibles pour l\u2019aider \u00e0 maintenir sa masse musculaire, tout en r\u00e9duisant l\u2019apport en graisses et en calories. \u00a0 De plus, cette formule est con\u00e7ue avec moins de graisses alimentaires pour aider votre chien \u00e0 maintenir un poids id\u00e9al et \u00e9viter les complications de sant\u00e9 li\u00e9es aux kilos en trop. \u00a0 Le m\u00e9lange de fibres alimentaires de ROYAL CANIN\u00ae Sterilised Maxi satisfait l\u2019app\u00e9tit de votre chien et le dissuade de grignoter en lui procurant une sensation de sati\u00e9t\u00e9. \u00a0 Notre programme nutritionnel Sterilised est disponible sous deux formes : en croquettes et en mousse conditionn\u00e9e en sachet fra\u00eecheur, toutes deux parfaitement \u00e9quilibr\u00e9es sur le plan nutritionnel et tout \u00e0 fait compl\u00e9mentaires. Pourquoi ne pas combiner la mousse et les croquettes ? \u00a0 Ne vous contentez pas de nous croire sur parole : ROYAL CANIN\u00ae Sterilised Maxi a \u00e9t\u00e9 test\u00e9 scientifiquement et il est prouv\u00e9 qu\u2019il est 14 % moins calorique que les aliments pour chiens adultes ordinaires. La formule ROYAL CANIN\u00ae Sterilised Maxi a donc fait ses preuves.<\/span><\/h2>\n<\/div>\n<\/div>\n<\/div>\n<div class=\"specAndQuantity rc-margin-bottom--xs\">\n<div class=\"spec\">\n<div class=\"spec-choose-select\"><\/div>\n<h3 class=\"spec-choose-select\">\u00a0INFORMATONS NUTRITIONELLES :<\/h3>\n<div class=\"spec-choose-select\">\n<div class=\"content\">Composition : ma\u00efs, prot\u00e9ines de volaille d\u00e9shydrat\u00e9es, bl\u00e9, gluten de ma\u00efs, fibres v\u00e9g\u00e9tales, hydrolysat de prot\u00e9ines animales, graisses animales, isolat de prot\u00e9ines v\u00e9g\u00e9tales*, pulpe de betterave, huile de poisson, levures et composants de levures, huile de soja, sels min\u00e9raux, t\u00e9guments et graines de psyllium, huile de bourrache, hydrolysat de crustac\u00e9 (source de glucosamine), extrait de rose d\u2019Inde (source de lut\u00e9ine), hydrolysat de cartilage (source de chondro\u00eftine).<\/div>\n<div class=\"content\">Constituants analytiques : Prot\u00e9ine : 28,0 % &#8211; Teneur en mati\u00e8res grasses : 13,0 % &#8211; Cendres brutes : 5,8 % &#8211; Cellulose brute : 6,7 %.<\/div>\n<div class=\"content\">*L.I.P. : prot\u00e9ine s\u00e9lectionn\u00e9e pour sa tr\u00e8s haute digestibilit\u00e9.<\/div>\n<div class=\"content\">Mode d\u2019emploi : voir tableau. Num\u00e9ro de lot et d\u2019identifiant usine, \u00e0 utiliser de pr\u00e9f\u00e9rence avant : voir sur l\u2019emballage. \u00c0 conserver dans un endroit sec et frais.<\/div>\n<div class=\"content\"><\/div>\n<h3 class=\"content\">\u00a0BENEFICES :<\/h3>\n<div class=\"content\">\n<ul class=\"ui-star-list rc_proudct_html_tab2 list-paddingleft-2\">\n<li>\n<div class=\"list_title\">R\u00e9sultats prouv\u00e9s<\/div>\n<div class=\"list_item\">-14% de calories *par rapport a un produit de maintenance (Maxi Adult).<\/div>\n<\/li>\n<li>\n<div class=\"list_title\">Aide \u00e0 maintenir un poids id\u00e9al<\/div>\n<div class=\"list_item\">La combinaison entre un contenu riche en prot\u00e9ines* (28%) et mod\u00e9r\u00e9 en mati\u00e8res grasses* (13%) aide \u00e0 maintenir un poids id\u00e9al. Con\u00e7u pour les chiens st\u00e9rilis\u00e9s de grandes races, le profil nutritionnel est enrichi en L-carnitine et contient des fibres b\u00e9n\u00e9fiques au syst\u00e8me digestif. Votre chien peut donc appr\u00e9cier la m\u00eame quantit\u00e9 de nourriture, tout en r\u00e9duisant l\u2019apport calorique de sa prise alimentaire.<\/div>\n<\/li>\n<li>\n<div class=\"list_title\">Comment pouvez-vous aider votre chien?<\/div>\n<div class=\"list_item\">Faites de votre chien un animal actif en l\u2019emmenant en promenade ou en jouant avec lui au parc ou chez vous. R\u00e9compensez-le avec des croquettes issues de son alimentation quotidienne au lieu d\u2019opter pour des snacks. Il est particuli\u00e8rement important de bien respecter les quantit\u00e9s de nourriture indiqu\u00e9es sur l\u2019emballage. Si vous avez une question ou un doute concernant la sant\u00e9 de votre chien, veuillez consulter un v\u00e9t\u00e9rinaire.<\/div>\n<\/li>\n<\/ul>\n<h3>\u00a0RATIONS :<\/h3>\n<table>\n<thead>\n<tr>\n<th>Poids du chien<\/th>\n<th>Vie \u00e0 l\u2019int\u00e9rieur &#8211; pas d\u2019exercice\u00a0 (aliment sec)<\/th>\n<th>Vie \u00e0 l\u2019int\u00e9rieur &#8211; pas d\u2019exercice\u00a0 (alimentation mixte)<\/th>\n<th>Activit\u00e9 normale\u00a0 (aliment sec)<\/th>\n<th>Activit\u00e9 normale (alimentation mixte)<\/th>\n<th>Chiens tr\u00e8s actifs (aliment sec)<\/th>\n<th>Chiens tr\u00e8s actifs (alimentation mixte)<\/th>\n<\/tr>\n<\/thead>\n<tbody>\n<tr>\n<td>&#8211;<\/td>\n<td>Gamme (Dose)<\/td>\n<td>Gamme (Dose)<\/td>\n<td>Gamme (Dose)<\/td>\n<td>Gamme (Dose)<\/td>\n<td>Gamme (Dose)<\/td>\n<td>Gamme (Dose)<\/td>\n<\/tr>\n<tr>\n<td>26kg<\/td>\n<td>269g (3+2\/8)<\/td>\n<td>249g (3)<\/td>\n<td>320g (3+7\/8)<\/td>\n<td>299g (3+5\/8)<\/td>\n<td>370g (4+4\/8)<\/td>\n<td>350g (4+2\/8)<\/td>\n<\/tr>\n<tr>\n<td>32kg<\/td>\n<td>315g (3+7\/9)<\/td>\n<td>294g (3+5\/8)<\/td>\n<td>374g (4+5\/8)<\/td>\n<td>353g (4+3\/8)<\/td>\n<td>433g (5+2\/8)<\/td>\n<td>412g (5)<\/td>\n<\/tr>\n<tr>\n<td>38kg<\/td>\n<td>358g (4+3\/8)<\/td>\n<td>337g (4+1\/8)<\/td>\n<td>425g (5+2\/8)<\/td>\n<td>404g (5)<\/td>\n<td>492g (6)<\/td>\n<td>471g (5+6\/8)<\/td>\n<\/tr>\n<tr>\n<td>44kg<\/td>\n<td>400g (4+7\/8)<\/td>\n<td>379g (4+5\/8)<\/td>\n<td>474g (5+6\/8)<\/td>\n<td>454g (5+4\/8)<\/td>\n<td>549g (6+6\/8)<\/td>\n<td>529g (6+4\/8)<\/td>\n<\/tr>\n<\/tbody>\n<\/table>\n<\/div>\n<\/div>\n<\/div>\n<\/div>\n","protected":false},"excerpt":{"rendered":"<h2 class=\"text-break mb-1 mt-2\">Aliment complet pour chiens adultes st\u00e9rilis\u00e9s de grandes races (de 26 \u00e0 44 kg) &#8211; Plus de 15 mois &#8211; Chiens avec tendance \u00e0 la prise de poids.<\/h2>\n","protected":false},"featured_media":2326,"template":"","meta":{"jetpack_publicize_message":"","jetpack_publicize_feature_enabled":true,"jetpack_social_post_already_shared":true,"jetpack_social_options":{"image_generator_settings":{"template":"highway","default_image_id":0,"font":"","enabled":false},"version":2}},"product_brand":[],"product_cat":[26],"product_tag":[],"class_list":{"0":"post-40864","1":"product","2":"type-product","3":"status-publish","4":"has-post-thumbnail","6":"product_cat-croquettes","8":"first","9":"instock","10":"sale","11":"taxable","12":"shipping-taxable","13":"purchasable","14":"product-type-simple"},"supplier_id":5587,"supplier_sku":"","barcode":null,"atum_controlled":true,"out_stock_date":null,"out_stock_threshold":null,"inheritable":false,"inbound_stock":0,"stock_on_hold":0,"sold_today":0,"sales_last_days":0,"reserved_stock":0,"customer_returns":0,"warehouse_damage":0,"lost_in_post":0,"other_logs":0,"out_stock_days":0,"lost_sales":0,"has_location":false,"update_date":"2026-04-28T11:58:22","atum_locations":[],"atum_stock_status":"instock","restock_status":false,"low_stock_amount":2,"sales_update_date":"2026-04-28T11:58:22","calc_backorders":null,"jetpack_publicize_connections":[],"jetpack_sharing_enabled":true,"batches":[{"id":"9134","date_created":"2026-04-28 10:23:19","date_expiry":"2026-11-16 00:00:00","user_id":"2461","batch_number":"RCSterelisedAdult12KG161126","location":"","quantity":"1.0000","quantity_available":"1.0000","units":"1","status":"active","order_ids":null,"supplier":"Royal Canin","po":{"id":"9057","date_created":"2026-04-28 10:23:20","batch_id":"9134","po_number":"","supplier":"Royal Canin","cost":null,"regular_price":null,"sale_price":null,"price_margin":null,"price_discount":null}},{"id":"9135","date_created":"2026-04-28 10:23:20","date_expiry":"2027-02-09 00:00:00","user_id":"2461","batch_number":"RCSterelisedAdult12KG090227","location":"","quantity":"1.0000","quantity_available":"1.0000","units":"1","status":"active","order_ids":null,"supplier":"Royal Canin","po":{"id":"9058","date_created":"2026-04-28 10:23:20","batch_id":"9135","po_number":"","supplier":"Royal Canin","cost":null,"regular_price":null,"sale_price":null,"price_margin":null,"price_discount":null}}],"_links":{"self":[{"href":"https:\/\/petworld.ma\/index.php\/wp-json\/wp\/v2\/product\/40864","targetHints":{"allow":["GET"]}}],"collection":[{"href":"https:\/\/petworld.ma\/index.php\/wp-json\/wp\/v2\/product"}],"about":[{"href":"https:\/\/petworld.ma\/index.php\/wp-json\/wp\/v2\/types\/product"}],"wp:featuredmedia":[{"embeddable":true,"href":"https:\/\/petworld.ma\/index.php\/wp-json\/wp\/v2\/media\/2326"}],"wp:attachment":[{"href":"https:\/\/petworld.ma\/index.php\/wp-json\/wp\/v2\/media?parent=40864"}],"wp:term":[{"taxonomy":"product_brand","embeddable":true,"href":"https:\/\/petworld.ma\/index.php\/wp-json\/wp\/v2\/product_brand?post=40864"},{"taxonomy":"product_cat","embeddable":true,"href":"https:\/\/petworld.ma\/index.php\/wp-json\/wp\/v2\/product_cat?post=40864"},{"taxonomy":"product_tag","embeddable":true,"href":"https:\/\/petworld.ma\/index.php\/wp-json\/wp\/v2\/product_tag?post=40864"}],"curies":[{"name":"wp","href":"https:\/\/api.w.org\/{rel}","templated":true}]}}