{"id":40865,"date":"2026-04-28T10:24:36","date_gmt":"2026-04-28T10:24:36","guid":{"rendered":"https:\/\/petworld.ma\/?post_type=product&#038;p=40865"},"modified":"2026-04-28T10:35:36","modified_gmt":"2026-04-28T10:35:36","slug":"royal-canin-pomeranian-spitz-nain-adulte-1-5-kg-promo","status":"publish","type":"product","link":"https:\/\/petworld.ma\/index.php\/produit\/royal-canin-pomeranian-spitz-nain-adulte-1-5-kg-promo\/","title":{"rendered":"Royal Canin Pomeranian (Spitz Nain) Adulte 1.5 Kg Promo*"},"content":{"rendered":"<div>\n<h1 class=\"sc-hzhJZQ cdNNPH\" data-qa=\"product-category\">Aliment sec pour chiens &#8211;<strong> <span style=\"color: #555555; font-size: 14.4px;\">Aliment complet pour chiens Spitz nains adultes et matures &#8211; \u00c0 partir de 8 mois<\/span><\/strong><\/h1>\n<\/div>\n<div><\/div>\n<div>\n<div data-gtm-vis-first-on-screen-40760133_376=\"28000\" data-gtm-vis-first-on-screen-40760133_379=\"27999\" data-gtm-vis-has-fired-40760133_376=\"1\" data-gtm-vis-has-fired-40760133_379=\"1\" data-gtm-vis-total-visible-time-40760133_376=\"500\" data-gtm-vis-total-visible-time-40760133_379=\"500\" data-tms=\"Product description\">\n<div>ROYAL CANIN\u00ae Pomeranian Adult est une formule sur mesure sp\u00e9cialement con\u00e7ue pour les Spitz nains adultes comme le v\u00f4tre. \u00a0 ROYAL CANIN\u00ae Pomeranian Adult contient des nutriments haut de gamme et une teneur en min\u00e9raux adapt\u00e9e pour maintenir la sant\u00e9 des os et des articulations. \u00a0 Cette formule contribue \u00e9galement \u00e0 soutenir le r\u00f4le de la peau en tant que barri\u00e8re, aide \u00e0 maintenir la sant\u00e9 de la peau et \u00e0 nourrir le pelage. \u00a0 De plus, ROYAL CANIN\u00ae Pomeranian Adult contient un m\u00e9lange \u00e9quilibr\u00e9 de fibres, dont du psyllium, qui aide \u00e0 faciliter le transit intestinal et des prot\u00e9ines hautement digestibles (L.I.P*) qui favorisent des selles de qualit\u00e9 optimale. \u00a0 Afin de satisfaire les pr\u00e9f\u00e9rences alimentaires de chaque chien, ROYAL CANIN\u00ae Pomeranian Adult est \u00e9galement disponible sous forme d\u2019alimentation humide. \u00a0 Si vous envisagez une alimentation mixte, consultez le tableau de rationnement sur l\u2019emballage pour vous assurer que vous lui donnez la quantit\u00e9 exacte d\u2019aliments secs et humides pour un bien-\u00eatre optimal.<\/div>\n<div>\n<div class=\"TabbedAccordion-module_contentTitle__0TBwO TabbedAccordion-module_activeContent__Oh8Ol\" data-qa=\"tabbed-accordion-section-title\"><\/div>\n<div id=\"tabbed-accordion-:R13q9bm:-section-1\" class=\"TabbedAccordion-module_content__YHr0u TabbedAccordion-module_activeContent__Oh8Ol TabbedAccordion-module_multiColumn__J9UXy\" role=\"tabpanel\" aria-labelledby=\"tabbed-accordion-:R13q9bm:-tab-1\" data-qa=\"tabbed-accordion-section-content\">\n<div class=\"sc-eqUAAy fgprtA\" data-qa=\"product-benefits\">\n<div class=\"sc-fqkvVR grmmWd\" data-qa=\"product-benefits-item\">\n<div class=\"sc-dcJsrY dwHOrx\">\n<h3 class=\"sc-iGgWBj endzIa\" data-qa=\"product-benefits-item-subtitle\">SOUTIEN DES OS ET DES ARTICULATIONS<\/h3>\n<p class=\"sc-gsFSXq eusNcO\" data-qa=\"product-benefits-item-text\">POMERANIAN ADULT contribue \u00e0 maintenir la sant\u00e9 des os et des articulations du Spitz nain gr\u00e2ce \u00e0 une teneur adapt\u00e9e en min\u00e9raux. Enrichi en EPA et DHA.<\/p>\n<\/div>\n<\/div>\n<div class=\"sc-fqkvVR grmmWd\" data-qa=\"product-benefits-item\">\n<div class=\"sc-dcJsrY dwHOrx\">\n<h3 class=\"sc-iGgWBj endzIa\" data-qa=\"product-benefits-item-subtitle\">SANTE DE LA PEAU ET DU PELAGE<\/h3>\n<p class=\"sc-gsFSXq eusNcO\" data-qa=\"product-benefits-item-text\">Le magnifique pelage qui recouvre un sous-poil abondant est l\u2019une des caract\u00e9ristiques extraordinaires du Spitz nain. Cette formule exclusive contribue \u00e0 soutenir le r\u00f4le de la peau en tant que barri\u00e8re, et aide \u00e0 maintenir la sant\u00e9 de la peau et \u00e0 nourrir le pelage. Enrichi avec une teneur adapt\u00e9e en EPA et DHA et en huile de bourrache.<\/p>\n<\/div>\n<\/div>\n<div class=\"sc-fqkvVR grmmWd\" data-qa=\"product-benefits-item\">\n<div class=\"sc-dcJsrY dwHOrx\">\n<h3 class=\"sc-iGgWBj endzIa\" data-qa=\"product-benefits-item-subtitle\">SANTE DIGESTIVE<\/h3>\n<p class=\"sc-gsFSXq eusNcO\" data-qa=\"product-benefits-item-text\">Un m\u00e9lange \u00e9quilibr\u00e9 de fibres, dont du psyllium, aide \u00e0 faciliter le transit intestinal et des prot\u00e9ines hautement digestibles (L.I.P*) favorisent des selles de qualit\u00e9 optimale. *Prot\u00e9ines s\u00e9lectionn\u00e9es pour leur tr\u00e8s haute digestibilit\u00e9.<\/p>\n<\/div>\n<\/div>\n<div class=\"sc-fqkvVR grmmWd\" data-qa=\"product-benefits-item\">\n<div class=\"sc-dcJsrY dwHOrx\">\n<h3 class=\"sc-iGgWBj endzIa\" data-qa=\"product-benefits-item-subtitle\">CROQUETTE DE CONCEPTION EXCLUSIVE : SANT\u00c9 DENTAIRE<\/h3>\n<p class=\"sc-gsFSXq eusNcO\" data-qa=\"product-benefits-item-text\">La forme, la taille et la formule de la croquette sont adapt\u00e9es \u00e0 la petite m\u00e2choire du Spitz nain. Cette formule aide \u00e0 r\u00e9duire la formation de tartre gr\u00e2ce \u00e0 des ch\u00e9lateurs de calcium qui favorisent la sant\u00e9 dentaire.<\/p>\n<table>\n<thead>\n<tr>\n<th>Poids du chien<\/th>\n<th>Vit \u00e0 l\u2019int\u00e9rieur &#8211; pas d\u2019exercice<\/th>\n<th>Activit\u00e9 normale<\/th>\n<th>Chiens tr\u00e8s actifs<\/th>\n<\/tr>\n<\/thead>\n<tbody>\n<tr>\n<td>1 kg<\/td>\n<td>24 g (2\/8 dose)<\/td>\n<td>28 g (2\/8 dose)<\/td>\n<td>32 g (3\/8 dose)<\/td>\n<\/tr>\n<tr>\n<td>2kg<\/td>\n<td>41 g (3\/8 dose)<\/td>\n<td>47 g (4\/8 dose)<\/td>\n<td>53 g (4\/8 dose)<\/td>\n<\/tr>\n<tr>\n<td>3 kg<\/td>\n<td>55 g (5\/8 dose)<\/td>\n<td>64 g (5\/8 dose)<\/td>\n<td>72 g (6\/8 dose)<\/td>\n<\/tr>\n<tr>\n<td>3,5 kg<\/td>\n<td>62 g (5\/8 dose)<\/td>\n<td>71 g (6\/8 dose)<\/td>\n<td>81 g (7\/8 dose)<\/td>\n<\/tr>\n<\/tbody>\n<\/table>\n<\/div>\n<\/div>\n<\/div>\n<\/div>\n<\/div>\n<\/div>\n<\/div>\n","protected":false},"excerpt":{"rendered":"<h2 class=\"sc-hzhJZQ cdNNPH\" data-qa=\"product-category\">Aliment sec pour chiens<\/h2>\n<div class=\"sc-gEvEer fmTtUN\" data-qa=\"product-description\">\n<div class=\"ShowMoreLess-module_wrapper__o7OmT ShowMoreLess-module_clamped__MOcCz\">\n<p>Aliment complet pour chiens Spitz nains adultes et matures &#8211; \u00c0 partir de 8 mois<\/p>\n<\/div>\n<\/div>\n","protected":false},"featured_media":14206,"template":"","meta":{"jetpack_publicize_message":"","jetpack_publicize_feature_enabled":true,"jetpack_social_post_already_shared":true,"jetpack_social_options":{"image_generator_settings":{"template":"highway","default_image_id":0,"font":"","enabled":false},"version":2}},"product_brand":[],"product_cat":[26],"product_tag":[],"class_list":{"0":"post-40865","1":"product","2":"type-product","3":"status-publish","4":"has-post-thumbnail","6":"product_cat-croquettes","8":"first","9":"instock","10":"sale","11":"taxable","12":"shipping-taxable","13":"purchasable","14":"product-type-simple"},"supplier_id":5587,"supplier_sku":"","barcode":null,"atum_controlled":true,"out_stock_date":null,"out_stock_threshold":null,"inheritable":false,"inbound_stock":0,"stock_on_hold":0,"sold_today":0,"sales_last_days":0,"reserved_stock":0,"customer_returns":0,"warehouse_damage":0,"lost_in_post":0,"other_logs":0,"out_stock_days":0,"lost_sales":0,"has_location":false,"update_date":"2026-04-28T11:58:22","atum_locations":[],"atum_stock_status":"instock","restock_status":false,"low_stock_amount":5,"sales_update_date":"2026-04-28T11:58:22","calc_backorders":null,"jetpack_publicize_connections":[],"jetpack_sharing_enabled":true,"batches":[{"id":"9136","date_created":"2026-04-28 10:35:35","date_expiry":"2028-08-30 00:00:00","user_id":"2461","batch_number":"RCSptizNain300828","location":"","quantity":"7.0000","quantity_available":"7.0000","units":"1","status":"active","order_ids":null,"supplier":"Royal Canin","po":{"id":"9059","date_created":"2026-04-28 10:35:36","batch_id":"9136","po_number":"","supplier":"Royal Canin","cost":null,"regular_price":null,"sale_price":null,"price_margin":null,"price_discount":null}}],"_links":{"self":[{"href":"https:\/\/petworld.ma\/index.php\/wp-json\/wp\/v2\/product\/40865","targetHints":{"allow":["GET"]}}],"collection":[{"href":"https:\/\/petworld.ma\/index.php\/wp-json\/wp\/v2\/product"}],"about":[{"href":"https:\/\/petworld.ma\/index.php\/wp-json\/wp\/v2\/types\/product"}],"wp:featuredmedia":[{"embeddable":true,"href":"https:\/\/petworld.ma\/index.php\/wp-json\/wp\/v2\/media\/14206"}],"wp:attachment":[{"href":"https:\/\/petworld.ma\/index.php\/wp-json\/wp\/v2\/media?parent=40865"}],"wp:term":[{"taxonomy":"product_brand","embeddable":true,"href":"https:\/\/petworld.ma\/index.php\/wp-json\/wp\/v2\/product_brand?post=40865"},{"taxonomy":"product_cat","embeddable":true,"href":"https:\/\/petworld.ma\/index.php\/wp-json\/wp\/v2\/product_cat?post=40865"},{"taxonomy":"product_tag","embeddable":true,"href":"https:\/\/petworld.ma\/index.php\/wp-json\/wp\/v2\/product_tag?post=40865"}],"curies":[{"name":"wp","href":"https:\/\/api.w.org\/{rel}","templated":true}]}}