{"id":40874,"date":"2026-04-28T11:30:45","date_gmt":"2026-04-28T11:30:45","guid":{"rendered":"https:\/\/petworld.ma\/?post_type=product&#038;p=40874"},"modified":"2026-04-28T11:42:51","modified_gmt":"2026-04-28T11:42:51","slug":"royal-canin-westie-adulte-3kg-promo","status":"publish","type":"product","link":"https:\/\/petworld.ma\/index.php\/produit\/royal-canin-westie-adulte-3kg-promo\/","title":{"rendered":"Royal Canin Westie Adulte 3Kg Promo*"},"content":{"rendered":"<div class=\"sc-gEvEer fmTtUN\" data-qa=\"product-description\">\n<div class=\"ShowMoreLess-module_wrapper__o7OmT ShowMoreLess-module_clamped__MOcCz\">\n<p>Aliment complet pour chiens West Highland White Terrier adultes et matures &#8211; \u00c0 partir de 10 mois<\/p>\n<\/div>\n<\/div>\n<div class=\"sc-hmdomO eVbisE\">\n<div class=\"sc-bXCLTC bHhzkV\">\n<div class=\"sc-jsJBEP iKTabP\">\n<div class=\"sc-kMkxaj gdklsk\" data-qa=\"pack-weight-selector\">ROYAL CANIN\u00ae West Highland White Terrier Adult est sp\u00e9cialement formul\u00e9 pour r\u00e9pondre \u00e0 tous les besoins nutritionnels de votre chien adulte West Highland White Terrier et convient aux chiens de plus de 10 mois. \u00a0 Le pelage blanc et r\u00eache caract\u00e9ristique de votre \u00ab Westie \u00bb n\u00e9cessite des soins particuliers pour pr\u00e9server sa qualit\u00e9 et garder sa peau en bonne sant\u00e9. C\u2019est pourquoi ROYAL CANIN\u00ae West Highland White Terrier Adult contient un complexe sp\u00e9cifique de nutriments et d\u2019acides gras om\u00e9ga-3 (EPA et DHA) pour pr\u00e9server et renforcer la sant\u00e9 de la peau et des os de votre Westie. Gr\u00e2ce \u00e0 ses acides amin\u00e9s sp\u00e9cifiques, ROYAL CANIN\u00ae West Highland White Terrier Adult favorise la croissance de son pelage, tandis que des acides gras provenant de l\u2019huile de bourrache et des graines de lin nourrissent sa peau. \u00a0 Les croquettes de ROYAL CANIN\u00ae West Highland White Terrier Adult contiennent \u00e9galement des ch\u00e9lateurs du calcium, qui aident \u00e0 ralentir la formation et l\u2019accumulation du tartre. \u00a0 De plus, ROYAL CANIN\u00ae West Highland White Terrier Adult convient aux app\u00e9tits les plus exigeants gr\u00e2ce \u00e0 un m\u00e9lange sp\u00e9cialement adapt\u00e9 de saveurs exceptionnelles pour une meilleure palatabilit\u00e9.<\/div>\n<\/div>\n<div data-qa=\"pack-weight-selector\">\n<div>\n<div class=\"TabbedAccordion-module_container__ipT5h\" data-qa=\"tabbed-accordion\">\n<div class=\"TabbedAccordion-module_contentContainer__EHRNr\" data-qa=\"tabbed-accordion-content\">\n<div id=\"tabbed-accordion-:R26a9bm:-section-1\" class=\"TabbedAccordion-module_content__YHr0u TabbedAccordion-module_activeContent__Oh8Ol TabbedAccordion-module_multiColumn__J9UXy\" role=\"tabpanel\" aria-labelledby=\"tabbed-accordion-:R26a9bm:-tab-1\" data-qa=\"tabbed-accordion-section-content\">\n<div class=\"sc-eqUAAy fgprtA\" data-qa=\"product-benefits\">\n<div class=\"sc-fqkvVR grmmWd\" data-qa=\"product-benefits-item\">\n<div class=\"sc-dcJsrY dwHOrx\">\n<h3 class=\"sc-iGgWBj endzIa\" data-qa=\"product-benefits-item-subtitle\">SANT\u00c9 DU PELAGE<\/h3>\n<p class=\"sc-gsFSXq eusNcO\" data-qa=\"product-benefits-item-text\">Compar\u00e9 aux autres races, le West Highland White Terrier se caract\u00e9rise par un poil dur et une peau d\u00e9licate. Cette formule contient des acides amin\u00e9s cibl\u00e9s pour la construction du poil ainsi que des acides gras sp\u00e9cifiques, issus d&rsquo;huile de bourrache et de graine de lin pour la sant\u00e9 de la peau.<\/p>\n<\/div>\n<\/div>\n<div class=\"sc-fqkvVR grmmWd\" data-qa=\"product-benefits-item\">\n<div class=\"sc-dcJsrY dwHOrx\">\n<h3 class=\"sc-iGgWBj endzIa\" data-qa=\"product-benefits-item-subtitle\">PEAU SAINE<\/h3>\n<p class=\"sc-gsFSXq eusNcO\" data-qa=\"product-benefits-item-text\">ROYAL CANIN\u00ae WEST HIGHLAND WHITE TERRIER ADULT aide \u00e0 renforcer le r\u00f4le \u00ab barri\u00e8re \u00bb de la peau (complexe exclusif) et \u00e0 maintenir la sant\u00e9 de la peau (EPA et DHA).<\/p>\n<\/div>\n<\/div>\n<div class=\"sc-fqkvVR grmmWd\" data-qa=\"product-benefits-item\">\n<div class=\"sc-dcJsrY dwHOrx\">\n<h3 class=\"sc-iGgWBj endzIa\" data-qa=\"product-benefits-item-subtitle\">SATISFAIT LES APP\u00c9TITS DIFFICILES<\/h3>\n<p class=\"sc-gsFSXq eusNcO\" data-qa=\"product-benefits-item-text\">Cette formule satisfait les app\u00e9tits les plus capricieux gr\u00e2ce \u00e0 une combinaison de saveurs exceptionnelles.<\/p>\n<\/div>\n<\/div>\n<div class=\"sc-fqkvVR grmmWd\" data-qa=\"product-benefits-item\">\n<div class=\"sc-dcJsrY dwHOrx\">\n<h3 class=\"sc-iGgWBj endzIa\" data-qa=\"product-benefits-item-subtitle\">CROQUETTE DE CONCEPTION EXCLUSIVE : SANT\u00c9 BUCCO-DENTAIRE<\/h3>\n<p class=\"sc-gsFSXq eusNcO\" data-qa=\"product-benefits-item-text\">Cette formule aide \u00e0 r\u00e9duire la formation de tartre gr\u00e2ce \u00e0 des ch\u00e9lateurs de calcium.<\/p>\n<\/div>\n<\/div>\n<\/div>\n<\/div>\n<\/div>\n<\/div>\n<\/div>\n<div id=\"daily-portion-tool\" class=\"sc-JrDLc blHFZL\">\n<p>&nbsp;<\/p>\n<div class=\"dpt-landing-page__wrapper\">\n<section class=\"dpt-landing-page\">\n<div class=\"dpt-landing-page__text\">\n<p class=\"dpt-landing-page__title\"><strong>COMPOSITION<\/strong> : farine de ma\u00efs, prot\u00e9ines de volaille d\u00e9shydrat\u00e9es, riz, ma\u00efs, graisses animales, prot\u00e9ines animales hydrolys\u00e9es, prot\u00e9ines de porc d\u00e9shydrat\u00e9es, bl\u00e9, pulpe de chicor\u00e9e, huile de soja, substances min\u00e9rales (dont triphosphate pentasodique (0,35 %)), huile de poissons, graines de lin (0,5 %), fructo-oligosaccharides, huile de bourrache (0,1 %), farine de tag\u00e8te, glucosamine issue de la fermentation, cartilage hydrolys\u00e9 (source de chondro\u00eftine).<\/p>\n<p><strong>CONSTITUANTS ANALYTIQUES<\/strong> : Prot\u00e9ine : 21,0 % &#8211; Cellulose brute : 1,4 % &#8211; Teneur en mati\u00e8res grasses : 16,0 % &#8211; Cendres brutes : 6,1 % &#8211; EPA\/DHA : 0,3 %.<\/p>\n<\/div>\n<\/section>\n<\/div>\n<p>&nbsp;<\/p>\n<\/div>\n<\/div>\n<\/div>\n<\/div>\n","protected":false},"excerpt":{"rendered":"<div class=\"sc-gEvEer fmTtUN\" data-qa=\"product-description\">\n<div class=\"ShowMoreLess-module_wrapper__o7OmT ShowMoreLess-module_clamped__MOcCz\">\n<p>Aliment complet pour chiens West Highland White Terrier adultes et matures &#8211; \u00c0 partir de 10 mois<\/p>\n<\/div>\n<\/div>\n","protected":false},"featured_media":14978,"template":"","meta":{"jetpack_publicize_message":"","jetpack_publicize_feature_enabled":true,"jetpack_social_post_already_shared":true,"jetpack_social_options":{"image_generator_settings":{"template":"highway","default_image_id":0,"font":"","enabled":false},"version":2}},"product_brand":[],"product_cat":[26],"product_tag":[],"class_list":{"0":"post-40874","1":"product","2":"type-product","3":"status-publish","4":"has-post-thumbnail","6":"product_cat-croquettes","8":"first","9":"instock","10":"sale","11":"taxable","12":"shipping-taxable","13":"purchasable","14":"product-type-simple"},"supplier_id":5587,"supplier_sku":"","barcode":null,"atum_controlled":true,"out_stock_date":null,"out_stock_threshold":null,"inheritable":false,"inbound_stock":0,"stock_on_hold":0,"sold_today":0,"sales_last_days":0,"reserved_stock":0,"customer_returns":0,"warehouse_damage":0,"lost_in_post":0,"other_logs":0,"out_stock_days":0,"lost_sales":0,"has_location":false,"update_date":"2026-04-28T11:58:22","atum_locations":[],"atum_stock_status":"instock","restock_status":false,"low_stock_amount":4,"sales_update_date":"2026-04-28T11:58:22","calc_backorders":null,"jetpack_publicize_connections":[],"jetpack_sharing_enabled":true,"batches":[{"id":"9140","date_created":"2026-04-28 11:42:48","date_expiry":"2026-11-21 00:00:00","user_id":"2461","batch_number":"RCWestie3kg211126","location":"","quantity":"3.0000","quantity_available":"3.0000","units":"1","status":"active","order_ids":null,"supplier":"Royal Canin","po":{"id":"9063","date_created":"2026-04-28 11:42:49","batch_id":"9140","po_number":"","supplier":"Royal Canin","cost":null,"regular_price":null,"sale_price":null,"price_margin":null,"price_discount":null}},{"id":"9141","date_created":"2026-04-28 11:42:49","date_expiry":"2027-03-27 00:00:00","user_id":"2461","batch_number":"RCWestie3kg270327","location":"","quantity":"1.0000","quantity_available":"1.0000","units":"1","status":"active","order_ids":null,"supplier":"Royal Canin","po":{"id":"9064","date_created":"2026-04-28 11:42:49","batch_id":"9141","po_number":"","supplier":"Royal Canin","cost":null,"regular_price":null,"sale_price":null,"price_margin":null,"price_discount":null}},{"id":"9142","date_created":"2026-04-28 11:42:50","date_expiry":"2027-07-30 00:00:00","user_id":"2461","batch_number":"RCWestie3kg300727","location":"","quantity":"2.0000","quantity_available":"2.0000","units":"1","status":"active","order_ids":null,"supplier":"Royal Canin","po":{"id":"9065","date_created":"2026-04-28 11:42:50","batch_id":"9142","po_number":"","supplier":"Royal Canin","cost":null,"regular_price":null,"sale_price":null,"price_margin":null,"price_discount":null}}],"_links":{"self":[{"href":"https:\/\/petworld.ma\/index.php\/wp-json\/wp\/v2\/product\/40874","targetHints":{"allow":["GET"]}}],"collection":[{"href":"https:\/\/petworld.ma\/index.php\/wp-json\/wp\/v2\/product"}],"about":[{"href":"https:\/\/petworld.ma\/index.php\/wp-json\/wp\/v2\/types\/product"}],"wp:featuredmedia":[{"embeddable":true,"href":"https:\/\/petworld.ma\/index.php\/wp-json\/wp\/v2\/media\/14978"}],"wp:attachment":[{"href":"https:\/\/petworld.ma\/index.php\/wp-json\/wp\/v2\/media?parent=40874"}],"wp:term":[{"taxonomy":"product_brand","embeddable":true,"href":"https:\/\/petworld.ma\/index.php\/wp-json\/wp\/v2\/product_brand?post=40874"},{"taxonomy":"product_cat","embeddable":true,"href":"https:\/\/petworld.ma\/index.php\/wp-json\/wp\/v2\/product_cat?post=40874"},{"taxonomy":"product_tag","embeddable":true,"href":"https:\/\/petworld.ma\/index.php\/wp-json\/wp\/v2\/product_tag?post=40874"}],"curies":[{"name":"wp","href":"https:\/\/api.w.org\/{rel}","templated":true}]}}