{"id":40890,"date":"2026-04-28T14:43:35","date_gmt":"2026-04-28T14:43:35","guid":{"rendered":"https:\/\/petworld.ma\/?post_type=product&#038;p=40890"},"modified":"2026-04-28T14:50:26","modified_gmt":"2026-04-28T14:50:26","slug":"royal-canin-chiot-labrador-retriever-12-kg-promo-2","status":"publish","type":"product","link":"https:\/\/petworld.ma\/index.php\/produit\/royal-canin-chiot-labrador-retriever-12-kg-promo-2\/","title":{"rendered":"Royal Canin Chiot Labrador Retriever 12 Kg Promo*"},"content":{"rendered":"<div>\n<div>\n<h2>Aliment complet pour chiens &#8211; Sp\u00e9cialement con\u00e7u pour un Chiot Labrador Retriever, de 2 \u00e0 15 mois.<\/h2>\n<\/div>\n<\/div>\n<div>ROYAL CANIN\u00ae Labrador Retriever Puppy est sp\u00e9cialement formul\u00e9 pour r\u00e9pondre \u00e0 tous les besoins nutritionnels de votre jeune Labrador Retriever et convient aux chiots de moins de 15 mois. Parce que le syst\u00e8me immunitaire de votre chiot se d\u00e9veloppe progressivement, ROYAL CANIN\u00ae Labrador Retriever Puppy contient un complexe exclusif d\u2019antioxydants, dont la vitamine E, pour renforcer ses d\u00e9fenses naturelles pendant cette p\u00e9riode cl\u00e9 de croissance. \u00a0 Gr\u00e2ce \u00e0 sa teneur sp\u00e9cialement adapt\u00e9e en \u00e9nergie, prot\u00e9ines, calcium et phosphore, ROYAL CANIN\u00ae Labrador Retriever Puppy contribue au d\u00e9veloppement sain de la structure osseuse de votre chiot en pleine croissance. Cette formule l\u2019aide \u00e9galement \u00e0 prendre du poids de fa\u00e7on harmonieuse et lui permet de conserver son poids de forme au fur et \u00e0 mesure qu\u2019il grandit. \u00a0 ROYAL CANIN\u00ae Labrador Retriever Puppy contient un m\u00e9lange de nutriments comprenant des prot\u00e9ines de haute qualit\u00e9 (L.I.P.) et des pr\u00e9biotiques (FOS) pour favoriser la sant\u00e9 digestive et l\u2019\u00e9quilibre de la flore intestinale. Ainsi, cette formule contribue \u00e0 une bonne qualit\u00e9 des selles. \u00a0 Les croquettes de ROYAL CANIN\u00ae Labrador Retriever Puppy sont con\u00e7ues sur mesure et sp\u00e9cialement adapt\u00e9es pour les chiots Labrador. Leur forme et leur taille facilitent la prise alimentaire et la mastication de votre chiot, tandis que leur texture am\u00e9liore leur palatabilit\u00e9.<\/div>\n<div><\/div>\n<div><strong>\u00a0 \u00a0BENEFICES :<\/strong><\/div>\n<div>\n<ul>\n<li>\n<div>Soutien du syst\u00e8me immunitaire<\/div>\n<div>La croissance est une \u00e9tape essentielle dans la vie de votre chien\u00a0: c\u2019est le moment des grands changements, des d\u00e9couvertes et des nouvelles rencontres. Durant cette p\u00e9riode cl\u00e9, le syst\u00e8me immunitaire du chiot se construit progressivement. ROYAL CANIN\u00ae Labrador Retriever Puppy aide \u00e0 soutenir les d\u00e9fenses naturelles de votre chiot notamment gr\u00e2ce \u00e0 un complexe d\u2019antioxydants comprenant de la vitamine E<strong>.<\/strong><\/div>\n<\/li>\n<li>\n<div>Croissance et poids sains<\/div>\n<div>Contribue au bon d\u00e9veloppement de la structure osseuse du chiot Labrador Retriever en croissance et favorise une prise de poids saine gr\u00e2ce \u00e0 un apport adapt\u00e9 en \u00e9nergie, prot\u00e9ines, calcium et phosphore.<\/div>\n<\/li>\n<li>\n<div>Sant\u00e9 digestive<\/div>\n<div>Combinaison de nutriments avec des prot\u00e9ines de haute qualit\u00e9 (L.I.P.*) et des pr\u00e9biotiques (FOS) pour favoriser la sant\u00e9 digestive et l\u2019\u00e9quilibre de la flore intestinale, contribuant ainsi \u00e0 la bonne qualit\u00e9 des selles. *Prot\u00e9ines s\u00e9lectionn\u00e9es pour leur tr\u00e8s haute digestibilit\u00e9.<\/div>\n<\/li>\n<li>\n<div>Croquette exclusive<\/div>\n<div>La forme, la taille, la texture et la formule de la croquette sont adapt\u00e9es au chiot Labrador Retriever.<\/div>\n<\/li>\n<\/ul>\n<p><strong>INFORMATIONS NUTRITIONELLES :<\/strong><\/p>\n<div>Composition : prot\u00e9ines de volaille d\u00e9shydrat\u00e9es, ma\u00efs, isolat de prot\u00e9ines v\u00e9g\u00e9tales*, riz, farine de ma\u00efs, graisses animales, gluten de ma\u00efs, hydrolysat de prot\u00e9ines animales, farine de bl\u00e9, pulpe de betterave, huile de poisson, sels min\u00e9raux, fibres v\u00e9g\u00e9tales, huile de soja, fructo-oligo-saccharides (0,34 %), t\u00e9guments et graines de psyllium, hydrolysat de levure (source de manno-oligo-saccharides), hydrolysat de crustac\u00e9 (source de glucosamine), huile de bourrache, extraits de levure (source de b\u00eata-glucans), extrait de rose d\u2019inde (source de lut\u00e9ine), hydrolysat de cartilage (source de chondro\u00eftine).<\/div>\n<p>Additifs (au kg)\u00a0: Additifs nutritionnels\u00a0: Vitamine A\u00a0: 26500\u00a0UI, Vitamine D3\u00a0: 800\u00a0UI, Vitamine E\u00a0: 490\u00a0mg\u00a0&#8211; E1 (Fer)\u00a0: 56\u00a0mg, E2 (Iode)\u00a0: 3,6\u00a0mg, E4 (Cuivre)\u00a0: 6\u00a0mg, E5 (Mangan\u00e8se)\u00a0: 41\u00a0mg, E6 (Zinc)\u00a0: 119\u00a0mg, E8 (S\u00e9l\u00e9nium)\u00a0: 0,17\u00a0mg\u00a0&#8211; Additifs technologiques\u00a0: Clinoptilolite d\u2019origine s\u00e9dimentaire\u00a0: 10\u00a0g\u00a0&#8211; Additifs sensoriels\u00a0: Extrait de yucca\u00a0: 125\u00a0mg\u00a0&#8211; Conservateurs\u00a0&#8211; Antioxyg\u00e8nes.<\/p>\n<p>Constituants analytiques : Prot\u00e9ine : 33,0 % &#8211; Teneur en mati\u00e8res grasses : 14,0 % &#8211; Cendres brutes : 6,9 % &#8211; Cellulose brute : 1,7 % &#8211; Calcium : 1,25 % &#8211; Phosphore : 1 %.<\/p>\n<p>*L.I.P. : prot\u00e9ines s\u00e9lectionn\u00e9es pour leur tr\u00e8s haute digestibilit\u00e9.<\/p>\n<p>Mode d\u2019emploi : voir tableau. Num\u00e9ro de lot et d\u2019identifiant usine, \u00e0 utiliser de pr\u00e9f\u00e9rence avant : voir sur l\u2019emballage. \u00c0 conserver dans un endroit sec et frais.<\/p>\n<p><a href=\"https:\/\/wa.me\/212708052510\" target=\"_blank\" rel=\"noopener noreferrer\"><img decoding=\"async\" class=\"fr-fic fr-dib aligncenter\" src=\"https:\/\/cdn.youcan.shop\/stores\/d0742d556df94ddbc7ae4c9810aff04b\/others\/pTMqVBG2i9hx8U1C2tEYLETdCkrtGUr5vInMW018.png\" width=\"307\" height=\"81\" data-name=\"stores\/d0742d556df94ddbc7ae4c9810aff04b\/others\/pTMqVBG2i9hx8U1C2tEYLETdCkrtGUr5vInMW018.png\" \/><\/a><\/p>\n<\/div>\n","protected":false},"excerpt":{"rendered":"<p>Aliment complet pour chiens &#8211; Sp\u00e9cialement con\u00e7u pour un Chiot Labrador Retriever, de 2 \u00e0 15 mois. ROYAL CANIN\u00ae Labrador Retriever Puppy est sp\u00e9cialement formul\u00e9 pour r\u00e9pondre \u00e0 tous les besoins nutritionnels de votre jeune Labrador Retriever et convient aux chiots de moins de 15 mois. Parce que le syst\u00e8me immunitaire de votre chiot se [&#8230;]\n","protected":false},"featured_media":339,"template":"","meta":{"jetpack_publicize_message":"","jetpack_publicize_feature_enabled":true,"jetpack_social_post_already_shared":true,"jetpack_social_options":{"image_generator_settings":{"template":"highway","default_image_id":0,"font":"","enabled":false},"version":2}},"product_brand":[],"product_cat":[26],"product_tag":[],"class_list":{"0":"post-40890","1":"product","2":"type-product","3":"status-publish","4":"has-post-thumbnail","6":"product_cat-croquettes","8":"first","9":"instock","10":"sale","11":"taxable","12":"shipping-taxable","13":"purchasable","14":"product-type-simple"},"supplier_id":5587,"supplier_sku":"","barcode":null,"atum_controlled":true,"out_stock_date":null,"out_stock_threshold":null,"inheritable":false,"inbound_stock":0,"stock_on_hold":0,"sold_today":0,"sales_last_days":0,"reserved_stock":0,"customer_returns":0,"warehouse_damage":0,"lost_in_post":0,"other_logs":0,"out_stock_days":0,"lost_sales":0,"has_location":false,"update_date":"2026-04-28T15:53:44","atum_locations":[],"atum_stock_status":"instock","restock_status":false,"low_stock_amount":4,"sales_update_date":"2026-04-28T15:53:44","calc_backorders":null,"jetpack_publicize_connections":[],"jetpack_sharing_enabled":true,"batches":[{"id":"9148","date_created":"2026-04-28 14:50:06","date_expiry":"2026-11-30 00:00:00","user_id":"2461","batch_number":"RCChiotLebradorRetriever301126","location":"","quantity":"4.0000","quantity_available":"4.0000","units":"1","status":"active","order_ids":null,"supplier":"Royal Canin","po":{"id":"9071","date_created":"2026-04-28 14:50:06","batch_id":"9148","po_number":"","supplier":"Royal Canin","cost":null,"regular_price":null,"sale_price":null,"price_margin":null,"price_discount":null}},{"id":"9149","date_created":"2026-04-28 14:50:06","date_expiry":"2027-02-09 00:00:00","user_id":"2461","batch_number":"RCChiotLebradorRetriever090227","location":"","quantity":"2.0000","quantity_available":"2.0000","units":"1","status":"active","order_ids":null,"supplier":"Royal Canin","po":{"id":"9072","date_created":"2026-04-28 14:50:07","batch_id":"9149","po_number":"","supplier":"Royal Canin","cost":null,"regular_price":null,"sale_price":null,"price_margin":null,"price_discount":null}}],"_links":{"self":[{"href":"https:\/\/petworld.ma\/index.php\/wp-json\/wp\/v2\/product\/40890","targetHints":{"allow":["GET"]}}],"collection":[{"href":"https:\/\/petworld.ma\/index.php\/wp-json\/wp\/v2\/product"}],"about":[{"href":"https:\/\/petworld.ma\/index.php\/wp-json\/wp\/v2\/types\/product"}],"wp:featuredmedia":[{"embeddable":true,"href":"https:\/\/petworld.ma\/index.php\/wp-json\/wp\/v2\/media\/339"}],"wp:attachment":[{"href":"https:\/\/petworld.ma\/index.php\/wp-json\/wp\/v2\/media?parent=40890"}],"wp:term":[{"taxonomy":"product_brand","embeddable":true,"href":"https:\/\/petworld.ma\/index.php\/wp-json\/wp\/v2\/product_brand?post=40890"},{"taxonomy":"product_cat","embeddable":true,"href":"https:\/\/petworld.ma\/index.php\/wp-json\/wp\/v2\/product_cat?post=40890"},{"taxonomy":"product_tag","embeddable":true,"href":"https:\/\/petworld.ma\/index.php\/wp-json\/wp\/v2\/product_tag?post=40890"}],"curies":[{"name":"wp","href":"https:\/\/api.w.org\/{rel}","templated":true}]}}