{"id":40896,"date":"2026-04-28T15:10:04","date_gmt":"2026-04-28T15:10:04","guid":{"rendered":"https:\/\/petworld.ma\/?post_type=product&#038;p=40896"},"modified":"2026-04-28T16:13:01","modified_gmt":"2026-04-28T16:13:01","slug":"royal-canin-labrador-retriever-adulte-12-kg-promo-2","status":"publish","type":"product","link":"https:\/\/petworld.ma\/index.php\/produit\/royal-canin-labrador-retriever-adulte-12-kg-promo-2\/","title":{"rendered":"Royal Canin Labrador Retriever Adulte 12 kg Promo*"},"content":{"rendered":"<div>\n<div>\n<h2>Aliment complet pour chiens \u00a0&#8211; Sp\u00e9cialement con\u00e7u pour Labrador Retriever adulte, \u00e0 partir de 15 mois.<\/h2>\n<\/div>\n<\/div>\n<div>ROYAL CANIN\u00ae Labrador Retriever Adult est sp\u00e9cialement formul\u00e9 pour r\u00e9pondre \u00e0 tous les besoins nutritionnels de votre chien adulte et convient aux Labradors Retrievers \u00e2g\u00e9s de 15 mois et plus. \u00a0 Avec sa teneur adapt\u00e9e en calories et son apport r\u00e9duit en mati\u00e8res grasses, ROYAL CANIN\u00ae Labrador Retriever Adult aide votre chien \u00e0 maintenir son poids de forme. \u00a0 La structure du pelage imperm\u00e9able du Labrador Retriever l\u2019isole du froid. C\u2019est pourquoi il est essentiel de pr\u00e9server la sant\u00e9 de son pelage. ROYAL CANIN\u00ae Labrador Retriever Adult soutient le r\u00f4le de \u00ab barri\u00e8re \u00bb de la peau gr\u00e2ce \u00e0 un complexe exclusif. Gr\u00e2ce \u00e0 l\u2019huile de bourrache et aux autres acides gras essentiels qu\u2019elle contient, cette formule contribue \u00e0 renforcer la sant\u00e9 de la peau et le pelage de votre chien. \u00a0 Athl\u00e8te confirm\u00e9, le Labrador Retriever donne tout ce qu\u2019il a quand il s\u2019agit de faire de l\u2019exercice. La robustesse de son corps et de ses os requiert des nutriments sp\u00e9cifiques pour pr\u00e9server la sant\u00e9 de ses articulations. Gr\u00e2ce \u00e0 cet apport en nutriments sp\u00e9cifiques, dont les acides gras om\u00e9ga-3 EPA et DHA, ROYAL CANIN\u00ae Labrador Retriever Adult contribue activement \u00e0 la sant\u00e9 des os et des articulations. \u00a0 De plus, la texture et la formule des croquettes sont con\u00e7ues sur mesure pour la m\u00e2choire du Labrador Retriever. Leur forme sp\u00e9cialement adapt\u00e9e permet \u00e9galement de r\u00e9duire le taux d\u2019ingestion de nourriture pour aider votre chien \u00e0 maintenir son poids de forme.<\/div>\n<div><\/div>\n<div><strong>\u00a0 \u00a0BENEFICES :\u00a0<\/strong><\/div>\n<div>\n<ul>\n<li>\n<div>Poids de forme<\/div>\n<div>Le Labrador Retriever est connu pour sa tendance \u00e0 prendre du poids. Cette formule aide \u00e0 maintenir le poids de forme du Labrador Retriever gr\u00e2ce \u00e0 une teneur adapt\u00e9e en calories.<\/div>\n<\/li>\n<li>\n<div>Sant\u00e9 des os et des articulations<\/div>\n<div>Cette formule sp\u00e9cifique aide \u00e0 maintenir l\u2019int\u00e9grit\u00e9 des os et des articulations et \u00e0 favoriser le maintien d\u2019un poids id\u00e9al. Enrichie d\u2019EPA et de DHA.<\/div>\n<\/li>\n<li>\n<div>Sant\u00e9 de la peau et du pelage<\/div>\n<div>ROYAL CANIN\u00ae Labrador Retriever Adult aide \u00e0 renforcer le r\u00f4le \u00ab barri\u00e8re \u00bb de la peau (complexe exclusif) et \u00e0 maintenir la sant\u00e9 de la peau et du pelage (EPA et DHA). Enrichi en huile de bourrache.<\/div>\n<\/li>\n<li>\n<div>Croquette de conception exclusive<\/div>\n<div>La texture et la formule de la croquette sont adapt\u00e9es au chien Labrador Retriever, et sa forme exclusive aide \u00e0 r\u00e9duire la vitesse d\u2019ingestion.<\/div>\n<\/li>\n<\/ul>\n<p><strong>\u00a0 \u00a0INFORMATIONS NUTRITIONELLES :<\/strong><\/p>\n<div>Composition : prot\u00e9ines de volaille d\u00e9shydrat\u00e9es, riz, bl\u00e9, ma\u00efs, gluten de ma\u00efs, isolat de prot\u00e9ines v\u00e9g\u00e9tales*, graisses animales, hydrolysat de prot\u00e9ines animales, fibres v\u00e9g\u00e9tales, pulpe de betterave, levures et composants de levures, huile de poisson, huile de soja, sels min\u00e9raux, t\u00e9guments et graines de psyllium, fructo-oligo-saccharides, hydrolysat de crustac\u00e9 (source de glucosamine), huile de bourrache (0,1 %), extrait de rose d\u2019inde (source de lut\u00e9ine), hydrolysat de cartilage (source de chondro\u00eftine).<\/div>\n<p>Additifs (au kg)\u00a0: Additifs nutritionnels\u00a0: Vitamine A\u00a0: 27000\u00a0UI, Vitamine D3\u00a0: 800\u00a0UI, E1 (Fer)\u00a0: 68\u00a0mg, E2 (Iode)\u00a0: 3,9\u00a0mg, E4 (Cuivre)\u00a0: 4\u00a0mg, E5 (Mangan\u00e8se)\u00a0: 41\u00a0mg, E6 (Zinc)\u00a0: 135\u00a0mg, E8 (S\u00e9l\u00e9nium)\u00a0: 0,21\u00a0mg\u00a0&#8211; Additifs technologiques\u00a0: Clinoptilolite d\u2019origine s\u00e9dimentaire\u00a0: 10\u00a0g\u00a0&#8211; Additifs sensoriels\u00a0: Extrait de th\u00e9 (source de polyph\u00e9nols)\u00a0: 150\u00a0mg\u00a0&#8211; Conservateurs\u00a0&#8211; Antioxyg\u00e8nes.<\/p>\n<p>Constituants analytiques : Prot\u00e9ine : 30,0 % &#8211; Teneur en mati\u00e8res grasses : 13,0 % &#8211; Cendres brutes : 6,5 % &#8211; Cellulose brute : 3,5 % &#8211; EPA\/DHA : 4 g\/kg.<\/p>\n<p>*L.I.P. : prot\u00e9ine s\u00e9lectionn\u00e9e pour sa tr\u00e8s haute digestibilit\u00e9.<\/p>\n<p>Mode d\u2019emploi : voir tableau. Num\u00e9ro de lot et d\u2019identifiant usine, \u00e0 utiliser de pr\u00e9f\u00e9rence avant : voir sur l\u2019emballage. \u00c0 conserver dans un endroit sec et frais.<\/p>\n<p><a href=\"https:\/\/wa.me\/212708052510\" target=\"_blank\" rel=\"noopener noreferrer\"><img decoding=\"async\" class=\"fr-fic fr-dib aligncenter\" src=\"https:\/\/cdn.youcan.shop\/stores\/d0742d556df94ddbc7ae4c9810aff04b\/others\/U2AcMULUGiqp1PmlDKuGxK22tbuXGIRioXSoC8bc.png\" width=\"284\" height=\"75\" data-name=\"stores\/d0742d556df94ddbc7ae4c9810aff04b\/others\/U2AcMULUGiqp1PmlDKuGxK22tbuXGIRioXSoC8bc.png\" \/><\/a><\/p>\n<\/div>\n","protected":false},"excerpt":{"rendered":"<p>Aliment complet pour chiens \u00a0&#8211; Sp\u00e9cialement con\u00e7u pour Labrador Retriever adulte, \u00e0 partir de 15 mois. ROYAL CANIN\u00ae Labrador Retriever Adult est sp\u00e9cialement formul\u00e9 pour r\u00e9pondre \u00e0 tous les besoins nutritionnels de votre chien adulte et convient aux Labradors Retrievers \u00e2g\u00e9s de 15 mois et plus. \u00a0 Avec sa teneur adapt\u00e9e en calories et son [&#8230;]\n","protected":false},"featured_media":391,"template":"","meta":{"jetpack_publicize_message":"","jetpack_publicize_feature_enabled":true,"jetpack_social_post_already_shared":true,"jetpack_social_options":{"image_generator_settings":{"template":"highway","default_image_id":0,"font":"","enabled":false},"version":2}},"product_brand":[],"product_cat":[26],"product_tag":[],"class_list":{"0":"post-40896","1":"product","2":"type-product","3":"status-publish","4":"has-post-thumbnail","6":"product_cat-croquettes","8":"first","9":"instock","10":"sale","11":"taxable","12":"shipping-taxable","13":"purchasable","14":"product-type-simple"},"supplier_id":5587,"supplier_sku":"","barcode":null,"atum_controlled":true,"out_stock_date":null,"out_stock_threshold":null,"inheritable":false,"inbound_stock":0,"stock_on_hold":1,"sold_today":1,"sales_last_days":1,"reserved_stock":0,"customer_returns":0,"warehouse_damage":0,"lost_in_post":0,"other_logs":0,"out_stock_days":0,"lost_sales":0,"has_location":false,"update_date":"2026-04-28T17:44:51","atum_locations":[],"atum_stock_status":"instock","restock_status":false,"low_stock_amount":4,"sales_update_date":"2026-04-28T17:44:51","calc_backorders":null,"jetpack_publicize_connections":[],"jetpack_sharing_enabled":true,"batches":[{"id":"9150","date_created":"2026-04-28 15:19:58","date_expiry":"2026-07-23 00:00:00","user_id":"2461","batch_number":"RCLabradorRetriever230726","location":"","quantity":"1.0000","quantity_available":"0.0000","units":"1","status":"archived","order_ids":"[40909]","supplier":"Royal Canin","po":{"id":"9073","date_created":"2026-04-28 15:19:58","batch_id":"9150","po_number":"","supplier":"Royal Canin","cost":null,"regular_price":null,"sale_price":null,"price_margin":null,"price_discount":null}},{"id":"9151","date_created":"2026-04-28 15:19:58","date_expiry":"2026-09-04 00:00:00","user_id":"2461","batch_number":"RCLabradorRetriever040926","location":"","quantity":"2.0000","quantity_available":"2.0000","units":"1","status":"active","order_ids":null,"supplier":"Royal Canin","po":{"id":"9074","date_created":"2026-04-28 15:19:59","batch_id":"9151","po_number":"","supplier":"Royal Canin","cost":null,"regular_price":null,"sale_price":null,"price_margin":null,"price_discount":null}},{"id":"9152","date_created":"2026-04-28 15:19:59","date_expiry":"2026-11-30 00:00:00","user_id":"2461","batch_number":"RCLabradorRetriever301126","location":"","quantity":"1.0000","quantity_available":"1.0000","units":"1","status":"active","order_ids":null,"supplier":"Royal Canin","po":{"id":"9075","date_created":"2026-04-28 15:19:59","batch_id":"9152","po_number":"","supplier":"Royal Canin","cost":null,"regular_price":null,"sale_price":null,"price_margin":null,"price_discount":null}}],"_links":{"self":[{"href":"https:\/\/petworld.ma\/index.php\/wp-json\/wp\/v2\/product\/40896","targetHints":{"allow":["GET"]}}],"collection":[{"href":"https:\/\/petworld.ma\/index.php\/wp-json\/wp\/v2\/product"}],"about":[{"href":"https:\/\/petworld.ma\/index.php\/wp-json\/wp\/v2\/types\/product"}],"wp:featuredmedia":[{"embeddable":true,"href":"https:\/\/petworld.ma\/index.php\/wp-json\/wp\/v2\/media\/391"}],"wp:attachment":[{"href":"https:\/\/petworld.ma\/index.php\/wp-json\/wp\/v2\/media?parent=40896"}],"wp:term":[{"taxonomy":"product_brand","embeddable":true,"href":"https:\/\/petworld.ma\/index.php\/wp-json\/wp\/v2\/product_brand?post=40896"},{"taxonomy":"product_cat","embeddable":true,"href":"https:\/\/petworld.ma\/index.php\/wp-json\/wp\/v2\/product_cat?post=40896"},{"taxonomy":"product_tag","embeddable":true,"href":"https:\/\/petworld.ma\/index.php\/wp-json\/wp\/v2\/product_tag?post=40896"}],"curies":[{"name":"wp","href":"https:\/\/api.w.org\/{rel}","templated":true}]}}