{"id":40901,"date":"2026-04-28T15:49:10","date_gmt":"2026-04-28T15:49:10","guid":{"rendered":"https:\/\/petworld.ma\/?post_type=product&#038;p=40901"},"modified":"2026-04-28T15:57:00","modified_gmt":"2026-04-28T15:57:00","slug":"royal-canin-chiot-golden-retriever-12-kg-promo","status":"publish","type":"product","link":"https:\/\/petworld.ma\/index.php\/produit\/royal-canin-chiot-golden-retriever-12-kg-promo\/","title":{"rendered":"Royal Canin Chiot Golden Retriever 12 Kg Promo*"},"content":{"rendered":"<h2>Aliment complet pour chiens &#8211; Sp\u00e9cialement con\u00e7u pour un Chiot Golden Retriever, de 2 \u00e0 15 mois.<\/h2>\n<div data-gtm-vis-first-on-screen-40760133_376=\"26771\" data-gtm-vis-first-on-screen-40760133_379=\"26770\" data-gtm-vis-has-fired-40760133_376=\"1\" data-gtm-vis-has-fired-40760133_379=\"1\" data-gtm-vis-recent-on-screen-40760133_376=\"26771\" data-gtm-vis-recent-on-screen-40760133_379=\"26769\" data-gtm-vis-total-visible-time-40760133_376=\"500\" data-gtm-vis-total-visible-time-40760133_379=\"500\" data-tms=\"Product description\">\n<div>\n<div>\n<div>\n<div>\n<p>ROYAL CANIN\u00ae Golden Retriever Puppy est sp\u00e9cialement con\u00e7u pour r\u00e9pondre \u00e0 tous les besoins nutritionnels de votre jeune Golden Retriever, et convient aux chiots de moins de 15 mois. Au cours de cette phase cl\u00e9 de croissance, le syst\u00e8me immunitaire de votre chiot se d\u00e9veloppe peu \u00e0 peu : c\u2019est pourquoi ROYAL CANIN\u00ae Golden Retriever Puppy contient un complexe d\u2019antioxydants afin de renforcer les d\u00e9fenses naturelles de votre chiot pour l\u2019aider \u00e0 rester en pleine sant\u00e9 pendant sa croissance. \u00a0 Gr\u00e2ce \u00e0 sa formule exclusive, ROYAL CANIN\u00ae Golden Retriever Puppy pr\u00e9serve la sant\u00e9 de la peau et du pelage de votre jeune chien. Enrichie en acides gras om\u00e9ga-3 EPA et DHA et en huile de bourrache, cette formule contribue notamment \u00e0 renforcer le r\u00f4le de \u00ab barri\u00e8re \u00bb de la peau. \u00a0 Pour favoriser la bonne sant\u00e9 digestive de votre chien, ROYAL CANIN\u00ae Golden Retriever Puppy contient un m\u00e9lange de nutriments sp\u00e9cifiques comprenant des prot\u00e9ines et des pr\u00e9biotiques de haute qualit\u00e9. Ces nutriments agissent pour maintenir le bon \u00e9quilibre de la flore intestinale, ce qui contribue \u00e0 une bonne qualit\u00e9 des selles.<\/p>\n<p><strong>\u00a0 \u00a0 BENEFICES :<\/strong><\/p>\n<div data-gtm-vis-first-on-screen-40760133_376=\"26771\" data-gtm-vis-first-on-screen-40760133_379=\"26770\" data-gtm-vis-has-fired-40760133_376=\"1\" data-gtm-vis-has-fired-40760133_379=\"1\" data-gtm-vis-total-visible-time-40760133_376=\"500\" data-gtm-vis-total-visible-time-40760133_379=\"500\" data-tms=\"Product description\">\n<div>\n<div>\n<div>\n<div>\n<ul>\n<li>\n<div>Soutien du syst\u00e8me immunitaire<\/div>\n<div>La croissance est une \u00e9tape essentielle dans la vie d\u2019un chien\u00a0: c\u2019est le moment des grands changements, des d\u00e9couvertes et des nouvelles rencontres. Durant cette p\u00e9riode cl\u00e9, le syst\u00e8me immunitaire du chiot se construit progressivement. Golden Retriever Puppy aide \u00e0 soutenir les d\u00e9fenses naturelles du chiot notamment gr\u00e2ce \u00e0 un complexe d\u2019antioxydants comprenant de la vitamine E.<\/div>\n<\/li>\n<li>\n<div>Sant\u00e9 de la peau et du pelage<\/div>\n<div>Cette formule aide \u00e0 renforcer le r\u00f4le \u00ab\u00a0barri\u00e8re\u00a0\u00bb de la peau (complexe exclusif) et \u00e0 maintenir la sant\u00e9 de la peau et du pelage (EPA et DHA). Enrichi en huile de bourrache.<\/div>\n<\/li>\n<li>\n<div>Sant\u00e9 digestive<\/div>\n<div>Combinaison de nutriments avec des prot\u00e9ines de haute qualit\u00e9 (L.I.P.*) et des pr\u00e9biotiques (FOS) pour favoriser la sant\u00e9 digestive et l\u2019\u00e9quilibre de la flore intestinale, contribuant ainsi \u00e0 la bonne qualit\u00e9 des selles. *Prot\u00e9ines s\u00e9lectionn\u00e9es pour leur tr\u00e8s haute digestibilit\u00e9.<\/div>\n<\/li>\n<li>\n<div>Croquette exclusive<\/div>\n<div>La forme, la taille, la texture et la formule de la croquette sont adapt\u00e9es au chiot Golden Retriever.<\/div>\n<\/li>\n<\/ul>\n<p><strong>\u00a0 \u00a0 INFORMATIONS NUTRITIONELLES :<\/strong><\/p>\n<div data-gtm-vis-first-on-screen-40760133_376=\"26771\" data-gtm-vis-first-on-screen-40760133_379=\"26770\" data-gtm-vis-has-fired-40760133_376=\"1\" data-gtm-vis-has-fired-40760133_379=\"1\" data-gtm-vis-total-visible-time-40760133_376=\"500\" data-gtm-vis-total-visible-time-40760133_379=\"500\" data-tms=\"Product description\">\n<div>\n<div>\n<div>\n<div>\n<p>\u00a0Composition : Prot\u00e9ines de volaille d\u00e9shydrat\u00e9es, riz, ma\u00efs, isolat de prot\u00e9ines v\u00e9g\u00e9tales*, bl\u00e9, graisses animales, fibres v\u00e9g\u00e9tales, hydrolysat de prot\u00e9ines animales, pulpe de betterave, huile de poisson, sels min\u00e9raux, huile de soja, fructo-oligosaccharides (0,34 %), t\u00e9guments et graines de psyllium, hydrolysat de levure (source de mannan-oligosaccharides), hydrolysat de crustac\u00e9 (source de glucosamine), huile de bourrache (0,1 %), extraits de levure (source de b\u00eata-glucans), extrait de rose d\u2019Inde (source de lut\u00e9ine), hydrolysat de cartilage (source de chondro\u00eftine).<\/p>\n<p>Additifs (au kg) : Additifs nutritionnels : Vitamine A : 26500 UI, Vitamine D3 : \u00a0700 UI, Vitamine E : 780 mg, E1 (Fer) : \u00a038 mg, E2 (Iode) : 3,8 mg, E4 (Cuivre) : \u00a012 mg, E5 (Mangan\u00e8se) : 49 mg, E6 (Zinc) : 130 mg, E8 (S\u00e9l\u00e9nium) : 0,08 mg &#8211; Additifs technologiques : Clinoptilolite d\u2019origine s\u00e9dimentaire : 10 g \u2013 Additifs sensoriels : Extrait de yucca : 125 mg &#8211; Conservateurs &#8211; Antioxyg\u00e8nes.<\/p>\n<p>Constituants analytiques : Prot\u00e9ines : 29.0% &#8211; Teneur en mati\u00e8res grasses : 16.0% &#8211; Cendres brutes : 7.4% &#8211; Cellulose brute : 3.7%.<\/p>\n<p>* L.I.P. : prot\u00e9ines s\u00e9lectionn\u00e9es pour leur tr\u00e8s haute digestibilit\u00e9.<\/p>\n<p>Mode d\u2019emploi : voir tableau. Num\u00e9ro de lot et d\u2019identifiant usine, \u00e0 utiliser de pr\u00e9f\u00e9rence avant : voir sur l\u2019emballage. \u00c0 conserver dans un endroit sec et frais.<\/p>\n<p><strong>\u00a0<\/strong><a href=\"https:\/\/wa.me\/212708052510\" target=\"_blank\" rel=\"noopener noreferrer\"><img decoding=\"async\" class=\"fr-fic fr-dib aligncenter\" src=\"https:\/\/cdn.youcan.shop\/stores\/d0742d556df94ddbc7ae4c9810aff04b\/others\/F1diWCGNpgwLf9oBk1G0gdnfcJzPt7VpOUrauLWi.png\" width=\"299\" height=\"79\" data-name=\"stores\/d0742d556df94ddbc7ae4c9810aff04b\/others\/F1diWCGNpgwLf9oBk1G0gdnfcJzPt7VpOUrauLWi.png\" \/><\/a><\/p>\n<div data-gtm-vis-first-on-screen-40760133_376=\"26771\" data-gtm-vis-first-on-screen-40760133_379=\"26770\" data-gtm-vis-has-fired-40760133_376=\"1\" data-gtm-vis-has-fired-40760133_379=\"1\" data-gtm-vis-total-visible-time-40760133_376=\"500\" data-gtm-vis-total-visible-time-40760133_379=\"500\" data-tms=\"Product description\">\n<div>\n<div>\n<div>\n<div><\/div>\n<\/div>\n<\/div>\n<\/div>\n<\/div>\n<\/div>\n<\/div>\n<\/div>\n<\/div>\n<\/div>\n<\/div>\n<\/div>\n<\/div>\n<\/div>\n<\/div>\n<\/div>\n<\/div>\n<\/div>\n<\/div>\n<\/div>\n","protected":false},"excerpt":{"rendered":"<p>Aliment complet pour chiens &#8211; Sp\u00e9cialement con\u00e7u pour un Chiot Golden Retriever, de 2 \u00e0 15 mois. ROYAL CANIN\u00ae Golden Retriever Puppy est sp\u00e9cialement con\u00e7u pour r\u00e9pondre \u00e0 tous les besoins nutritionnels de votre jeune Golden Retriever, et convient aux chiots de moins de 15 mois. Au cours de cette phase cl\u00e9 de croissance, le [&#8230;]\n","protected":false},"featured_media":330,"template":"","meta":{"jetpack_publicize_message":"","jetpack_publicize_feature_enabled":true,"jetpack_social_post_already_shared":true,"jetpack_social_options":{"image_generator_settings":{"template":"highway","default_image_id":0,"font":"","enabled":false},"version":2}},"product_brand":[],"product_cat":[26],"product_tag":[],"class_list":{"0":"post-40901","1":"product","2":"type-product","3":"status-publish","4":"has-post-thumbnail","6":"product_cat-croquettes","8":"first","9":"instock","10":"sale","11":"taxable","12":"shipping-taxable","13":"purchasable","14":"product-type-simple"},"supplier_id":5587,"supplier_sku":"","barcode":null,"atum_controlled":true,"out_stock_date":null,"out_stock_threshold":null,"inheritable":false,"inbound_stock":0,"stock_on_hold":0,"sold_today":0,"sales_last_days":0,"reserved_stock":0,"customer_returns":0,"warehouse_damage":0,"lost_in_post":0,"other_logs":0,"out_stock_days":0,"lost_sales":0,"has_location":false,"update_date":"2026-04-28T16:50:39","atum_locations":[],"atum_stock_status":"instock","restock_status":false,"low_stock_amount":4,"sales_update_date":"2026-04-28T16:50:39","calc_backorders":null,"jetpack_publicize_connections":[],"jetpack_sharing_enabled":true,"batches":[{"id":"9154","date_created":"2026-04-28 15:56:59","date_expiry":"2026-11-30 00:00:00","user_id":"2461","batch_number":"RCGoldenRetrieverChiot301126","location":"","quantity":"1.0000","quantity_available":"1.0000","units":"1","status":"active","order_ids":null,"supplier":"Royal Canin","po":{"id":"9077","date_created":"2026-04-28 15:57:00","batch_id":"9154","po_number":"","supplier":"Royal Canin","cost":null,"regular_price":null,"sale_price":null,"price_margin":null,"price_discount":null}},{"id":"9155","date_created":"2026-04-28 15:57:00","date_expiry":"2027-01-01 00:00:00","user_id":"2461","batch_number":"RCGoldenRetrieverChiot0127","location":"","quantity":"4.0000","quantity_available":"4.0000","units":"1","status":"active","order_ids":null,"supplier":"Royal Canin","po":{"id":"9078","date_created":"2026-04-28 15:57:00","batch_id":"9155","po_number":"","supplier":"Royal Canin","cost":null,"regular_price":null,"sale_price":null,"price_margin":null,"price_discount":null}}],"_links":{"self":[{"href":"https:\/\/petworld.ma\/index.php\/wp-json\/wp\/v2\/product\/40901","targetHints":{"allow":["GET"]}}],"collection":[{"href":"https:\/\/petworld.ma\/index.php\/wp-json\/wp\/v2\/product"}],"about":[{"href":"https:\/\/petworld.ma\/index.php\/wp-json\/wp\/v2\/types\/product"}],"wp:featuredmedia":[{"embeddable":true,"href":"https:\/\/petworld.ma\/index.php\/wp-json\/wp\/v2\/media\/330"}],"wp:attachment":[{"href":"https:\/\/petworld.ma\/index.php\/wp-json\/wp\/v2\/media?parent=40901"}],"wp:term":[{"taxonomy":"product_brand","embeddable":true,"href":"https:\/\/petworld.ma\/index.php\/wp-json\/wp\/v2\/product_brand?post=40901"},{"taxonomy":"product_cat","embeddable":true,"href":"https:\/\/petworld.ma\/index.php\/wp-json\/wp\/v2\/product_cat?post=40901"},{"taxonomy":"product_tag","embeddable":true,"href":"https:\/\/petworld.ma\/index.php\/wp-json\/wp\/v2\/product_tag?post=40901"}],"curies":[{"name":"wp","href":"https:\/\/api.w.org\/{rel}","templated":true}]}}