{"id":40905,"date":"2026-04-28T15:59:59","date_gmt":"2026-04-28T15:59:59","guid":{"rendered":"https:\/\/petworld.ma\/?post_type=product&#038;p=40905"},"modified":"2026-04-28T16:29:05","modified_gmt":"2026-04-28T16:29:05","slug":"royal-canin-golden-retriever-adulte-12-kg-promo","status":"publish","type":"product","link":"https:\/\/petworld.ma\/index.php\/produit\/royal-canin-golden-retriever-adulte-12-kg-promo\/","title":{"rendered":"Royal Canin Golden Retriever Adulte 12 Kg Promo*"},"content":{"rendered":"<div class=\"product-section description-section\">\n<div class=\"single-description fr-view\">\n<h2>Aliment complet pour chiens \u00a0&#8211; Sp\u00e9cialement con\u00e7u pour Golden Retriever adulte, \u00e0 partir de 15 mois.<\/h2>\n<p>ROYAL CANIN\u00ae Golden Retriever Adult est sp\u00e9cialement formul\u00e9 pour r\u00e9pondre \u00e0 tous les besoins de votre chien Golden Retriever adulte et convient aux chiens de plus de 15 mois. \u00a0 ROYAL CANIN\u00ae Golden Retriever Adult contient des acides gras om\u00e9ga-3, dont l\u2019EPA et le DHA, ainsi que de l\u2019huile de bourrache. Ces nutriments sp\u00e9cifiques contribuent au renforcement de la fonction de \u00ab barri\u00e8re \u00bb cutan\u00e9e qui, \u00e0 son tour, favorise la bonne sant\u00e9 du pelage de votre chien. \u00a0 La formule de ROYAL CANIN\u00ae Golden Retriever Adult, enrichie en acides gras et en taurine, pr\u00e9serve \u00e9galement la fonction cardiaque de votre chien. \u00a0 Gr\u00e2ce \u00e0 sa teneur adapt\u00e9e en calories, ROYAL CANIN\u00ae Golden Retriever Adult permet \u00e0 votre Golden Retriever de conserver son poids de forme. \u00a0 De plus, les croquettes ROYAL CANIN\u00ae Golden Retriever Adult sont con\u00e7ues sur mesure pour le Golden Retriever. Leur forme et leur taille sont sp\u00e9cialement adapt\u00e9es aux pr\u00e9f\u00e9rences de cette race particuli\u00e8re de chiens.<\/p>\n<p><strong>\u00a0 \u00a0BENEFICES :<\/strong><\/p>\n<ul>\n<li>\n<div>Sant\u00e9 de la peau et du pelage<\/div>\n<div>GOLDEN RETRIEVER ADULT aide \u00e0 renforcer le r\u00f4le \u00ab barri\u00e8re \u00bb de la peau (complexe exclusif) et \u00e0 maintenir la sant\u00e9 de la peau et du pelage (EPA et DHA). Enrichi en huile de bourrache.<\/div>\n<\/li>\n<li>\n<div>Fonction cardiaque saine<\/div>\n<div>Cette formule contient des nutriments sp\u00e9cifiques pour aider \u00e0 maintenir la fonction cardiaque en bonne sant\u00e9. Enrichi en taurine et EPA &amp; DHA.<\/div>\n<\/li>\n<li>\n<div>Poids id\u00e9al<\/div>\n<div>Aide \u00e0 maintenir le poids de forme du Golden Retriever gr\u00e2ce \u00e0 son apport mod\u00e9r\u00e9 en calories.<\/div>\n<\/li>\n<li>\n<div>Croquette de conception exclusive<\/div>\n<div>La forme, la taille, la texture et la formule de la croquette sont adapt\u00e9es au Golden Retriever.<\/div>\n<\/li>\n<\/ul>\n<p><strong>\u00a0 \u00a0INFORMATIONS NUTRITIONELLES :\u00a0<\/strong><\/p>\n<div>Composition : prot\u00e9ines de volaille d\u00e9shydrat\u00e9es, ma\u00efs, riz, bl\u00e9, hydrolysat de prot\u00e9ines animales, graisses animales, isolat de prot\u00e9ines v\u00e9g\u00e9tales*, fibres v\u00e9g\u00e9tales, pulpe de betterave, huile de poisson, huile de soja, tomate d\u00e9shydrat\u00e9e, sels min\u00e9raux, fructo-oligosaccharides, t\u00e9guments et graines de psyllium, hydrolysat de crustac\u00e9 (source de glucosamine), huile de bourrache (0,1 %), extrait de rose d\u2019Inde (source de lut\u00e9ine), hydrolysat de cartilage (source de chondro\u00eftine).<\/div>\n<p>Additifs (au kg)\u00a0: Additifs nutritionnels\u00a0: Vitamine A\u00a0: 32000\u00a0UI, Vitamine D3\u00a0: 900\u00a0UI, E1 (Fer)\u00a0: 45\u00a0mg, E2 (Iode)\u00a0: 4,5\u00a0mg, E4 (Cuivre)\u00a0: 14\u00a0mg, E5 (Mangan\u00e8se)\u00a0: 59\u00a0mg, E6 (Zinc)\u00a0: 138\u00a0mg, E8 (S\u00e9l\u00e9nium)\u00a0: 0,1\u00a0mg\u00a0&#8211; Additifs technologiques\u00a0: Clinoptilolite d\u2019origine s\u00e9dimentaire\u00a0: 10\u00a0g\u00a0&#8211; Additifs sensoriels\u00a0: Extrait de th\u00e9 (source de polyph\u00e9nols)\u00a0: 150\u00a0mg\u00a0&#8211; Conservateurs\u00a0&#8211; Antioxyg\u00e8nes.<\/p>\n<p>Constituants analytiques : Prot\u00e9ine : 25,0 % &#8211; Teneur en mati\u00e8res grasses : 13,0 % &#8211; Cendres brutes : 6,0 % &#8211; Cellulose brute : 3,8 % &#8211; Au kg : EPA\/DHA : 4,1 g &#8211; Taurine (totale) : 1,7 g.<\/p>\n<p>*L.I.P. : prot\u00e9ine s\u00e9lectionn\u00e9e pour sa tr\u00e8s haute digestibilit\u00e9.<\/p>\n<p>Mode d\u2019emploi : voir tableau. Num\u00e9ro de lot et d\u2019identifiant usine, \u00e0 utiliser de pr\u00e9f\u00e9rence avant : voir sur l\u2019emballage. \u00c0 conserver dans un endroit sec et frais.<\/p>\n<p><strong>\u00a0 \u00a0RATIONS :<\/strong><\/p>\n<div data-gtm-vis-first-on-screen-40760133_376=\"325167\" data-gtm-vis-first-on-screen-40760133_379=\"325167\" data-gtm-vis-has-fired-40760133_376=\"1\" data-gtm-vis-has-fired-40760133_379=\"1\" data-gtm-vis-total-visible-time-40760133_376=\"500\" data-gtm-vis-total-visible-time-40760133_379=\"500\" data-tms=\"Product description\">\n<div>\n<div>\n<div>\n<div>\n<div>\n<table>\n<thead>\n<tr>\n<th>Poids du chien<\/th>\n<th>Vie \u00e0 l\u2019int\u00e9rieur &#8211; pas d\u2019exercice<\/th>\n<th>Activit\u00e9 normale<\/th>\n<th>Chiens tr\u00e8s actifs<\/th>\n<\/tr>\n<\/thead>\n<tbody>\n<tr>\n<td>&#8211;<\/td>\n<td>Gramme (Dose)<\/td>\n<td>Gramme (Dose)<\/td>\n<td>Gramme (Dose)<\/td>\n<\/tr>\n<tr>\n<td>26 kg<\/td>\n<td>302 g (3+4\/8)<\/td>\n<td>350 g (4)<\/td>\n<td>398 g (4+5\/8)<\/td>\n<\/tr>\n<tr>\n<td>28 kg<\/td>\n<td>320 g (3+6\/8)<\/td>\n<td>370 g (4+2\/8)<\/td>\n<td>420 g (4+7\/8)<\/td>\n<\/tr>\n<tr>\n<td>30 kg<\/td>\n<td>336 g (3+7\/8)<\/td>\n<td>390 g (4+4\/8)<\/td>\n<td>443 g (5+1\/8)<\/td>\n<\/tr>\n<tr>\n<td>32 kg<\/td>\n<td>353 g (3+1\/8)<\/td>\n<td>409 g (4+6\/8)<\/td>\n<td>465 g (5+3\/8)<\/td>\n<\/tr>\n<tr>\n<td>34 kg<\/td>\n<td>370 g (4+2\/8)<\/td>\n<td>428 g (5)<\/td>\n<td>486 g (5+5\/8)<\/td>\n<\/tr>\n<tr>\n<td>36 kg<\/td>\n<td>386 g (4+4\/8)<\/td>\n<td>447 g (5+1\/8)<\/td>\n<td>508 g (5+7\/8)<\/td>\n<\/tr>\n<tr>\n<td>38 kg<\/td>\n<td>402 g (4+5\/8)<\/td>\n<td>465 g (5+3\/8)<\/td>\n<td>529 g (6+1\/8)<\/td>\n<\/tr>\n<tr>\n<td>40 kg<\/td>\n<td>418 g (4+7\/8)<\/td>\n<td>483 g (5+5\/8)<\/td>\n<td>549 g (6+3\/8)<\/td>\n<\/tr>\n<\/tbody>\n<\/table>\n<p><a href=\"https:\/\/wa.me\/212708052510\" target=\"_blank\" rel=\"noopener noreferrer\"><img decoding=\"async\" class=\"fr-fic fr-dib aligncenter\" src=\"https:\/\/cdn.youcan.shop\/stores\/d0742d556df94ddbc7ae4c9810aff04b\/others\/KpqUQ6VidxPPVIlMGRz8LMhdR8caBHaiF8LRa8QV.png\" width=\"300\" height=\"79\" data-name=\"stores\/d0742d556df94ddbc7ae4c9810aff04b\/others\/KpqUQ6VidxPPVIlMGRz8LMhdR8caBHaiF8LRa8QV.png\" \/><\/a><\/p>\n<\/div>\n<\/div>\n<\/div>\n<\/div>\n<\/div>\n<\/div>\n<\/div>\n<\/div>\n<div class=\"product-section add-to-cart-section\">\n<div class=\"quantity\"><\/div>\n<\/div>\n","protected":false},"excerpt":{"rendered":"<p>Aliment complet pour chiens \u00a0&#8211; Sp\u00e9cialement con\u00e7u pour Golden Retriever adulte, \u00e0 partir de 15 mois. ROYAL CANIN\u00ae Golden Retriever Adult est sp\u00e9cialement formul\u00e9 pour r\u00e9pondre \u00e0 tous les besoins de votre chien Golden Retriever adulte et convient aux chiens de plus de 15 mois. \u00a0 ROYAL CANIN\u00ae Golden Retriever Adult contient des acides gras [&#8230;]\n","protected":false},"featured_media":374,"template":"","meta":{"jetpack_publicize_message":"","jetpack_publicize_feature_enabled":true,"jetpack_social_post_already_shared":true,"jetpack_social_options":{"image_generator_settings":{"template":"highway","default_image_id":0,"font":"","enabled":false},"version":2}},"product_brand":[],"product_cat":[26],"product_tag":[],"class_list":{"0":"post-40905","1":"product","2":"type-product","3":"status-publish","4":"has-post-thumbnail","6":"product_cat-croquettes","8":"first","9":"instock","10":"sale","11":"taxable","12":"shipping-taxable","13":"purchasable","14":"product-type-simple"},"supplier_id":5587,"supplier_sku":"","barcode":null,"atum_controlled":true,"out_stock_date":null,"out_stock_threshold":null,"inheritable":false,"inbound_stock":0,"stock_on_hold":0,"sold_today":0,"sales_last_days":0,"reserved_stock":0,"customer_returns":0,"warehouse_damage":0,"lost_in_post":0,"other_logs":0,"out_stock_days":0,"lost_sales":0,"has_location":false,"update_date":"2026-04-28T16:50:39","atum_locations":[],"atum_stock_status":"instock","restock_status":false,"low_stock_amount":4,"sales_update_date":"2026-04-28T16:50:39","calc_backorders":null,"jetpack_publicize_connections":[],"jetpack_sharing_enabled":true,"batches":[{"id":"9156","date_created":"2026-04-28 16:26:46","date_expiry":"2027-02-07 00:00:00","user_id":"2461","batch_number":"RCGoldenRetrieverAdult070227","location":"","quantity":"3.0000","quantity_available":"3.0000","units":"1","status":"active","order_ids":null,"supplier":"Royal Canin","po":{"id":"9080","date_created":"2026-04-28 16:26:46","batch_id":"9156","po_number":"","supplier":"Royal Canin","cost":null,"regular_price":null,"sale_price":null,"price_margin":null,"price_discount":null}},{"id":"9157","date_created":"2026-04-28 16:26:47","date_expiry":"2026-10-30 00:00:00","user_id":"2461","batch_number":"RCGoldenRetrieverAdult301026","location":"","quantity":"1.0000","quantity_available":"1.0000","units":"1","status":"active","order_ids":null,"supplier":"Royal Canin","po":{"id":"9081","date_created":"2026-04-28 16:26:47","batch_id":"9157","po_number":"","supplier":"Royal Canin","cost":null,"regular_price":null,"sale_price":null,"price_margin":null,"price_discount":null}},{"id":"9158","date_created":"2026-04-28 16:26:47","date_expiry":"2026-09-04 00:00:00","user_id":"2461","batch_number":"RCGoldenRetrieverAdult040926","location":"","quantity":"1.0000","quantity_available":"1.0000","units":"1","status":"active","order_ids":null,"supplier":"Royal Canin","po":{"id":"9082","date_created":"2026-04-28 16:26:48","batch_id":"9158","po_number":"","supplier":"Royal Canin","cost":null,"regular_price":null,"sale_price":null,"price_margin":null,"price_discount":null}}],"_links":{"self":[{"href":"https:\/\/petworld.ma\/index.php\/wp-json\/wp\/v2\/product\/40905","targetHints":{"allow":["GET"]}}],"collection":[{"href":"https:\/\/petworld.ma\/index.php\/wp-json\/wp\/v2\/product"}],"about":[{"href":"https:\/\/petworld.ma\/index.php\/wp-json\/wp\/v2\/types\/product"}],"wp:featuredmedia":[{"embeddable":true,"href":"https:\/\/petworld.ma\/index.php\/wp-json\/wp\/v2\/media\/374"}],"wp:attachment":[{"href":"https:\/\/petworld.ma\/index.php\/wp-json\/wp\/v2\/media?parent=40905"}],"wp:term":[{"taxonomy":"product_brand","embeddable":true,"href":"https:\/\/petworld.ma\/index.php\/wp-json\/wp\/v2\/product_brand?post=40905"},{"taxonomy":"product_cat","embeddable":true,"href":"https:\/\/petworld.ma\/index.php\/wp-json\/wp\/v2\/product_cat?post=40905"},{"taxonomy":"product_tag","embeddable":true,"href":"https:\/\/petworld.ma\/index.php\/wp-json\/wp\/v2\/product_tag?post=40905"}],"curies":[{"name":"wp","href":"https:\/\/api.w.org\/{rel}","templated":true}]}}