{"id":40910,"date":"2026-04-28T16:31:24","date_gmt":"2026-04-28T16:31:24","guid":{"rendered":"https:\/\/petworld.ma\/?post_type=product&#038;p=40910"},"modified":"2026-04-28T16:37:11","modified_gmt":"2026-04-28T16:37:11","slug":"royal-canin-baby-dog-milk-400-g-promo-2","status":"publish","type":"product","link":"https:\/\/petworld.ma\/index.php\/produit\/royal-canin-baby-dog-milk-400-g-promo-2\/","title":{"rendered":"Royal Canin Baby Dog Milk 400 G Promo*"},"content":{"rendered":"<h3>Le lait Babydog Milk est formul\u00e9 pour les chiots, de la naissance au sevrage (0 \u00e0 4 mois).<\/h3>\n<h3>Les avantages :<\/h3>\n<div>\n<div>\n<p>Pour assurer une croissance continue et harmonieuse, la composition du lait Babydog Milk ressemble autant que possible au lait maternel, avec une teneur \u00e9lev\u00e9e en \u00e9nergie et en prot\u00e9ines.<\/p>\n<\/div>\n<\/div>\n<div>\n<div>\n<p>Le lait Babydog Milk contient des prot\u00e9ines hautement digestibles s\u00e9lectionn\u00e9es avec soin et une teneur en lactose tr\u00e8s similaire \u00e0 celle du lait maternel. Comme il ne contient pas d&rsquo;amidon, ce lait convient particuli\u00e8rement bien au syst\u00e8me digestif du chiot (le chiot ne s\u00e9cr\u00e8te pas assez d&rsquo;amylase pour dig\u00e9rer l&rsquo;amidon). L&rsquo;ajout de fructooligosaccharides (FOS) aide \u00e0 maintenir un \u00e9quilibre sain de la flore digestive.<\/p>\n<\/div>\n<\/div>\n<div>\n<div>\n<p>Pour assurer une croissance continue et harmonieuse, la composition du lait Babydog Milk ressemble autant que possible au lait maternel, avec une teneur \u00e9lev\u00e9e en \u00e9nergie et en prot\u00e9ines.<\/p>\n<\/div>\n<\/div>\n<div>\n<div>\n<p>Le syst\u00e8me nerveux du chiot continue de se d\u00e9velopper apr\u00e8s la naissance. L\u2019ADH naturellement pr\u00e9sent dans le lait maternel aide au d\u00e9veloppement des fonctions cognitives. Le lait Babydog Milk est enrichi d\u2019ADH.<\/p>\n<\/div>\n<\/div>\n<div>\n<div>\n<p>Apport nutritionnel complet et \u00e9quilibr\u00e9 \u00e0 100 %.<\/p>\n<p><a href=\"https:\/\/wa.me\/212708052510\" target=\"_blank\" rel=\"noopener noreferrer\"><img decoding=\"async\" class=\"fr-fic fr-dib aligncenter\" src=\"https:\/\/cdn.youcan.shop\/stores\/d0742d556df94ddbc7ae4c9810aff04b\/others\/wJMgjXgfDJAruHJHuo6NHDSJxiXbaEfqr3FF9yQ8.png\" width=\"337\" height=\"89\" data-name=\"stores\/d0742d556df94ddbc7ae4c9810aff04b\/others\/wJMgjXgfDJAruHJHuo6NHDSJxiXbaEfqr3FF9yQ8.png\" \/><\/a><\/p>\n<\/div>\n<\/div>\n","protected":false},"excerpt":{"rendered":"<p>Le lait Babydog Milk est formul\u00e9 pour les chiots, de la naissance au sevrage (0 \u00e0 4 mois). Les avantages : Pour assurer une croissance continue et harmonieuse, la composition du lait Babydog Milk ressemble autant que possible au lait maternel, avec une teneur \u00e9lev\u00e9e en \u00e9nergie et en prot\u00e9ines. Le lait Babydog Milk contient [&#8230;]\n","protected":false},"featured_media":5382,"template":"","meta":{"jetpack_publicize_message":"","jetpack_publicize_feature_enabled":true,"jetpack_social_post_already_shared":true,"jetpack_social_options":{"image_generator_settings":{"template":"highway","default_image_id":0,"font":"","enabled":false},"version":2}},"product_brand":[],"product_cat":[221],"product_tag":[],"class_list":{"0":"post-40910","1":"product","2":"type-product","3":"status-publish","4":"has-post-thumbnail","6":"product_cat-lait-maternel-aliments-pour-chiens","8":"first","9":"instock","10":"sale","11":"taxable","12":"shipping-taxable","13":"purchasable","14":"product-type-simple"},"supplier_id":5587,"supplier_sku":"","barcode":null,"atum_controlled":true,"out_stock_date":null,"out_stock_threshold":null,"inheritable":false,"inbound_stock":0,"stock_on_hold":0,"sold_today":0,"sales_last_days":0,"reserved_stock":0,"customer_returns":0,"warehouse_damage":0,"lost_in_post":0,"other_logs":0,"out_stock_days":0,"lost_sales":0,"has_location":false,"update_date":"2026-04-28T16:50:39","atum_locations":[],"atum_stock_status":"instock","restock_status":false,"low_stock_amount":10,"sales_update_date":"2026-04-28T16:50:39","calc_backorders":null,"jetpack_publicize_connections":[],"jetpack_sharing_enabled":true,"batches":[{"id":"9159","date_created":"2026-04-28 16:37:09","date_expiry":"2026-08-20 00:00:00","user_id":"2461","batch_number":"BabyDogMilk200826","location":"","quantity":"2.0000","quantity_available":"2.0000","units":"1","status":"active","order_ids":null,"supplier":"Royal Canin","po":{"id":"9083","date_created":"2026-04-28 16:37:09","batch_id":"9159","po_number":"","supplier":"Royal Canin","cost":null,"regular_price":null,"sale_price":null,"price_margin":null,"price_discount":null}},{"id":"9160","date_created":"2026-04-28 16:37:09","date_expiry":"2026-10-24 00:00:00","user_id":"2461","batch_number":"BabyDogMilk241026","location":"","quantity":"7.0000","quantity_available":"7.0000","units":"1","status":"active","order_ids":null,"supplier":"Royal Canin","po":{"id":"9084","date_created":"2026-04-28 16:37:10","batch_id":"9160","po_number":"","supplier":"Royal Canin","cost":null,"regular_price":null,"sale_price":null,"price_margin":null,"price_discount":null}},{"id":"9161","date_created":"2026-04-28 16:37:10","date_expiry":"2026-12-24 00:00:00","user_id":"2461","batch_number":"BabyDogMilk241226","location":"","quantity":"2.0000","quantity_available":"2.0000","units":"1","status":"active","order_ids":null,"supplier":"Royal Canin","po":{"id":"9085","date_created":"2026-04-28 16:37:10","batch_id":"9161","po_number":"","supplier":"Royal Canin","cost":null,"regular_price":null,"sale_price":null,"price_margin":null,"price_discount":null}}],"_links":{"self":[{"href":"https:\/\/petworld.ma\/index.php\/wp-json\/wp\/v2\/product\/40910","targetHints":{"allow":["GET"]}}],"collection":[{"href":"https:\/\/petworld.ma\/index.php\/wp-json\/wp\/v2\/product"}],"about":[{"href":"https:\/\/petworld.ma\/index.php\/wp-json\/wp\/v2\/types\/product"}],"wp:featuredmedia":[{"embeddable":true,"href":"https:\/\/petworld.ma\/index.php\/wp-json\/wp\/v2\/media\/5382"}],"wp:attachment":[{"href":"https:\/\/petworld.ma\/index.php\/wp-json\/wp\/v2\/media?parent=40910"}],"wp:term":[{"taxonomy":"product_brand","embeddable":true,"href":"https:\/\/petworld.ma\/index.php\/wp-json\/wp\/v2\/product_brand?post=40910"},{"taxonomy":"product_cat","embeddable":true,"href":"https:\/\/petworld.ma\/index.php\/wp-json\/wp\/v2\/product_cat?post=40910"},{"taxonomy":"product_tag","embeddable":true,"href":"https:\/\/petworld.ma\/index.php\/wp-json\/wp\/v2\/product_tag?post=40910"}],"curies":[{"name":"wp","href":"https:\/\/api.w.org\/{rel}","templated":true}]}}