{"id":40914,"date":"2026-04-28T16:47:36","date_gmt":"2026-04-28T16:47:36","guid":{"rendered":"https:\/\/petworld.ma\/?post_type=product&#038;p=40914"},"modified":"2026-04-28T16:50:30","modified_gmt":"2026-04-28T16:50:30","slug":"royal-canin-mini-adulte-sauce-85g-promo","status":"publish","type":"product","link":"https:\/\/petworld.ma\/index.php\/produit\/royal-canin-mini-adulte-sauce-85g-promo\/","title":{"rendered":"Royal Canin Mini Adulte Sauce &#8211; 85g Promo*"},"content":{"rendered":"<div class=\"row details collapsible-xl active mb-3 \">\n<div class=\"col-12\">\n<div class=\"product-content__title\">\n<p class=\"product-content__title-text c-text c-text--size-m c-text--style-p c-text--bold\">Un chien adulte de petite race a un m\u00e9tabolisme particuli\u00e8rement rapide et d\u00e9pense plus d&rsquo;\u00e9nergie qu&rsquo;un grand chien. Pour que l&rsquo;animal soit constamment en bonne sant\u00e9, il lui faut une nourriture qui couvre ses besoins nutritionnels telle que les <strong>p\u00e2t\u00e9es pour chien<\/strong>\u00a0Royal Canin Mini Adult. \u00e9labor\u00e9e avec des ingr\u00e9dients de qualit\u00e9, cette formule apporte tous les nutriments n\u00e9cessaires au bon fonctionnement de l&rsquo;organisme.<\/p>\n<\/div>\n<div class=\"product-content__content c-text c-text--size-s c-text--style-p\">\n<h3>Caract\u00e9ristiques essentielles des p\u00e2t\u00e9es Royal Canin Mini Adult pour chien<\/h3>\n<p>Les\u00a0<strong>bouch\u00e9es en sauce pour chien<\/strong>\u00a0Royal Canin Mini Adult sont formul\u00e9es pour aider votre animal de compagnie \u00e0 rester en pleine forme. Leur teneur en \u00e9nergie a \u00e9t\u00e9 \u00e9quilibr\u00e9e afin que l&rsquo;animal garde son poids de forme. Cette recette favorise \u00e9galement l&rsquo;hygi\u00e8ne bucco-dentaire de votre animal. En effet, elle contient des composants sp\u00e9cifiques qui limitent la formation de la plaque dentaire et du tartre.<\/p>\n<p>Ces\u00a0<strong>p\u00e2t\u00e9es pour chien<\/strong>\u00a0renferment aussi des ingr\u00e9dients b\u00e9n\u00e9fiques pour la sant\u00e9 de la peau et la beaut\u00e9 du pelage. Leur taille et leur forme conviennent aux m\u00e2choires des chiens adultes de petite race, de 10 mois \u00e0 8 ans et pesant 10 kg ou moins.<\/p>\n<p>Il est conseill\u00e9 de bien respecter la ration quotidienne \u00e0 donner \u00e0 votre chien. Pour que l&rsquo;animal puisse s&rsquo;hydrater correctement, il faut toujours laisser un bol d&rsquo;eau \u00e0 sa disposition.<\/p>\n<\/div>\n<\/div>\n<\/div>\n<div class=\"row details collapsible-xl mb-3 active\"><\/div>\n","protected":false},"excerpt":{"rendered":"<div class=\"short-description__container\">\n<div id=\"collapsible-description-1\" class=\"short-description col-sm-12 value content\">Aliment Chien de petite taille. Poids adulte de moins de 10 kg \u00e0 partir de 10 mois. Soutien du syst\u00e8me immunitaire, sant\u00e9 digestive, contenu \u00e9nerg\u00e9tique intense.<\/div>\n<\/div>\n","protected":false},"featured_media":7316,"template":"","meta":{"jetpack_publicize_message":"","jetpack_publicize_feature_enabled":true,"jetpack_social_post_already_shared":true,"jetpack_social_options":{"image_generator_settings":{"template":"highway","default_image_id":0,"font":"","enabled":false},"version":2}},"product_brand":[],"product_cat":[26,39],"product_tag":[146],"class_list":{"0":"post-40914","1":"product","2":"type-product","3":"status-publish","4":"has-post-thumbnail","6":"product_cat-croquettes","7":"product_cat-friandises-et-pates-pour-chien","8":"product_tag-3-2-1","10":"first","11":"instock","12":"sale","13":"taxable","14":"shipping-taxable","15":"purchasable","16":"product-type-simple"},"supplier_id":5587,"supplier_sku":"","barcode":null,"atum_controlled":true,"out_stock_date":null,"out_stock_threshold":null,"inheritable":false,"inbound_stock":0,"stock_on_hold":0,"sold_today":0,"sales_last_days":0,"reserved_stock":0,"customer_returns":0,"warehouse_damage":0,"lost_in_post":0,"other_logs":0,"out_stock_days":0,"lost_sales":0,"has_location":false,"update_date":"2026-04-28T16:50:38","atum_locations":[],"atum_stock_status":"instock","restock_status":false,"low_stock_amount":24,"sales_update_date":"2026-04-28T16:50:38","calc_backorders":null,"jetpack_publicize_connections":[],"jetpack_sharing_enabled":true,"batches":[{"id":"9163","date_created":"2026-04-28 16:50:29","date_expiry":"2027-09-30 00:00:00","user_id":"2461","batch_number":"RCPochonMiniAD85gr300927","location":"","quantity":"36.0000","quantity_available":"36.0000","units":"1","status":"active","order_ids":null,"supplier":"Royal Canin","po":{"id":"9087","date_created":"2026-04-28 16:50:29","batch_id":"9163","po_number":"","supplier":"Royal Canin","cost":null,"regular_price":null,"sale_price":null,"price_margin":null,"price_discount":null}}],"_links":{"self":[{"href":"https:\/\/petworld.ma\/index.php\/wp-json\/wp\/v2\/product\/40914","targetHints":{"allow":["GET"]}}],"collection":[{"href":"https:\/\/petworld.ma\/index.php\/wp-json\/wp\/v2\/product"}],"about":[{"href":"https:\/\/petworld.ma\/index.php\/wp-json\/wp\/v2\/types\/product"}],"wp:featuredmedia":[{"embeddable":true,"href":"https:\/\/petworld.ma\/index.php\/wp-json\/wp\/v2\/media\/7316"}],"wp:attachment":[{"href":"https:\/\/petworld.ma\/index.php\/wp-json\/wp\/v2\/media?parent=40914"}],"wp:term":[{"taxonomy":"product_brand","embeddable":true,"href":"https:\/\/petworld.ma\/index.php\/wp-json\/wp\/v2\/product_brand?post=40914"},{"taxonomy":"product_cat","embeddable":true,"href":"https:\/\/petworld.ma\/index.php\/wp-json\/wp\/v2\/product_cat?post=40914"},{"taxonomy":"product_tag","embeddable":true,"href":"https:\/\/petworld.ma\/index.php\/wp-json\/wp\/v2\/product_tag?post=40914"}],"curies":[{"name":"wp","href":"https:\/\/api.w.org\/{rel}","templated":true}]}}