{"id":40926,"date":"2026-04-28T17:44:22","date_gmt":"2026-04-28T17:44:22","guid":{"rendered":"https:\/\/petworld.ma\/?post_type=product&#038;p=40926"},"modified":"2026-04-28T18:01:23","modified_gmt":"2026-04-28T18:01:23","slug":"royal-canin-mother-babycat-2-kg-4-kg-promo","status":"publish","type":"product","link":"https:\/\/petworld.ma\/index.php\/produit\/royal-canin-mother-babycat-2-kg-4-kg-promo\/","title":{"rendered":"Royal Canin Mother Babycat 2 kg | 4 kg Promo*"},"content":{"rendered":"<div class=\"product-section description-section\">\n<div class=\"single-description fr-view\">\n<div data-gtm-vis-first-on-screen-40760133_376=\"167429\" data-gtm-vis-first-on-screen-40760133_379=\"167429\" data-gtm-vis-first-on-screen-40760133_511=\"167428\" data-gtm-vis-first-on-screen-40760133_515=\"167428\" data-gtm-vis-has-fired-40760133_376=\"1\" data-gtm-vis-has-fired-40760133_379=\"1\" data-gtm-vis-has-fired-40760133_511=\"1\" data-gtm-vis-has-fired-40760133_515=\"1\" data-gtm-vis-total-visible-time-40760133_376=\"500\" data-gtm-vis-total-visible-time-40760133_379=\"500\" data-gtm-vis-total-visible-time-40760133_511=\"500\" data-gtm-vis-total-visible-time-40760133_515=\"500\" data-tms=\"Product description\">\n<div>\n<div>\n<div>\n<div>\n<div>\n<h3>Description :<\/h3>\n<p>Si votre chatte est gestante ou qu\u2019elle vient de mettre bas, il est important qu\u2019elle et ses chatons b\u00e9n\u00e9ficient du soutien nutritionnel n\u00e9cessaire pour garantir que la m\u00e8re reste en bonne sant\u00e9 et offrir le meilleur d\u00e9part possible aux chatons. \u00a0 \u00a0ROYAL CANIN\u00ae Mother &amp; Babycat est con\u00e7u pour r\u00e9pondre aux besoins de la m\u00e8re et de ses chatons. \u00a0 Adapt\u00e9 aux chattes gestantes ou allaitantes ainsi qu\u2019aux chatons \u00e2g\u00e9s de 1 \u00e0 4 mois, cet aliment contient un complexe d\u2019antioxydants contribuant au renforcement des d\u00e9fenses naturelles des chatons. La texture adapt\u00e9e des croquettes permet aux chatons de les m\u00e2cher et de les avaler facilement, ce qui les aide \u00e0 s\u2019habituer aux aliments solides. \u00a0 ROYAL CANIN\u00ae Mother &amp; Babycat est sp\u00e9cialement formul\u00e9 pour am\u00e9liorer la tol\u00e9rance digestive en r\u00e9duisant la quantit\u00e9 d\u2019\u00e9l\u00e9ments nutritifs non dig\u00e9r\u00e9s. Il est enrichi en DHA, un acide gras om\u00e9ga-3 naturel qui favorise le d\u00e9veloppement g\u00e9n\u00e9ral du cerveau de votre chaton. \u00a0 Pour r\u00e9pondre aux pr\u00e9f\u00e9rences individuelles de chaque chat, la nourriture ROYAL CANIN\u00ae Mother &amp; Babycat est \u00e9galement disponible sous forme de tendre mousse. Si vous envisagez une alimentation mixte, suivez simplement nos instructions pour vous assurer que votre chat re\u00e7oit une quantit\u00e9 ad\u00e9quate d\u2019aliments secs et humides pour un b\u00e9n\u00e9fice optimal.<\/p>\n<h3>\u00a0 BENEFICES :<\/h3>\n<\/div>\n<\/div>\n<\/div>\n<\/div>\n<\/div>\n<\/div>\n<div>\n<ul>\n<li>\n<div>Soutien du syst\u00e8me immunitaire<\/div>\n<div>Entre 4 et 12 semaines apr\u00e8s la naissance, l\u2019immunit\u00e9 naturellement transmise par le colostrum de la m\u00e8re diminue progressivement. ROYAL CANIN\u00ae Mother &amp; Babycat aide \u00e0 soutenir les d\u00e9fenses naturelles du chaton 1er \u00e2ge notamment gr\u00e2ce \u00e0 un complexe d\u2019antioxydants comprenant de la vitamine E.<\/div>\n<\/li>\n<li>\n<div>Sp\u00e9cial sevrage facile<\/div>\n<div>Croquette adapt\u00e9e qui peut \u00eatre facilement r\u00e9hydrat\u00e9e pour faciliter la transition du lait vers l\u2019aliment solide.<\/div>\n<\/li>\n<li>\n<div>Sant\u00e9 digestive<\/div>\n<div>Tol\u00e9rance digestive renforc\u00e9e gr\u00e2ce \u00e0 des prot\u00e9ines hautement digestibles (L.I.P.*) et \u00e0 des pr\u00e9biotiques (dont FOS). *Prot\u00e9ines s\u00e9lectionn\u00e9es pour leur tr\u00e8s haute digestibilit\u00e9.<\/div>\n<\/li>\n<li>\n<div>Enrichi en DHA<\/div>\n<div>Le DHA aide \u00e0 soutenir le d\u00e9veloppement c\u00e9r\u00e9bral du chaton pendant la gestation et la lactation.<\/div>\n<\/li>\n<\/ul>\n<h3>\u00a0INFORMATIONS NUTRITIONELLES :<\/h3>\n<div>Additifs (au kg) : Additifs nutritionnels : Vitamine A : 25500 UI, Vitamine D3 : 1000 UI, Vitamine E : 600 mg, E1 (Fer) : 31,8 mg, E2 (Iode) : 3,2 mg, E4 (Cuivre) : 9,8 mg, E5 (Mangan\u00e8se) : 41,4 mg, E6 (Zinc) : 118,1 mg, E8 (S\u00e9l\u00e9nium) : 0,04 mg &#8211; Additifs technologiques : Clinoptilolite d\u2019origine s\u00e9dimentaire : 5 g &#8211; Conservateurs &#8211; Antioxyg\u00e8nes.<\/div>\n<div>Constituants analytiques : Prot\u00e9ine : 34 % &#8211; Mati\u00e8res grasses brutes : 25 % &#8211; Cendres brutes : 7,4 % &#8211; Cellulose brute : 1,9 % &#8211; DHA : 1,87 g\/kg.<\/div>\n<div>Composition : prot\u00e9ines de volaille d\u00e9shydrat\u00e9es, graisses animales, farine de ma\u00efs, riz, isolat de prot\u00e9ines v\u00e9g\u00e9tales*, hydrolysat de prot\u00e9ines animales, levures et composants de levures, huile de poisson, pulpe de betterave, fibres v\u00e9g\u00e9tales, huile de soja, sels min\u00e9raux, fructo-oligosaccharides (0,35\u00a0%), hydrolysat de levure (source de mannan-oligosaccharides), extraits de levure (source de b\u00eata-glucans), extrait de rose d\u2019Inde (source de lut\u00e9ine).<\/div>\n<p>Mode d\u2019emploi : voir tableau. Num\u00e9ro de lot et d\u2019identifiant usine, \u00e0 utiliser de pr\u00e9f\u00e9rence avant : voir sur l\u2019emballage. \u00c0 conserver dans un endroit sec et frais.<\/p>\n<h3>\u00a0RATIONS :<\/h3>\n<div>\n<table>\n<thead>\n<tr>\n<th>\u00c2ge du chaton (mois)<\/th>\n<th>Poids du chaton (en kg)<\/th>\n<th>Aliment sec<\/th>\n<th>Alimentation mixte<\/th>\n<\/tr>\n<\/thead>\n<tbody>\n<tr>\n<td>1 m<\/td>\n<td>0.4 kg<\/td>\n<td>26 g<\/td>\n<td>3 g + 1\/2 sachet<\/td>\n<\/tr>\n<tr>\n<td>2 m<\/td>\n<td>1 kg<\/td>\n<td>45 g<\/td>\n<td>22 g + 1\/2 sachet<\/td>\n<\/tr>\n<tr>\n<td>3 m<\/td>\n<td>1.3 kg<\/td>\n<td>57 g<\/td>\n<td>10 g + 1 sachet<\/td>\n<\/tr>\n<tr>\n<td>4 m<\/td>\n<td>2 kg<\/td>\n<td>61 g<\/td>\n<td>15 g + 1 sachet<\/td>\n<\/tr>\n<tr>\n<td>Chatte gestante<\/td>\n<td>4 kg<\/td>\n<td>62 &#8211; 96 g<\/td>\n<td>16 &#8211; 50 g + 1 sachet<\/td>\n<\/tr>\n<\/tbody>\n<\/table>\n<p><a href=\"https:\/\/wa.me\/212708052510\" target=\"_blank\" rel=\"noopener noreferrer\"><img decoding=\"async\" class=\"fr-fic fr-dib aligncenter\" src=\"https:\/\/cdn.youcan.shop\/stores\/d0742d556df94ddbc7ae4c9810aff04b\/others\/RzTCYR0FIzjVHbJMj4sf919lvxdWLBOhsK953EWO.png\" width=\"292\" height=\"77\" data-name=\"stores\/d0742d556df94ddbc7ae4c9810aff04b\/others\/RzTCYR0FIzjVHbJMj4sf919lvxdWLBOhsK953EWO.png\" \/><\/a><\/p>\n<\/div>\n<\/div>\n<\/div>\n<\/div>\n<div class=\"product-section add-to-cart-section\">\n<div class=\"quantity\"><\/div>\n<\/div>\n","protected":false},"excerpt":{"rendered":"<p>Description : Si votre chatte est gestante ou qu\u2019elle vient de mettre bas, il est important qu\u2019elle et ses chatons b\u00e9n\u00e9ficient du soutien nutritionnel n\u00e9cessaire pour garantir que la m\u00e8re reste en bonne sant\u00e9 et offrir le meilleur d\u00e9part possible aux chatons. \u00a0 \u00a0ROYAL CANIN\u00ae Mother &amp; Babycat est con\u00e7u pour r\u00e9pondre aux besoins de [&#8230;]\n","protected":false},"featured_media":811,"template":"","meta":{"jetpack_publicize_message":"","jetpack_publicize_feature_enabled":true,"jetpack_social_post_already_shared":true,"jetpack_social_options":{"image_generator_settings":{"template":"highway","default_image_id":0,"font":"","enabled":false},"version":2}},"product_brand":[],"product_cat":[40],"product_tag":[],"class_list":{"0":"post-40926","1":"product","2":"type-product","3":"status-publish","4":"has-post-thumbnail","6":"product_cat-coquettes-pour-chat","8":"first","9":"instock","10":"sale","11":"taxable","12":"shipping-taxable","13":"purchasable","14":"product-type-variable"},"supplier_id":null,"supplier_sku":"","barcode":null,"atum_controlled":true,"out_stock_date":null,"out_stock_threshold":null,"inheritable":true,"inbound_stock":null,"stock_on_hold":null,"sold_today":null,"sales_last_days":null,"reserved_stock":null,"customer_returns":null,"warehouse_damage":null,"lost_in_post":null,"other_logs":null,"out_stock_days":null,"lost_sales":null,"has_location":false,"update_date":"2026-04-28T18:01:23","atum_locations":[],"atum_stock_status":"instock","restock_status":false,"low_stock_amount":"","sales_update_date":"2026-04-28T17:43:34","calc_backorders":null,"jetpack_publicize_connections":[],"jetpack_sharing_enabled":true,"batches":[],"_links":{"self":[{"href":"https:\/\/petworld.ma\/index.php\/wp-json\/wp\/v2\/product\/40926","targetHints":{"allow":["GET"]}}],"collection":[{"href":"https:\/\/petworld.ma\/index.php\/wp-json\/wp\/v2\/product"}],"about":[{"href":"https:\/\/petworld.ma\/index.php\/wp-json\/wp\/v2\/types\/product"}],"wp:featuredmedia":[{"embeddable":true,"href":"https:\/\/petworld.ma\/index.php\/wp-json\/wp\/v2\/media\/811"}],"wp:attachment":[{"href":"https:\/\/petworld.ma\/index.php\/wp-json\/wp\/v2\/media?parent=40926"}],"wp:term":[{"taxonomy":"product_brand","embeddable":true,"href":"https:\/\/petworld.ma\/index.php\/wp-json\/wp\/v2\/product_brand?post=40926"},{"taxonomy":"product_cat","embeddable":true,"href":"https:\/\/petworld.ma\/index.php\/wp-json\/wp\/v2\/product_cat?post=40926"},{"taxonomy":"product_tag","embeddable":true,"href":"https:\/\/petworld.ma\/index.php\/wp-json\/wp\/v2\/product_tag?post=40926"}],"curies":[{"name":"wp","href":"https:\/\/api.w.org\/{rel}","templated":true}]}}