{"id":41027,"date":"2026-04-29T19:00:55","date_gmt":"2026-04-29T19:00:55","guid":{"rendered":"https:\/\/petworld.ma\/?post_type=product&#038;p=41027"},"modified":"2026-04-29T19:03:48","modified_gmt":"2026-04-29T19:03:48","slug":"royal-canin-light-weight-care-adulte-1-5-kg-promo","status":"publish","type":"product","link":"https:\/\/petworld.ma\/index.php\/produit\/royal-canin-light-weight-care-adulte-1-5-kg-promo\/","title":{"rendered":"Royal Canin Light Weight Care Adulte 1.5 kg Promo*"},"content":{"rendered":"<div class=\"detailHeader\">\n<div class=\"desAndStars rc-margin-bottom--xs d-flex flex-wrap flex-md-nowrap justify-content-between\">\n<div class=\"des\">\n<h2 class=\"text-break mb-1 mt-2\">Aliment complet et \u00e9quilibr\u00e9 pour chats adultes de 1 \u00e0 7 ans &#8211; Aide \u00e0 limiter la prise de poids \u2014 Peut se donner occasionnellement de 7 \u00e0 12 ans<\/h2>\n<\/div>\n<\/div>\n<div class=\"description\"><\/div>\n<\/div>\n<div class=\"specAndQuantity rc-margin-bottom--xs \">\n<div class=\"spec\">\n<div id=\"choose-select\" class=\"spec-choose-select\">Le maintien d\u2019une condition physique et d\u2019une masse musculaire id\u00e9ales est un aspect crucial de la sant\u00e9 g\u00e9n\u00e9rale de votre chat. \u00a0 ROYAL CANIN\u00ae Light Weight Care est une formule nutritionnelle soigneusement \u00e9quilibr\u00e9e qui aide votre chat \u00e0 garder une bonne condition physique. Elle contient un m\u00e9lange sp\u00e9cial de fibres (dont du psyllium) afin d\u2019augmenter le volume des aliments dans l\u2019estomac et favoriser la sensation de sati\u00e9t\u00e9 \u2013 r\u00e9duisant naturellement la prise spontan\u00e9e de nourriture. \u00a0 ROYAL CANIN\u00ae Light Weight Care est enrichi en L-Carnitine pour maintenir un m\u00e9tabolisme sain des lipides. Il contient une teneur \u00e9lev\u00e9e en prot\u00e9ines et une faible teneur en mati\u00e8res grasses \u2013 le dosage parfait pour maintenir la masse musculaire tout en limitant le gain de poids. \u00a0 Il a \u00e9t\u00e9 cliniquement prouv\u00e9 que plus de 90% des chats l\u00e9g\u00e8rement en surpoids et nourris avec ROYAL CANIN\u00ae Light Weight Care ont atteint un poids plus sain en 8 semaines. \u00a0 \u200bPour r\u00e9pondre aux pr\u00e9f\u00e9rences individuelles de chaque chat, ROYAL CANIN\u00ae Light Weight Care est \u00e9galement disponible sous forme d\u2019aliments humides en bouch\u00e9es en sauce, en gel\u00e9e et en mousse. Si vous envisagez une alimentation mixte, il vous suffit de suivre nos instructions pour vous assurer que votre chat re\u00e7oit la quantit\u00e9 de nourriture s\u00e8che et humide n\u00e9cessaire pour un b\u00e9n\u00e9fice optimal.<\/div>\n<\/div>\n<\/div>\n<div><\/div>\n<div>\n<div id=\"GoodsDetailTabs\" data-tms=\"Product description\" data-gtm-vis-recent-on-screen-40760133_376=\"2990306\" data-gtm-vis-first-on-screen-40760133_376=\"2990306\" data-gtm-vis-total-visible-time-40760133_376=\"500\" data-gtm-vis-recent-on-screen-40760133_379=\"2990307\" data-gtm-vis-first-on-screen-40760133_379=\"2990307\" data-gtm-vis-total-visible-time-40760133_379=\"500\" data-gtm-vis-recent-on-screen-40760133_751=\"2990307\" data-gtm-vis-first-on-screen-40760133_751=\"2990307\" data-gtm-vis-total-visible-time-40760133_751=\"1500\" data-gtm-vis-has-fired-40760133_376=\"1\" data-gtm-vis-has-fired-40760133_379=\"1\" data-gtm-vis-has-fired-40760133_751=\"1\">\n<div class=\"rc-match-heights rc-content-h-middle rc-reverse-layout\">\n<div>\n<div class=\"rc-tabs tabs-detail\">\n<div id=\"tab__panel-3\" class=\"rc-tabs__content__single clearfix benefits ingredients rc-showhide\" aria-expanded=\"true\">\n<div class=\"block Guide rc-max-width--xl rc-padding-x--sm\">\n<table>\n<thead>\n<tr>\n<th>Poids du chat<\/th>\n<th>Poids id\u00e9al<\/th>\n<th>&#8211;<\/th>\n<th>Embonpoint<\/th>\n<th>&#8211;<\/th>\n<\/tr>\n<\/thead>\n<tbody>\n<tr>\n<td>&#8211;<\/td>\n<td>Aliments secs (Gramme)<\/td>\n<td>Aliments secs (Gramme) + 1 sachet humide<\/td>\n<td>Aliments secs (Gramme)<\/td>\n<td>Aliments secs (Gramme) + 1 sachet humide<\/td>\n<\/tr>\n<tr>\n<td>3kg<\/td>\n<td>51g<\/td>\n<td>32g<\/td>\n<td>37g<\/td>\n<td>19g<\/td>\n<\/tr>\n<tr>\n<td>4kg<\/td>\n<td>62g<\/td>\n<td>43g<\/td>\n<td>46g<\/td>\n<td>27g<\/td>\n<\/tr>\n<tr>\n<td>5kg<\/td>\n<td>73g<\/td>\n<td>54g<\/td>\n<td>54g<\/td>\n<td>35g<\/td>\n<\/tr>\n<tr>\n<td>6kg<\/td>\n<td>83g<\/td>\n<td>64g<\/td>\n<td>61g<\/td>\n<td>43g<\/td>\n<\/tr>\n<\/tbody>\n<\/table>\n<\/div>\n<\/div>\n<\/div>\n<\/div>\n<\/div>\n<\/div>\n<div id=\"j-details-dailyportion\">\n<div class=\"rc-max-width--xl rc-padding-x--sm\">\n<div class=\"DailyPortion-wrap container \">\n<div class=\"lg:flex\">\n<div class=\"lazyload-wrapper \"><img decoding=\"async\" class=\"fr-fic fr-dib aligncenter\" src=\"https:\/\/cdn.youcan.shop\/stores\/d0742d556df94ddbc7ae4c9810aff04b\/others\/9KixDK0GoKx88tXn7gkGRnhOgegW3JmtEISXONsP.jpeg\" width=\"345\" height=\"91\" data-name=\"stores\/d0742d556df94ddbc7ae4c9810aff04b\/others\/9KixDK0GoKx88tXn7gkGRnhOgegW3JmtEISXONsP.jpeg\" \/><\/div>\n<\/div>\n<\/div>\n<\/div>\n<\/div>\n<\/div>\n","protected":false},"excerpt":{"rendered":"<p>Aliment complet et \u00e9quilibr\u00e9 pour chats adultes de 1 \u00e0 7 ans &#8211; Aide \u00e0 limiter la prise de poids \u2014 Peut se donner occasionnellement de 7 \u00e0 12 ans Le maintien d\u2019une condition physique et d\u2019une masse musculaire id\u00e9ales est un aspect crucial de la sant\u00e9 g\u00e9n\u00e9rale de votre chat. \u00a0 ROYAL CANIN\u00ae Light [&#8230;]\n","protected":false},"featured_media":1014,"template":"","meta":{"jetpack_publicize_message":"","jetpack_publicize_feature_enabled":true,"jetpack_social_post_already_shared":true,"jetpack_social_options":{"image_generator_settings":{"template":"highway","default_image_id":0,"font":"","enabled":false},"version":2}},"product_brand":[],"product_cat":[40,187],"product_tag":[],"class_list":{"0":"post-41027","1":"product","2":"type-product","3":"status-publish","4":"has-post-thumbnail","6":"product_cat-coquettes-pour-chat","7":"product_cat-destockage","9":"first","10":"instock","11":"sale","12":"taxable","13":"shipping-taxable","14":"purchasable","15":"product-type-variable"},"supplier_id":5587,"supplier_sku":"","barcode":null,"atum_controlled":true,"out_stock_date":null,"out_stock_threshold":null,"inheritable":true,"inbound_stock":0,"stock_on_hold":0,"sold_today":null,"sales_last_days":null,"reserved_stock":0,"customer_returns":0,"warehouse_damage":0,"lost_in_post":0,"other_logs":0,"out_stock_days":null,"lost_sales":null,"has_location":false,"update_date":"2026-04-29T19:26:55","atum_locations":[],"atum_stock_status":"instock","restock_status":false,"low_stock_amount":"","sales_update_date":"2026-04-29T19:00:36","calc_backorders":null,"jetpack_publicize_connections":[],"jetpack_sharing_enabled":true,"batches":[],"_links":{"self":[{"href":"https:\/\/petworld.ma\/index.php\/wp-json\/wp\/v2\/product\/41027","targetHints":{"allow":["GET"]}}],"collection":[{"href":"https:\/\/petworld.ma\/index.php\/wp-json\/wp\/v2\/product"}],"about":[{"href":"https:\/\/petworld.ma\/index.php\/wp-json\/wp\/v2\/types\/product"}],"wp:featuredmedia":[{"embeddable":true,"href":"https:\/\/petworld.ma\/index.php\/wp-json\/wp\/v2\/media\/1014"}],"wp:attachment":[{"href":"https:\/\/petworld.ma\/index.php\/wp-json\/wp\/v2\/media?parent=41027"}],"wp:term":[{"taxonomy":"product_brand","embeddable":true,"href":"https:\/\/petworld.ma\/index.php\/wp-json\/wp\/v2\/product_brand?post=41027"},{"taxonomy":"product_cat","embeddable":true,"href":"https:\/\/petworld.ma\/index.php\/wp-json\/wp\/v2\/product_cat?post=41027"},{"taxonomy":"product_tag","embeddable":true,"href":"https:\/\/petworld.ma\/index.php\/wp-json\/wp\/v2\/product_tag?post=41027"}],"curies":[{"name":"wp","href":"https:\/\/api.w.org\/{rel}","templated":true}]}}