{"id":41047,"date":"2026-04-29T21:13:21","date_gmt":"2026-04-29T21:13:21","guid":{"rendered":"https:\/\/petworld.ma\/?post_type=product&#038;p=41047"},"modified":"2026-04-29T21:16:12","modified_gmt":"2026-04-29T21:16:12","slug":"royal-canin-kitten-sauce-sachet-fraicheur-pour-chaton-85-g-promo","status":"publish","type":"product","link":"https:\/\/petworld.ma\/index.php\/produit\/royal-canin-kitten-sauce-sachet-fraicheur-pour-chaton-85-g-promo\/","title":{"rendered":"Royal Canin Kitten Sauce &#8211; Sachet fra\u00eecheur pour chaton 85 G Promo*"},"content":{"rendered":"<div>\n<div>\n<div>\n<h2>Aliment complet pour chats \u2013 Sp\u00e9cial chatons 2e \u00e2ge jusqu\u2019\u00e0 12 mois (\u00e9minc\u00e9 en sauce)<\/h2>\n<\/div>\n<\/div>\n<\/div>\n<div>\n<div>\n<div>\u00c0 4 mois, la croissance de votre chaton ralentit, mais son niveau d&rsquo;activit\u00e9 augmente ! C\u2019est pourquoi, la sauce ROYAL CANIN\u00ae Kitten est sp\u00e9cialement formul\u00e9e pour r\u00e9pondre \u00e0 ses besoins nutritionnels sp\u00e9cifiques de chatons \u00e2g\u00e9s de 4 \u00e0 12 mois en deuxi\u00e8me phase de croissance. Les tendres bouch\u00e9es en sauce ont une taille, une texture et un go\u00fbt instinctivement pr\u00e9f\u00e9r\u00e9s par les chatons en pleine croissance. Cette formule contient des nutriments tels que les vitamines C et E, qui favorisent le d\u00e9veloppement du syst\u00e8me immunitaire chez le chaton. Il a \u00e9t\u00e9 d\u00e9montr\u00e9 que ces antioxydants stimulent une augmentation plus forte et plus rapide des anticorps apr\u00e8s la vaccination. L\u2019aliment humide ROYAL CANIN\u00ae Kitten Sauce est enrichi en acides gras om\u00e9ga-3 (DHA) pour soutenir son d\u00e9veloppement c\u00e9r\u00e9bral et favoriser la sant\u00e9 visuelle. Gr\u00e2ce \u00e0 une combinaison de pr\u00e9biotiques b\u00e9n\u00e9fiques (MOS) et de prot\u00e9ines hautement digestibles, ROYAL CANIN\u00ae Kitten Sauce favorise l\u2019\u00e9quilibre du microbiote intestinal pour une sant\u00e9 digestive optimale. ROYAL CANIN\u00ae Kitten Sauce a \u00e9t\u00e9 \u00e9labor\u00e9 pour satisfaire le palais des f\u00e9lins les plus exigeants. Cet aliment humide offre \u00e0 votre chaton une exp\u00e9rience sensorielle agr\u00e9able, favorise son hydratation et s\u2019associe parfaitement avec les croquettes ROYAL CANIN\u00ae Kitten. \u00c0 partir de 12 mois, votre chaton aura besoin d&rsquo;une alimentation sp\u00e9cialement adapt\u00e9e pour r\u00e9pondre \u00e0 ses besoins nutritionnels de chat adulte. \u00c0 ce stade, vous pouvez commencer la transition vers les aliments de la gamme ROYAL CANIN\u00ae pour chats adultes, disponibles sous forme de croquettes ou en aliment humide d\u00e9clin\u00e9 sous diff\u00e9rentes textures en sauce, en gel\u00e9e ou en mousse. Tous les aliments humides de la gamme croissance sont formul\u00e9s sans conservateurs ni colorants artificiels.<\/div>\n<h3>\u00a0Informations Nutritionnelles :<\/h3>\n<div>ADDITIFS (AU KG) : Additifs nutritionnels : Vitamine D3 : 220 UI, Fer (3b103) : 4 mg, Iode (3b202) : 0,4 mg, Cuivre (3b405, 3b406) : 3,1 mg, Mangan\u00e8se (3b502, 3b503, 3b504) : 1,1 mg, Zinc (3b603, 3b605, 3b606) : 11 mg.<\/div>\n<div>CONSTITUANTS ANALYTIQUES : Prot\u00e9ine : 12,0 % &#8211; Teneur en mati\u00e8res grasses : 4,0 % &#8211; Cendres brutes : 1,7 % &#8211; Cellulose brute : 0,7 % &#8211; Humidit\u00e9 : 78,2 % &#8211; Vitamine E : 110 mg\/kg &#8211; Vitamine C : 45 mg\/kg &#8211; Acide gras om\u00e9ga-3 (DHA) : 0,047 %<\/div>\n<div>COMPOSITION : viandes et sous-produits animaux, extrait de prot\u00e9ines v\u00e9g\u00e9tales, c\u00e9r\u00e9ales, sous-produits d\u2019origine v\u00e9g\u00e9tale, substances min\u00e9rales, huiles et graisses, levures. MODE D\u2019EMPLOI : voir tableau. Num\u00e9ro de lot, Num\u00e9ro d\u2019identifiant usine, \u00e0 utiliser de pr\u00e9f\u00e9rence avant : voir sur l\u2019emballage. \u00c0 conserver dans un endroit sec et frais. De l&rsquo;eau fra\u00eeche doit \u00eatre disponible en permanence.<\/div>\n<div>Les formules de la gamme Croissance \u00e9voluent et laissent place \u00e0 un nouveau programme nutritionnel complet ! Pendant cette p\u00e9riode de transition les sacheries vont cohabiter jusqu\u2019\u00e0 \u00e9puisement des stocks. Il est donc possible que vous receviez encore les aliments correspondant aux formules pr\u00e9c\u00e9dentes.<\/div>\n<h3>\u00a0B\u00e9n\u00e9fices :<\/h3>\n<ul>\n<li>\n<div>Taille, texture et go\u00fbt optimaux des bouch\u00e9es pour les chatons en croissance.<\/div>\n<div>Taille, texture et go\u00fbt optimaux des bouch\u00e9es pour les chatons en croissance.<\/div>\n<\/li>\n<li>\n<div>Syst\u00e8me immunitaire fort<\/div>\n<div>Aide \u00e0 soutenir le d\u00e9veloppement du syst\u00e8me immunitaire du chaton gr\u00e2ce \u00e0 la pr\u00e9sence d\u2019un complexe scientifiquement prouv\u00e9, comprenant les vitamines E et C.<\/div>\n<\/li>\n<li>\n<div>D\u00e9veloppement c\u00e9r\u00e9bral<\/div>\n<div>Enrichi en acide gras om\u00e9ga-3 (DHA) pour soutenir le d\u00e9veloppement c\u00e9r\u00e9bral du chaton et favoriser la sant\u00e9 visuelle.<\/div>\n<\/li>\n<li>\n<div>Soutien du microbiome<\/div>\n<div>Une combinaison de pr\u00e9biotiques (MOS) et de prot\u00e9ines hautement digestibles pour favoriser l\u2019\u00e9quilibre du microbiote intestinal pour une sant\u00e9 digestive optimale.<\/div>\n<\/li>\n<\/ul>\n<p><a href=\"https:\/\/wa.me\/212708052510\" target=\"_blank\" rel=\"noopener noreferrer\"><img decoding=\"async\" class=\"fr-fic fr-dib aligncenter\" src=\"https:\/\/cdn.youcan.shop\/stores\/d0742d556df94ddbc7ae4c9810aff04b\/others\/vI6zo2y90kkPyeq26LiGnU4GROaC9zzKDtH1EiN3.png\" width=\"318\" height=\"84\" data-name=\"stores\/d0742d556df94ddbc7ae4c9810aff04b\/others\/vI6zo2y90kkPyeq26LiGnU4GROaC9zzKDtH1EiN3.png\" \/><\/a><\/p>\n<\/div>\n<\/div>\n","protected":false},"excerpt":{"rendered":"<p>Aliment complet pour chats \u2013 Sp\u00e9cial chatons 2e \u00e2ge jusqu\u2019\u00e0 12 mois (\u00e9minc\u00e9 en sauce) \u00c0 4 mois, la croissance de votre chaton ralentit, mais son niveau d&rsquo;activit\u00e9 augmente ! C\u2019est pourquoi, la sauce ROYAL CANIN\u00ae Kitten est sp\u00e9cialement formul\u00e9e pour r\u00e9pondre \u00e0 ses besoins nutritionnels sp\u00e9cifiques de chatons \u00e2g\u00e9s de 4 \u00e0 12 mois [&#8230;]\n","protected":false},"featured_media":775,"template":"","meta":{"jetpack_publicize_message":"","jetpack_publicize_feature_enabled":true,"jetpack_social_post_already_shared":true,"jetpack_social_options":{"image_generator_settings":{"template":"highway","default_image_id":0,"font":"","enabled":false},"version":2}},"product_brand":[],"product_cat":[187,41],"product_tag":[],"class_list":{"0":"post-41047","1":"product","2":"type-product","3":"status-publish","4":"has-post-thumbnail","6":"product_cat-destockage","7":"product_cat-friandises-et-pate-pour-chat","9":"first","10":"instock","11":"sale","12":"taxable","13":"shipping-taxable","14":"purchasable","15":"product-type-simple"},"supplier_id":5587,"supplier_sku":"","barcode":null,"atum_controlled":true,"out_stock_date":null,"out_stock_threshold":null,"inheritable":false,"inbound_stock":0,"stock_on_hold":0,"sold_today":0,"sales_last_days":0,"reserved_stock":0,"customer_returns":0,"warehouse_damage":0,"lost_in_post":0,"other_logs":0,"out_stock_days":0,"lost_sales":0,"has_location":false,"update_date":"2026-04-29T21:35:32","atum_locations":[],"atum_stock_status":"instock","restock_status":false,"low_stock_amount":180,"sales_update_date":"2026-04-29T21:35:32","calc_backorders":null,"jetpack_publicize_connections":[],"jetpack_sharing_enabled":true,"batches":[{"id":"9202","date_created":"2026-04-29 21:16:12","date_expiry":"2027-09-18 00:00:00","user_id":"2461","batch_number":"RCKittenSauceFChaton85300927","location":"","quantity":"74.0000","quantity_available":"74.0000","units":"1","status":"active","order_ids":null,"supplier":"Royal Canin","po":{"id":"9125","date_created":"2026-04-29 21:16:12","batch_id":"9202","po_number":"","supplier":"Royal Canin","cost":null,"regular_price":null,"sale_price":null,"price_margin":null,"price_discount":null}}],"_links":{"self":[{"href":"https:\/\/petworld.ma\/index.php\/wp-json\/wp\/v2\/product\/41047","targetHints":{"allow":["GET"]}}],"collection":[{"href":"https:\/\/petworld.ma\/index.php\/wp-json\/wp\/v2\/product"}],"about":[{"href":"https:\/\/petworld.ma\/index.php\/wp-json\/wp\/v2\/types\/product"}],"wp:featuredmedia":[{"embeddable":true,"href":"https:\/\/petworld.ma\/index.php\/wp-json\/wp\/v2\/media\/775"}],"wp:attachment":[{"href":"https:\/\/petworld.ma\/index.php\/wp-json\/wp\/v2\/media?parent=41047"}],"wp:term":[{"taxonomy":"product_brand","embeddable":true,"href":"https:\/\/petworld.ma\/index.php\/wp-json\/wp\/v2\/product_brand?post=41047"},{"taxonomy":"product_cat","embeddable":true,"href":"https:\/\/petworld.ma\/index.php\/wp-json\/wp\/v2\/product_cat?post=41047"},{"taxonomy":"product_tag","embeddable":true,"href":"https:\/\/petworld.ma\/index.php\/wp-json\/wp\/v2\/product_tag?post=41047"}],"curies":[{"name":"wp","href":"https:\/\/api.w.org\/{rel}","templated":true}]}}