{"id":41051,"date":"2026-04-29T21:30:10","date_gmt":"2026-04-29T21:30:10","guid":{"rendered":"https:\/\/petworld.ma\/?post_type=product&#038;p=41051"},"modified":"2026-04-29T21:33:53","modified_gmt":"2026-04-29T21:33:53","slug":"royal-canin-hair-and-skin-en-sauce-85g-promo","status":"publish","type":"product","link":"https:\/\/petworld.ma\/index.php\/produit\/royal-canin-hair-and-skin-en-sauce-85g-promo\/","title":{"rendered":"Royal Canin Hair And Skin en sauce 85G Promo*"},"content":{"rendered":"<div>\n<div>\n<div>\n<h2>Aliment complet pour chats adultes de 1 \u00e0 7 ans &#8211; Aide \u00e0 maintenir une peau saine et un poil brillant \u2014 Peut se donner occasionnellement de 7 \u00e0 12 ans<\/h2>\n<\/div>\n<\/div>\n<\/div>\n<div>\n<div>\n<div>\n<div>\n<p>La nourriture\u00a0<b>Royal Canin Hair &amp; Skin Sauce P\u00e2t\u00e9e en sauce pour chat adulte<\/b>\u00a0est une alimentation compl\u00e8te et \u00e9quilibr\u00e9e, con\u00e7ue pour maintenir la sant\u00e9 de la peau et du pelage de votre f\u00e9lin.<br \/>\nCette alimentation humide est recommand\u00e9e pour les chats pr\u00e9sentant un risque de sensibilit\u00e9 cutan\u00e9e et de poils ternes.<br \/>\nLa formule est enrichie en acides gras om\u00e9ga-3 et om\u00e9ga-6 qui contribue \u00e0 nourrir la peau et le pelage de votre fid\u00e8le compagnon. Elle renforce \u00e9galement la barri\u00e8re cutan\u00e9e de votre animal et redonne de la brillance \u00e0 sa fourrure.<br \/>\nLe soutien de la flore intestinale et la protection du syst\u00e8me urinaire sont renforc\u00e9s gr\u00e2ce aux fibres naturelles contenues dans le sachet.<\/p>\n<p><strong>Ingr\u00e9diant:<\/strong> Viandes et sous-produits animaux, extrait de prot\u00e9ines v\u00e9g\u00e9tales, c\u00e9r\u00e9ales, huiles et graisses, sous-produits d\u2019origine v\u00e9g\u00e9tale, substances min\u00e9rales, levures.<\/p>\n<p><strong>Rations<\/strong> :<\/p>\n<table>\n<thead>\n<tr>\n<th>Poids du chat<\/th>\n<th>Alimentation humide<\/th>\n<th>Alimentation mixte<\/th>\n<\/tr>\n<\/thead>\n<tbody>\n<tr>\n<td>3 kg<\/td>\n<td>2 sachets<\/td>\n<td>20 g + 1 sachet<\/td>\n<\/tr>\n<tr>\n<td>4 kg<\/td>\n<td>2 + 1\/2 sachets<\/td>\n<td>29 g + 1 sachet<\/td>\n<\/tr>\n<tr>\n<td>5 kg<\/td>\n<td>2 + 3\/4 sachets<\/td>\n<td>38 g + 1 sachet<\/td>\n<\/tr>\n<tr>\n<td>6 kg<\/td>\n<td>3 + 1\/4 sachets<\/td>\n<td>46 g + 1 sachet<\/td>\n<\/tr>\n<\/tbody>\n<\/table>\n<p>&nbsp;<\/p>\n<\/div>\n<\/div>\n<\/div>\n<\/div>\n","protected":false},"excerpt":{"rendered":"<p>Aliment complet pour chats adultes de 1 \u00e0 7 ans &#8211; Aide \u00e0 maintenir une peau saine et un poil brillant \u2014 Peut se donner occasionnellement de 7 \u00e0 12 ans La nourriture\u00a0Royal Canin Hair &amp; Skin Sauce P\u00e2t\u00e9e en sauce pour chat adulte\u00a0est une alimentation compl\u00e8te et \u00e9quilibr\u00e9e, con\u00e7ue pour maintenir la sant\u00e9 de [&#8230;]\n","protected":false},"featured_media":7218,"template":"","meta":{"jetpack_publicize_message":"","jetpack_publicize_feature_enabled":true,"jetpack_social_post_already_shared":true,"jetpack_social_options":{"image_generator_settings":{"template":"highway","default_image_id":0,"font":"","enabled":false},"version":2}},"product_brand":[],"product_cat":[187,41],"product_tag":[],"class_list":{"0":"post-41051","1":"product","2":"type-product","3":"status-publish","4":"has-post-thumbnail","6":"product_cat-destockage","7":"product_cat-friandises-et-pate-pour-chat","9":"first","10":"instock","11":"sale","12":"taxable","13":"shipping-taxable","14":"purchasable","15":"product-type-simple"},"supplier_id":5587,"supplier_sku":"","barcode":null,"atum_controlled":true,"out_stock_date":null,"out_stock_threshold":null,"inheritable":false,"inbound_stock":0,"stock_on_hold":0,"sold_today":0,"sales_last_days":0,"reserved_stock":0,"customer_returns":0,"warehouse_damage":0,"lost_in_post":0,"other_logs":0,"out_stock_days":0,"lost_sales":0,"has_location":false,"update_date":"2026-04-29T21:35:32","atum_locations":[],"atum_stock_status":"instock","restock_status":false,"low_stock_amount":180,"sales_update_date":"2026-04-29T21:35:32","calc_backorders":null,"jetpack_publicize_connections":[],"jetpack_sharing_enabled":true,"batches":[{"id":"9205","date_created":"2026-04-29 21:33:52","date_expiry":"2027-07-07 00:00:00","user_id":"2461","batch_number":"SauCe85Gr070727","location":"","quantity":"33.0000","quantity_available":"33.0000","units":"1","status":"active","order_ids":null,"supplier":"Royal Canin","po":{"id":"9128","date_created":"2026-04-29 21:33:52","batch_id":"9205","po_number":"","supplier":"Royal Canin","cost":null,"regular_price":null,"sale_price":null,"price_margin":null,"price_discount":null}},{"id":"9206","date_created":"2026-04-29 21:33:52","date_expiry":"2027-09-30 00:00:00","user_id":"2461","batch_number":"SauCe85Gr300927","location":"","quantity":"60.0000","quantity_available":"60.0000","units":"1","status":"active","order_ids":null,"supplier":"Royal Canin","po":{"id":"9129","date_created":"2026-04-29 21:33:53","batch_id":"9206","po_number":"","supplier":"Royal Canin","cost":null,"regular_price":null,"sale_price":null,"price_margin":null,"price_discount":null}}],"_links":{"self":[{"href":"https:\/\/petworld.ma\/index.php\/wp-json\/wp\/v2\/product\/41051","targetHints":{"allow":["GET"]}}],"collection":[{"href":"https:\/\/petworld.ma\/index.php\/wp-json\/wp\/v2\/product"}],"about":[{"href":"https:\/\/petworld.ma\/index.php\/wp-json\/wp\/v2\/types\/product"}],"wp:featuredmedia":[{"embeddable":true,"href":"https:\/\/petworld.ma\/index.php\/wp-json\/wp\/v2\/media\/7218"}],"wp:attachment":[{"href":"https:\/\/petworld.ma\/index.php\/wp-json\/wp\/v2\/media?parent=41051"}],"wp:term":[{"taxonomy":"product_brand","embeddable":true,"href":"https:\/\/petworld.ma\/index.php\/wp-json\/wp\/v2\/product_brand?post=41051"},{"taxonomy":"product_cat","embeddable":true,"href":"https:\/\/petworld.ma\/index.php\/wp-json\/wp\/v2\/product_cat?post=41051"},{"taxonomy":"product_tag","embeddable":true,"href":"https:\/\/petworld.ma\/index.php\/wp-json\/wp\/v2\/product_tag?post=41051"}],"curies":[{"name":"wp","href":"https:\/\/api.w.org\/{rel}","templated":true}]}}