{"id":41104,"date":"2026-04-30T18:26:51","date_gmt":"2026-04-30T18:26:51","guid":{"rendered":"https:\/\/petworld.ma\/?post_type=product&#038;p=41104"},"modified":"2026-04-30T18:31:50","modified_gmt":"2026-04-30T18:31:50","slug":"medaille-glam-os-doree-avec-strass","status":"publish","type":"product","link":"https:\/\/petworld.ma\/index.php\/produit\/medaille-glam-os-doree-avec-strass\/","title":{"rendered":"M\u00e9daille Glam Os Dor\u00e9e avec Strass"},"content":{"rendered":"<p>La vigueur et l&rsquo;\u00e9l\u00e9gance se rencontrent dans la m\u00e9daille Glam Os Dor\u00e9e. D\u00e9cor\u00e9e de cristaux sertis \u00e0 la main, elle refl\u00e8te la tradition bijouti\u00e8re de notre ville, Valence. Chaque d\u00e9tail de production est soign\u00e9 dans nos ateliers cr\u00e9atifs en Italie, pour donner vie \u00e0 un accessoire \u00e0 forte personnalit\u00e9. Personnalisable au dos avec une gravure facilement lisible et durable. \u00c9quip\u00e9e d&rsquo;un anneau pratique pour l&rsquo;attacher au Porte-Tag.<\/p>\n","protected":false},"excerpt":{"rendered":"<p>Notre savoir-faire artisanal atteint son apog\u00e9e dans la m\u00e9daille Glam Os Grand Noir et Dor\u00e9e, enrichie de strass sertis \u00e0 la main, qui d\u00e9gage de la d\u00e9termination et de l&rsquo;\u00e9l\u00e9gance pour votre animal de compagnie.<\/p>\n","protected":false},"featured_media":41105,"template":"","meta":{"jetpack_publicize_message":"","jetpack_publicize_feature_enabled":true,"jetpack_social_post_already_shared":true,"jetpack_social_options":{"image_generator_settings":{"template":"highway","default_image_id":0,"font":"","enabled":false},"version":2}},"product_brand":[],"product_cat":[153,154],"product_tag":[],"class_list":{"0":"post-41104","1":"product","2":"type-product","3":"status-publish","4":"has-post-thumbnail","6":"product_cat-pendentif-personnalise-chat-chien","7":"product_cat-pendentif-personnalise","9":"first","10":"instock","11":"taxable","12":"shipping-taxable","13":"purchasable","14":"product-type-simple"},"supplier_id":13352,"supplier_sku":"BH02GMG","barcode":null,"atum_controlled":true,"out_stock_date":null,"out_stock_threshold":null,"inheritable":false,"inbound_stock":0,"stock_on_hold":0,"sold_today":0,"sales_last_days":0,"reserved_stock":0,"customer_returns":0,"warehouse_damage":0,"lost_in_post":0,"other_logs":0,"out_stock_days":0,"lost_sales":0,"has_location":false,"update_date":"2026-04-30T18:40:52","atum_locations":[],"atum_stock_status":"instock","restock_status":false,"low_stock_amount":2,"sales_update_date":"2026-04-30T18:40:52","calc_backorders":0,"jetpack_publicize_connections":[],"jetpack_sharing_enabled":true,"batches":[],"_links":{"self":[{"href":"https:\/\/petworld.ma\/index.php\/wp-json\/wp\/v2\/product\/41104","targetHints":{"allow":["GET"]}}],"collection":[{"href":"https:\/\/petworld.ma\/index.php\/wp-json\/wp\/v2\/product"}],"about":[{"href":"https:\/\/petworld.ma\/index.php\/wp-json\/wp\/v2\/types\/product"}],"wp:featuredmedia":[{"embeddable":true,"href":"https:\/\/petworld.ma\/index.php\/wp-json\/wp\/v2\/media\/41105"}],"wp:attachment":[{"href":"https:\/\/petworld.ma\/index.php\/wp-json\/wp\/v2\/media?parent=41104"}],"wp:term":[{"taxonomy":"product_brand","embeddable":true,"href":"https:\/\/petworld.ma\/index.php\/wp-json\/wp\/v2\/product_brand?post=41104"},{"taxonomy":"product_cat","embeddable":true,"href":"https:\/\/petworld.ma\/index.php\/wp-json\/wp\/v2\/product_cat?post=41104"},{"taxonomy":"product_tag","embeddable":true,"href":"https:\/\/petworld.ma\/index.php\/wp-json\/wp\/v2\/product_tag?post=41104"}],"curies":[{"name":"wp","href":"https:\/\/api.w.org\/{rel}","templated":true}]}}