{"id":41796,"date":"2026-05-12T13:45:14","date_gmt":"2026-05-12T13:45:14","guid":{"rendered":"https:\/\/petworld.ma\/?post_type=product&#038;p=41796"},"modified":"2026-05-12T14:37:58","modified_gmt":"2026-05-12T14:37:58","slug":"collier-de-protection-cone-plusieurs-tailles-protection-des-plaies-leopet","status":"publish","type":"product","link":"https:\/\/petworld.ma\/index.php\/produit\/collier-de-protection-cone-plusieurs-tailles-protection-des-plaies-leopet\/","title":{"rendered":"Collier de protection \u00ab\u00a0c\u00f4ne\u00a0\u00bb plusieurs tailles (Protection des plaies) &#8211; LeoPet"},"content":{"rendered":"<p>Ce couvre-chef en plastique est souvent utilis\u00e9 apr\u00e8s une op\u00e9ration ou lorsque votre pet\u00a0 a une blessure. Il est ajustable avec du velcro et emp\u00eache votre chat ou bien\u00a0 chien de l\u00e9cher ou de mordre ses plaies.<\/p>\n<p><strong>Caract\u00e9ristiques:<\/strong><\/p>\n<ul>\n<li>Fabriqu\u00e9 en mat\u00e9riau \u00e9cologique, ne faisant aucun mal \u00e0 votre animal de compagnie.<\/li>\n<li>Fermeture d&rsquo;autocollant magique pour un ajustement rapide et pr\u00e9cis.<\/li>\n<li>Emp\u00eache efficacement votre chien ou votre chat de mordre les gens.<\/li>\n<\/ul>\n<p><strong>Dimension:<\/strong><\/p>\n<ul>\n<li>Taille XS\u00a0 : 18-25 cm<\/li>\n<li>Taille M\u00a0 : 28-37 cm<\/li>\n<li>Taille L : 35-42 cm<\/li>\n<li>Taille XL : 42-46 cm<\/li>\n<\/ul>\n","protected":false},"excerpt":{"rendered":"<p>Ce couvre-chef en plastique est souvent utilis\u00e9 apr\u00e8s une op\u00e9ration ou lorsque votre pet\u00a0 a une blessure. Il est ajustable avec du velcro et emp\u00eache votre chat ou bien\u00a0 chien de l\u00e9cher ou de mordre ses plaies. Caract\u00e9ristiques: Fabriqu\u00e9 en mat\u00e9riau \u00e9cologique, ne faisant aucun mal \u00e0 votre animal de compagnie. Fermeture d&rsquo;autocollant magique pour [&#8230;]\n","protected":false},"featured_media":41802,"template":"","meta":{"jetpack_publicize_message":"","jetpack_publicize_feature_enabled":true,"jetpack_social_post_already_shared":true,"jetpack_social_options":{"image_generator_settings":{"template":"highway","default_image_id":0,"font":"","enabled":false},"version":2}},"product_brand":[],"product_cat":[222,92,233],"product_tag":[],"class_list":{"0":"post-41796","1":"product","2":"type-product","3":"status-publish","4":"has-post-thumbnail","6":"product_cat-brosses-coupe-griffes","7":"product_cat-harnais-et-laisses-pour-chien","8":"product_cat-colliers-harnais","10":"first","11":"instock","12":"taxable","13":"shipping-taxable","14":"purchasable","15":"product-type-variable"},"supplier_id":null,"supplier_sku":"","barcode":null,"atum_controlled":true,"out_stock_date":null,"out_stock_threshold":null,"inheritable":true,"inbound_stock":0,"stock_on_hold":0,"sold_today":null,"sales_last_days":null,"reserved_stock":0,"customer_returns":0,"warehouse_damage":0,"lost_in_post":0,"other_logs":0,"out_stock_days":null,"lost_sales":null,"has_location":false,"update_date":"2026-05-13T09:21:38","atum_locations":[],"atum_stock_status":"instock","restock_status":false,"low_stock_amount":"","sales_update_date":"2026-05-13T09:21:38","calc_backorders":null,"jetpack_publicize_connections":[],"jetpack_sharing_enabled":true,"batches":[],"_links":{"self":[{"href":"https:\/\/petworld.ma\/index.php\/wp-json\/wp\/v2\/product\/41796","targetHints":{"allow":["GET"]}}],"collection":[{"href":"https:\/\/petworld.ma\/index.php\/wp-json\/wp\/v2\/product"}],"about":[{"href":"https:\/\/petworld.ma\/index.php\/wp-json\/wp\/v2\/types\/product"}],"wp:featuredmedia":[{"embeddable":true,"href":"https:\/\/petworld.ma\/index.php\/wp-json\/wp\/v2\/media\/41802"}],"wp:attachment":[{"href":"https:\/\/petworld.ma\/index.php\/wp-json\/wp\/v2\/media?parent=41796"}],"wp:term":[{"taxonomy":"product_brand","embeddable":true,"href":"https:\/\/petworld.ma\/index.php\/wp-json\/wp\/v2\/product_brand?post=41796"},{"taxonomy":"product_cat","embeddable":true,"href":"https:\/\/petworld.ma\/index.php\/wp-json\/wp\/v2\/product_cat?post=41796"},{"taxonomy":"product_tag","embeddable":true,"href":"https:\/\/petworld.ma\/index.php\/wp-json\/wp\/v2\/product_tag?post=41796"}],"curies":[{"name":"wp","href":"https:\/\/api.w.org\/{rel}","templated":true}]}}