{"id":41928,"date":"2026-05-14T14:42:13","date_gmt":"2026-05-14T14:42:13","guid":{"rendered":"https:\/\/petworld.ma\/?post_type=product&#038;p=41928"},"modified":"2026-05-14T14:44:09","modified_gmt":"2026-05-14T14:44:09","slug":"medaille-basic-handmade-cercle-grand-noir","status":"publish","type":"product","link":"https:\/\/petworld.ma\/index.php\/produit\/medaille-basic-handmade-cercle-grand-noir\/","title":{"rendered":"M\u00e9daille Basic Handmade Cercle Grand Noir"},"content":{"rendered":"<p>L&rsquo;esth\u00e9tique essentielle de la m\u00e9daille Basic Handmade Cercle Grand Noir la rend appropri\u00e9e pour toute occasion, offrant une touche classique, mais jamais banale, \u00e0 la tenue de votre animal de compagnie ! Enrichie du logo MyFamily, elle est enti\u00e8rement finie \u00e0 la main en Italie. Personnalisable au dos avec une gravure facilement lisible et durable. \u00c9quip\u00e9e d&rsquo;un anneau pratique pour l&rsquo;attacher au Porte-Tag.<\/p>\n","protected":false},"excerpt":{"rendered":"<p>Notre savoir-faire artisanal atteint son apog\u00e9e dans la m\u00e9daille Glam Os Grand Noir et Dor\u00e9e, enrichie de strass sertis \u00e0 la main, qui d\u00e9gage de la d\u00e9termination et de l&rsquo;\u00e9l\u00e9gance pour votre animal de compagnie.<\/p>\n","protected":false},"featured_media":41930,"template":"","meta":{"jetpack_publicize_message":"","jetpack_publicize_feature_enabled":true,"jetpack_social_post_already_shared":true,"jetpack_social_options":{"image_generator_settings":{"template":"highway","default_image_id":0,"font":"","enabled":false},"version":2}},"product_brand":[],"product_cat":[153,154],"product_tag":[],"class_list":{"0":"post-41928","1":"product","2":"type-product","3":"status-publish","4":"has-post-thumbnail","6":"product_cat-pendentif-personnalise-chat-chien","7":"product_cat-pendentif-personnalise","9":"first","10":"instock","11":"taxable","12":"shipping-taxable","13":"purchasable","14":"product-type-simple"},"supplier_id":13352,"supplier_sku":"BH50CBLACK","barcode":null,"atum_controlled":true,"out_stock_date":null,"out_stock_threshold":null,"inheritable":false,"inbound_stock":0,"stock_on_hold":0,"sold_today":0,"sales_last_days":0,"reserved_stock":0,"customer_returns":0,"warehouse_damage":0,"lost_in_post":0,"other_logs":0,"out_stock_days":0,"lost_sales":0,"has_location":false,"update_date":"2026-05-14T16:07:43","atum_locations":[],"atum_stock_status":"instock","restock_status":false,"low_stock_amount":2,"sales_update_date":"2026-05-14T16:07:43","calc_backorders":0,"jetpack_publicize_connections":[],"jetpack_sharing_enabled":true,"batches":[],"_links":{"self":[{"href":"https:\/\/petworld.ma\/index.php\/wp-json\/wp\/v2\/product\/41928","targetHints":{"allow":["GET"]}}],"collection":[{"href":"https:\/\/petworld.ma\/index.php\/wp-json\/wp\/v2\/product"}],"about":[{"href":"https:\/\/petworld.ma\/index.php\/wp-json\/wp\/v2\/types\/product"}],"wp:featuredmedia":[{"embeddable":true,"href":"https:\/\/petworld.ma\/index.php\/wp-json\/wp\/v2\/media\/41930"}],"wp:attachment":[{"href":"https:\/\/petworld.ma\/index.php\/wp-json\/wp\/v2\/media?parent=41928"}],"wp:term":[{"taxonomy":"product_brand","embeddable":true,"href":"https:\/\/petworld.ma\/index.php\/wp-json\/wp\/v2\/product_brand?post=41928"},{"taxonomy":"product_cat","embeddable":true,"href":"https:\/\/petworld.ma\/index.php\/wp-json\/wp\/v2\/product_cat?post=41928"},{"taxonomy":"product_tag","embeddable":true,"href":"https:\/\/petworld.ma\/index.php\/wp-json\/wp\/v2\/product_tag?post=41928"}],"curies":[{"name":"wp","href":"https:\/\/api.w.org\/{rel}","templated":true}]}}