{"id":4248,"date":"2023-09-30T10:57:52","date_gmt":"2023-09-30T10:57:52","guid":{"rendered":"https:\/\/petworld.ma\/?post_type=product&#038;p=4248"},"modified":"2026-03-12T17:03:46","modified_gmt":"2026-03-12T17:03:46","slug":"litiere-vegetale-biodegradable-13l","status":"publish","type":"product","link":"https:\/\/petworld.ma\/index.php\/produit\/litiere-vegetale-biodegradable-13l\/","title":{"rendered":"Liti\u00e8re V\u00e9g\u00e9tale Biod\u00e9gradable Granul\u00e9s Bois 13L"},"content":{"rendered":"<p>Liti\u00e8re en Granul\u00e9 de Bois Anti-Odeurs 13L \u2013 BioPawtastic<\/p>\n<p>Liti\u00e8re ultra absorbante , Excellente R\u00e9tention des Odeurs, S\u00e8che Tr\u00e8s Vite, Ne colle Pas aux Pattes et \u00e9conomique jusqu\u2019\u00e0 6 semaines d\u2019utilisation.<\/p>\n<h4 style=\"text-align: center\"><strong>Comment utiliser?<\/strong><\/h4>\n<div class=\"pf-c\" style=\"text-align: center\">\n<div class=\"sc-laZMeE ljWfRO pf-36_\" data-pf-type=\"Column\">\n<p><img decoding=\"async\" class=\"sc-iBzEeX glZmJR pf-37_ aligncenter\" src=\"https:\/\/i0.wp.com\/cdn.shopify.com\/s\/files\/1\/0277\/1117\/6777\/t\/3\/assets\/pf-cce5b34e--Custom-dimensions-1980x1080-px-Custom-dimensions_297x.png?resize=207%2C142&amp;ssl=1\" width=\"207\" height=\"143\" data-pf-type=\"Image\" \/><\/p>\n<div class=\"sc-jgPyTC fuJtcf pf-38_\" data-pf-type=\"Block\">\n<p class=\"sc-fbIWvP fkBHIM pf-39_\" data-pf-type=\"Paragraph\"><span class=\"sc-daBunf eQUdeu pf-41_\" data-pf-type=\"Text\">1<\/span><\/p>\n<h3 class=\"sc-ciSkZP hNMEMQ pf-42_\" data-pf-type=\"Heading\"><span class=\"sc-daBunf eQUdeu pf-44_\" data-pf-type=\"Text\">Versez<br \/>\n<\/span><\/h3>\n<p class=\"sc-fbIWvP fkBHIM pf-45_ _DOoN23\" data-pf-type=\"Paragraph\"><span class=\"sc-daBunf eQUdeu pf-47_\" data-pf-type=\"Text\">Versez jusqu\u2019\u00e0 2 cm de granul\u00e9s de bois dans le bac<\/span><\/p>\n<\/div>\n<\/div>\n<\/div>\n<div class=\"pf-c\" style=\"text-align: center\">\n<div class=\"sc-laZMeE ljWfRO pf-48_\" data-pf-type=\"Column\">\n<p><img decoding=\"async\" class=\"sc-iBzEeX glZmJR pf-49_ aligncenter\" src=\"https:\/\/i0.wp.com\/cdn.shopify.com\/s\/files\/1\/0277\/1117\/6777\/t\/3\/assets\/pf-e5b34e21--Custom-dimensions-1980x1080-px-Custom-dimensions-1_297x.png?resize=220%2C152&amp;ssl=1\" width=\"220\" height=\"152\" data-pf-type=\"Image\" \/><\/p>\n<div class=\"sc-jgPyTC fuJtcf pf-50_\" data-pf-type=\"Block\">\n<p class=\"sc-fbIWvP fkBHIM pf-51_\" data-pf-type=\"Paragraph\"><span class=\"sc-daBunf eQUdeu pf-53_\" data-pf-type=\"Text\">2<\/span><\/p>\n<h3 class=\"sc-ciSkZP hNMEMQ pf-54_\" data-pf-type=\"Heading\"><span class=\"sc-daBunf eQUdeu pf-56_\" data-pf-type=\"Text\">Retirez<br \/>\n<\/span><\/h3>\n<p class=\"sc-fbIWvP fkBHIM pf-57_ _DOoN23\" data-pf-type=\"Paragraph\"><span class=\"sc-daBunf eQUdeu pf-59_\" data-pf-type=\"Text\">Retirez les granul\u00e9s satur\u00e9s et les escr\u00e9ments solides<\/span><\/p>\n<\/div>\n<\/div>\n<\/div>\n<div class=\"pf-c\">\n<div class=\"sc-laZMeE ljWfRO pf-60_\" data-pf-type=\"Column\">\n<p style=\"text-align: center\"><img decoding=\"async\" class=\"sc-iBzEeX glZmJR pf-61_ aligncenter\" src=\"https:\/\/i0.wp.com\/cdn.shopify.com\/s\/files\/1\/0277\/1117\/6777\/t\/3\/assets\/pf-b34e212b--Custom-dimensions-1980x1080-px-Custom-dimensions-2_297x.png?resize=201%2C139&amp;ssl=1\" width=\"201\" height=\"138\" data-pf-type=\"Image\" \/><\/p>\n<div class=\"sc-jgPyTC fuJtcf pf-62_\" data-pf-type=\"Block\">\n<p class=\"sc-fbIWvP fkBHIM pf-63_\" style=\"text-align: center\" data-pf-type=\"Paragraph\"><span class=\"sc-daBunf eQUdeu pf-65_\" data-pf-type=\"Text\">3<\/span><\/p>\n<h3 class=\"sc-ciSkZP hNMEMQ pf-66_\" style=\"text-align: center\" data-pf-type=\"Heading\"><span class=\"sc-daBunf eQUdeu pf-68_\" data-pf-type=\"Text\">Renouvelez<br \/>\n<\/span><\/h3>\n<p class=\"sc-fbIWvP fkBHIM pf-69_ _DOoN23\" style=\"text-align: center\" data-pf-type=\"Paragraph\"><span class=\"sc-daBunf eQUdeu pf-71_\" data-pf-type=\"Text\">Renouvelez compl\u00e8tement la liti\u00e8re quand cela s\u2019av\u00e8re n\u00e9cessaire<\/span><\/p>\n<\/div>\n<\/div>\n<\/div>\n","protected":false},"excerpt":{"rendered":"<p>Liti\u00e8re en Granul\u00e9 de Bois Anti-Odeurs 13L \u2013 BioPawtastic Liti\u00e8re ultra absorbante , Excellente R\u00e9tention des Odeurs, S\u00e8che Tr\u00e8s Vite, Ne colle Pas aux Pattes et \u00e9conomique jusqu\u2019\u00e0 6 semaines d\u2019utilisation. Comment utiliser? 1 Versez Versez jusqu\u2019\u00e0 2 cm de granul\u00e9s de bois dans le bac 2 Retirez Retirez les granul\u00e9s satur\u00e9s et les escr\u00e9ments [&#8230;]\n","protected":false},"featured_media":4251,"template":"","meta":{"jetpack_publicize_message":"","jetpack_publicize_feature_enabled":true,"jetpack_social_post_already_shared":false,"jetpack_social_options":{"image_generator_settings":{"template":"highway","default_image_id":0,"font":"","enabled":false},"version":2}},"product_brand":[],"product_cat":[94],"product_tag":[],"class_list":{"0":"post-4248","1":"product","2":"type-product","3":"status-publish","4":"has-post-thumbnail","6":"product_cat-litieres-et-bacs","8":"first","9":"outofstock","10":"taxable","11":"shipping-taxable","12":"purchasable","13":"product-type-simple"},"supplier_id":5602,"supplier_sku":"","barcode":null,"atum_controlled":true,"out_stock_date":"2026-03-12 17:03:46","out_stock_threshold":null,"inheritable":false,"inbound_stock":0,"stock_on_hold":0,"sold_today":0,"sales_last_days":0,"reserved_stock":0,"customer_returns":0,"warehouse_damage":0,"lost_in_post":0,"other_logs":0,"out_stock_days":58,"lost_sales":0,"has_location":false,"update_date":"2026-05-10T00:21:26","atum_locations":[],"atum_stock_status":"outofstock","restock_status":false,"low_stock_amount":15,"sales_update_date":"2026-05-10T00:21:26","calc_backorders":null,"jetpack_publicize_connections":[],"jetpack_sharing_enabled":true,"batches":[{"id":"4549","date_created":"2025-07-21 20:55:35","date_expiry":"2050-12-12 00:00:00","user_id":"2760","batch_number":"Liti\u00e8re V\u00e9g\u00e9tale Biod\u00e9gradable Granul\u00e9s Bois 13L","location":"","quantity":"100.0000","quantity_available":"0.0000","units":"1","status":"archived","order_ids":"[24915,24970,25224,25252,25656,25824,25893,25938,26078,26162,26224,26290,26396,26483,26553,26698,26739,27078,27485,27620,27766,27850,28181,28227,28383,28415,28586,28815,29087,29107,29239,29394,29496,29519,29608,29782,29789,29936,30252,30694,30834,31011,31069,31133,31153,31244,31246,31350,31360,31762,31848,31854,31961,32030,32150,32331,32326,32421]","supplier":"Casablanca","po":{"id":"4513","date_created":"2025-07-21 20:55:35","batch_id":"4549","po_number":"","supplier":"Casablanca","cost":null,"regular_price":null,"sale_price":null,"price_margin":null,"price_discount":null}}],"_links":{"self":[{"href":"https:\/\/petworld.ma\/index.php\/wp-json\/wp\/v2\/product\/4248","targetHints":{"allow":["GET"]}}],"collection":[{"href":"https:\/\/petworld.ma\/index.php\/wp-json\/wp\/v2\/product"}],"about":[{"href":"https:\/\/petworld.ma\/index.php\/wp-json\/wp\/v2\/types\/product"}],"wp:featuredmedia":[{"embeddable":true,"href":"https:\/\/petworld.ma\/index.php\/wp-json\/wp\/v2\/media\/4251"}],"wp:attachment":[{"href":"https:\/\/petworld.ma\/index.php\/wp-json\/wp\/v2\/media?parent=4248"}],"wp:term":[{"taxonomy":"product_brand","embeddable":true,"href":"https:\/\/petworld.ma\/index.php\/wp-json\/wp\/v2\/product_brand?post=4248"},{"taxonomy":"product_cat","embeddable":true,"href":"https:\/\/petworld.ma\/index.php\/wp-json\/wp\/v2\/product_cat?post=4248"},{"taxonomy":"product_tag","embeddable":true,"href":"https:\/\/petworld.ma\/index.php\/wp-json\/wp\/v2\/product_tag?post=4248"}],"curies":[{"name":"wp","href":"https:\/\/api.w.org\/{rel}","templated":true}]}}