{"id":4326,"date":"2023-10-04T14:20:41","date_gmt":"2023-10-04T14:20:41","guid":{"rendered":"https:\/\/petworld.ma\/?post_type=product&#038;p=4326"},"modified":"2026-03-20T18:49:09","modified_gmt":"2026-03-20T18:49:09","slug":"mera-chat-adulte-outdoor-poulet-10kg","status":"publish","type":"product","link":"https:\/\/petworld.ma\/index.php\/produit\/mera-chat-adulte-outdoor-poulet-10kg\/","title":{"rendered":"Mera Chat adulte Outdoor poulet 10kg"},"content":{"rendered":"<div class=\"hidden-xs\">\n<p>Aliment complet pour chats adultes<\/p>\n<p>finest fit r\u00e9pond aux besoins individuels de vos chats d\u2019ext\u00e9rieur. La recette sp\u00e9cialement \u00e9labor\u00e9e avec de la viande fra\u00eeche et d\u2019autres ingr\u00e9dients de qualit\u00e9 assure un apport complet optimal.<\/p>\n<p><strong>Constituants analytiques:<\/strong>\u00a0prot\u00e9ines 30%, teneur en mati\u00e8res grasses 18%, fibres alimentaires brutes 3,5%, cendres brutes 7,2%, calcium 1,2%, phosphore 0,95%, sodium 0,55%, magn\u00e9sium 0,08%.<br \/>\nAdditifs par kg : additifs nutritionnels physiologiques : vitamine A 20.000IE, vitamine D3 1.600IE, vitamine E 400mg, vitamine C 200mg, taurine 2 000mg, cuivre (sulfate de cuivre (II), pentahydrat\u00e9) 15mg, zinc (sulfate de zinc, monohydrat\u00e9) 100mg, zinc (ch\u00e9late de zinc de glycine, hydrat\u00e9) 60mg, fer (sulfate de fer (II), monohydrat\u00e9) 250mg, mangan\u00e8se (sulfate de mangan\u00e8se (II), monohydrat\u00e9) 30mg, iode (iodate de calcium, anhydre) 2mg, s\u00e9l\u00e9nium (s\u00e9l\u00e9nite de sodium) 0,35mg.<\/p>\n<p><strong>Additifs technologiques:<\/strong>\u00a0antioxydants.<\/p>\n<p><strong>Composition:<\/strong>\u00a0riz (26%), prot\u00e9ines de volaille (25,5%, en partie s\u00e9ch\u00e9es et hydrolys\u00e9es), viande fra\u00eeche de volaille (15%), gluten de ma\u00efs, graisse de volaille, pulpe de betterave s\u00e9ch\u00e9e (3%), lignocellulose (3%), graines de lin (2%), huile de saumon (1,5%), hydrolysat de foie (1%, s\u00e9ch\u00e9), huile de tournesol (1%), chlorure de sodium, chlorure de potassium, phosphate de monocalcium, sulfate de calcium (anhydre), inuline de chicor\u00e9e (0,2%), parois cellulaires de levure (s\u00e9ch\u00e9es, = 0,042% de b\u00eata-glucanes et 0,038% de mannane-oligosaccharides), framboises*, m\u00fbres*, myrtilles*, poudre de Yucca schidigera, glucosamine issue de tissus d\u2019origine animale (0,02%), chondro\u00eftine sulfate (0,01%).<br \/>\n* respectivement 0,03%, s\u00e9ch\u00e9es.<\/p>\n<p>l\u2019aliment complet est g\u00e9n\u00e9ralement donn\u00e9 sec.<\/p>\n<p>Veillez \u00e0 ce que votre chat dispose en permanence d\u2019eau fra\u00eeche.<\/p>\n<p><strong>Teneur \u00e9nerg\u00e9tique:<\/strong>\u00a0\u00e9nergie m\u00e9tabolisable (selon FEDIAF, 2016) 16,30 MJ\/kg. Les quantit\u00e9s journali\u00e8res recommand\u00e9es ont une valeur indicative. Elles doivent \u00eatre adapt\u00e9es en fonction de l\u2019environnement ext\u00e9rieur et de la condition physique du chat.<\/p>\n<p>Fabriqu\u00e9 en Allemagne<\/p>\n<p>Stocker au frais et au sec.<\/p>\n<\/div>\n","protected":false},"excerpt":{"rendered":"<p>Aliment complet pour chats adultes<\/p>\n<p>finest fit r\u00e9pond aux besoins individuels de vos chats d\u2019ext\u00e9rieur. La recette sp\u00e9cialement \u00e9labor\u00e9e avec de la viande fra\u00eeche et d\u2019autres ingr\u00e9dients de qualit\u00e9 assure un apport complet optimal.<\/p>\n","protected":false},"featured_media":4331,"template":"","meta":{"jetpack_publicize_message":"","jetpack_publicize_feature_enabled":true,"jetpack_social_post_already_shared":false,"jetpack_social_options":{"image_generator_settings":{"template":"highway","default_image_id":0,"font":"","enabled":false},"version":2}},"product_brand":[],"product_cat":[40],"product_tag":[],"class_list":{"0":"post-4326","1":"product","2":"type-product","3":"status-publish","4":"has-post-thumbnail","6":"product_cat-coquettes-pour-chat","8":"first","9":"instock","10":"taxable","11":"shipping-taxable","12":"purchasable","13":"product-type-simple"},"supplier_id":5588,"supplier_sku":"033845","barcode":null,"atum_controlled":true,"out_stock_date":null,"out_stock_threshold":null,"inheritable":false,"inbound_stock":0,"stock_on_hold":0,"sold_today":0,"sales_last_days":0,"reserved_stock":0,"customer_returns":0,"warehouse_damage":0,"lost_in_post":0,"other_logs":0,"out_stock_days":0,"lost_sales":0,"has_location":false,"update_date":"2026-05-10T00:19:09","atum_locations":[],"atum_stock_status":"instock","restock_status":false,"low_stock_amount":4,"sales_update_date":"2026-05-10T00:19:09","calc_backorders":0,"jetpack_publicize_connections":[],"jetpack_sharing_enabled":true,"batches":[{"id":"387","date_created":"2024-09-29 19:20:14","date_expiry":"2026-04-16 00:00:00","user_id":"2760","batch_number":"MeraChatadulteOutdoorpoulet10kg160426","location":"","quantity":"1.0000","quantity_available":"0.0000","units":"1","status":"archived","order_ids":"[12226,13714]","supplier":"Mera","po":{"id":"377","date_created":"2024-09-29 19:20:15","batch_id":"387","po_number":"","supplier":"Mera","cost":null,"regular_price":null,"sale_price":null,"price_margin":null,"price_discount":null}},{"id":"388","date_created":"2024-09-29 19:20:15","date_expiry":"2026-02-24 00:00:00","user_id":"2760","batch_number":"MeraChatadulteOutdoorpoulet10kg240226","location":"","quantity":"1.0000","quantity_available":"0.0000","units":"1","status":"archived","order_ids":"[12226]","supplier":"Mera","po":{"id":"378","date_created":"2024-09-29 19:20:15","batch_id":"388","po_number":"","supplier":"Mera","cost":null,"regular_price":null,"sale_price":null,"price_margin":null,"price_discount":null}},{"id":"529","date_created":"2024-10-05 17:29:37","date_expiry":"2026-04-16 00:00:00","user_id":"2760","batch_number":"MERA OUTDOOR10KG160426","location":"","quantity":"1.0000","quantity_available":"0.0000","units":"1","status":"archived","order_ids":"[13021,13109,14284,14364,15688]","supplier":"mera","po":{"id":"512","date_created":"2024-10-05 17:29:37","batch_id":"529","po_number":"","supplier":"mera","cost":null,"regular_price":null,"sale_price":null,"price_margin":null,"price_discount":null}},{"id":"905","date_created":"2024-11-21 18:39:58","date_expiry":"2025-10-21 00:00:00","user_id":"2760","batch_number":"MERA OUTDOOR10KG211025","location":"","quantity":"3.0000","quantity_available":"0.0000","units":"1","status":"archived","order_ids":"[]","supplier":"mera","po":{"id":"880","date_created":"2024-11-21 18:39:59","batch_id":"905","po_number":"","supplier":"mera","cost":null,"regular_price":null,"sale_price":null,"price_margin":null,"price_discount":null}},{"id":"1149","date_created":"2024-12-11 09:41:43","date_expiry":"2026-07-07 00:00:00","user_id":"2760","batch_number":"MERA OUTDOOR10KG070726","location":"","quantity":"2.0000","quantity_available":"0.0000","units":"1","status":"archived","order_ids":"[15873,16011]","supplier":"mera","po":{"id":"1125","date_created":"2024-12-11 09:41:44","batch_id":"1149","po_number":"","supplier":"mera","cost":null,"regular_price":null,"sale_price":null,"price_margin":null,"price_discount":null}},{"id":"1223","date_created":"2024-12-16 22:12:15","date_expiry":"2026-07-07 00:00:00","user_id":"2760","batch_number":"MERA OUTDOOR10KG070726","location":"","quantity":"2.0000","quantity_available":"0.0000","units":"1","status":"archived","order_ids":"[16497,16807]","supplier":"mera","po":{"id":"1196","date_created":"2024-12-17 10:37:51","batch_id":"1223","po_number":"","supplier":"mera","cost":null,"regular_price":null,"sale_price":null,"price_margin":null,"price_discount":null}},{"id":"1305","date_created":"2024-12-19 21:37:10","date_expiry":"2026-07-07 00:00:00","user_id":"2760","batch_number":"MERA OUTDOOR10KG070726","location":"","quantity":"2.0000","quantity_available":"0.0000","units":"1","status":"archived","order_ids":"[16827,17410]","supplier":"mera","po":{"id":"1278","date_created":"2024-12-19 21:37:13","batch_id":"1305","po_number":"","supplier":"mera","cost":null,"regular_price":null,"sale_price":null,"price_margin":null,"price_discount":null}},{"id":"1629","date_created":"2025-01-14 18:34:20","date_expiry":"2026-07-07 00:00:00","user_id":"2760","batch_number":"MERA OUTDOOR10KG070726","location":"","quantity":"1.0000","quantity_available":"0.0000","units":"1","status":"archived","order_ids":"[16827]","supplier":"mera","po":{"id":"1603","date_created":"2025-01-14 18:34:23","batch_id":"1629","po_number":"","supplier":"mera","cost":null,"regular_price":null,"sale_price":null,"price_margin":null,"price_discount":null}},{"id":"1691","date_created":"2025-01-20 21:29:10","date_expiry":"2026-09-30 00:00:00","user_id":"2760","batch_number":"MERAOUTDOOR10KG300926","location":"","quantity":"3.0000","quantity_available":"0.0000","units":"1","status":"archived","order_ids":"[17410,18631]","supplier":"mera","po":{"id":"1665","date_created":"2025-01-20 21:29:13","batch_id":"1691","po_number":"","supplier":"mera","cost":null,"regular_price":null,"sale_price":null,"price_margin":null,"price_discount":null}},{"id":"1970","date_created":"2025-02-12 18:13:18","date_expiry":"2026-07-07 00:00:00","user_id":"2760","batch_number":"MERAOUTDOOR10KG070726","location":"","quantity":"2.0000","quantity_available":"0.0000","units":"1","status":"archived","order_ids":"[17987,18631]","supplier":"mera","po":{"id":"1942","date_created":"2025-02-12 18:13:21","batch_id":"1970","po_number":"","supplier":"mera","cost":null,"regular_price":null,"sale_price":null,"price_margin":null,"price_discount":null}},{"id":"2110","date_created":"2025-02-21 16:26:02","date_expiry":"2026-09-30 00:00:00","user_id":"2760","batch_number":"MERAOUTDOOR10KG300926","location":"","quantity":"2.0000","quantity_available":"0.0000","units":"1","status":"archived","order_ids":"[19168]","supplier":"MERA","po":{"id":"2080","date_created":"2025-02-21 16:26:05","batch_id":"2110","po_number":"","supplier":"MERA","cost":null,"regular_price":null,"sale_price":null,"price_margin":null,"price_discount":null}},{"id":"2258","date_created":"2025-03-06 20:47:32","date_expiry":"2026-09-30 00:00:00","user_id":"2760","batch_number":"MERAOUTDOOR10KG300926","location":"","quantity":"2.0000","quantity_available":"0.0000","units":"1","status":"archived","order_ids":"[20079]","supplier":"mera","po":{"id":"2227","date_created":"2025-03-06 20:47:34","batch_id":"2258","po_number":"","supplier":"mera","cost":null,"regular_price":null,"sale_price":null,"price_margin":null,"price_discount":null}},{"id":"2437","date_created":"2025-03-22 09:33:36","date_expiry":"2026-09-30 00:00:00","user_id":"2760","batch_number":"MERAOUTDOOR10KG300926","location":"","quantity":"2.0000","quantity_available":"0.0000","units":"1","status":"archived","order_ids":"[20184,20656]","supplier":"mera","po":{"id":"2406","date_created":"2025-03-22 09:33:39","batch_id":"2437","po_number":"","supplier":"mera","cost":null,"regular_price":null,"sale_price":null,"price_margin":null,"price_discount":null}},{"id":"2935","date_created":"2025-04-10 23:18:47","date_expiry":"2026-09-30 00:00:00","user_id":"2760","batch_number":"MERAOUTDOOR10KG300926","location":"","quantity":"3.0000","quantity_available":"0.0000","units":"1","status":"archived","order_ids":"[20656,21423,22020]","supplier":"mera","po":{"id":"2901","date_created":"2025-04-10 23:18:48","batch_id":"2935","po_number":"","supplier":"mera","cost":null,"regular_price":null,"sale_price":null,"price_margin":null,"price_discount":null}},{"id":"3077","date_created":"2025-04-18 08:56:05","date_expiry":"2026-09-30 00:00:00","user_id":"2760","batch_number":"MERAOUTDOOR10KG300926","location":"","quantity":"2.0000","quantity_available":"0.0000","units":"1","status":"archived","order_ids":"[22636]","supplier":"mera","po":{"id":"3043","date_created":"2025-04-18 08:56:06","batch_id":"3077","po_number":"","supplier":"mera","cost":null,"regular_price":null,"sale_price":null,"price_margin":null,"price_discount":null}},{"id":"3191","date_created":"2025-04-25 20:10:27","date_expiry":"2026-09-30 00:00:00","user_id":"2760","batch_number":"MERAOUTDOOR10KG300926","location":"","quantity":"1.0000","quantity_available":"0.0000","units":"1","status":"archived","order_ids":"[21423]","supplier":"mera","po":{"id":"3159","date_created":"2025-04-25 20:10:28","batch_id":"3191","po_number":"","supplier":"mera","cost":null,"regular_price":null,"sale_price":null,"price_margin":null,"price_discount":null}},{"id":"3391","date_created":"2025-05-12 20:45:38","date_expiry":"2026-09-30 00:00:00","user_id":"2760","batch_number":"MERAOUTDOOR10KG300926","location":"","quantity":"2.0000","quantity_available":"0.0000","units":"1","status":"archived","order_ids":"[23607,26876]","supplier":"mera","po":{"id":"3358","date_created":"2025-05-12 20:45:39","batch_id":"3391","po_number":"","supplier":"mera","cost":null,"regular_price":null,"sale_price":null,"price_margin":null,"price_discount":null}},{"id":"4057","date_created":"2025-06-18 21:36:51","date_expiry":"2027-01-28 00:00:00","user_id":"2760","batch_number":"MERAOUTDOOR10KG280127","location":"","quantity":"2.0000","quantity_available":"0.0000","units":"1","status":"archived","order_ids":"[31359,34568]","supplier":"mera","po":{"id":"4021","date_created":"2025-06-18 21:36:51","batch_id":"4057","po_number":"","supplier":"mera","cost":null,"regular_price":null,"sale_price":null,"price_margin":null,"price_discount":null}},{"id":"4079","date_created":"2025-06-24 13:19:38","date_expiry":"2027-01-28 00:00:00","user_id":"2760","batch_number":"MERAOUTDOOR10KG280127","location":"","quantity":"1.0000","quantity_available":"0.0000","units":"1","status":"archived","order_ids":"[29379]","supplier":"mera","po":{"id":"4043","date_created":"2025-06-24 13:19:39","batch_id":"4079","po_number":"","supplier":"mera","cost":null,"regular_price":null,"sale_price":null,"price_margin":null,"price_discount":null}},{"id":"5308","date_created":"2025-09-15 20:51:10","date_expiry":"2027-01-28 00:00:00","user_id":"2760","batch_number":"MERAOUTDOOR10KG280127","location":"","quantity":"1.0000","quantity_available":"0.0000","units":"1","status":"archived","order_ids":"[30615]","supplier":"mera","po":{"id":"5265","date_created":"2025-09-15 20:51:12","batch_id":"5308","po_number":"","supplier":"mera","cost":null,"regular_price":null,"sale_price":null,"price_margin":null,"price_discount":null}},{"id":"5977","date_created":"2025-11-04 12:58:30","date_expiry":"2027-01-28 00:00:00","user_id":"2760","batch_number":"MERAOUTDOOR10KG280127","location":"","quantity":"1.0000","quantity_available":"0.0000","units":"1","status":"archived","order_ids":"[30615]","supplier":"mera","po":{"id":"5920","date_created":"2025-11-04 12:58:30","batch_id":"5977","po_number":"","supplier":"mera","cost":null,"regular_price":null,"sale_price":null,"price_margin":null,"price_discount":null}},{"id":"6317","date_created":"2025-11-24 00:47:08","date_expiry":"2027-01-28 00:00:00","user_id":"2760","batch_number":"MERAOUTDOOR10KG280127","location":"","quantity":"2.0000","quantity_available":"0.0000","units":"1","status":"archived","order_ids":"[34630]","supplier":"mera","po":{"id":"6263","date_created":"2025-11-24 00:47:08","batch_id":"6317","po_number":"","supplier":"mera","cost":null,"regular_price":null,"sale_price":null,"price_margin":null,"price_discount":null}},{"id":"6619","date_created":"2025-12-11 13:25:10","date_expiry":"2027-01-28 00:00:00","user_id":"2760","batch_number":"MERAOUTDOOR10KG280127","location":"","quantity":"2.0000","quantity_available":"0.0000","units":"1","status":"archived","order_ids":"[36461,36899]","supplier":"mera","po":{"id":"6564","date_created":"2025-12-11 13:25:11","batch_id":"6619","po_number":"","supplier":"mera","cost":null,"regular_price":null,"sale_price":null,"price_margin":null,"price_discount":null}},{"id":"7707","date_created":"2026-02-14 14:11:59","date_expiry":"2027-01-28 00:00:00","user_id":"2760","batch_number":"MERAOUTDOOR10KG280127","location":"","quantity":"2.0000","quantity_available":"2.0000","units":"1","status":"active","order_ids":null,"supplier":"mera","po":{"id":"7642","date_created":"2026-02-14 14:12:00","batch_id":"7707","po_number":"","supplier":"mera","cost":null,"regular_price":null,"sale_price":null,"price_margin":null,"price_discount":null}},{"id":"8015","date_created":"2026-02-28 12:31:46","date_expiry":"2027-01-28 00:00:00","user_id":"2760","batch_number":"MERAOUTDOOR10KG280127","location":"","quantity":"1.0000","quantity_available":"1.0000","units":"1","status":"active","order_ids":"[]","supplier":"mera","po":{"id":"7953","date_created":"2026-02-28 12:31:47","batch_id":"8015","po_number":"","supplier":"mera","cost":null,"regular_price":null,"sale_price":null,"price_margin":null,"price_discount":null}},{"id":"8066","date_created":"2026-03-05 10:47:26","date_expiry":"2027-01-28 00:00:00","user_id":"2760","batch_number":"MERAOUTDOOR10KG280127","location":"","quantity":"1.0000","quantity_available":"1.0000","units":"1","status":"active","order_ids":null,"supplier":"mera","po":{"id":"8004","date_created":"2026-03-05 10:47:27","batch_id":"8066","po_number":"","supplier":"mera","cost":null,"regular_price":null,"sale_price":null,"price_margin":null,"price_discount":null}}],"_links":{"self":[{"href":"https:\/\/petworld.ma\/index.php\/wp-json\/wp\/v2\/product\/4326","targetHints":{"allow":["GET"]}}],"collection":[{"href":"https:\/\/petworld.ma\/index.php\/wp-json\/wp\/v2\/product"}],"about":[{"href":"https:\/\/petworld.ma\/index.php\/wp-json\/wp\/v2\/types\/product"}],"wp:featuredmedia":[{"embeddable":true,"href":"https:\/\/petworld.ma\/index.php\/wp-json\/wp\/v2\/media\/4331"}],"wp:attachment":[{"href":"https:\/\/petworld.ma\/index.php\/wp-json\/wp\/v2\/media?parent=4326"}],"wp:term":[{"taxonomy":"product_brand","embeddable":true,"href":"https:\/\/petworld.ma\/index.php\/wp-json\/wp\/v2\/product_brand?post=4326"},{"taxonomy":"product_cat","embeddable":true,"href":"https:\/\/petworld.ma\/index.php\/wp-json\/wp\/v2\/product_cat?post=4326"},{"taxonomy":"product_tag","embeddable":true,"href":"https:\/\/petworld.ma\/index.php\/wp-json\/wp\/v2\/product_tag?post=4326"}],"curies":[{"name":"wp","href":"https:\/\/api.w.org\/{rel}","templated":true}]}}