{"id":4392,"date":"2023-10-09T13:27:22","date_gmt":"2023-10-09T13:27:22","guid":{"rendered":"https:\/\/petworld.ma\/?post_type=product&#038;p=4392"},"modified":"2026-03-30T13:55:55","modified_gmt":"2026-03-30T13:55:55","slug":"ownat-classic-fish-poisson-chien-20kg","status":"publish","type":"product","link":"https:\/\/petworld.ma\/index.php\/produit\/ownat-classic-fish-poisson-chien-20kg\/","title":{"rendered":"Ownat Classic Fish\/Poisson (chien) 20Kg"},"content":{"rendered":"<p>\u00c9labor\u00e9 avec du poisson frais, contient un apport additionnel d\u2019acides gras Om\u00e9ga 3 et 6 qui aident \u00e0 maintenir la peau saine et le poil soyeux et brillant. Pour chiens adultes de toutes races.<\/p>\n<p><strong>Composition:<\/strong><\/p>\n<p>Viande d\u00e9shydrat\u00e9e (18%), poisson 15% (poisson frais* 10%, poisson d\u00e9shydrat\u00e9 5%), bl\u00e9 complet* (12%), orge complet* (12%), graisse de poulet, son de bl\u00e9* (9%), ma\u00efs complet* (9%), riz complet* (6%), petits pois entiers* (3%), pomme fra\u00eeche* (1%), huile de saumon, graines de lin* (1%), pulpe de betterave, fructo-oligosaccharides et mannane-oligosaccharides, levure de bi\u00e8re* (0,5%), herbes botaniques 0,02% (fenouil*, \u00e9chinac\u00e9e*, thym*), yucca schidigera.<em>*Ingr\u00e9dients naturels<\/em><\/p>\n<p><strong>Constituants analytiques:<\/strong><\/p>\n<p>Prot\u00e9ine 25%, Teneur en mati\u00e8res grasses 12%, Cellulose brute 3%, Mati\u00e8re inorganique 7,5%, Humidit\u00e9 8%, Calcium 1,5%, Phosphore 1,1%.<\/p>\n<p><strong>Tableau des rations<\/strong><\/p>\n<table>\n<tbody>\n<tr>\n<td>Poids chien (kg)<\/td>\n<td>Gr.\/ jour<\/td>\n<\/tr>\n<tr>\n<td>1-5<\/td>\n<td>40-130<\/td>\n<\/tr>\n<tr>\n<td>5-10<\/td>\n<td>130-205<\/td>\n<\/tr>\n<tr>\n<td>10-20<\/td>\n<td>205-325<\/td>\n<\/tr>\n<tr>\n<td>20-30<\/td>\n<td>325-430<\/td>\n<\/tr>\n<tr>\n<td>30-40<\/td>\n<td>430-525<\/td>\n<\/tr>\n<tr>\n<td>+40<\/td>\n<td>525-680<\/td>\n<\/tr>\n<\/tbody>\n<\/table>\n<p>&nbsp;<\/p>\n","protected":false},"excerpt":{"rendered":"<p>\u00c9labor\u00e9 avec du poisson frais, contient un apport additionnel d\u2019acides gras Om\u00e9ga 3 et 6 qui aident \u00e0 maintenir la peau saine et le poil soyeux et brillant. Pour chiens adultes de toutes races. Composition: Viande d\u00e9shydrat\u00e9e (18%), poisson 15% (poisson frais* 10%, poisson d\u00e9shydrat\u00e9 5%), bl\u00e9 complet* (12%), orge complet* (12%), graisse de poulet, [&#8230;]\n","protected":false},"featured_media":4134,"template":"","meta":{"jetpack_publicize_message":"","jetpack_publicize_feature_enabled":true,"jetpack_social_post_already_shared":false,"jetpack_social_options":{"image_generator_settings":{"template":"highway","default_image_id":0,"font":"","enabled":false},"version":2}},"product_brand":[],"product_cat":[26],"product_tag":[],"class_list":{"0":"post-4392","1":"product","2":"type-product","3":"status-publish","4":"has-post-thumbnail","6":"product_cat-croquettes","8":"first","9":"outofstock","10":"taxable","11":"shipping-taxable","12":"purchasable","13":"product-type-simple"},"supplier_id":5595,"supplier_sku":"50","barcode":null,"atum_controlled":true,"out_stock_date":"2026-03-30 13:55:54","out_stock_threshold":null,"inheritable":false,"inbound_stock":0,"stock_on_hold":0,"sold_today":0,"sales_last_days":0,"reserved_stock":0,"customer_returns":0,"warehouse_damage":0,"lost_in_post":0,"other_logs":0,"out_stock_days":44,"lost_sales":0,"has_location":false,"update_date":"2026-05-14T00:00:42","atum_locations":[],"atum_stock_status":"outofstock","restock_status":false,"low_stock_amount":5,"sales_update_date":"2026-05-14T00:00:41","calc_backorders":null,"jetpack_publicize_connections":[],"jetpack_sharing_enabled":true,"batches":[{"id":"423","date_created":"2024-09-30 07:33:23","date_expiry":"2025-12-31 00:00:00","user_id":"2760","batch_number":"OwnatFish20kg122025","location":"","quantity":"2.0000","quantity_available":"0.0000","units":"1","status":"archived","order_ids":"[12279,12694,14281,14783,15112,15433,15596]","supplier":"Ownat","po":{"id":"412","date_created":"2024-09-30 07:33:24","batch_id":"423","po_number":"","supplier":"Ownat","cost":null,"regular_price":null,"sale_price":null,"price_margin":null,"price_discount":null}},{"id":"996","date_created":"2024-12-03 21:09:40","date_expiry":"2026-05-31 00:00:00","user_id":"2760","batch_number":"OwnatFish20kg052026","location":"","quantity":"1.0000","quantity_available":"0.0000","units":"1","status":"archived","order_ids":"[15687]","supplier":"Ownat","po":{"id":"974","date_created":"2024-12-03 21:09:40","batch_id":"996","po_number":"","supplier":"Ownat","cost":null,"regular_price":null,"sale_price":null,"price_margin":null,"price_discount":null}},{"id":"1157","date_created":"2024-12-12 00:00:52","date_expiry":"2026-05-31 00:00:00","user_id":"2760","batch_number":"OwnatFish20kg052026","location":"","quantity":"1.0000","quantity_available":"0.0000","units":"1","status":"archived","order_ids":"[15687]","supplier":"Ownat","po":{"id":"1169","date_created":"2024-12-13 11:36:20","batch_id":"1157","po_number":"","supplier":"Ownat","cost":null,"regular_price":null,"sale_price":null,"price_margin":null,"price_discount":null}},{"id":"1233","date_created":"2024-12-17 21:25:50","date_expiry":"2026-05-31 00:00:00","user_id":"2760","batch_number":"OwnatFish20kg052026","location":"","quantity":"4.0000","quantity_available":"0.0000","units":"1","status":"archived","order_ids":"[16389,16731,16887,17124]","supplier":"Ownat","po":{"id":"1205","date_created":"2024-12-17 21:25:52","batch_id":"1233","po_number":"","supplier":"Ownat","cost":null,"regular_price":null,"sale_price":null,"price_margin":null,"price_discount":null}},{"id":"1345","date_created":"2024-12-20 22:02:02","date_expiry":"2026-05-31 00:00:00","user_id":"2760","batch_number":"OwnatFish20kg052026","location":"","quantity":"1.0000","quantity_available":"0.0000","units":"1","status":"archived","order_ids":"[16389,18026]","supplier":"Ownat","po":{"id":"1319","date_created":"2024-12-20 22:02:05","batch_id":"1345","po_number":"","supplier":"Ownat","cost":null,"regular_price":null,"sale_price":null,"price_margin":null,"price_discount":null}},{"id":"1649","date_created":"2025-01-16 20:41:45","date_expiry":"2026-06-30 00:00:00","user_id":"2760","batch_number":"OwnatFish20kg062026","location":"","quantity":"2.0000","quantity_available":"0.0000","units":"1","status":"archived","order_ids":"[17613]","supplier":"Ownat","po":{"id":"1623","date_created":"2025-01-16 20:41:48","batch_id":"1649","po_number":"","supplier":"Ownat","cost":null,"regular_price":null,"sale_price":null,"price_margin":null,"price_discount":null}},{"id":"2308","date_created":"2025-03-08 01:30:43","date_expiry":"2026-08-30 00:00:00","user_id":"2760","batch_number":"OwnatFish20kg0826","location":"","quantity":"3.0000","quantity_available":"0.0000","units":"1","status":"archived","order_ids":"[18906,19214,19414]","supplier":"Ownat","po":{"id":"2277","date_created":"2025-03-08 01:30:47","batch_id":"2308","po_number":"","supplier":"Ownat","cost":null,"regular_price":null,"sale_price":null,"price_margin":null,"price_discount":null}},{"id":"2358","date_created":"2025-03-13 22:54:02","date_expiry":"2026-08-30 00:00:00","user_id":"2760","batch_number":"OwnatFish20kg0826","location":"","quantity":"3.0000","quantity_available":"0.0000","units":"1","status":"archived","order_ids":"[19587,19592,20223]","supplier":"Ownat","po":{"id":"2326","date_created":"2025-03-13 22:54:05","batch_id":"2358","po_number":"","supplier":"Ownat","cost":null,"regular_price":null,"sale_price":null,"price_margin":null,"price_discount":null}},{"id":"2533","date_created":"2025-03-29 01:34:05","date_expiry":"2026-08-30 00:00:00","user_id":"2760","batch_number":"OwnatFish20kg0826","location":"","quantity":"2.0000","quantity_available":"0.0000","units":"1","status":"archived","order_ids":"[20223,20946]","supplier":"Ownat","po":{"id":"2501","date_created":"2025-03-29 01:34:08","batch_id":"2533","po_number":"","supplier":"Ownat","cost":null,"regular_price":null,"sale_price":null,"price_margin":null,"price_discount":null}},{"id":"2693","date_created":"2025-04-04 22:26:39","date_expiry":"2026-08-30 00:00:00","user_id":"2760","batch_number":"OwnatFish20kg0826","location":"","quantity":"2.0000","quantity_available":"0.0000","units":"1","status":"archived","order_ids":"[21859,22716]","supplier":"Ownat","po":{"id":"2662","date_created":"2025-04-04 22:26:44","batch_id":"2693","po_number":"","supplier":"Ownat","cost":null,"regular_price":null,"sale_price":null,"price_margin":null,"price_discount":null}},{"id":"2985","date_created":"2025-04-11 20:57:57","date_expiry":"2026-08-30 00:00:00","user_id":"2760","batch_number":"OwnatFish20kg0826","location":"","quantity":"2.0000","quantity_available":"0.0000","units":"1","status":"archived","order_ids":"[22917,23159]","supplier":"Ownat","po":{"id":"2951","date_created":"2025-04-11 20:57:58","batch_id":"2985","po_number":"","supplier":"Ownat","cost":null,"regular_price":null,"sale_price":null,"price_margin":null,"price_discount":null}},{"id":"3167","date_created":"2025-04-24 21:50:37","date_expiry":"2026-08-30 00:00:00","user_id":"2760","batch_number":"OwnatFish20kg0826","location":"","quantity":"1.0000","quantity_available":"0.0000","units":"1","status":"archived","order_ids":"[21369]","supplier":"Zooluxe","po":{"id":"3135","date_created":"2025-04-24 21:50:38","batch_id":"3167","po_number":"","supplier":"Zooluxe","cost":null,"regular_price":null,"sale_price":null,"price_margin":null,"price_discount":null}},{"id":"3405","date_created":"2025-05-13 17:20:47","date_expiry":"2026-09-30 00:00:00","user_id":"2760","batch_number":"OwnatFish20kg0926","location":"","quantity":"1.0000","quantity_available":"0.0000","units":"1","status":"archived","order_ids":"[23907]","supplier":"Ownat","po":{"id":"3372","date_created":"2025-05-13 17:20:48","batch_id":"3405","po_number":"","supplier":"Ownat","cost":null,"regular_price":null,"sale_price":null,"price_margin":null,"price_discount":null}},{"id":"3497","date_created":"2025-05-19 18:33:23","date_expiry":"2026-09-30 00:00:00","user_id":"2760","batch_number":"OwnatFish20kg0926","location":"","quantity":"1.0000","quantity_available":"0.0000","units":"1","status":"archived","order_ids":"[24126]","supplier":"Ownat","po":{"id":"3465","date_created":"2025-05-19 18:33:26","batch_id":"3497","po_number":"","supplier":"Ownat","cost":null,"regular_price":null,"sale_price":null,"price_margin":null,"price_discount":null}},{"id":"3904","date_created":"2025-06-05 20:30:13","date_expiry":"2026-08-30 00:00:00","user_id":"2760","batch_number":"OwnatFish20kg0826","location":"","quantity":"2.0000","quantity_available":"0.0000","units":"1","status":"archived","order_ids":"[23813,23841]","supplier":"Ownat","po":{"id":"3868","date_created":"2025-06-05 20:30:14","batch_id":"3904","po_number":"","supplier":"Ownat","cost":null,"regular_price":null,"sale_price":null,"price_margin":null,"price_discount":null}},{"id":"3998","date_created":"2025-06-16 22:15:25","date_expiry":"2026-08-30 00:00:00","user_id":"2760","batch_number":"OwnatFish20kg0826","location":"","quantity":"1.0000","quantity_available":"0.0000","units":"1","status":"archived","order_ids":"[23571]","supplier":"Ownat","po":{"id":"3961","date_created":"2025-06-16 22:15:26","batch_id":"3998","po_number":"","supplier":"Ownat","cost":null,"regular_price":null,"sale_price":null,"price_margin":null,"price_discount":null}},{"id":"4181","date_created":"2025-06-30 21:20:11","date_expiry":"2026-09-30 00:00:00","user_id":"2760","batch_number":"OwnatFish20kg0926","location":"","quantity":"1.0000","quantity_available":"0.0000","units":"1","status":"archived","order_ids":"[24285]","supplier":"Ownat","po":{"id":"4144","date_created":"2025-06-30 21:20:12","batch_id":"4181","po_number":"","supplier":"Ownat","cost":null,"regular_price":null,"sale_price":null,"price_margin":null,"price_discount":null}},{"id":"4279","date_created":"2025-07-08 20:22:49","date_expiry":"2026-09-30 00:00:00","user_id":"2760","batch_number":"OwnatFish20kg0926","location":"","quantity":"3.0000","quantity_available":"0.0000","units":"1","status":"archived","order_ids":"[29824,30050,30751]","supplier":"Ownat","po":{"id":"4242","date_created":"2025-07-08 20:22:50","batch_id":"4279","po_number":"","supplier":"Ownat","cost":null,"regular_price":null,"sale_price":null,"price_margin":null,"price_discount":null}},{"id":"4371","date_created":"2025-07-14 20:39:12","date_expiry":"2026-09-30 00:00:00","user_id":"2760","batch_number":"OwnatFish20kg0926","location":"","quantity":"1.0000","quantity_available":"0.0000","units":"1","status":"archived","order_ids":"[26505]","supplier":"Ownat","po":{"id":"4335","date_created":"2025-07-14 20:39:13","batch_id":"4371","po_number":"","supplier":"Ownat","cost":null,"regular_price":null,"sale_price":null,"price_margin":null,"price_discount":null}},{"id":"4495","date_created":"2025-07-16 18:39:15","date_expiry":"2026-09-30 00:00:00","user_id":"2760","batch_number":"OwnatFish20kg0926","location":"","quantity":"1.0000","quantity_available":"0.0000","units":"1","status":"archived","order_ids":"[27182]","supplier":"Ownat","po":{"id":"4459","date_created":"2025-07-16 18:39:15","batch_id":"4495","po_number":"","supplier":"Ownat","cost":null,"regular_price":null,"sale_price":null,"price_margin":null,"price_discount":null}},{"id":"5223","date_created":"2025-09-08 15:42:54","date_expiry":"2026-08-30 00:00:00","user_id":"2760","batch_number":"OwnatFish20kg082026","location":"","quantity":"1.0000","quantity_available":"0.0000","units":"1","status":"archived","order_ids":"[26935]","supplier":"Ownat","po":{"id":"5180","date_created":"2025-09-08 15:42:55","batch_id":"5223","po_number":"","supplier":"Ownat","cost":null,"regular_price":null,"sale_price":null,"price_margin":null,"price_discount":null}},{"id":"5318","date_created":"2025-09-15 21:25:43","date_expiry":"2026-08-30 00:00:00","user_id":"2760","batch_number":"OwnatFish20kg082026","location":"","quantity":"1.0000","quantity_available":"0.0000","units":"1","status":"archived","order_ids":"[27320]","supplier":"Ownat","po":{"id":"5275","date_created":"2025-09-15 21:25:44","batch_id":"5318","po_number":"","supplier":"Ownat","cost":null,"regular_price":null,"sale_price":null,"price_margin":null,"price_discount":null}},{"id":"5471","date_created":"2025-09-23 10:30:35","date_expiry":"2026-09-30 00:00:00","user_id":"2760","batch_number":"OwnatFish20kg092026","location":"","quantity":"2.0000","quantity_available":"0.0000","units":"1","status":"archived","order_ids":"[29281,29585]","supplier":"Ownat","po":{"id":"5427","date_created":"2025-09-23 10:30:39","batch_id":"5471","po_number":"","supplier":"Ownat","cost":null,"regular_price":null,"sale_price":null,"price_margin":null,"price_discount":null}},{"id":"5909","date_created":"2025-10-30 11:51:25","date_expiry":"2026-09-30 00:00:00","user_id":"2760","batch_number":"OwnatFish20kg092026","location":"","quantity":"1.0000","quantity_available":"0.0000","units":"1","status":"archived","order_ids":"[29744]","supplier":"Ownat","po":{"id":"5850","date_created":"2025-10-30 11:51:25","batch_id":"5909","po_number":"","supplier":"Ownat","cost":null,"regular_price":null,"sale_price":null,"price_margin":null,"price_discount":null}},{"id":"5912","date_created":"2025-10-30 12:44:52","date_expiry":"2026-09-30 00:00:00","user_id":"2760","batch_number":"OwnatFish20kg0926","location":"","quantity":"1.0000","quantity_available":"0.0000","units":"1","status":"archived","order_ids":"[29824]","supplier":"Ownat","po":{"id":"5853","date_created":"2025-10-30 12:44:55","batch_id":"5912","po_number":"","supplier":"Ownat","cost":null,"regular_price":null,"sale_price":null,"price_margin":null,"price_discount":null}},{"id":"6115","date_created":"2025-11-11 22:43:00","date_expiry":"2026-09-30 00:00:00","user_id":"2760","batch_number":"OwnatFish20kg0926","location":"","quantity":"1.0000","quantity_available":"0.0000","units":"1","status":"archived","order_ids":"[31381]","supplier":"Ownat","po":{"id":"6062","date_created":"2025-11-11 22:43:00","batch_id":"6115","po_number":"","supplier":"Ownat","cost":null,"regular_price":null,"sale_price":null,"price_margin":null,"price_discount":null}},{"id":"6226","date_created":"2025-11-16 12:12:23","date_expiry":"2026-09-30 00:00:00","user_id":"2760","batch_number":"OwnatFish20kg0926","location":"","quantity":"3.0000","quantity_available":"0.0000","units":"1","status":"archived","order_ids":"[31936,32364,33171]","supplier":"Ownat","po":{"id":"6172","date_created":"2025-11-16 12:12:24","batch_id":"6226","po_number":"","supplier":"Ownat","cost":null,"regular_price":null,"sale_price":null,"price_margin":null,"price_discount":null}},{"id":"6441","date_created":"2025-12-03 16:31:26","date_expiry":"2027-02-28 00:00:00","user_id":"2760","batch_number":"OwnatFish20kg0227","location":"","quantity":"2.0000","quantity_available":"0.0000","units":"1","status":"archived","order_ids":"[33171,33273]","supplier":"Ownat","po":{"id":"6387","date_created":"2025-12-03 16:31:27","batch_id":"6441","po_number":"","supplier":"Ownat","cost":null,"regular_price":null,"sale_price":null,"price_margin":null,"price_discount":null}},{"id":"6954","date_created":"2025-12-27 09:56:05","date_expiry":"2027-02-28 00:00:00","user_id":"2760","batch_number":"OwnatFish20kg0227","location":"","quantity":"2.0000","quantity_available":"0.0000","units":"1","status":"archived","order_ids":"[33650]","supplier":"Ownat","po":{"id":"6893","date_created":"2025-12-27 09:56:05","batch_id":"6954","po_number":"","supplier":"Ownat","cost":null,"regular_price":null,"sale_price":null,"price_margin":null,"price_discount":null}},{"id":"7135","date_created":"2026-01-13 09:39:32","date_expiry":"2027-02-28 00:00:00","user_id":"2760","batch_number":"OwnatFish20kg0227","location":"","quantity":"2.0000","quantity_available":"0.0000","units":"1","status":"archived","order_ids":"[33832]","supplier":"OWNAT","po":{"id":"7071","date_created":"2026-01-13 09:39:32","batch_id":"7135","po_number":"","supplier":"OWNAT","cost":null,"regular_price":null,"sale_price":null,"price_margin":null,"price_discount":null}},{"id":"7144","date_created":"2026-01-13 10:27:35","date_expiry":"2027-05-30 00:00:00","user_id":"2760","batch_number":"OwnatFish20kg0527","location":"","quantity":"3.0000","quantity_available":"1.0000","units":"1","status":"active","order_ids":"[]","supplier":"OWNAT","po":{"id":"7080","date_created":"2026-01-13 10:27:36","batch_id":"7144","po_number":"","supplier":"OWNAT","cost":null,"regular_price":null,"sale_price":null,"price_margin":null,"price_discount":null}},{"id":"7362","date_created":"2026-01-28 10:20:23","date_expiry":"2027-05-30 00:00:00","user_id":"2760","batch_number":"OwnatFish20kg0527","location":"","quantity":"2.0000","quantity_available":"0.0000","units":"1","status":"archived","order_ids":"[35203,35683]","supplier":"OWNAT","po":{"id":"7298","date_created":"2026-01-28 10:20:23","batch_id":"7362","po_number":"","supplier":"OWNAT","cost":null,"regular_price":null,"sale_price":null,"price_margin":null,"price_discount":null}},{"id":"7386","date_created":"2026-01-30 11:23:07","date_expiry":"2027-05-30 00:00:00","user_id":"2760","batch_number":"OwnatFish20kg0527","location":"","quantity":"2.0000","quantity_available":"0.0000","units":"1","status":"archived","order_ids":"[35893,37067]","supplier":"OWNAT","po":{"id":"7322","date_created":"2026-01-30 11:23:11","batch_id":"7386","po_number":"","supplier":"OWNAT","cost":null,"regular_price":null,"sale_price":null,"price_margin":null,"price_discount":null}},{"id":"7829","date_created":"2026-02-22 11:52:58","date_expiry":"2027-05-30 00:00:00","user_id":"2760","batch_number":"OwnatFish20kg0527","location":"","quantity":"1.0000","quantity_available":"0.0000","units":"1","status":"archived","order_ids":"[37887]","supplier":"OWNAT","po":{"id":"7764","date_created":"2026-02-22 11:52:59","batch_id":"7829","po_number":"","supplier":"OWNAT","cost":null,"regular_price":null,"sale_price":null,"price_margin":null,"price_discount":null}},{"id":"8200","date_created":"2026-03-13 01:45:05","date_expiry":"2027-05-30 00:00:00","user_id":"2760","batch_number":"OwnatFish20kg0527","location":"","quantity":"1.0000","quantity_available":"0.0000","units":"1","status":"archived","order_ids":"[38109]","supplier":"OWNAT","po":{"id":"8138","date_created":"2026-03-13 01:45:05","batch_id":"8200","po_number":"","supplier":"OWNAT","cost":null,"regular_price":null,"sale_price":null,"price_margin":null,"price_discount":null}}],"_links":{"self":[{"href":"https:\/\/petworld.ma\/index.php\/wp-json\/wp\/v2\/product\/4392","targetHints":{"allow":["GET"]}}],"collection":[{"href":"https:\/\/petworld.ma\/index.php\/wp-json\/wp\/v2\/product"}],"about":[{"href":"https:\/\/petworld.ma\/index.php\/wp-json\/wp\/v2\/types\/product"}],"wp:featuredmedia":[{"embeddable":true,"href":"https:\/\/petworld.ma\/index.php\/wp-json\/wp\/v2\/media\/4134"}],"wp:attachment":[{"href":"https:\/\/petworld.ma\/index.php\/wp-json\/wp\/v2\/media?parent=4392"}],"wp:term":[{"taxonomy":"product_brand","embeddable":true,"href":"https:\/\/petworld.ma\/index.php\/wp-json\/wp\/v2\/product_brand?post=4392"},{"taxonomy":"product_cat","embeddable":true,"href":"https:\/\/petworld.ma\/index.php\/wp-json\/wp\/v2\/product_cat?post=4392"},{"taxonomy":"product_tag","embeddable":true,"href":"https:\/\/petworld.ma\/index.php\/wp-json\/wp\/v2\/product_tag?post=4392"}],"curies":[{"name":"wp","href":"https:\/\/api.w.org\/{rel}","templated":true}]}}