{"id":4394,"date":"2023-10-09T13:29:18","date_gmt":"2023-10-09T13:29:18","guid":{"rendered":"https:\/\/petworld.ma\/?post_type=product&#038;p=4394"},"modified":"2026-05-13T14:25:19","modified_gmt":"2026-05-13T14:25:19","slug":"ownat-classic-complet-chien-20kg","status":"publish","type":"product","link":"https:\/\/petworld.ma\/index.php\/produit\/ownat-classic-complet-chien-20kg\/","title":{"rendered":"Ownat Classic Complet (chien) 12kg | 20Kg"},"content":{"rendered":"<p>Aliment complet et \u00e9quilibr\u00e9 d\u2019excellente saveur gr\u00e2ce \u00e0 la viande fra\u00eeche. Il est con\u00e7u pour couvrir tous les besoins nutritionnels des chiens adultes ayant un niveau d\u2019activit\u00e9 normal, quelle que soit la race et la taille.<\/p>\n<p><strong>Composition<\/strong>:<\/p>\n<p>Viande 32% (viande d\u00e9shydrat\u00e9e 22%, poulet frais* 10%), bl\u00e9 complet* (18%), graisse de poulet, ma\u00efs complet* (9%), orge complet* (8%), petits pois entiers* (5%), son de bl\u00e9* (5%), riz complet* (5%), caroube* (2%), pomme fra\u00eeche* (1%), huile de saumon, graines de lin* (1%), pulpe de betterave, fructo-oligosaccharides et mannane-oligosaccharides, levure de bi\u00e8re* (0,5%), herbes botaniques 0,02% (fenouil*, \u00e9chinac\u00e9e*, thym*), yucca schidigera.\u00a0<em>*Ingr\u00e9dients naturels<\/em><\/p>\n<p><strong>Constituants analytiques:<\/strong><\/p>\n<p>Prot\u00e9ine 25%, Teneur en mati\u00e8res grasses 12%, Cellulose brute 3%, Mati\u00e8re inorganique 7,5%, Humidit\u00e9 8%, Calcium 1,5%, Phosphore 1,1%.<\/p>\n<p><strong>Tableau des rations<\/strong><\/p>\n<table>\n<tbody>\n<tr>\n<td>Poids chien (kg)<\/td>\n<td>Gr.\/ jour<\/td>\n<\/tr>\n<tr>\n<td>1-5<\/td>\n<td>40-130<\/td>\n<\/tr>\n<tr>\n<td>5-10<\/td>\n<td>130-205<\/td>\n<\/tr>\n<tr>\n<td>10-20<\/td>\n<td>205-325<\/td>\n<\/tr>\n<tr>\n<td>20-30<\/td>\n<td>325-430<\/td>\n<\/tr>\n<tr>\n<td>30-40<\/td>\n<td>430-525<\/td>\n<\/tr>\n<tr>\n<td>+40<\/td>\n<td>525-680<\/td>\n<\/tr>\n<\/tbody>\n<\/table>\n","protected":false},"excerpt":{"rendered":"<p>Aliment complet et \u00e9quilibr\u00e9 d\u2019excellente saveur gr\u00e2ce \u00e0 la viande fra\u00eeche. Il est con\u00e7u pour couvrir tous les besoins nutritionnels des chiens adultes ayant un niveau d\u2019activit\u00e9 normal, quelle que soit la race et la taille. Composition: Viande 32% (viande d\u00e9shydrat\u00e9e 22%, poulet frais* 10%), bl\u00e9 complet* (18%), graisse de poulet, ma\u00efs complet* (9%), orge [&#8230;]\n","protected":false},"featured_media":4398,"template":"","meta":{"jetpack_publicize_message":"","jetpack_publicize_feature_enabled":true,"jetpack_social_post_already_shared":false,"jetpack_social_options":{"image_generator_settings":{"template":"highway","default_image_id":0,"font":"","enabled":false},"version":2}},"product_brand":[],"product_cat":[26],"product_tag":[],"class_list":{"0":"post-4394","1":"product","2":"type-product","3":"status-publish","4":"has-post-thumbnail","6":"product_cat-croquettes","8":"first","9":"instock","10":"taxable","11":"shipping-taxable","12":"purchasable","13":"product-type-variable"},"supplier_id":5595,"supplier_sku":"","barcode":null,"atum_controlled":true,"out_stock_date":"2024-10-05 19:14:45","out_stock_threshold":null,"inheritable":true,"inbound_stock":0,"stock_on_hold":3,"sold_today":1,"sales_last_days":3,"reserved_stock":0,"customer_returns":0,"warehouse_damage":0,"lost_in_post":0,"other_logs":0,"out_stock_days":580,"lost_sales":0,"has_location":false,"update_date":"2026-05-13T14:25:20","atum_locations":[],"atum_stock_status":"instock","restock_status":false,"low_stock_amount":"","sales_update_date":"2026-05-13T14:19:51","calc_backorders":null,"jetpack_publicize_connections":[],"jetpack_sharing_enabled":true,"batches":[{"id":"69","date_created":"2024-09-13 18:48:50","date_expiry":"2025-12-01 00:00:00","user_id":"1","batch_number":"2024-","location":"","quantity":"1.0000","quantity_available":"0.0000","units":"1","status":"archived","order_ids":"[11642]","supplier":"Ownat","po":{"id":"66","date_created":"2024-09-13 18:48:50","batch_id":"69","po_number":"","supplier":"Ownat","cost":null,"regular_price":null,"sale_price":null,"price_margin":null,"price_discount":null}}],"_links":{"self":[{"href":"https:\/\/petworld.ma\/index.php\/wp-json\/wp\/v2\/product\/4394","targetHints":{"allow":["GET"]}}],"collection":[{"href":"https:\/\/petworld.ma\/index.php\/wp-json\/wp\/v2\/product"}],"about":[{"href":"https:\/\/petworld.ma\/index.php\/wp-json\/wp\/v2\/types\/product"}],"wp:featuredmedia":[{"embeddable":true,"href":"https:\/\/petworld.ma\/index.php\/wp-json\/wp\/v2\/media\/4398"}],"wp:attachment":[{"href":"https:\/\/petworld.ma\/index.php\/wp-json\/wp\/v2\/media?parent=4394"}],"wp:term":[{"taxonomy":"product_brand","embeddable":true,"href":"https:\/\/petworld.ma\/index.php\/wp-json\/wp\/v2\/product_brand?post=4394"},{"taxonomy":"product_cat","embeddable":true,"href":"https:\/\/petworld.ma\/index.php\/wp-json\/wp\/v2\/product_cat?post=4394"},{"taxonomy":"product_tag","embeddable":true,"href":"https:\/\/petworld.ma\/index.php\/wp-json\/wp\/v2\/product_tag?post=4394"}],"curies":[{"name":"wp","href":"https:\/\/api.w.org\/{rel}","templated":true}]}}