{"id":4409,"date":"2023-10-09T13:43:33","date_gmt":"2023-10-09T13:43:33","guid":{"rendered":"https:\/\/petworld.ma\/?post_type=product&#038;p=4409"},"modified":"2026-05-05T13:18:11","modified_gmt":"2026-05-05T13:18:11","slug":"ownat-classic-mini-adult-chien-4kg","status":"publish","type":"product","link":"https:\/\/petworld.ma\/index.php\/produit\/ownat-classic-mini-adult-chien-4kg\/","title":{"rendered":"Ownat Classic Mini Adult (chien) 4Kg"},"content":{"rendered":"<p>Con\u00e7u pour les chiens entre 1 kg et 10 kg \u00e0 l&rsquo;\u00e2ge adulte, est sp\u00e9cialement formul\u00e9e avec une haute teneur en calories et riche en prot\u00e9ines pour r\u00e9pondre aux exigences \u00e9lev\u00e9es des races mini. Sa forme et la taille r\u00e9duite des croquettes ainsi que leur app\u00e9tit la rend appropri\u00e9 pour les palais les plus capricieux.<\/p>\n<p><strong>Composition:<\/strong><\/p>\n<p>Viande 34% (viande d\u00e9shydrat\u00e9e 24%, poulet frais* 10%), bl\u00e9 complet* (18%), graisse de poulet, ma\u00efs complet* (8%), orge complet* (8%), son de bl\u00e9* (5%), riz complet* (5%), petits pois entiers* (4%), caroube* (2%), pomme fra\u00eeche* (1%), huile de saumon, graines de lin* (1%), pulpe de betterave, fructo-oligosaccharides et mannane-oligosaccharides, levure de bi\u00e8re* (0,5%), herbes botaniques 0,02% (fenouil*, \u00e9chinac\u00e9e*, thym*), yucca schidigera.\u00a0<em>*Ingr\u00e9dients naturels<\/em><\/p>\n<p><strong>Constituants analytiques:<\/strong><\/p>\n<p>Prot\u00e9ine 26%, Teneur en mati\u00e8res grasses 13%, Cellulose brute 3%, Mati\u00e8re inorganique 7,5%, Humidit\u00e9 8%, Calcium 1,5%, Phosphore 1%.<\/p>\n<p><strong>Tableau des rations<\/strong><\/p>\n<table>\n<tbody>\n<tr>\n<td>Poids chien (kg)<\/td>\n<td>Gr.\/ jour<\/td>\n<\/tr>\n<tr>\n<td>1-2<\/td>\n<td>30-40<\/td>\n<\/tr>\n<tr>\n<td>2-4<\/td>\n<td>40-90<\/td>\n<\/tr>\n<tr>\n<td>4-6<\/td>\n<td>90-120<\/td>\n<\/tr>\n<tr>\n<td>6-8<\/td>\n<td>120-140<\/td>\n<\/tr>\n<tr>\n<td>8-10<\/td>\n<td>140-160<\/td>\n<\/tr>\n<\/tbody>\n<\/table>\n","protected":false},"excerpt":{"rendered":"<p>Con\u00e7u pour les chiens entre 1 kg et 10 kg \u00e0 l&rsquo;\u00e2ge adulte, est sp\u00e9cialement formul\u00e9e avec une haute teneur en calories et riche en prot\u00e9ines pour r\u00e9pondre aux exigences \u00e9lev\u00e9es des races mini. Sa forme et la taille r\u00e9duite des croquettes ainsi que leur app\u00e9tit la rend appropri\u00e9 pour les palais les plus capricieux. [&#8230;]\n","protected":false},"featured_media":4413,"template":"","meta":{"jetpack_publicize_message":"","jetpack_publicize_feature_enabled":true,"jetpack_social_post_already_shared":false,"jetpack_social_options":{"image_generator_settings":{"template":"highway","default_image_id":0,"font":"","enabled":false},"version":2}},"product_brand":[],"product_cat":[26],"product_tag":[],"class_list":{"0":"post-4409","1":"product","2":"type-product","3":"status-publish","4":"has-post-thumbnail","6":"product_cat-croquettes","8":"first","9":"onbackorder","10":"taxable","11":"shipping-taxable","12":"purchasable","13":"product-type-simple"},"supplier_id":5595,"supplier_sku":"84","barcode":null,"atum_controlled":true,"out_stock_date":null,"out_stock_threshold":null,"inheritable":false,"inbound_stock":0,"stock_on_hold":0,"sold_today":0,"sales_last_days":0,"reserved_stock":0,"customer_returns":0,"warehouse_damage":0,"lost_in_post":0,"other_logs":0,"out_stock_days":0,"lost_sales":0,"has_location":false,"update_date":"2026-05-05T13:18:13","atum_locations":[],"atum_stock_status":"onbackorder","restock_status":false,"low_stock_amount":10,"sales_update_date":"2026-05-05T13:18:13","calc_backorders":-1,"jetpack_publicize_connections":[],"jetpack_sharing_enabled":true,"batches":[{"id":"366","date_created":"2024-09-29 18:45:15","date_expiry":"2025-05-31 00:00:00","user_id":"2760","batch_number":"OwnatClassicMiniAdult(chien)4Kg0525","location":"","quantity":"3.0000","quantity_available":"0.0000","units":"1","status":"archived","order_ids":"[12299,12580,13156]","supplier":"Ownat","po":{"id":"357","date_created":"2024-09-29 18:45:15","batch_id":"366","po_number":"","supplier":"Ownat","cost":null,"regular_price":null,"sale_price":null,"price_margin":null,"price_discount":null}},{"id":"367","date_created":"2024-09-29 18:47:43","date_expiry":"2025-12-31 00:00:00","user_id":"2760","batch_number":"OwnatClassicMiniAdult(chien)4Kg1225","location":"","quantity":"7.0000","quantity_available":"0.0000","units":"1","status":"archived","order_ids":"[14480,14789,14803,14806,14836,15733,16389]","supplier":"Ownat","po":{"id":"358","date_created":"2024-09-29 18:47:43","batch_id":"367","po_number":"","supplier":"Ownat","cost":null,"regular_price":null,"sale_price":null,"price_margin":null,"price_discount":null}},{"id":"368","date_created":"2024-09-29 18:47:44","date_expiry":"2025-10-31 00:00:00","user_id":"2760","batch_number":"OwnatClassicMiniAdult(chien)4Kg1025","location":"","quantity":"2.0000","quantity_available":"0.0000","units":"1","status":"archived","order_ids":"[13620,13816]"},{"id":"1374","date_created":"2024-12-26 19:19:24","date_expiry":"2026-05-31 00:00:00","user_id":"2760","batch_number":"OwnatClassicMiniAdult(chien)4Kg31052026","location":"","quantity":"7.0000","quantity_available":"0.0000","units":"1","status":"archived","order_ids":"[16398,16848,17052,17312,17542,17564,17893]","supplier":"OWNAT","po":{"id":"1348","date_created":"2024-12-26 19:19:26","batch_id":"1374","po_number":"","supplier":"OWNAT","cost":null,"regular_price":null,"sale_price":null,"price_margin":null,"price_discount":null}},{"id":"1873","date_created":"2025-02-05 17:51:14","date_expiry":"2026-05-31 00:00:00","user_id":"2760","batch_number":"OwnatClassicMiniAdult(chien)4Kg31052026","location":"","quantity":"3.0000","quantity_available":"0.0000","units":"1","status":"archived","order_ids":"[18463,19214]","supplier":"Ownat","po":{"id":"1847","date_created":"2025-02-05 17:51:17","batch_id":"1873","po_number":"","supplier":"Ownat","cost":null,"regular_price":null,"sale_price":null,"price_margin":null,"price_discount":null}},{"id":"2311","date_created":"2025-03-08 01:46:08","date_expiry":"2026-08-31 00:00:00","user_id":"2760","batch_number":"OwnatClassicMiniAdult26","location":"","quantity":"8.0000","quantity_available":"0.0000","units":"1","status":"archived","order_ids":"[19214,19311,21434,21460,22272,22736,23664,23729]","supplier":"Ownat","po":{"id":"2279","date_created":"2025-03-08 01:46:11","batch_id":"2311","po_number":"","supplier":"Ownat","cost":null,"regular_price":null,"sale_price":null,"price_margin":null,"price_discount":null}},{"id":"2536","date_created":"2025-03-29 01:41:51","date_expiry":"2026-08-31 00:00:00","user_id":"2760","batch_number":"OwnatClassicMiniAdult26","location":"","quantity":"2.0000","quantity_available":"0.0000","units":"1","status":"archived","order_ids":"[20300,21130]","supplier":"Ownat","po":{"id":"2504","date_created":"2025-03-29 01:41:54","batch_id":"2536","po_number":"","supplier":"Ownat","cost":null,"regular_price":null,"sale_price":null,"price_margin":null,"price_discount":null}},{"id":"2988","date_created":"2025-04-11 21:02:06","date_expiry":"2026-08-31 00:00:00","user_id":"2760","batch_number":"OwnatClassicMiniAdult26","location":"","quantity":"1.0000","quantity_available":"0.0000","units":"1","status":"archived","order_ids":"[21296]","supplier":"Ownat","po":{"id":"2956","date_created":"2025-04-11 21:02:11","batch_id":"2988","po_number":"","supplier":"Ownat","cost":null,"regular_price":null,"sale_price":null,"price_margin":null,"price_discount":null}},{"id":"3348","date_created":"2025-05-08 00:40:25","date_expiry":"2026-08-31 00:00:00","user_id":"2760","batch_number":"OwnatClassicMiniAdult26","location":"","quantity":"1.0000","quantity_available":"0.0000","units":"1","status":"archived","order_ids":"[21924]","supplier":"Ownat","po":{"id":"3315","date_created":"2025-05-08 00:40:26","batch_id":"3348","po_number":"","supplier":"Ownat","cost":null,"regular_price":null,"sale_price":null,"price_margin":null,"price_discount":null}},{"id":"3406","date_created":"2025-05-13 17:45:12","date_expiry":"2026-09-30 00:00:00","user_id":"2760","batch_number":"OwnatClassicMiniAdult 926","location":"","quantity":"1.0000","quantity_available":"0.0000","units":"1","status":"archived","order_ids":"[23729]","supplier":"Ownat","po":{"id":"3373","date_created":"2025-05-13 17:45:13","batch_id":"3406","po_number":"","supplier":"Ownat","cost":null,"regular_price":null,"sale_price":null,"price_margin":null,"price_discount":null}},{"id":"3771","date_created":"2025-06-03 20:33:04","date_expiry":"2026-09-30 00:00:00","user_id":"2760","batch_number":"OwnatClassicMiniAdult 926","location":"","quantity":"4.0000","quantity_available":"0.0000","units":"1","status":"archived","order_ids":"[29289,31031,31094]","supplier":"Ownat","po":{"id":"3736","date_created":"2025-06-03 20:33:05","batch_id":"3771","po_number":"","supplier":"Ownat","cost":null,"regular_price":null,"sale_price":null,"price_margin":null,"price_discount":null}},{"id":"3906","date_created":"2025-06-05 20:32:43","date_expiry":"2026-09-30 00:00:00","user_id":"2760","batch_number":"OwnatClassicMiniAdult 926","location":"","quantity":"1.0000","quantity_available":"0.0000","units":"1","status":"archived","order_ids":"[24069]","supplier":"Ownat","po":{"id":"3870","date_created":"2025-06-05 20:32:44","batch_id":"3906","po_number":"","supplier":"Ownat","cost":null,"regular_price":null,"sale_price":null,"price_margin":null,"price_discount":null}},{"id":"4182","date_created":"2025-06-30 21:21:04","date_expiry":"2026-09-30 00:00:00","user_id":"2760","batch_number":"OwnatClassicMiniAdult 926","location":"","quantity":"3.0000","quantity_available":"0.0000","units":"1","status":"archived","order_ids":"[24684,26217,26324]","supplier":"Ownat","po":{"id":"4145","date_created":"2025-06-30 21:21:04","batch_id":"4182","po_number":"","supplier":"Ownat","cost":null,"regular_price":null,"sale_price":null,"price_margin":null,"price_discount":null}},{"id":"4372","date_created":"2025-07-14 20:41:22","date_expiry":"2026-09-30 00:00:00","user_id":"2760","batch_number":"OwnatClassicMiniAdult 926","location":"","quantity":"1.0000","quantity_available":"0.0000","units":"1","status":"archived","order_ids":"[24636]","supplier":"Ownat","po":{"id":"4336","date_created":"2025-07-14 20:41:22","batch_id":"4372","po_number":"","supplier":"Ownat","cost":null,"regular_price":null,"sale_price":null,"price_margin":null,"price_discount":null}},{"id":"4553","date_created":"2025-07-21 20:59:36","date_expiry":"2026-09-30 00:00:00","user_id":"2760","batch_number":"OwnatClassicMiniAdult 926","location":"","quantity":"2.0000","quantity_available":"0.0000","units":"1","status":"archived","order_ids":"[26933,27418]","supplier":"Ownat","po":{"id":"4517","date_created":"2025-07-21 20:59:36","batch_id":"4553","po_number":"","supplier":"Ownat","cost":null,"regular_price":null,"sale_price":null,"price_margin":null,"price_discount":null}},{"id":"5024","date_created":"2025-08-29 11:50:22","date_expiry":"2026-09-30 00:00:00","user_id":"2760","batch_number":"OwnatClassicMiniAdult 926","location":"","quantity":"2.0000","quantity_available":"0.0000","units":"1","status":"archived","order_ids":"[28209,28696]","supplier":"Ownat","po":{"id":"4988","date_created":"2025-08-29 11:50:23","batch_id":"5024","po_number":"","supplier":"Ownat","cost":null,"regular_price":null,"sale_price":null,"price_margin":null,"price_discount":null}},{"id":"5320","date_created":"2025-09-15 21:28:17","date_expiry":"2026-09-30 00:00:00","user_id":"2760","batch_number":"OwnatClassicMiniAdult 926","location":"","quantity":"1.0000","quantity_available":"0.0000","units":"1","status":"archived","order_ids":"[28080]","supplier":"Ownat","po":{"id":"5277","date_created":"2025-09-15 21:28:18","batch_id":"5320","po_number":"","supplier":"Ownat","cost":null,"regular_price":null,"sale_price":null,"price_margin":null,"price_discount":null}},{"id":"5472","date_created":"2025-09-23 10:31:50","date_expiry":"2026-09-30 00:00:00","user_id":"2760","batch_number":"OwnatClassicMiniAdult 926","location":"","quantity":"2.0000","quantity_available":"0.0000","units":"1","status":"archived","order_ids":"[28696,29266,33134]","supplier":"Ownat","po":{"id":"5428","date_created":"2025-09-23 10:31:52","batch_id":"5472","po_number":"","supplier":"Ownat","cost":null,"regular_price":null,"sale_price":null,"price_margin":null,"price_discount":null}},{"id":"5632","date_created":"2025-10-03 14:33:33","date_expiry":"2026-11-28 00:00:00","user_id":"2760","batch_number":"OwnatClassicMiniAdult1126","location":"","quantity":"4.0000","quantity_available":"0.0000","units":"1","status":"archived","order_ids":"[33134,33305,34597,34949]","supplier":"Ownat","po":{"id":"5586","date_created":"2025-10-03 14:33:36","batch_id":"5632","po_number":"","supplier":"Ownat","cost":null,"regular_price":null,"sale_price":null,"price_margin":null,"price_discount":null}},{"id":"5916","date_created":"2025-10-30 13:51:58","date_expiry":"2027-02-28 00:00:00","user_id":"2760","batch_number":"OwnatClassicMiniAdult 0227","location":"","quantity":"3.0000","quantity_available":"0.0000","units":"1","status":"archived","order_ids":"[35651,36007,36500]","supplier":"Ownat","po":{"id":"5912","date_created":"2025-11-03 22:19:55","batch_id":"5916","po_number":"","supplier":"Ownat","cost":null,"regular_price":null,"sale_price":null,"price_margin":null,"price_discount":null}},{"id":"6117","date_created":"2025-11-11 22:45:56","date_expiry":"2026-11-30 00:00:00","user_id":"2760","batch_number":"OwnatClassicMiniAdult 301126","location":"","quantity":"1.0000","quantity_available":"0.0000","units":"1","status":"archived","order_ids":"[31205]","supplier":"Ownat","po":{"id":"6064","date_created":"2025-11-11 22:45:57","batch_id":"6117","po_number":"","supplier":"Ownat","cost":null,"regular_price":null,"sale_price":null,"price_margin":null,"price_discount":null}},{"id":"6445","date_created":"2025-12-03 22:05:23","date_expiry":"2027-02-28 00:00:00","user_id":"2760","batch_number":"OwnatClassicMiniAdult 301126","location":"","quantity":"4.0000","quantity_available":"0.0000","units":"1","status":"archived","order_ids":"[37519,37541,37846,38289]","supplier":"Ownat","po":{"id":"6391","date_created":"2025-12-03 22:05:24","batch_id":"6445","po_number":"","supplier":"Ownat","cost":null,"regular_price":null,"sale_price":null,"price_margin":null,"price_discount":null}},{"id":"7363","date_created":"2026-01-28 10:22:02","date_expiry":"2027-06-30 00:00:00","user_id":"2760","batch_number":"OwnatClassicMiniAdult 300627","location":"","quantity":"1.0000","quantity_available":"0.0000","units":"1","status":"archived","order_ids":"[38475]","supplier":"Ownat","po":{"id":"7299","date_created":"2026-01-28 10:22:02","batch_id":"7363","po_number":"","supplier":"Ownat","cost":null,"regular_price":null,"sale_price":null,"price_margin":null,"price_discount":null}},{"id":"7579","date_created":"2026-02-07 18:55:46","date_expiry":"2027-06-30 00:00:00","user_id":"2760","batch_number":"OwnatClassicMiniAdult 300627","location":"","quantity":"2.0000","quantity_available":"0.0000","units":"1","status":"archived","order_ids":"[38548,38818]","supplier":"Ownat","po":{"id":"7514","date_created":"2026-02-07 18:55:47","batch_id":"7579","po_number":"","supplier":"Ownat","cost":null,"regular_price":null,"sale_price":null,"price_margin":null,"price_discount":null}}],"_links":{"self":[{"href":"https:\/\/petworld.ma\/index.php\/wp-json\/wp\/v2\/product\/4409","targetHints":{"allow":["GET"]}}],"collection":[{"href":"https:\/\/petworld.ma\/index.php\/wp-json\/wp\/v2\/product"}],"about":[{"href":"https:\/\/petworld.ma\/index.php\/wp-json\/wp\/v2\/types\/product"}],"wp:featuredmedia":[{"embeddable":true,"href":"https:\/\/petworld.ma\/index.php\/wp-json\/wp\/v2\/media\/4413"}],"wp:attachment":[{"href":"https:\/\/petworld.ma\/index.php\/wp-json\/wp\/v2\/media?parent=4409"}],"wp:term":[{"taxonomy":"product_brand","embeddable":true,"href":"https:\/\/petworld.ma\/index.php\/wp-json\/wp\/v2\/product_brand?post=4409"},{"taxonomy":"product_cat","embeddable":true,"href":"https:\/\/petworld.ma\/index.php\/wp-json\/wp\/v2\/product_cat?post=4409"},{"taxonomy":"product_tag","embeddable":true,"href":"https:\/\/petworld.ma\/index.php\/wp-json\/wp\/v2\/product_tag?post=4409"}],"curies":[{"name":"wp","href":"https:\/\/api.w.org\/{rel}","templated":true}]}}