{"id":4578,"date":"2023-10-11T16:01:44","date_gmt":"2023-10-11T16:01:44","guid":{"rendered":"https:\/\/petworld.ma\/?post_type=product&#038;p=4578"},"modified":"2026-03-28T14:05:47","modified_gmt":"2026-03-28T14:05:47","slug":"mera-dog-essential-energy-12-5kg","status":"publish","type":"product","link":"https:\/\/petworld.ma\/index.php\/produit\/mera-dog-essential-energy-12-5kg\/","title":{"rendered":"Mera Dog Essential Active 12.5kg"},"content":{"rendered":"<div class=\"elementor-element elementor-element-706fcd6 elementor-widget elementor-widget-woocommerce-product-content\" data-id=\"706fcd6\" data-element_type=\"widget\" data-widget_type=\"woocommerce-product-content.default\">\n<div class=\"elementor-widget-container\">\n<div class=\"elementor-element elementor-element-706fcd6 elementor-widget elementor-widget-woocommerce-product-content\" data-id=\"706fcd6\" data-element_type=\"widget\" data-widget_type=\"woocommerce-product-content.default\">\n<div class=\"elementor-widget-container\">\n<p>Aliment complet pour chiens adultes qui se d\u00e9pensent beaucoup<\/p>\n<p>Pour essential, nous avons utilis\u00e9 les recettes familiales de nos produits classiques qui connaissent du succ\u00e8s depuis longtemps, au b\u00e9n\u00e9fice de votre chien de famille.<\/p>\n<p><strong>Constituants analytiques :<\/strong>\u00a0prot\u00e9ines 29 %, teneur en mati\u00e8res grasses 20 %, fibres alimentaires brutes 2 %, cendres brutes 7,5 %, calcium 1,25 %, phosphore 0,9 %, sodium 0,4 %.<\/p>\n<p><strong>Additifs par kg :<\/strong>\u00a0additifs nutritionnels physiologiques : Vitamine A 12.000 IE, vitamine D3 1.200 IE, vitamine E 200 mg, vitamine C 100 mg, cuivre (sulfate de cuivre (II), pentahydrat\u00e9) 12,5 mg, zinc (sulfate de zinc, monohydrat\u00e9) 100 mg, zinc (ch\u00e9late de zinc de glycine hydrat\u00e9 (solide)) 60 mg, fer (sulfate de fer (II), monohydrat\u00e9) 250 mg, mangan\u00e8se (sulfate de mangan\u00e8se (II), monohydrat\u00e9) 35 mg, iode (iodate de calcium, anhydre) 2,0 mg, s\u00e9l\u00e9nium (s\u00e9l\u00e9nite de sodium) 0,35 mg.<\/p>\n<p><strong>Additifs technologiques :<\/strong>\u00a0antioxydants.<\/p>\n<p><strong>Composition :<\/strong>\u00a0prot\u00e9ines de volaille (35 %, en partie s\u00e9ch\u00e9es et hydrolys\u00e9es), ma\u00efs, graisse de volaille, riz, orge, pulpe de betterave, gluten de ma\u00efs, graines de lin, levure de bi\u00e8re (s\u00e9ch\u00e9e), poudre d\u2019\u0153ufs, chlorure de sodium, huile de saumon (0,35 %), huile de tournesol (0,25 %), inuline de chicor\u00e9e (0,2 %), parois cellulaires de levure (= 0,04 % de b\u00eata-glucanes et 0,04 % de mannane-oligosaccharides), chlorure de potassium, poudre de yucca schidigera (0,02 %).<br \/>\nl\u2019aliment complet est g\u00e9n\u00e9ralement donn\u00e9 sec.<\/p>\n<p>Veillez \u00e0 ce que votre chien dispose en permanence d\u2019eau fra\u00eeche.<\/p>\n<p><strong>Teneur \u00e9nerg\u00e9tique :\u00a0<\/strong>\u00e9nergie m\u00e9tabolisable (selon FEDIAF, 2016) 17,05 MJ\/kg. Les quantit\u00e9s journali\u00e8res recommand\u00e9es ont une valeur indicative. Elles doivent \u00eatre adapt\u00e9es en fonction de l\u2019environnement ext\u00e9rieur et de la condition physique du chien.<\/p>\n<p>Fabriqu\u00e9 en Allemagne.<\/p>\n<p>Stocker au frais et au sec.<\/p>\n<\/div>\n<\/div>\n<\/div>\n<\/div>\n","protected":false},"excerpt":{"rendered":"<p>Fabriqu\u00e9 en Allemagne<\/p>\n","protected":false},"featured_media":4580,"template":"","meta":{"jetpack_publicize_message":"","jetpack_publicize_feature_enabled":true,"jetpack_social_post_already_shared":true,"jetpack_social_options":{"image_generator_settings":{"template":"highway","default_image_id":0,"font":"","enabled":false},"version":2}},"product_brand":[],"product_cat":[26],"product_tag":[],"class_list":{"0":"post-4578","1":"product","2":"type-product","3":"status-publish","4":"has-post-thumbnail","6":"product_cat-croquettes","8":"first","9":"instock","10":"taxable","11":"shipping-taxable","12":"purchasable","13":"product-type-simple"},"supplier_id":5588,"supplier_sku":"060950","barcode":null,"atum_controlled":true,"out_stock_date":null,"out_stock_threshold":null,"inheritable":false,"inbound_stock":0,"stock_on_hold":0,"sold_today":0,"sales_last_days":0,"reserved_stock":0,"customer_returns":0,"warehouse_damage":0,"lost_in_post":0,"other_logs":0,"out_stock_days":0,"lost_sales":0,"has_location":false,"update_date":"2026-04-25T00:13:55","atum_locations":[],"atum_stock_status":"instock","restock_status":false,"low_stock_amount":1,"sales_update_date":"2026-04-25T00:13:54","calc_backorders":null,"jetpack_publicize_connections":[],"jetpack_sharing_enabled":true,"batches":[{"id":"6978","date_created":"2025-12-28 11:18:30","date_expiry":"2027-08-16 00:00:00","user_id":"2760","batch_number":"LOT0827","location":"","quantity":"2.0000","quantity_available":"2.0000","units":"1","status":"active","order_ids":null,"supplier":"MERA","po":{"id":"6918","date_created":"2025-12-28 11:18:33","batch_id":"6978","po_number":"","supplier":"MERA","cost":null,"regular_price":null,"sale_price":null,"price_margin":null,"price_discount":null}}],"_links":{"self":[{"href":"https:\/\/petworld.ma\/index.php\/wp-json\/wp\/v2\/product\/4578","targetHints":{"allow":["GET"]}}],"collection":[{"href":"https:\/\/petworld.ma\/index.php\/wp-json\/wp\/v2\/product"}],"about":[{"href":"https:\/\/petworld.ma\/index.php\/wp-json\/wp\/v2\/types\/product"}],"wp:featuredmedia":[{"embeddable":true,"href":"https:\/\/petworld.ma\/index.php\/wp-json\/wp\/v2\/media\/4580"}],"wp:attachment":[{"href":"https:\/\/petworld.ma\/index.php\/wp-json\/wp\/v2\/media?parent=4578"}],"wp:term":[{"taxonomy":"product_brand","embeddable":true,"href":"https:\/\/petworld.ma\/index.php\/wp-json\/wp\/v2\/product_brand?post=4578"},{"taxonomy":"product_cat","embeddable":true,"href":"https:\/\/petworld.ma\/index.php\/wp-json\/wp\/v2\/product_cat?post=4578"},{"taxonomy":"product_tag","embeddable":true,"href":"https:\/\/petworld.ma\/index.php\/wp-json\/wp\/v2\/product_tag?post=4578"}],"curies":[{"name":"wp","href":"https:\/\/api.w.org\/{rel}","templated":true}]}}