{"id":4581,"date":"2023-10-11T16:11:04","date_gmt":"2023-10-11T16:11:04","guid":{"rendered":"https:\/\/petworld.ma\/?post_type=product&#038;p=4581"},"modified":"2026-05-07T15:59:58","modified_gmt":"2026-05-07T15:59:58","slug":"mera-cat-exclusive-fish-poisson-20kg","status":"publish","type":"product","link":"https:\/\/petworld.ma\/index.php\/produit\/mera-cat-exclusive-fish-poisson-20kg\/","title":{"rendered":"Mera Cat Exclusive Fish (poisson) 20kg"},"content":{"rendered":"<div class=\"elementor-element elementor-element-706fcd6 elementor-widget elementor-widget-woocommerce-product-content\" data-id=\"706fcd6\" data-element_type=\"widget\" data-widget_type=\"woocommerce-product-content.default\">\n<div class=\"elementor-widget-container\">\n<p>Mera Exclusive Classic Cat est un aliment complet hautement digestible pour une alimentation \u00e9quilibr\u00e9e et saine des chats. Tout ce dont un chat a besoin en termes de prot\u00e9ines, de glucides, de graisses, de vitamines et de min\u00e9raux contient de la nourriture Mera Exklusiv Classic Cat dans la quantit\u00e9 et le rapport optimaux.<\/p>\n<p>Le corps du chat a des besoins nutritionnels particuliers, c&rsquo;est pourquoi Mera Exklusiv Classic Ca t a une teneur particuli\u00e8rement faible en magn\u00e9sium et une proportion particuli\u00e8rement \u00e9lev\u00e9e de prot\u00e9ines animales.\u00a0De plus, le chat est encourag\u00e9 \u00e0 boire plus d\u2019eau.\u00a0Tout cela r\u00e9duit le risque de syndrome urologique f\u00e9lin.<\/p>\n<p><strong>Ingr\u00e9dients<\/strong><br \/>\nC\u00e9r\u00e9ales, viande et sous-produits d&rsquo;origine animale, huiles et graisses (dont 0,2 % d&rsquo;huile de saumon), sous-produits v\u00e9g\u00e9taux, poisson et sous-produits de poisson (4 % de poisson s\u00e9ch\u00e9), graines (2,5 % de graines de lin), min\u00e9raux, \u0153ufs et ovoproduits, levure.<\/p>\n<p><strong>Composants analytiques<\/strong><br \/>\nProt\u00e9ines 32 %<br \/>\nTeneur en mati\u00e8res grasses 15 %<br \/>\nFibres brutes 4 %<br \/>\nCendres brutes 7,2 %<br \/>\nCalcium 1,3 %<br \/>\nPhosphore 1,05 %<br \/>\nSodium 0,45 %<br \/>\nMagn\u00e9sium 0,1 %<\/p>\n<\/div>\n<\/div>\n","protected":false},"excerpt":{"rendered":"<p>Fabriqu\u00e9 en allemagne<\/p>\n","protected":false},"featured_media":4583,"template":"","meta":{"jetpack_publicize_message":"","jetpack_publicize_feature_enabled":true,"jetpack_social_post_already_shared":false,"jetpack_social_options":{"image_generator_settings":{"template":"highway","default_image_id":0,"font":"","enabled":false},"version":2}},"product_brand":[],"product_cat":[40],"product_tag":[],"class_list":{"0":"post-4581","1":"product","2":"type-product","3":"status-publish","4":"has-post-thumbnail","6":"product_cat-coquettes-pour-chat","8":"first","9":"instock","10":"taxable","11":"shipping-taxable","12":"purchasable","13":"product-type-simple"},"supplier_id":5588,"supplier_sku":"075160","barcode":null,"atum_controlled":true,"out_stock_date":null,"out_stock_threshold":null,"inheritable":false,"inbound_stock":0,"stock_on_hold":0,"sold_today":0,"sales_last_days":2,"reserved_stock":0,"customer_returns":0,"warehouse_damage":0,"lost_in_post":0,"other_logs":0,"out_stock_days":0,"lost_sales":0,"has_location":false,"update_date":"2026-05-07T19:10:50","atum_locations":[],"atum_stock_status":"instock","restock_status":false,"low_stock_amount":5,"sales_update_date":"2026-05-07T19:10:50","calc_backorders":0,"jetpack_publicize_connections":[],"jetpack_sharing_enabled":true,"batches":[{"id":"372","date_created":"2024-09-29 18:54:56","date_expiry":"2025-03-31 00:00:00","user_id":"2753","batch_number":"MeraCatExclusiveFishpoisson20kg310325","location":"","quantity":"6.0000","quantity_available":"0.0000","units":"1","status":"archived","order_ids":"[12226,12785,12950]","supplier":"mera","po":{"id":"362","date_created":"2024-09-29 18:54:56","batch_id":"372","po_number":"","supplier":"mera","cost":null,"regular_price":null,"sale_price":null,"price_margin":null,"price_discount":null}},{"id":"969","date_created":"2024-11-29 09:55:45","date_expiry":"2026-08-26 00:00:00","user_id":"2753","batch_number":"MeraCatExclusiveFish(poisson20kg260826","location":"","quantity":"5.0000","quantity_available":"0.0000","units":"1","status":"archived","order_ids":"[15050,15176,15873,16288,16497]","supplier":"mera","po":{"id":"947","date_created":"2024-11-29 09:55:45","batch_id":"969","po_number":"","supplier":"mera","cost":null,"regular_price":null,"sale_price":null,"price_margin":null,"price_discount":null}},{"id":"1141","date_created":"2024-12-11 01:27:58","date_expiry":"2026-08-26 00:00:00","user_id":"2753","batch_number":"MeraCatExclusiveFish(poisson20kg260826","location":"","quantity":"3.0000","quantity_available":"0.0000","units":"1","status":"archived","order_ids":"[16827,17410,17549]","supplier":"mera","po":{"id":"1118","date_created":"2024-12-11 01:32:34","batch_id":"1141","po_number":"","supplier":"mera","cost":null,"regular_price":null,"sale_price":null,"price_margin":null,"price_discount":null}},{"id":"1303","date_created":"2024-12-19 21:34:37","date_expiry":"2026-08-16 00:00:00","user_id":"2753","batch_number":"MeraCatExclusiveFish(poisson20kg260826","location":"","quantity":"3.0000","quantity_available":"0.0000","units":"1","status":"archived","order_ids":"[18295,18359,18476]","supplier":"mera","po":{"id":"1276","date_created":"2024-12-19 21:34:40","batch_id":"1303","po_number":"","supplier":"mera","cost":null,"regular_price":null,"sale_price":null,"price_margin":null,"price_discount":null}},{"id":"1971","date_created":"2025-02-12 18:23:11","date_expiry":"2026-08-16 00:00:00","user_id":"2753","batch_number":"MeraCatExclusiveFish(poisson20kg260826","location":"","quantity":"2.0000","quantity_available":"0.0000","units":"1","status":"archived","order_ids":"[17987,18295]","supplier":"mera","po":{"id":"1943","date_created":"2025-02-12 18:23:15","batch_id":"1971","po_number":"","supplier":"mera","cost":null,"regular_price":null,"sale_price":null,"price_margin":null,"price_discount":null}},{"id":"2111","date_created":"2025-02-21 16:28:24","date_expiry":"2026-08-26 00:00:00","user_id":"2753","batch_number":"MeraCatExclusiveFish20kg260826","location":"","quantity":"1.0000","quantity_available":"0.0000","units":"1","status":"archived","order_ids":"[18631]","supplier":"mera","po":{"id":"2081","date_created":"2025-02-21 16:28:26","batch_id":"2111","po_number":"","supplier":"mera","cost":null,"regular_price":null,"sale_price":null,"price_margin":null,"price_discount":null}},{"id":"2209","date_created":"2025-02-27 21:19:07","date_expiry":"2026-08-26 00:00:00","user_id":"2753","batch_number":"MeraCatExclusiveFish20kg260826","location":"","quantity":"2.0000","quantity_available":"0.0000","units":"1","status":"archived","order_ids":"[18714,18720]","supplier":"mera","po":{"id":"2178","date_created":"2025-02-27 21:19:10","batch_id":"2209","po_number":"","supplier":"mera","cost":null,"regular_price":null,"sale_price":null,"price_margin":null,"price_discount":null}},{"id":"2259","date_created":"2025-03-06 20:49:02","date_expiry":"2026-08-26 00:00:00","user_id":"2753","batch_number":"MeraCatExclusiveFish20kg260826","location":"","quantity":"3.0000","quantity_available":"0.0000","units":"1","status":"archived","order_ids":"[18758,19168,20202]","supplier":"mera","po":{"id":"2228","date_created":"2025-03-06 20:49:05","batch_id":"2259","po_number":"","supplier":"mera","cost":null,"regular_price":null,"sale_price":null,"price_margin":null,"price_discount":null}},{"id":"2371","date_created":"2025-03-14 20:43:28","date_expiry":"2026-08-26 00:00:00","user_id":"2753","batch_number":"MeraCatExclusiveFish20kg260826","location":"","quantity":"3.0000","quantity_available":"0.0000","units":"1","status":"archived","order_ids":"[20756,21278,21423]","supplier":"mera","po":{"id":"2340","date_created":"2025-03-14 20:43:31","batch_id":"2371","po_number":"","supplier":"mera","cost":null,"regular_price":null,"sale_price":null,"price_margin":null,"price_discount":null}},{"id":"2438","date_created":"2025-03-22 09:39:16","date_expiry":"2026-08-26 00:00:00","user_id":"2753","batch_number":"MeraCatExclusiveFish20kg260826","location":"","quantity":"1.0000","quantity_available":"0.0000","units":"1","status":"archived","order_ids":"[20532]","supplier":"mera","po":{"id":"2407","date_created":"2025-03-22 09:39:19","batch_id":"2438","po_number":"","supplier":"mera","cost":null,"regular_price":null,"sale_price":null,"price_margin":null,"price_discount":null}},{"id":"2936","date_created":"2025-04-10 23:22:40","date_expiry":"2026-08-26 00:00:00","user_id":"2753","batch_number":"MeraCatExclusiveFish20kg260826","location":"","quantity":"1.0000","quantity_available":"0.0000","units":"1","status":"archived","order_ids":"[20656]","supplier":"mera","po":{"id":"2904","date_created":"2025-04-10 23:22:48","batch_id":"2936","po_number":"","supplier":"mera","cost":null,"regular_price":null,"sale_price":null,"price_margin":null,"price_discount":null}},{"id":"3078","date_created":"2025-04-18 08:57:41","date_expiry":"2026-08-26 00:00:00","user_id":"2753","batch_number":"MeraCatExclusiveFish20kg260826","location":"","quantity":"1.0000","quantity_available":"0.0000","units":"1","status":"archived","order_ids":"[20916]","supplier":"mera","po":{"id":"3045","date_created":"2025-04-18 08:57:42","batch_id":"3078","po_number":"","supplier":"mera","cost":null,"regular_price":null,"sale_price":null,"price_margin":null,"price_discount":null}},{"id":"3182","date_created":"2025-04-25 19:45:45","date_expiry":"2026-08-26 00:00:00","user_id":"2753","batch_number":"MeraCatExclusiveFish20kg260826","location":"","quantity":"3.0000","quantity_available":"0.0000","units":"1","status":"archived","order_ids":"[21435,21580]","supplier":"mera","po":{"id":"3150","date_created":"2025-04-25 19:45:46","batch_id":"3182","po_number":"","supplier":"mera","cost":null,"regular_price":null,"sale_price":null,"price_margin":null,"price_discount":null}},{"id":"3371","date_created":"2025-05-08 23:04:06","date_expiry":"2026-08-26 00:00:00","user_id":"2753","batch_number":"MeraCatExclusiveFish20kg260826","location":"","quantity":"5.0000","quantity_available":"0.0000","units":"1","status":"archived","order_ids":"[21944,22020,22622,23350,23954]","supplier":"mera","po":{"id":"3338","date_created":"2025-05-08 23:04:07","batch_id":"3371","po_number":"","supplier":"mera","cost":null,"regular_price":null,"sale_price":null,"price_margin":null,"price_discount":null}},{"id":"3707","date_created":"2025-06-01 18:06:27","date_expiry":"2026-08-26 00:00:00","user_id":"2753","batch_number":"MeraCatExclusiveFish20kg260826","location":"","quantity":"6.0000","quantity_available":"0.0000","units":"1","status":"archived","order_ids":"[24174,24569,25382,26136,26684]","supplier":"mera","po":{"id":"3673","date_created":"2025-06-01 18:06:28","batch_id":"3707","po_number":"","supplier":"mera","cost":null,"regular_price":null,"sale_price":null,"price_margin":null,"price_discount":null}},{"id":"4538","date_created":"2025-07-21 20:34:52","date_expiry":"2026-08-26 00:00:00","user_id":"2753","batch_number":"MeraCatExclusiveFish20kg260826","location":"","quantity":"1.0000","quantity_available":"0.0000","units":"1","status":"archived","order_ids":"[25197]","supplier":"mera","po":{"id":"4502","date_created":"2025-07-21 20:34:53","batch_id":"4538","po_number":"","supplier":"mera","cost":null,"regular_price":null,"sale_price":null,"price_margin":null,"price_discount":null}},{"id":"4590","date_created":"2025-07-29 20:53:41","date_expiry":"2026-08-26 00:00:00","user_id":"2753","batch_number":"MeraCatExclusiveFish20kg260826","location":"","quantity":"1.0000","quantity_available":"0.0000","units":"1","status":"archived","order_ids":"[25249]","supplier":"mera","po":{"id":"4554","date_created":"2025-07-29 20:53:42","batch_id":"4590","po_number":"","supplier":"mera","cost":null,"regular_price":null,"sale_price":null,"price_margin":null,"price_discount":null}},{"id":"4857","date_created":"2025-08-10 17:05:45","date_expiry":"2026-08-26 00:00:00","user_id":"2753","batch_number":"MeraCatExclusiveFish20kg260826","location":"","quantity":"3.0000","quantity_available":"0.0000","units":"1","status":"archived","order_ids":"[26721,28142,28192]","supplier":"mera","po":{"id":"4821","date_created":"2025-08-10 17:05:45","batch_id":"4857","po_number":"","supplier":"mera","cost":null,"regular_price":null,"sale_price":null,"price_margin":null,"price_discount":null}},{"id":"5202","date_created":"2025-09-08 08:51:10","date_expiry":"2026-08-26 00:00:00","user_id":"2753","batch_number":"MeraCatExclusiveFish20kg260826","location":"","quantity":"3.0000","quantity_available":"0.0000","units":"1","status":"archived","order_ids":"[28321,28462,28857]","supplier":"mera","po":{"id":"5159","date_created":"2025-09-08 08:51:11","batch_id":"5202","po_number":"","supplier":"mera","cost":null,"regular_price":null,"sale_price":null,"price_margin":null,"price_discount":null}},{"id":"5660","date_created":"2025-10-07 17:28:38","date_expiry":"2026-08-26 00:00:00","user_id":"2753","batch_number":"MeraCatExclusiveFish20kg260826","location":"","quantity":"4.0000","quantity_available":"0.0000","units":"1","status":"archived","order_ids":"[29074,29730]","supplier":"mera","po":{"id":"5615","date_created":"2025-10-07 17:28:39","batch_id":"5660","po_number":"","supplier":"mera","cost":null,"regular_price":null,"sale_price":null,"price_margin":null,"price_discount":null}},{"id":"5978","date_created":"2025-11-04 13:00:46","date_expiry":"2026-08-26 00:00:00","user_id":"2753","batch_number":"MeraCatExclusiveFish20kg260826","location":"","quantity":"1.0000","quantity_available":"0.0000","units":"1","status":"archived","order_ids":"[30755]","supplier":"mera","po":{"id":"5921","date_created":"2025-11-04 13:00:46","batch_id":"5978","po_number":"","supplier":"mera","cost":null,"regular_price":null,"sale_price":null,"price_margin":null,"price_discount":null}},{"id":"6161","date_created":"2025-11-14 09:22:20","date_expiry":"2026-08-26 00:00:00","user_id":"2753","batch_number":"MeraCatExclusiveFish20kg260826","location":"","quantity":"0.0000","quantity_available":"0.0000","units":"1","status":"archived","order_ids":null,"supplier":"mera","po":{"id":"6108","date_created":"2025-11-14 09:22:21","batch_id":"6161","po_number":"","supplier":"mera","cost":null,"regular_price":null,"sale_price":null,"price_margin":null,"price_discount":null}},{"id":"6412","date_created":"2025-12-02 11:03:37","date_expiry":"2026-08-26 00:00:00","user_id":"2753","batch_number":"MeraCatExclusiveFish20kg260826","location":"","quantity":"1.0000","quantity_available":"0.0000","units":"1","status":"archived","order_ids":"[32197]","supplier":"mera","po":{"id":"6358","date_created":"2025-12-02 11:03:38","batch_id":"6412","po_number":"","supplier":"mera","cost":null,"regular_price":null,"sale_price":null,"price_margin":null,"price_discount":null}},{"id":"6971","date_created":"2025-12-27 12:59:44","date_expiry":"2026-08-26 00:00:00","user_id":"2753","batch_number":"MeraCatExclusiveFish20kg260826","location":"","quantity":"9.0000","quantity_available":"0.0000","units":"1","status":"archived","order_ids":"[33046,33532,36138,38083,38397,38869,40673,41342]","supplier":"mera","po":{"id":"6910","date_created":"2025-12-27 12:59:45","batch_id":"6971","po_number":"","supplier":"mera","cost":null,"regular_price":null,"sale_price":null,"price_margin":null,"price_discount":null}},{"id":"8275","date_created":"2026-03-14 12:09:38","date_expiry":"2026-08-26 00:00:00","user_id":"2753","batch_number":"MeraCatExclusiveFish20kg260826","location":"","quantity":"1.0000","quantity_available":"0.0000","units":"1","status":"archived","order_ids":"[38042]","supplier":"mera","po":{"id":"8202","date_created":"2026-03-14 12:09:38","batch_id":"8275","po_number":"","supplier":"mera","cost":null,"regular_price":null,"sale_price":null,"price_margin":null,"price_discount":null}},{"id":"8585","date_created":"2026-03-28 14:06:40","date_expiry":"2026-08-26 00:00:00","user_id":"2753","batch_number":"MeraCatExclusiveFish20kg260826","location":"","quantity":"1.0000","quantity_available":"0.0000","units":"1","status":"archived","order_ids":"[38689]","supplier":"mera","po":{"id":"8513","date_created":"2026-03-28 14:06:40","batch_id":"8585","po_number":"","supplier":"mera","cost":null,"regular_price":null,"sale_price":null,"price_margin":null,"price_discount":null}},{"id":"8819","date_created":"2026-04-15 10:26:19","date_expiry":"2026-08-26 00:00:00","user_id":"2753","batch_number":"MeraCatExclusiveFish20kg260826","location":"","quantity":"3.0000","quantity_available":"3.0000","units":"1","status":"active","order_ids":null,"supplier":"mera","po":{"id":"8746","date_created":"2026-04-15 10:26:20","batch_id":"8819","po_number":"","supplier":"mera","cost":null,"regular_price":null,"sale_price":null,"price_margin":null,"price_discount":null}},{"id":"9369","date_created":"2026-05-07 15:59:57","date_expiry":"2026-08-26 00:00:00","user_id":"2753","batch_number":"MeraCatExclusiveFish20kg260826","location":"","quantity":"1.0000","quantity_available":"1.0000","units":"1","status":"active","order_ids":null,"supplier":"mera","po":{"id":"9291","date_created":"2026-05-07 15:59:57","batch_id":"9369","po_number":"","supplier":"mera","cost":null,"regular_price":null,"sale_price":null,"price_margin":null,"price_discount":null}}],"_links":{"self":[{"href":"https:\/\/petworld.ma\/index.php\/wp-json\/wp\/v2\/product\/4581","targetHints":{"allow":["GET"]}}],"collection":[{"href":"https:\/\/petworld.ma\/index.php\/wp-json\/wp\/v2\/product"}],"about":[{"href":"https:\/\/petworld.ma\/index.php\/wp-json\/wp\/v2\/types\/product"}],"wp:featuredmedia":[{"embeddable":true,"href":"https:\/\/petworld.ma\/index.php\/wp-json\/wp\/v2\/media\/4583"}],"wp:attachment":[{"href":"https:\/\/petworld.ma\/index.php\/wp-json\/wp\/v2\/media?parent=4581"}],"wp:term":[{"taxonomy":"product_brand","embeddable":true,"href":"https:\/\/petworld.ma\/index.php\/wp-json\/wp\/v2\/product_brand?post=4581"},{"taxonomy":"product_cat","embeddable":true,"href":"https:\/\/petworld.ma\/index.php\/wp-json\/wp\/v2\/product_cat?post=4581"},{"taxonomy":"product_tag","embeddable":true,"href":"https:\/\/petworld.ma\/index.php\/wp-json\/wp\/v2\/product_tag?post=4581"}],"curies":[{"name":"wp","href":"https:\/\/api.w.org\/{rel}","templated":true}]}}