{"id":4585,"date":"2023-10-11T16:49:32","date_gmt":"2023-10-11T16:49:32","guid":{"rendered":"https:\/\/petworld.ma\/?post_type=product&#038;p=4585"},"modified":"2026-04-27T11:28:20","modified_gmt":"2026-04-27T11:28:20","slug":"brit-premium-pochon-saumon-pour-chat-sterilise-100g","status":"publish","type":"product","link":"https:\/\/petworld.ma\/index.php\/produit\/brit-premium-pochon-saumon-pour-chat-sterilise-100g\/","title":{"rendered":"Brit Premium Pochon Saumon pour chat st\u00e9rilis\u00e9 100g"},"content":{"rendered":"<p><strong>Morceaux avec saumon en sauce pour chats st\u00e9rilis\u00e9s. <\/strong>Nourriture humide compl\u00e8te de qualit\u00e9 pour chats st\u00e9rilis\u00e9s.<\/p>\n<p>Les variantes de saveur respectent les pr\u00e9f\u00e9rences naturelles des chats et leurs besoins nutritionnels en termes d\u2019\u00e2ge ou de nutrition particuli\u00e8re. Le d\u00e9licieux jus souligne le go\u00fbt des morceaux de viande et fournit au chat les liquides n\u00e9cessaires.<\/p>\n<p class=\"composition\"><strong>Composition:<\/strong><\/p>\n<p>Viandes et sous-produits d&rsquo;origine animale (78 % en morceaux), poissons et sous-produits de poissons (9,3 % saumon en morceaux), sous-produits d&rsquo;origine v\u00e9g\u00e9tale (0,4 % inuline), min\u00e9raux.\u00a0Sans colorants, sans conservateurs.<\/p>\n<p><strong>Composants analytiques:<\/strong><\/p>\n<p>prot\u00e9ines brutes 8,5 %, mati\u00e8res grasses brutes 3 %, cendres brutes 2,5 %, fibres brutes 1 %, humidit\u00e9 82 %.<\/p>\n<p><strong>Composition nutritionnelle :<\/strong><\/p>\n<p>Vitamine D3 (3a671) 160 UI, Vitamine E (3a700) 100 mg, Zinc (3b605) 10 mg, Mangan\u00e8se (3b502) 2 mg, Cuivre (3b405) 1,2 mg, Iode (3b202) 0,2 mg, Taurine (3a370) 520 mg , Biotine 0,1 mg.<\/p>\n","protected":false},"excerpt":{"rendered":"<p>Morceaux avec saumon en sauce pour chats st\u00e9rilis\u00e9s. Nourriture humide compl\u00e8te de qualit\u00e9 pour chats st\u00e9rilis\u00e9s. Les variantes de saveur respectent les pr\u00e9f\u00e9rences naturelles des chats et leurs besoins nutritionnels en termes d\u2019\u00e2ge ou de nutrition particuli\u00e8re. Le d\u00e9licieux jus souligne le go\u00fbt des morceaux de viande et fournit au chat les liquides n\u00e9cessaires. Composition: [&#8230;]\n","protected":false},"featured_media":4586,"template":"","meta":{"jetpack_publicize_message":"","jetpack_publicize_feature_enabled":true,"jetpack_social_post_already_shared":false,"jetpack_social_options":{"image_generator_settings":{"template":"highway","default_image_id":0,"font":"","enabled":false},"version":2}},"product_brand":[],"product_cat":[41],"product_tag":[],"class_list":{"0":"post-4585","1":"product","2":"type-product","3":"status-publish","4":"has-post-thumbnail","6":"product_cat-friandises-et-pate-pour-chat","8":"first","9":"instock","10":"taxable","11":"shipping-taxable","12":"purchasable","13":"product-type-simple"},"supplier_id":5590,"supplier_sku":"","barcode":null,"atum_controlled":true,"out_stock_date":null,"out_stock_threshold":null,"inheritable":false,"inbound_stock":0,"stock_on_hold":11,"sold_today":10,"sales_last_days":28,"reserved_stock":0,"customer_returns":0,"warehouse_damage":0,"lost_in_post":0,"other_logs":0,"out_stock_days":0,"lost_sales":0,"has_location":false,"update_date":"2026-04-27T14:03:40","atum_locations":[],"atum_stock_status":"instock","restock_status":false,"low_stock_amount":24,"sales_update_date":"2026-04-27T14:03:39","calc_backorders":null,"jetpack_publicize_connections":[],"jetpack_sharing_enabled":true,"batches":[{"id":"848","date_created":"2024-11-15 16:57:22","date_expiry":"2026-07-29 00:00:00","user_id":"2760","batch_number":"BritPochonSterSaum290726","location":"","quantity":"48.0000","quantity_available":"0.0000","units":"1","status":"archived","order_ids":"[14705,14835,14859,14993,15085,15141,15171,15598,15851,15953,15995,16133,16165,16232,16277,16399,16639,16652,16720,16880]","supplier":"Brit","po":{"id":"825","date_created":"2024-11-15 16:57:23","batch_id":"848","po_number":"","supplier":"Brit","cost":null,"regular_price":null,"sale_price":null,"price_margin":null,"price_discount":null}},{"id":"1317","date_created":"2024-12-20 21:20:42","date_expiry":"2026-07-29 00:00:00","user_id":"2760","batch_number":"BritPochonSterSaum290726","location":"","quantity":"48.0000","quantity_available":"0.0000","units":"1","status":"archived","order_ids":"[16880,16971,17103,17173,17764,18055,18062,18160,18320,18325,18438,18471]","supplier":"Brit","po":{"id":"1291","date_created":"2024-12-20 21:20:45","batch_id":"1317","po_number":"","supplier":"Brit","cost":null,"regular_price":null,"sale_price":null,"price_margin":null,"price_discount":null}},{"id":"2636","date_created":"2025-03-30 22:49:43","date_expiry":"2027-01-27 00:00:00","user_id":"2760","batch_number":"BritPochonSterSaum270127","location":"","quantity":"120.0000","quantity_available":"0.0000","units":"1","status":"archived","order_ids":"[20194,20482,20519,20837,20868,21005,21013,21133,21167,21352,21357,21595,21627,21872,21954,22028,22264,22517,22891,32368,32472,32580]","supplier":"Brit","po":{"id":"2604","date_created":"2025-03-30 22:49:46","batch_id":"2636","po_number":"","supplier":"Brit","cost":null,"regular_price":null,"sale_price":null,"price_margin":null,"price_discount":null}},{"id":"3830","date_created":"2025-06-04 22:18:12","date_expiry":"2027-03-23 00:00:00","user_id":"2760","batch_number":"BritPochonSterSaum230327","location":"","quantity":"144.0000","quantity_available":"0.0000","units":"1","status":"archived","order_ids":"[23018,23041,23129,23333,23928,24004,24105,24258,24466,25057,25228,25346,25540,25620,25669,25703,25739,26039,26161,26211,26241,26472,27100,27767,27996]","supplier":"Brit","po":{"id":"3794","date_created":"2025-06-04 22:18:12","batch_id":"3830","po_number":"","supplier":"Brit","cost":null,"regular_price":null,"sale_price":null,"price_margin":null,"price_discount":null}},{"id":"4727","date_created":"2025-08-08 10:14:37","date_expiry":"2027-05-10 00:00:00","user_id":"2760","batch_number":"BritPochonSterSaum100527","location":"","quantity":"192.0000","quantity_available":"0.0000","units":"1","status":"archived","order_ids":"[27996,28108,28186,28427,28482,28885,29349,29358,29644,29667,29688,29745,29825,30007,30008,30073,30315,30362,30508,30698,30881,31096,31218,31238,31270,31397,31665,31835,30887,32213,34976,35310,35450,35476,35627,35642,36097,36430]","supplier":"Brit","po":{"id":"4691","date_created":"2025-08-08 10:14:38","batch_id":"4727","po_number":"","supplier":"Brit","cost":null,"regular_price":null,"sale_price":null,"price_margin":null,"price_discount":null}},{"id":"4728","date_created":"2025-08-08 10:16:06","date_expiry":"2027-05-10 00:00:00","user_id":"2760","batch_number":"BritPochonSterSaum100527","location":"","quantity":"24.0000","quantity_available":"0.0000","units":"1","status":"archived","order_ids":"[33011,33821,33857,34048,34209,34454,34852]","supplier":"Brit","po":{"id":"4692","date_created":"2025-08-08 10:16:08","batch_id":"4728","po_number":"","supplier":"Brit","cost":null,"regular_price":null,"sale_price":null,"price_margin":null,"price_discount":null}},{"id":"6553","date_created":"2025-12-09 11:35:54","date_expiry":"2027-07-30 00:00:00","user_id":"2760","batch_number":"BritPochonSterSaum300727","location":"","quantity":"48.0000","quantity_available":"0.0000","units":"1","status":"archived","order_ids":"[36430,36560,36706,36781,36951,37254,37418,37617,37975,38322,38395,38518]","supplier":"Brit","po":{"id":"6498","date_created":"2025-12-09 11:35:55","batch_id":"6553","po_number":"","supplier":"Brit","cost":null,"regular_price":null,"sale_price":null,"price_margin":null,"price_discount":null}},{"id":"7466","date_created":"2026-02-03 00:16:02","date_expiry":"2027-09-30 00:00:00","user_id":"2760","batch_number":"BritPochonSterSaum300927","location":"","quantity":"24.0000","quantity_available":"0.0000","units":"1","status":"archived","order_ids":"[38518,38575,38880,39140,39357,39454,39677,39918,40010]","supplier":"Brit","po":{"id":"7401","date_created":"2026-02-03 00:16:02","batch_id":"7466","po_number":"","supplier":"Brit","cost":null,"regular_price":null,"sale_price":null,"price_margin":null,"price_discount":null}},{"id":"8102","date_created":"2026-03-06 09:51:48","date_expiry":"2027-09-30 00:00:00","user_id":"2760","batch_number":"BritPochonSterSaum300927","location":"","quantity":"72.0000","quantity_available":"49.0000","units":"1","status":"active","order_ids":"[40010,40033,40397,40507,40781]","supplier":"Brit","po":{"id":"8040","date_created":"2026-03-06 09:51:48","batch_id":"8102","po_number":"","supplier":"Brit","cost":null,"regular_price":null,"sale_price":null,"price_margin":null,"price_discount":null}}],"_links":{"self":[{"href":"https:\/\/petworld.ma\/index.php\/wp-json\/wp\/v2\/product\/4585","targetHints":{"allow":["GET"]}}],"collection":[{"href":"https:\/\/petworld.ma\/index.php\/wp-json\/wp\/v2\/product"}],"about":[{"href":"https:\/\/petworld.ma\/index.php\/wp-json\/wp\/v2\/types\/product"}],"wp:featuredmedia":[{"embeddable":true,"href":"https:\/\/petworld.ma\/index.php\/wp-json\/wp\/v2\/media\/4586"}],"wp:attachment":[{"href":"https:\/\/petworld.ma\/index.php\/wp-json\/wp\/v2\/media?parent=4585"}],"wp:term":[{"taxonomy":"product_brand","embeddable":true,"href":"https:\/\/petworld.ma\/index.php\/wp-json\/wp\/v2\/product_brand?post=4585"},{"taxonomy":"product_cat","embeddable":true,"href":"https:\/\/petworld.ma\/index.php\/wp-json\/wp\/v2\/product_cat?post=4585"},{"taxonomy":"product_tag","embeddable":true,"href":"https:\/\/petworld.ma\/index.php\/wp-json\/wp\/v2\/product_tag?post=4585"}],"curies":[{"name":"wp","href":"https:\/\/api.w.org\/{rel}","templated":true}]}}