{"id":4710,"date":"2023-10-23T08:25:51","date_gmt":"2023-10-23T08:25:51","guid":{"rendered":"https:\/\/petworld.ma\/?post_type=product&#038;p=4710"},"modified":"2026-04-05T13:14:43","modified_gmt":"2026-04-05T13:14:43","slug":"bac-a-litiere-ferme-pour-chat","status":"publish","type":"product","link":"https:\/\/petworld.ma\/index.php\/produit\/bac-a-litiere-ferme-pour-chat\/","title":{"rendered":"Bac \u00e0 liti\u00e8re ferm\u00e9 Pour Chat Cathy Griffe"},"content":{"rendered":"<p>Ce bac est une toilette ferm\u00e9e pour chats qui r\u00e9pond le mieux aux besoins des f\u00e9lins les plus r\u00e9serv\u00e9s, elle est spacieuse et en m\u00eame temps confortable pour l&rsquo;animal qui se sent prot\u00e9g\u00e9. Il est \u00e9quip\u00e9 par une porte basculante pour faciliter l&rsquo;entr\u00e9e et la sortie.<\/p>\n<p>Dimensions: cm 56x40x40h<\/p>\n<h3><a href=\"https:\/\/wa.me\/212708052510\" target=\"_blank\" rel=\"noopener noreferrer\"><img loading=\"lazy\" decoding=\"async\" class=\"fr-fic fr-dib aligncenter\" src=\"https:\/\/cdn.youcan.shop\/stores\/d0742d556df94ddbc7ae4c9810aff04b\/others\/HdcGYt7bNsf4TYGHsW4Nx5V9dkk4xoEfEt56QwMQ.png\" width=\"288\" height=\"76\" data-name=\"stores\/d0742d556df94ddbc7ae4c9810aff04b\/others\/HdcGYt7bNsf4TYGHsW4Nx5V9dkk4xoEfEt56QwMQ.png\" \/><\/a><\/h3>\n","protected":false},"excerpt":{"rendered":"<p>Ce bac est une toilette ferm\u00e9e pour chats qui r\u00e9pond le mieux aux besoins des f\u00e9lins les plus r\u00e9serv\u00e9s, elle est spacieuse et en m\u00eame temps confortable pour l&rsquo;animal qui se sent prot\u00e9g\u00e9. Il est \u00e9quip\u00e9 par une porte basculante pour faciliter l&rsquo;entr\u00e9e et la sortie. Dimensions: cm 56x40x40h<\/p>\n","protected":false},"featured_media":37206,"template":"","meta":{"jetpack_publicize_message":"","jetpack_publicize_feature_enabled":true,"jetpack_social_post_already_shared":true,"jetpack_social_options":{"image_generator_settings":{"template":"highway","default_image_id":0,"font":"","enabled":false},"version":2}},"product_brand":[],"product_cat":[94],"product_tag":[],"class_list":{"0":"post-4710","1":"product","2":"type-product","3":"status-publish","4":"has-post-thumbnail","6":"product_cat-litieres-et-bacs","8":"first","9":"instock","10":"sale","11":"taxable","12":"shipping-taxable","13":"purchasable","14":"product-type-simple"},"supplier_id":5587,"supplier_sku":"","barcode":null,"atum_controlled":true,"out_stock_date":null,"out_stock_threshold":null,"inheritable":false,"inbound_stock":0,"stock_on_hold":0,"sold_today":0,"sales_last_days":0,"reserved_stock":0,"customer_returns":0,"warehouse_damage":0,"lost_in_post":0,"other_logs":0,"out_stock_days":0,"lost_sales":0,"has_location":false,"update_date":"2026-04-19T00:08:41","atum_locations":[],"atum_stock_status":"instock","restock_status":false,"low_stock_amount":5,"sales_update_date":"2026-04-19T00:08:40","calc_backorders":null,"jetpack_publicize_connections":[],"jetpack_sharing_enabled":true,"batches":[],"_links":{"self":[{"href":"https:\/\/petworld.ma\/index.php\/wp-json\/wp\/v2\/product\/4710","targetHints":{"allow":["GET"]}}],"collection":[{"href":"https:\/\/petworld.ma\/index.php\/wp-json\/wp\/v2\/product"}],"about":[{"href":"https:\/\/petworld.ma\/index.php\/wp-json\/wp\/v2\/types\/product"}],"wp:featuredmedia":[{"embeddable":true,"href":"https:\/\/petworld.ma\/index.php\/wp-json\/wp\/v2\/media\/37206"}],"wp:attachment":[{"href":"https:\/\/petworld.ma\/index.php\/wp-json\/wp\/v2\/media?parent=4710"}],"wp:term":[{"taxonomy":"product_brand","embeddable":true,"href":"https:\/\/petworld.ma\/index.php\/wp-json\/wp\/v2\/product_brand?post=4710"},{"taxonomy":"product_cat","embeddable":true,"href":"https:\/\/petworld.ma\/index.php\/wp-json\/wp\/v2\/product_cat?post=4710"},{"taxonomy":"product_tag","embeddable":true,"href":"https:\/\/petworld.ma\/index.php\/wp-json\/wp\/v2\/product_tag?post=4710"}],"curies":[{"name":"wp","href":"https:\/\/api.w.org\/{rel}","templated":true}]}}