{"id":4726,"date":"2023-10-24T08:26:39","date_gmt":"2023-10-24T08:26:39","guid":{"rendered":"https:\/\/petworld.ma\/?post_type=product&#038;p=4726"},"modified":"2026-04-26T18:58:20","modified_gmt":"2026-04-26T18:58:20","slug":"reflex-cat-adult-poulet-15kg","status":"publish","type":"product","link":"https:\/\/petworld.ma\/index.php\/produit\/reflex-cat-adult-poulet-15kg\/","title":{"rendered":"Reflex Cat Adult Poulet 15kg"},"content":{"rendered":"<div class=\"container pt-30\">\n<div class=\"row\">\n<div class=\"col-12\">\n<p>L&rsquo;\u00e9quilibre des om\u00e9ga 3 et 6 est assur\u00e9 par l&rsquo;utilisation de graines de lin miracles naturelles.<\/p>\n<p>La plante de yucca dans son contenu assure un contr\u00f4le des odeurs et de l&rsquo;ammoniac, augmente l&rsquo;absorption des nutriments ;\u00a0renforce le syst\u00e8me immunitaire et am\u00e9liore la croissance et les performances des animaux.<\/p>\n<p>La sant\u00e9 et les performances intestinales sont soutenues par l&rsquo;oligosaccharide de mannane liant les agents pathog\u00e8nes, les b\u00eata-glucanes qui soutiennent le syst\u00e8me immunitaire et le CitriStim, une riche source de levure immuno-friendly.<\/p>\n<p>La levure de bi\u00e8re est utilis\u00e9e dans son contenu pour une peau saine et des cheveux brillants.<\/p>\n<p>Le syst\u00e8me immunitaire est renforc\u00e9 par l&rsquo;utilisation de poudre de lactos\u00e9rum ;\u00a0les muscles, les organes et les cellules nerveuses sont soutenus.<\/p>\n<p>Il est enrichi en vitamines et min\u00e9raux.<\/p>\n<\/div>\n<\/div>\n<\/div>\n<div class=\"container\">\n<div id=\"myTabContent\" class=\"tab-content\">\n<div id=\"home\" class=\"tab-pane fade show active\" role=\"tabpanel\" aria-labelledby=\"home-tab\">\n<div class=\"row py-20\">\n<div class=\"col-12 col-lg-12\">\n<div class=\"food-content-sec\">\n<p><strong>Ingr\u00e9dients :<\/strong>\u00a0Prot\u00e9ines animales d\u00e9shydrat\u00e9es, C\u00e9r\u00e9ales (riz, ma\u00efs), Graisse de poulet, Gluten de ma\u00efs, Pulpe de betterave s\u00e9ch\u00e9e, Son de bl\u00e9, Ar\u00f4me foie, Vitamines et min\u00e9raux, Graines de lin, Levure de bi\u00e8re, Sel, MOS (oligosaccharides de mannane), Yucca schidigera\u00a0\u00a0<u>,<\/u>\u00a0Taurine (3A370) Conservateurs \u2013 antioxydants (E320 et E321).<\/p>\n<p><strong>Min\u00e9raux :\u00a0<\/strong>\u00a0Fer 200 mg\/kg Iode 1,5 mg\/kg Cuivre 13 mg\/kg Mangan\u00e8se 50 mg\/kg Zinc 140 mg\/kg S\u00e9l\u00e9nium 0,3 mg\/kg<\/p>\n<p><strong>Vitamines :\u00a0<\/strong>\u00a0Vitamine A 18000 UI\/kg Vitamine D3 1500 UI\/kg Vitamine E 200 mg\/kg Vitamine C 400 mg\/kg Vitamine K3 200 mg\/kg Taurine 1500 mg\/kg Vitamine B1 Vitamine B2 B3 B7 (Biotine) B9 (Folic- Acide) Vitamine B12<\/p>\n<\/div>\n<div class=\"row\">\n<div class=\"col-md-6\">\n<div class=\"food-content-sec mb-5\">\n<p class=\"food-content-title font-bold\">Composants nutritifs<\/p>\n<table class=\"table table-striped\">\n<tbody>\n<tr>\n<td>Prot\u00e9ine brute<\/td>\n<td>32%<\/td>\n<\/tr>\n<tr>\n<td>Gras \u00e9prude<\/td>\n<td>15%<\/td>\n<\/tr>\n<tr>\n<td>Cendres brutes<\/td>\n<td>8%<\/td>\n<\/tr>\n<tr>\n<td>Cellulose brute (fibre)<\/td>\n<td>3%<\/td>\n<\/tr>\n<\/tbody>\n<\/table>\n<p>&nbsp;<\/p>\n<\/div>\n<\/div>\n<div class=\"col-md-6\">\n<div class=\"food-content-sec\">\n<p class=\"food-content-title font-bold\">Compl\u00e9ments alimentaires<\/p>\n<table class=\"table table-striped\" width=\"436\">\n<tbody>\n<tr>\n<td>Vitamine A (3A672A)<\/td>\n<td>18 000 UI\/kg<\/td>\n<\/tr>\n<tr>\n<td>Vitamine D3 (3A671)<\/td>\n<td>1 500 UI\/kg<\/td>\n<\/tr>\n<tr>\n<td>Vitamine E (3A700)<\/td>\n<td>200mg\/kg<\/td>\n<\/tr>\n<tr>\n<td>Vitamine C (3A300)<\/td>\n<td>400mg\/kg<\/td>\n<\/tr>\n<tr>\n<td>Taurine (3A370)<\/td>\n<td>1 500 UI\/kg<\/td>\n<\/tr>\n<tr>\n<td>Vitamine K3 (3A710)<\/td>\n<td>200mg\/kg<\/td>\n<\/tr>\n<\/tbody>\n<\/table>\n<\/div>\n<\/div>\n<\/div>\n<\/div>\n<\/div>\n<\/div>\n<\/div>\n<\/div>\n","protected":false},"excerpt":{"rendered":"<p>L&rsquo;\u00e9quilibre des om\u00e9ga 3 et 6 est assur\u00e9 par l&rsquo;utilisation de graines de lin miracles naturelles. La plante de yucca dans son contenu assure un contr\u00f4le des odeurs et de l&rsquo;ammoniac, augmente l&rsquo;absorption des nutriments ;\u00a0renforce le syst\u00e8me immunitaire et am\u00e9liore la croissance et les performances des animaux. La sant\u00e9 et les performances intestinales sont [&#8230;]\n","protected":false},"featured_media":11834,"template":"","meta":{"jetpack_publicize_message":"","jetpack_publicize_feature_enabled":true,"jetpack_social_post_already_shared":false,"jetpack_social_options":{"image_generator_settings":{"template":"highway","default_image_id":0,"font":"","enabled":false},"version":2}},"product_brand":[],"product_cat":[40],"product_tag":[],"class_list":{"0":"post-4726","1":"product","2":"type-product","3":"status-publish","4":"has-post-thumbnail","6":"product_cat-coquettes-pour-chat","8":"first","9":"instock","10":"taxable","11":"shipping-taxable","12":"purchasable","13":"product-type-simple"},"supplier_id":5592,"supplier_sku":"","barcode":null,"atum_controlled":true,"out_stock_date":null,"out_stock_threshold":null,"inheritable":false,"inbound_stock":0,"stock_on_hold":0,"sold_today":0,"sales_last_days":0,"reserved_stock":0,"customer_returns":0,"warehouse_damage":0,"lost_in_post":0,"other_logs":0,"out_stock_days":0,"lost_sales":0,"has_location":false,"update_date":"2026-04-30T00:14:00","atum_locations":[],"atum_stock_status":"instock","restock_status":false,"low_stock_amount":1,"sales_update_date":"2026-04-28T09:32:36","calc_backorders":0,"jetpack_publicize_connections":[],"jetpack_sharing_enabled":true,"batches":[{"id":"60","date_created":"2024-09-13 18:20:48","date_expiry":"2025-09-22 00:00:00","user_id":"2760","batch_number":"2024,.","location":"","quantity":"1.0000","quantity_available":"0.0000","units":"1","status":"archived","order_ids":"[]","supplier":"Rabat","po":{"id":"57","date_created":"2024-09-13 18:20:50","batch_id":"60","po_number":"","supplier":"Rabat","cost":null,"regular_price":null,"sale_price":null,"price_margin":null,"price_discount":null}},{"id":"413","date_created":"2024-09-29 22:32:26","date_expiry":"2025-09-22 00:00:00","user_id":"2760","batch_number":"ReflexCatAdultPoulet15kg220925","location":"","quantity":"3.0000","quantity_available":"0.0000","units":"1","status":"archived","order_ids":"[12729,12821,12965,13611,13743]","supplier":"Rabat","po":{"id":"403","date_created":"2024-09-29 22:32:28","batch_id":"413","po_number":"","supplier":"Rabat","cost":null,"regular_price":null,"sale_price":null,"price_margin":null,"price_discount":null}},{"id":"650","date_created":"2024-10-15 18:26:07","date_expiry":"2026-01-12 00:00:00","user_id":"2760","batch_number":"ReflexCatAdultPoulet15kg120126","location":"","quantity":"2.0000","quantity_available":"0.0000","units":"1","status":"archived","order_ids":"[13789,14886,15175]","supplier":"Rabat","po":{"id":"637","date_created":"2024-10-17 14:52:19","batch_id":"650","po_number":"","supplier":"Rabat","cost":null,"regular_price":null,"sale_price":null,"price_margin":null,"price_discount":null}},{"id":"1356","date_created":"2024-12-23 21:42:45","date_expiry":"2026-01-12 00:00:00","user_id":"2760","batch_number":"ReflexCatAdultPoulet15kg120126","location":"","quantity":"2.0000","quantity_available":"0.0000","units":"1","status":"archived","order_ids":"[16288,16642]","supplier":"Rabat","po":{"id":"1330","date_created":"2024-12-23 21:42:48","batch_id":"1356","po_number":"","supplier":"Rabat","cost":null,"regular_price":null,"sale_price":null,"price_margin":null,"price_discount":null}},{"id":"1541","date_created":"2025-01-08 22:19:08","date_expiry":"2026-05-14 00:00:00","user_id":"2760","batch_number":"ReflexCatAdultPoulet15kg140526","location":"","quantity":"3.0000","quantity_available":"0.0000","units":"1","status":"archived","order_ids":"[17104,29717,31259,31478]","supplier":"Rabat","po":{"id":"1515","date_created":"2025-01-08 22:19:11","batch_id":"1541","po_number":"","supplier":"Rabat","cost":null,"regular_price":null,"sale_price":null,"price_margin":null,"price_discount":null}},{"id":"1823","date_created":"2025-01-30 14:27:27","date_expiry":"2026-04-30 00:00:00","user_id":"2760","batch_number":"ReflexCatAdultPoulet15kg300426","location":"","quantity":"1.0000","quantity_available":"0.0000","units":"1","status":"archived","order_ids":"[21919]","supplier":"Rabat","po":{"id":"1797","date_created":"2025-01-30 14:27:30","batch_id":"1823","po_number":"","supplier":"Rabat","cost":null,"regular_price":null,"sale_price":null,"price_margin":null,"price_discount":null}},{"id":"1896","date_created":"2025-02-07 11:15:14","date_expiry":"2026-04-16 00:00:00","user_id":"2760","batch_number":"ReflexCatAdultPoulet15kg160426","location":"","quantity":"6.0000","quantity_available":"0.0000","units":"1","status":"archived","order_ids":"[18776,18929,19247,19602]","supplier":"Rabat","po":{"id":"1870","date_created":"2025-02-07 11:15:17","batch_id":"1896","po_number":"","supplier":"Rabat","cost":null,"regular_price":null,"sale_price":null,"price_margin":null,"price_discount":null}},{"id":"2563","date_created":"2025-03-29 21:33:35","date_expiry":"2026-11-16 00:00:00","user_id":"2760","batch_number":"ReflexCatAdultPoulet15kg161126","location":"","quantity":"2.0000","quantity_available":"3.0000","units":"1","status":"active","order_ids":"[26475,34628,35496,37378,38476,40762]","supplier":"Rabat","po":{"id":"2531","date_created":"2025-03-29 21:33:38","batch_id":"2563","po_number":"","supplier":"Rabat","cost":null,"regular_price":null,"sale_price":null,"price_margin":null,"price_discount":null}},{"id":"8330","date_created":"2026-03-18 14:42:11","date_expiry":"2027-01-19 00:00:00","user_id":"2760","batch_number":"ReflexCatAdultPoulet15kg190127","location":"","quantity":"4.0000","quantity_available":"4.0000","units":"1","status":"active","order_ids":null,"supplier":"Rabat","po":{"id":"8258","date_created":"2026-03-18 14:42:11","batch_id":"8330","po_number":"","supplier":"Rabat","cost":null,"regular_price":null,"sale_price":null,"price_margin":null,"price_discount":null}}],"_links":{"self":[{"href":"https:\/\/petworld.ma\/index.php\/wp-json\/wp\/v2\/product\/4726","targetHints":{"allow":["GET"]}}],"collection":[{"href":"https:\/\/petworld.ma\/index.php\/wp-json\/wp\/v2\/product"}],"about":[{"href":"https:\/\/petworld.ma\/index.php\/wp-json\/wp\/v2\/types\/product"}],"wp:featuredmedia":[{"embeddable":true,"href":"https:\/\/petworld.ma\/index.php\/wp-json\/wp\/v2\/media\/11834"}],"wp:attachment":[{"href":"https:\/\/petworld.ma\/index.php\/wp-json\/wp\/v2\/media?parent=4726"}],"wp:term":[{"taxonomy":"product_brand","embeddable":true,"href":"https:\/\/petworld.ma\/index.php\/wp-json\/wp\/v2\/product_brand?post=4726"},{"taxonomy":"product_cat","embeddable":true,"href":"https:\/\/petworld.ma\/index.php\/wp-json\/wp\/v2\/product_cat?post=4726"},{"taxonomy":"product_tag","embeddable":true,"href":"https:\/\/petworld.ma\/index.php\/wp-json\/wp\/v2\/product_tag?post=4726"}],"curies":[{"name":"wp","href":"https:\/\/api.w.org\/{rel}","templated":true}]}}