{"id":5046,"date":"2023-11-21T14:20:06","date_gmt":"2023-11-21T14:20:06","guid":{"rendered":"https:\/\/petworld.ma\/?post_type=product&#038;p=5046"},"modified":"2026-04-02T19:01:30","modified_gmt":"2026-04-02T19:01:30","slug":"shampoing-amplificateur-pour-chien-a-lhuile-de-macadamia-300ml","status":"publish","type":"product","link":"https:\/\/petworld.ma\/index.php\/produit\/shampoing-amplificateur-pour-chien-a-lhuile-de-macadamia-300ml\/","title":{"rendered":"Shampoing Amplificateur Pour Chien \u00c0 L&rsquo;huile de Macadamia (300ml)"},"content":{"rendered":"<ul>\n<li>\u00c0 l&rsquo;huile de macadamia<\/li>\n<li>Pour toutes les races de chien<\/li>\n<\/ul>\n<div class=\"mt-4\">Ce shampoing est id\u00e9al pour tous les chiens. Apr\u00e8s le bain, votre chien aura un pelage doux et propre.<\/div>\n","protected":false},"excerpt":{"rendered":"<p>\u00c0 l&rsquo;huile de macadamia Pour toutes les races de chien Ce shampoing est id\u00e9al pour tous les chiens. Apr\u00e8s le bain, votre chien aura un pelage doux et propre.<\/p>\n","protected":false},"featured_media":5049,"template":"","meta":{"jetpack_publicize_message":"","jetpack_publicize_feature_enabled":true,"jetpack_social_post_already_shared":false,"jetpack_social_options":{"image_generator_settings":{"template":"highway","default_image_id":0,"font":"","enabled":false},"version":2}},"product_brand":[],"product_cat":[214],"product_tag":[],"class_list":{"0":"post-5046","1":"product","2":"type-product","3":"status-publish","4":"has-post-thumbnail","6":"product_cat-parfums-shampoing","8":"first","9":"instock","10":"taxable","11":"shipping-taxable","12":"purchasable","13":"product-type-simple"},"supplier_id":5594,"supplier_sku":"","barcode":null,"atum_controlled":true,"out_stock_date":null,"out_stock_threshold":null,"inheritable":false,"inbound_stock":0,"stock_on_hold":0,"sold_today":0,"sales_last_days":2,"reserved_stock":0,"customer_returns":0,"warehouse_damage":0,"lost_in_post":0,"other_logs":0,"out_stock_days":0,"lost_sales":0,"has_location":false,"update_date":"2026-04-13T00:04:51","atum_locations":[],"atum_stock_status":"instock","restock_status":false,"low_stock_amount":3,"sales_update_date":"2026-04-13T00:04:51","calc_backorders":null,"jetpack_publicize_connections":[],"jetpack_sharing_enabled":true,"batches":[],"_links":{"self":[{"href":"https:\/\/petworld.ma\/index.php\/wp-json\/wp\/v2\/product\/5046","targetHints":{"allow":["GET"]}}],"collection":[{"href":"https:\/\/petworld.ma\/index.php\/wp-json\/wp\/v2\/product"}],"about":[{"href":"https:\/\/petworld.ma\/index.php\/wp-json\/wp\/v2\/types\/product"}],"wp:featuredmedia":[{"embeddable":true,"href":"https:\/\/petworld.ma\/index.php\/wp-json\/wp\/v2\/media\/5049"}],"wp:attachment":[{"href":"https:\/\/petworld.ma\/index.php\/wp-json\/wp\/v2\/media?parent=5046"}],"wp:term":[{"taxonomy":"product_brand","embeddable":true,"href":"https:\/\/petworld.ma\/index.php\/wp-json\/wp\/v2\/product_brand?post=5046"},{"taxonomy":"product_cat","embeddable":true,"href":"https:\/\/petworld.ma\/index.php\/wp-json\/wp\/v2\/product_cat?post=5046"},{"taxonomy":"product_tag","embeddable":true,"href":"https:\/\/petworld.ma\/index.php\/wp-json\/wp\/v2\/product_tag?post=5046"}],"curies":[{"name":"wp","href":"https:\/\/api.w.org\/{rel}","templated":true}]}}